{"id":15329,"date":"2023-08-23T23:03:50","date_gmt":"2023-08-23T15:03:50","guid":{"rendered":"https:\/\/tononplastics.com\/?post_type=product&#038;p=15329"},"modified":"2024-03-25T12:20:33","modified_gmt":"2024-03-25T04:20:33","slug":"swimming-pool-panels-clear-polycarbonate-5mm-solid-sheet","status":"publish","type":"product","link":"https:\/\/www.tononplastics.com\/et\/product\/swimming-pool-panels-clear-polycarbonate-5mm-solid-sheet\/","title":{"rendered":"Ujumisbassein paneelid selge pol\u00fckarbonaat 5mm tahke leht"},"content":{"rendered":"<p>PC basseinileht on valmistatud s\u00fcsinikhappeestri kogumisest, see on hea j\u00f5udlus, et taluda roomamist, ja see on ikka veel v\u00e4ga k\u00f5rge vastupidavus ja intensiivsuse r\u00fcndamine madalal temperatuuril. J\u00e4ikus hoiab tugevust suurema temperatuuri vahemikus. Seda kasutatakse laialdaselt ehituses, reklaamis, kaunistuses, liikluses jne.<\/p>\n<p align=\"left\"><strong>Omadused<\/strong>:<br \/>\n<span style=\"font-size: revert; color: initial;\">1. Suurep\u00e4rane f\u00fc\u00fcsiline, mehaaniline j\u00f5udlus.<br \/>\n<\/span><span style=\"color: initial; font-size: revert;\">2. Hea elektri-, soojus- ja heliisolatsioon.<br \/>\n<\/span><span style=\"font-size: revert; color: initial;\">3. Hea l\u00f6\u00f6gikindlus ja suur vastupidavus.<br \/>\n<\/span><span style=\"font-size: revert; color: initial;\">4. Hea valguse l\u00e4bilaskvus.<br \/>\n<\/span><span style=\"font-size: revert; color: initial;\">5. Hea temperatuurikindlus.<br \/>\n<\/span><span style=\"font-size: revert; color: initial;\">6. Tulekahju pidurdamine.<br \/>\n<\/span><span style=\"font-size: revert; color: initial;\">7. Mittetoksiline.<br \/>\n<\/span><span style=\"font-size: revert; color: initial;\">8. UV-kaitse.<br \/>\n<\/span><span style=\"font-size: revert; color: initial;\">9. Karu vananemine.<\/span><\/p>\n<p align=\"left\"><img fetchpriority=\"high\" decoding=\"async\" src=\"https:\/\/sc02.alicdn.com\/kf\/H4222a39a7737419ea9160956cf0c50ffO\/200162319\/H4222a39a7737419ea9160956cf0c50ffO.jpg\" alt=\"basseinipaneelid selge pol\u00fckarbonaat 5mm tahke leht\" width=\"630\" height=\"630\" data-src=\"\/\/sc02.alicdn.com\/kf\/H4222a39a7737419ea9160956cf0c50ffO\/200162319\/H4222a39a7737419ea9160956cf0c50ffO.jpg\" data-alt=\"swimming pool panels clear polycarbonate 5mm solid sheet\" data-width=\"630\" data- title=\"\"><img decoding=\"async\" src=\"https:\/\/sc01.alicdn.com\/kf\/H1baf83ff1ab74e6ab8f72a43aa68be89d\/200162319\/H1baf83ff1ab74e6ab8f72a43aa68be89d.jpg\" alt=\"basseinipaneelid selge pol\u00fckarbonaat 5mm tahke leht\" width=\"630\" height=\"497.7\" data-src=\"\/\/sc01.alicdn.com\/kf\/H1baf83ff1ab74e6ab8f72a43aa68be89d\/200162319\/H1baf83ff1ab74e6ab8f72a43aa68be89d.jpg\" data-alt=\"swimming pool panels clear polycarbonate 5mm solid sheet\" data-width=\"630\" data- title=\"\"><\/p>\n<p align=\"left\"><strong>Rakendused:<\/strong><\/p>\n<p align=\"left\">1. Suurep\u00e4rane katusekattematerjal, mida kasutatakse laialdaselt katuseakende, katuseakende, laiendatud verandate ja kasvuhoonete, hotellide, kohvikute, butiikide ja ilusalongide, messikeskuste ja telefonikabiinide \u00e4riruumide puhul.<br \/>\n<span style=\"font-size: revert; color: initial;\">2. Helisolatsioonisein kiirteede, kiirraudtee jaoks.<br \/>\n<\/span><span style=\"font-size: revert; color: initial;\">3. Reklaamitahvlid.<br \/>\n<\/span><span style=\"font-size: revert; color: initial;\">4. Dekoratsioonivalgustus pankades, haiglates, lennujaamades, bussi- ja raudteejaamades ning lasteaedades.<br \/>\n<\/span><span style=\"font-size: revert; color: initial;\">5. Mittem\u00fcrgine, toiduga kokkupuute hoidmine.<br \/>\n<\/span><span style=\"font-size: revert; color: initial;\">6. Tavalise klaasi asendamine paljudes kohtades.<\/span><\/p>\n<p align=\"left\"><strong>Spetsifikatsioonid:<\/strong><\/p>\n<p align=\"left\">Paksus: 2.0mm 3.0mm 4.0mm 4.5mm 5.0mm 6.0mm 8.0mm 10.0mm<br \/>\n<span style=\"font-size: revert; color: initial;\">Pikkus: 20m-50m<br \/>\n<\/span><span style=\"font-size: revert; color: initial;\">S\u00fcgavus: 1220mm 1560mm 1820mm 2100mm<br \/>\n<\/span><span style=\"font-size: revert; color: initial;\">V\u00e4rv: Selge Sinine Roheline Pruun Opaleeruv Selge reljeefne<br \/>\n<\/span><span style=\"font-size: revert; color: initial;\">Kui kliendid vajavad muid spetsifikatsioone, saame pakkuda seda, mida nad taotlevad.\u00a0\u00a0<\/span><\/p>\n<div id=\"ali-anchor-AliPostDhMb-qyxny\" data-section=\"AliPostDhMb-qyxny\" data-section-title=\"Packaging &amp; Shipping\">\n<div id=\"ali-title-AliPostDhMb-qyxny\"><strong>Pakendamine ja saatmine<\/strong><\/div>\n<div>\n<p>\u00a0<img decoding=\"async\" src=\"https:\/\/sc01.alicdn.com\/kf\/Hb3bdebb96a2849458ce6dfcbaa19c5d15\/200162319\/Hb3bdebb96a2849458ce6dfcbaa19c5d15.png\" alt=\"basseinipaneelid selge pol\u00fckarbonaat 5mm tahke leht\" width=\"630\" height=\"312.9083665338646\" data-src=\"\/\/sc01.alicdn.com\/kf\/Hb3bdebb96a2849458ce6dfcbaa19c5d15\/200162319\/Hb3bdebb96a2849458ce6dfcbaa19c5d15.png\" data-alt=\"swimming pool panels clear polycarbonate 5mm solid sheet\" data-width=\"630\" data- title=\"\"><img decoding=\"async\" src=\"https:\/\/sc02.alicdn.com\/kf\/Hd05fdb0988024155a7956963ea5973acD\/200162319\/Hd05fdb0988024155a7956963ea5973acD.png\" alt=\"basseinipaneelid selge pol\u00fckarbonaat 5mm tahke leht\" width=\"630\" height=\"474.58885941644564\" data-src=\"\/\/sc02.alicdn.com\/kf\/Hd05fdb0988024155a7956963ea5973acD\/200162319\/Hd05fdb0988024155a7956963ea5973acD.png\" data-alt=\"swimming pool panels clear polycarbonate 5mm solid sheet\" data-width=\"630\" data- title=\"\"><img decoding=\"async\" src=\"https:\/\/sc02.alicdn.com\/kf\/H02a52324dc024cdcbaee8c550d0c5b3cR\/200162319\/H02a52324dc024cdcbaee8c550d0c5b3cR.png\" alt=\"basseinipaneelid selge pol\u00fckarbonaat 5mm tahke leht\" width=\"630\" height=\"214.7347480106101\" data-src=\"\/\/sc02.alicdn.com\/kf\/H02a52324dc024cdcbaee8c550d0c5b3cR\/200162319\/H02a52324dc024cdcbaee8c550d0c5b3cR.png\" data-alt=\"swimming pool panels clear polycarbonate 5mm solid sheet\" data-width=\"630\" data- title=\"\"><\/p>\n<\/div>\n<\/div>","protected":false},"featured_media":13740,"parent":0,"template":"","product-catagories":[177],"product-tag":[],"class_list":["post-15329","product","type-product","status-publish","has-post-thumbnail","hentry","product-catagories-polycarbonate-solid-sheet"],"acf":[],"_links":{"self":[{"href":"https:\/\/www.tononplastics.com\/et\/wp-json\/wp\/v2\/product\/15329","targetHints":{"allow":["GET"]}}],"collection":[{"href":"https:\/\/www.tononplastics.com\/et\/wp-json\/wp\/v2\/product"}],"about":[{"href":"https:\/\/www.tononplastics.com\/et\/wp-json\/wp\/v2\/types\/product"}],"version-history":[{"count":0,"href":"https:\/\/www.tononplastics.com\/et\/wp-json\/wp\/v2\/product\/15329\/revisions"}],"wp:featuredmedia":[{"embeddable":true,"href":"https:\/\/www.tononplastics.com\/et\/wp-json\/wp\/v2\/media\/13740"}],"wp:attachment":[{"href":"https:\/\/www.tononplastics.com\/et\/wp-json\/wp\/v2\/media?parent=15329"}],"wp:term":[{"taxonomy":"product-catagories","embeddable":true,"href":"https:\/\/www.tononplastics.com\/et\/wp-json\/wp\/v2\/product-catagories?post=15329"},{"taxonomy":"product-tag","embeddable":true,"href":"https:\/\/www.tononplastics.com\/et\/wp-json\/wp\/v2\/product-tag?post=15329"}],"curies":[{"name":"wp","href":"https:\/\/api.w.org\/{rel}","templated":true}]}}