{"id":15333,"date":"2023-08-23T23:07:05","date_gmt":"2023-08-23T15:07:05","guid":{"rendered":"https:\/\/tononplastics.com\/?post_type=product&#038;p=15333"},"modified":"2024-03-25T14:19:08","modified_gmt":"2024-03-25T06:19:08","slug":"polycarbonate-sheet-shower-enclosure-polycarbonate-greenhouses-sunroof-for-volekswagon","status":"publish","type":"product","link":"https:\/\/www.tononplastics.com\/et\/product\/polycarbonate-sheet-shower-enclosure-polycarbonate-greenhouses-sunroof-for-volekswagon\/","title":{"rendered":"Pol\u00fckarbonaadist lehtede du\u0161ikabiin pol\u00fckarbonaat kasvuhooned p\u00e4ikesekatus volekswagonile"},"content":{"rendered":"<p><strong>Toote \u00fcksikasjad<\/strong><br>Massiivsete pol\u00fckarbonaatplaatide v\u00e4ike kaal, l\u00f6\u00f6gikindlus ja l\u00e4bipaistvus muudavad need ideaalseks hapra ja raske klaasi asendajaks. Selle paindlikkus annab projekteerijatele ka ruumi erakordsete kujunduste, sealhulgas kumerate konstruktsioonide rakendamiseks.<\/p>\n\n\n\n<figure class=\"wp-block-gallery has-nested-images columns-default is-cropped wp-block-gallery-1 is-layout-flex wp-block-gallery-is-layout-flex\">\n<figure class=\"wp-block-image size-large\"><img decoding=\"async\" data-id=\"16103\" src=\"https:\/\/www.tononplastics.com\/wp-content\/uploads\/2023\/08\/H912578573bb64e5aa470cb700f63aee7a.webp\" alt=\"\" class=\"wp-image-16103\" title=\"\"><\/figure>\n\n\n\n<figure class=\"wp-block-image size-large\"><img decoding=\"async\" data-id=\"16102\" src=\"https:\/\/www.tononplastics.com\/wp-content\/uploads\/2023\/08\/H5252f7bf19904b9295f135ab89a014f02-1024x683.webp\" alt=\"\" class=\"wp-image-16102\" title=\"\"><\/figure>\n\n\n\n<figure class=\"wp-block-image size-large\"><img fetchpriority=\"high\" decoding=\"async\" width=\"600\" height=\"600\" data-id=\"16095\" src=\"https:\/\/www.tononplastics.com\/wp-content\/uploads\/2023\/08\/eb443cb19045576e6c0bafaf2231dfae.jpg\" alt=\"\" class=\"wp-image-16095\" title=\"\" srcset=\"https:\/\/www.tononplastics.com\/wp-content\/uploads\/2023\/08\/eb443cb19045576e6c0bafaf2231dfae.jpg 600w, https:\/\/www.tononplastics.com\/wp-content\/uploads\/2023\/08\/eb443cb19045576e6c0bafaf2231dfae-300x300.jpg 300w, https:\/\/www.tononplastics.com\/wp-content\/uploads\/2023\/08\/eb443cb19045576e6c0bafaf2231dfae-150x150.jpg 150w, https:\/\/www.tononplastics.com\/wp-content\/uploads\/2023\/08\/eb443cb19045576e6c0bafaf2231dfae-12x12.jpg 12w\" sizes=\"(max-width: 600px) 100vw, 600px\" \/><\/figure>\n<\/figure>\n\n\n<div id=\"module_product_packaging_and_quick_detail\">\n<div class=\"widget-detail-overview\">\n<div class=\"structure-layout\">\n<p data-spm-anchor-id=\"a2700.details.0.i34.7bc14b4dOl1DMR\"><strong>Tehnilised omadused:<br \/><\/strong><span style=\"font-size: revert; color: initial;\">1) L\u00f6\u00f6gitugevus: 850J\/m<br \/><\/span><span style=\"font-size: revert; color: initial;\">2) Valguse l\u00e4bilaskvus: 88%<br \/><\/span><span style=\"font-size: revert; color: initial;\">3) erikaal: 1200kg\/m3<br \/><\/span><span style=\"font-size: revert; color: initial;\">4) soojuspaisumistegur: 0,065<br \/><\/span><span style=\"font-size: revert; color: initial;\">5) Temperatuur: -40oC - 120oC<br \/><\/span><span style=\"font-size: revert; color: initial;\">6) Soojusjuhtivus: 2,3-3,9W\/m2<br \/><\/span><span style=\"font-size: revert; color: initial;\">7) T\u00f5mbetugevus: Rohkem kui602<br \/><\/span><span style=\"font-size: revert; color: initial;\">8) Paindetugevus: 1002<br \/><\/span><span style=\"font-size: revert; color: initial;\">9) Elastsusmoodul: 2400Mpa<br \/><\/span><span style=\"font-size: revert; color: initial;\">10) T\u00f5mbetugevus murdmisel: \u00fcle 65Mpa<br \/><\/span><span style=\"font-size: revert; color: initial;\">11) Pikendus murdumisel: Rohkem kui 100%<br \/><\/span><span style=\"font-size: revert; color: initial;\">12) erisoojus: 1,16j\/kg. K<br \/><\/span><span style=\"font-size: revert; color: initial;\">13) Soojuse paindumise temperatuur: 140oC<br \/><\/span><span style=\"font-size: revert; color: initial;\">14) heliisolatsioon (6mm paksus): 20db<\/span><\/p>\n<\/div>\n<\/div>\n<\/div>\n<div id=\"module_product_specification\">\n<div id=\"J-rich-text-description\" class=\"richtext richtext-detail rich-text-description\">\n<p><img decoding=\"async\" src=\"https:\/\/sc01.alicdn.com\/kf\/HTB1X5a2kOCYBuNkHFCcq6AHtVXaw\/200162319\/HTB1X5a2kOCYBuNkHFCcq6AHtVXaw.jpg\" alt=\"pol\u00fckarbonaadist lehtede du\u0161ikabiin pol\u00fckarbonaat kasvuhooned p\u00e4ikesekatus volekswagonile\" width=\"600\" height=\"613.8107416879795\" data-src=\"\/\/sc01.alicdn.com\/kf\/HTB1X5a2kOCYBuNkHFCcq6AHtVXaw\/200162319\/HTB1X5a2kOCYBuNkHFCcq6AHtVXaw.jpg\" data-alt=\"polycarbonate sheet shower enclosure polycarbonate greenhouses sunroof for volekswagon\" data-width=\"600\" data- title=\"\"><img decoding=\"async\" src=\"https:\/\/sc02.alicdn.com\/kf\/HTB1Zn3GkS8YBeNkSnb4q6yevFXad\/200162319\/HTB1Zn3GkS8YBeNkSnb4q6yevFXad.jpg\" alt=\"pol\u00fckarbonaadist lehtede du\u0161ikabiin pol\u00fckarbonaat kasvuhooned p\u00e4ikesekatus volekswagonile\" width=\"600\" height=\"734.7926267281106\" data-src=\"\/\/sc02.alicdn.com\/kf\/HTB1Zn3GkS8YBeNkSnb4q6yevFXad\/200162319\/HTB1Zn3GkS8YBeNkSnb4q6yevFXad.jpg\" data-alt=\"polycarbonate sheet shower enclosure polycarbonate greenhouses sunroof for volekswagon\" data-width=\"600\" data- title=\"\"><\/p>\n<\/div>\n<\/div>","protected":false},"featured_media":15139,"parent":0,"template":"","product-catagories":[177],"product-tag":[],"class_list":["post-15333","product","type-product","status-publish","has-post-thumbnail","hentry","product-catagories-polycarbonate-solid-sheet"],"acf":[],"_links":{"self":[{"href":"https:\/\/www.tononplastics.com\/et\/wp-json\/wp\/v2\/product\/15333","targetHints":{"allow":["GET"]}}],"collection":[{"href":"https:\/\/www.tononplastics.com\/et\/wp-json\/wp\/v2\/product"}],"about":[{"href":"https:\/\/www.tononplastics.com\/et\/wp-json\/wp\/v2\/types\/product"}],"version-history":[{"count":0,"href":"https:\/\/www.tononplastics.com\/et\/wp-json\/wp\/v2\/product\/15333\/revisions"}],"wp:featuredmedia":[{"embeddable":true,"href":"https:\/\/www.tononplastics.com\/et\/wp-json\/wp\/v2\/media\/15139"}],"wp:attachment":[{"href":"https:\/\/www.tononplastics.com\/et\/wp-json\/wp\/v2\/media?parent=15333"}],"wp:term":[{"taxonomy":"product-catagories","embeddable":true,"href":"https:\/\/www.tononplastics.com\/et\/wp-json\/wp\/v2\/product-catagories?post=15333"},{"taxonomy":"product-tag","embeddable":true,"href":"https:\/\/www.tononplastics.com\/et\/wp-json\/wp\/v2\/product-tag?post=15333"}],"curies":[{"name":"wp","href":"https:\/\/api.w.org\/{rel}","templated":true}]}}