{"id":15337,"date":"2023-08-23T23:08:00","date_gmt":"2023-08-23T15:08:00","guid":{"rendered":"https:\/\/tononplastics.com\/?post_type=product&#038;p=15337"},"modified":"2024-03-25T15:19:13","modified_gmt":"2024-03-25T07:19:13","slug":"high-end-polycarbonate-bathroom-enclosure-fob-reference-priceget-latest-price","status":"publish","type":"product","link":"https:\/\/www.tononplastics.com\/et\/product\/high-end-polycarbonate-bathroom-enclosure-fob-reference-priceget-latest-price\/","title":{"rendered":"k\u00f5rgekvaliteediline pol\u00fckarbonaadist vannitoakapp FOB v\u00f5rdlushind: saada uusim hind"},"content":{"rendered":"<h2 class=\"wp-block-heading\">Kirjeldus<\/h2>\n\n\n\n<p>\u00d5\u00f5nes pol\u00fckarbonaatplaat leiab rakendust paljudes valdkondades, n\u00e4iteks kasvuhoonetes, katusepaneelides ja m\u00fcrat\u00f5kkeseinades. \u00d5\u00f5nes pol\u00fckarbonaatkile asendab \u00fcldiselt klaasi, karastatud klaasi ja pol\u00fcet\u00fcleenkilet paljudes valdkondades, n\u00e4iteks p\u00f5llumajanduses, t\u00f6\u00f6stuses, avalikes hoonetes ja lisaseadmetes. See on t\u00e4iuslik kombinatsioon kergusest, suure l\u00f6\u00f6gitugevusest, valgusl\u00e4bivusest, raamikindlusest, UV-kaitsest, kukkumiskaitsest ja atraktiivsest v\u00e4ljan\u00e4gemisest.<\/p>\n\n\n\n<h4 class=\"wp-block-heading\"><strong>Tooteinfo<\/strong><\/h4>\n\n\n\n<figure class=\"wp-block-table\"><table><tbody><tr><td>Toote nimi:<\/td><td colspan=\"3\">\u00d5\u00f5nes pol\u00fckarbonaatplaat<\/td><\/tr><tr><td>Paksus:<\/td><td colspan=\"3\">2.8mm-20mm \/ kohandatud<\/td><\/tr><tr><td>Laius:<\/td><td colspan=\"3\">1220\/1560\/1820\/2100mm;custom<\/td><\/tr><tr><td>Pikkus:<\/td><td colspan=\"3\">Igasugune pikkus, vaba l\u00f5ikamine<\/td><\/tr><tr><td>Standardne suurus:<\/td><td colspan=\"3\">1.22*2.44;2.1*5.8;2.1*6;2.1*11.6;2.1*11.8;2.1*30m<\/td><\/tr><tr><td>v\u00e4rv:<\/td><td colspan=\"3\">l\u00e4bipaistev;opaal;sinine;roheline;hall;pruun;kollane;jne.<\/td><\/tr><tr><td>sertifitseerimine:<\/td><td colspan=\"3\">ISO9001:2008 \/CE<\/td><\/tr><tr><td>Garantii:<\/td><td colspan=\"3\">10 aastat<\/td><\/tr><tr><td>UV-paksus:<\/td><td colspan=\"3\">50 mikroni ; vastavalt kliendi vajadustele<\/td><\/tr><tr><td>kasutustemperatuur:<\/td><td colspan=\"3\">-40\u00baC-120\u00baC<\/td><\/tr><tr><td>tehnoloogia:<\/td><td colspan=\"3\">koekstrusioon<\/td><\/tr><tr><td>tarne:<\/td><td colspan=\"3\">7-14 p\u00e4eva p\u00e4rast tagatisraha laekumist<\/td><\/tr><tr><td>taotlus<\/td><td colspan=\"3\">kasvuhoone; m\u00fcrat\u00f5kked; autovarjualune; aknatiib; l\u00fckanduks; basseinikate; politsei m\u00fcrat\u00f5kked; katuseaken; kardinaseinad<\/td><\/tr><tr><td>mehaaniliselt t\u00f6\u00f6deldav protsess:<\/td><td colspan=\"3\">pimestus; hardend; kriimustuskindel<\/td><\/tr><tr><td>n\u00e4idis<\/td><td colspan=\"3\">Palun v\u00f5tke meiega \u00fchendust tasuta proovide saamiseks<\/td><\/tr><\/tbody><\/table><\/figure>\n\n\n\n<h4 class=\"wp-block-heading\"><strong>Miks valida \u00f5\u00f5nsad pol\u00fckarbonaatplaadid?<br><\/strong><strong><\/strong><\/h4>\n\n\n\n<ol class=\"wp-block-list\">\n<li>L\u00f6\u00f6gitugevus on 200 korda suurem kui tavalisel klaasil ja 2-20 korda suurem kui karastatud klaasil.<\/li>\n\n\n\n<li>Kaal on 50% klaasi, kuid l\u00e4bipaistvus on sama nagu tavalisel klaasil.<\/li>\n\n\n\n<li>Spetsiaalne t\u00f6\u00f6tlus tagab kasvuhoone piisava valgustuse ilma kondenseerumiseta.<\/li>\n\n\n\n<li>Suurep\u00e4rane valgusl\u00e4bivus, kuni 18%-80%.<\/li>\n\n\n\n<li>See on ideaalne tavalise klaasi, karastatud klaasi ja pol\u00fcet\u00fcleenkile asendaja.<\/li>\n\n\n\n<li>Pol\u00fckarbonaatplaadid on k\u00f5ige l\u00f6\u00f6gikindlamad pol\u00fcmeersed tehnilised plastid, mis on 10-27 korda vastupidavamad kui pleksiklaas.<\/li>\n\n\n\n<li>50 mikroni UV-vastane kate pinnal, 10-aastane kvaliteedigarantii, ei p\u00f5hjusta kolletumist.<\/li>\n\n\n\n<li>Temperatuur vahemikus -40 \u2103 ~ + 120 \u2103 ei p\u00f5hjusta kvaliteedi halvenemist, n\u00e4iteks deformatsiooni.<\/li>\n\n\n\n<li>Kerge, et oleks lihtne transportida ja paigaldada.<\/li>\n<\/ol>\n\n\n\n<h4 class=\"wp-block-heading\"><strong>\u00d5\u00f5nsate pol\u00fckarbonaatlehtede t\u00fc\u00fcbid<br><\/strong><strong><\/strong><\/h4>\n\n\n\n<figure class=\"wp-block-image size-full\"><img fetchpriority=\"high\" decoding=\"async\" width=\"800\" height=\"440\" src=\"https:\/\/www.tononplastics.com\/wp-content\/uploads\/2024\/03\/Hec1893bdf96e4e68954f01c51046919cR.webp\" alt=\"\" class=\"wp-image-16180\" title=\"\" srcset=\"https:\/\/www.tononplastics.com\/wp-content\/uploads\/2024\/03\/Hec1893bdf96e4e68954f01c51046919cR.webp 800w, https:\/\/www.tononplastics.com\/wp-content\/uploads\/2024\/03\/Hec1893bdf96e4e68954f01c51046919cR-300x165.webp 300w, https:\/\/www.tononplastics.com\/wp-content\/uploads\/2024\/03\/Hec1893bdf96e4e68954f01c51046919cR-768x422.webp 768w, https:\/\/www.tononplastics.com\/wp-content\/uploads\/2024\/03\/Hec1893bdf96e4e68954f01c51046919cR-18x10.webp 18w\" sizes=\"(max-width: 800px) 100vw, 800px\" \/><\/figure>\n\n\n\n<h4 class=\"wp-block-heading\"><strong>PC \u00f5\u00f5nes lehe rakendused<br><\/strong><\/h4>\n\n\n\n<p>\u00d5\u00f5nsat pol\u00fckarbonaatplaati kasutatakse laialdaselt ehituskatuste, kupplite, katuseakende, autoportide, basseinide, p\u00e4ikeseruumide, raudteejaamade, kasvuhoonete, k\u00fclgmiste seinte, laokatuste ja staadionite puhul. K\u00f5ik need kohad vajavad p\u00e4ikesevalgust, ilma kahjulike UV-kiirguse kiirteta. Sobib ka valgustatud siltide ja reklaamtahvlite jaoks.<\/p>\n\n\n<p><strong><span data-spm-anchor-id=\"a2700.details.0.i19.674c1facMlRcof\">Massiivsete pol\u00fckarbonaatplaatide v\u00e4ike kaal, l\u00f6\u00f6gikindlus ja l\u00e4bipaistvus muudavad need ideaalseks hapra ja raske klaasi asendajaks. Selle paindlikkus annab projekteerijatele ka ruumi erakordsete kujunduste, sealhulgas kumerate konstruktsioonide rakendamiseks.<\/span><\/strong><\/p>\n<p><strong><img decoding=\"async\" src=\"https:\/\/sc01.alicdn.com\/kf\/HTB1fjxltXuWBuNjSszbq6AS7FXap\/200162319\/HTB1fjxltXuWBuNjSszbq6AS7FXap.jpg\" alt=\"k\u00f5rgekvaliteediline pol\u00fckarbonaadist vannitoakapp\" width=\"690\" height=\"688\" data-src=\"\/\/sc01.alicdn.com\/kf\/HTB1fjxltXuWBuNjSszbq6AS7FXap\/200162319\/HTB1fjxltXuWBuNjSszbq6AS7FXap.jpg\" data-alt=\"high end polycarbonate bathroom enclosure\" data- title=\"\"><img decoding=\"async\" src=\"https:\/\/sc02.alicdn.com\/kf\/HTB1Zn3GkS8YBeNkSnb4q6yevFXad\/200162319\/HTB1Zn3GkS8YBeNkSnb4q6yevFXad.jpg\" alt=\"k\u00f5rgekvaliteediline pol\u00fckarbonaadist vannitoakapp\" width=\"706\" height=\"1063\" data-src=\"\/\/sc02.alicdn.com\/kf\/HTB1Zn3GkS8YBeNkSnb4q6yevFXad\/200162319\/HTB1Zn3GkS8YBeNkSnb4q6yevFXad.jpg\" data-alt=\"high end polycarbonate bathroom enclosure\" data-width=\"706\" data-height=\"1063\" data- title=\"\"><\/strong><\/p>","protected":false},"featured_media":0,"parent":0,"template":"","product-catagories":[177],"product-tag":[],"class_list":["post-15337","product","type-product","status-publish","hentry","product-catagories-polycarbonate-solid-sheet"],"acf":[],"_links":{"self":[{"href":"https:\/\/www.tononplastics.com\/et\/wp-json\/wp\/v2\/product\/15337","targetHints":{"allow":["GET"]}}],"collection":[{"href":"https:\/\/www.tononplastics.com\/et\/wp-json\/wp\/v2\/product"}],"about":[{"href":"https:\/\/www.tononplastics.com\/et\/wp-json\/wp\/v2\/types\/product"}],"version-history":[{"count":0,"href":"https:\/\/www.tononplastics.com\/et\/wp-json\/wp\/v2\/product\/15337\/revisions"}],"wp:attachment":[{"href":"https:\/\/www.tononplastics.com\/et\/wp-json\/wp\/v2\/media?parent=15337"}],"wp:term":[{"taxonomy":"product-catagories","embeddable":true,"href":"https:\/\/www.tononplastics.com\/et\/wp-json\/wp\/v2\/product-catagories?post=15337"},{"taxonomy":"product-tag","embeddable":true,"href":"https:\/\/www.tononplastics.com\/et\/wp-json\/wp\/v2\/product-tag?post=15337"}],"curies":[{"name":"wp","href":"https:\/\/api.w.org\/{rel}","templated":true}]}}