{"id":15340,"date":"2023-08-23T23:11:02","date_gmt":"2023-08-23T15:11:02","guid":{"rendered":"https:\/\/tononplastics.com\/?post_type=product&#038;p=15340"},"modified":"2024-03-25T15:43:11","modified_gmt":"2024-03-25T07:43:11","slug":"luxury-uv-protection-gazebo-made-of-polycarbonate-sheet","status":"publish","type":"product","link":"https:\/\/www.tononplastics.com\/et\/product\/luxury-uv-protection-gazebo-made-of-polycarbonate-sheet\/","title":{"rendered":"luksuslik UV-kaitsega vaatetorn, mis on valmistatud pol\u00fckarbonaatplaadist"},"content":{"rendered":"<p><span data-spm-anchor-id=\"a2700.details.0.i29.34d11f18QZCySL\">PC Sheet on valmistatud s\u00fcsiniku happe esteri kogumisest, see on hea tulemuslikkus, mis v\u00f5imaldab\u00a0<\/span><\/p>\n<p>taluda hiilimine, ja see on ikka veel v\u00e4ga k\u00f5rge vastupanu ja r\u00fcnnata intensiivsus all\u00a0<\/p>\n<p>madal temperatuur. J\u00e4ikus hoiab tugevust suurema temperatuuri piires.\u00a0<\/p>\n<p>Seda kasutatakse laialdaselt ehituses, reklaamis, kaunistuses, liikluses jne.<\/p>\n<p>\u00a0<img fetchpriority=\"high\" decoding=\"async\" src=\"https:\/\/sc02.alicdn.com\/kf\/H017024a0e2094472a595aeb265fe62e9K\/200162319\/H017024a0e2094472a595aeb265fe62e9K.jpg\" alt=\"luksuslik UV-kaitsega vaatetorn, mis on valmistatud pol\u00fckarbonaatplaadist\" width=\"630\" height=\"630\" data-src=\"\/\/sc02.alicdn.com\/kf\/H017024a0e2094472a595aeb265fe62e9K\/200162319\/H017024a0e2094472a595aeb265fe62e9K.jpg\" data-alt=\"luxury UV protection gazebo made of polycarbonate sheet\" data-width=\"630\" data- title=\"\"><\/p>\n<p><strong>Spetsifikatsioonid:<\/strong><\/p>\n<p>1) Paksus: 1.5mm - 16mm<br \/>2) Maksimaalne laius: 2100 mm<br \/>3) Pikkus: mis tahes m\u00f5\u00f5tmed<br \/>4) erikaal: 1200kg\/cb<\/p>\n<p>\u00a0<img decoding=\"async\" src=\"https:\/\/sc01.alicdn.com\/kf\/Ha35eb9523b0743dbbef517c1f6d500b5t\/200162319\/Ha35eb9523b0743dbbef517c1f6d500b5t.jpg\" alt=\"luksuslik UV-kaitsega vaatetorn, mis on valmistatud pol\u00fckarbonaatplaadist\" width=\"630\" height=\"630\" data-src=\"\/\/sc01.alicdn.com\/kf\/Ha35eb9523b0743dbbef517c1f6d500b5t\/200162319\/Ha35eb9523b0743dbbef517c1f6d500b5t.jpg\" data-alt=\"luxury UV protection gazebo made of polycarbonate sheet\" data-width=\"630\" data- title=\"\"><\/p>\n<p>\u00a0<\/p>\n<p><strong>Omadused:<\/strong><\/p>\n<p>1. Suurep\u00e4rane f\u00fc\u00fcsiline, mehaaniline j\u00f5udlus.<\/p>\n<p>2. Hea elektri-, soojus- ja heliisolatsioon.<\/p>\n<p>3. Hea l\u00f6\u00f6gikindlus ja suur vastupidavus.<\/p>\n<p>4. Hea valguse l\u00e4bilaskvus.<\/p>\n<p>5. Hea temperatuurikindlus.<\/p>\n<p>6. Tulekahju pidurdamine.<\/p>\n<p>7. Mittetoksiline.<\/p>\n<p>8. UV-kaitse.<\/p>\n<p>9. Karu vananemine.<\/p>\n<p>\u00a0<\/p>\n\n\n<figure class=\"wp-block-image size-full\"><img decoding=\"async\" width=\"800\" height=\"440\" src=\"https:\/\/www.tononplastics.com\/wp-content\/uploads\/2024\/03\/Hec1893bdf96e4e68954f01c51046919cR.webp\" alt=\"\" class=\"wp-image-16180\" title=\"\" srcset=\"https:\/\/www.tononplastics.com\/wp-content\/uploads\/2024\/03\/Hec1893bdf96e4e68954f01c51046919cR.webp 800w, https:\/\/www.tononplastics.com\/wp-content\/uploads\/2024\/03\/Hec1893bdf96e4e68954f01c51046919cR-300x165.webp 300w, https:\/\/www.tononplastics.com\/wp-content\/uploads\/2024\/03\/Hec1893bdf96e4e68954f01c51046919cR-768x422.webp 768w, https:\/\/www.tononplastics.com\/wp-content\/uploads\/2024\/03\/Hec1893bdf96e4e68954f01c51046919cR-18x10.webp 18w\" sizes=\"(max-width: 800px) 100vw, 800px\" \/><\/figure>","protected":false},"featured_media":15324,"parent":0,"template":"","product-catagories":[177],"product-tag":[],"class_list":["post-15340","product","type-product","status-publish","has-post-thumbnail","hentry","product-catagories-polycarbonate-solid-sheet"],"acf":[],"_links":{"self":[{"href":"https:\/\/www.tononplastics.com\/et\/wp-json\/wp\/v2\/product\/15340","targetHints":{"allow":["GET"]}}],"collection":[{"href":"https:\/\/www.tononplastics.com\/et\/wp-json\/wp\/v2\/product"}],"about":[{"href":"https:\/\/www.tononplastics.com\/et\/wp-json\/wp\/v2\/types\/product"}],"version-history":[{"count":0,"href":"https:\/\/www.tononplastics.com\/et\/wp-json\/wp\/v2\/product\/15340\/revisions"}],"wp:featuredmedia":[{"embeddable":true,"href":"https:\/\/www.tononplastics.com\/et\/wp-json\/wp\/v2\/media\/15324"}],"wp:attachment":[{"href":"https:\/\/www.tononplastics.com\/et\/wp-json\/wp\/v2\/media?parent=15340"}],"wp:term":[{"taxonomy":"product-catagories","embeddable":true,"href":"https:\/\/www.tononplastics.com\/et\/wp-json\/wp\/v2\/product-catagories?post=15340"},{"taxonomy":"product-tag","embeddable":true,"href":"https:\/\/www.tononplastics.com\/et\/wp-json\/wp\/v2\/product-tag?post=15340"}],"curies":[{"name":"wp","href":"https:\/\/api.w.org\/{rel}","templated":true}]}}