{"id":15363,"date":"2023-08-23T23:42:08","date_gmt":"2023-08-23T15:42:08","guid":{"rendered":"https:\/\/tononplastics.com\/?post_type=product&#038;p=15363"},"modified":"2024-03-25T14:05:51","modified_gmt":"2024-03-25T06:05:51","slug":"plastic-canopy-polycarbonate-hollow-sheet","status":"publish","type":"product","link":"https:\/\/www.tononplastics.com\/et\/product\/plastic-canopy-polycarbonate-hollow-sheet\/","title":{"rendered":"Plastist varikatuse pol\u00fckarbonaat \u00f5\u00f5nesleht"},"content":{"rendered":"<p><strong>Toote \u00fcksikasjad<br><\/strong>1.Simple ja lihtne paigaldus<br>2.100% DIY-markiis. Uudne, kaasaegne, tugev<br>3.UV kaitse<br>4.Koostis: lauad, klambrid, kruvid, alumiiniumribad, kummist ribad jne.<br>5.Aericans Markiis on valmistatud klambritest ja lauast, mida on lihtne ja kerge paigaldada ja hooldada. Konsoolid ja tarvikud toodetakse hulgitootmises, et tagada kvaliteet ja k\u00e4sit\u00f6\u00f6. Aericans Awning valib spetsiaalse materjali, et tooted saaksid olla tuulekindlad ja antiseptilised ning l\u00f6\u00f6gikindlad ja vananemiskindlad. Uudne ja kaasaegne ning vastupidav ja tugev Aericans Markiisil on 8-15 korda pikem eluiga kui tavalisel markiisil. 100% DIY muudab selle h\u00f5lpsasti kasutatavaks agendile, ei vaja t\u00f6\u00f6koda ja t\u00f6\u00f6tajaid, ainult vaja paigaldada t\u00f6\u00f6tajaid v\u00f5i pakkimise inimesi, et v\u00e4hendada kulusid.<\/p>\n\n\n\n<figure class=\"wp-block-gallery has-nested-images columns-default is-cropped wp-block-gallery-1 is-layout-flex wp-block-gallery-is-layout-flex\">\n<figure class=\"wp-block-image size-large\"><img fetchpriority=\"high\" decoding=\"async\" width=\"1024\" height=\"683\" data-id=\"16246\" src=\"https:\/\/www.tononplastics.com\/wp-content\/uploads\/2023\/08\/H8f0fe05f6ce04a849984d23754bbc891V-1024x683.webp\" alt=\"\" class=\"wp-image-16246\" title=\"\" srcset=\"https:\/\/www.tononplastics.com\/wp-content\/uploads\/2023\/08\/H8f0fe05f6ce04a849984d23754bbc891V-1024x683.webp 1024w, https:\/\/www.tononplastics.com\/wp-content\/uploads\/2023\/08\/H8f0fe05f6ce04a849984d23754bbc891V-300x200.webp 300w, https:\/\/www.tononplastics.com\/wp-content\/uploads\/2023\/08\/H8f0fe05f6ce04a849984d23754bbc891V-768x512.webp 768w, https:\/\/www.tononplastics.com\/wp-content\/uploads\/2023\/08\/H8f0fe05f6ce04a849984d23754bbc891V-1536x1024.webp 1536w, https:\/\/www.tononplastics.com\/wp-content\/uploads\/2023\/08\/H8f0fe05f6ce04a849984d23754bbc891V-18x12.webp 18w, https:\/\/www.tononplastics.com\/wp-content\/uploads\/2023\/08\/H8f0fe05f6ce04a849984d23754bbc891V.webp 1620w\" sizes=\"(max-width: 1024px) 100vw, 1024px\" \/><\/figure>\n\n\n\n<figure class=\"wp-block-image size-large\"><img decoding=\"async\" width=\"1024\" height=\"576\" data-id=\"16248\" src=\"https:\/\/www.tononplastics.com\/wp-content\/uploads\/2023\/08\/Hdb9578162af048c388296e47f7c0f0c9T-1024x576.webp\" alt=\"\" class=\"wp-image-16248\" title=\"\" srcset=\"https:\/\/www.tononplastics.com\/wp-content\/uploads\/2023\/08\/Hdb9578162af048c388296e47f7c0f0c9T-1024x576.webp 1024w, https:\/\/www.tononplastics.com\/wp-content\/uploads\/2023\/08\/Hdb9578162af048c388296e47f7c0f0c9T-300x169.webp 300w, https:\/\/www.tononplastics.com\/wp-content\/uploads\/2023\/08\/Hdb9578162af048c388296e47f7c0f0c9T-768x432.webp 768w, https:\/\/www.tononplastics.com\/wp-content\/uploads\/2023\/08\/Hdb9578162af048c388296e47f7c0f0c9T-1536x864.webp 1536w, https:\/\/www.tononplastics.com\/wp-content\/uploads\/2023\/08\/Hdb9578162af048c388296e47f7c0f0c9T-18x10.webp 18w, https:\/\/www.tononplastics.com\/wp-content\/uploads\/2023\/08\/Hdb9578162af048c388296e47f7c0f0c9T.webp 1920w\" sizes=\"(max-width: 1024px) 100vw, 1024px\" \/><\/figure>\n<\/figure>\n\n\n<p data-spm-anchor-id=\"a2700.details.0.i27.39d5242dDOiEef\">\u00a0<\/p>\n<div id=\"1700020836475\" class=\"cke-navigation\" contenteditable=\"false\">Toote eelised<\/div>\n<p><b>1:<\/b><br \/>Jahutamine suvel, isolatsioon talvel, vastupidavusplaat on madalama soojusjuhtivusega (K-v\u00e4\u00e4rtus) kui tavaline klaas ja muud plastid, soojusisolatsiooni efekt on 7%-25% k\u00f5rgem kui sama klaas, ja vastupidavusplaadi soojusisolatsioon on kuni 49%.<br \/>Seega v\u00e4heneb oluliselt soojuskadu ja seda kasutatakse hoonetes, kus on k\u00fctteseadmed, mis on keskkonnas\u00f5bralik materjal.<br \/><br \/><b>2. Heliisolatsioon:<\/b><br \/>Vastupidavusplaadi heliisolatsiooniefekt on ilmne ning vastupidavusplaadi heliisolatsioon on parem kui sama paksusega klaasi ja all-ekspandava plaadi oma ning vastupidavusplaadi heliisolatsioon on 5-9 dB k\u00f5rgem kui klaasi oma sama paksuse tingimustes.<br \/>Rahvusvaheliselt on see eelistatud materjal maanteem\u00fcrat\u00f5kete jaoks.<br \/><br \/><b>3. Temperatuuri kohanemisv\u00f5ime:<\/b><br \/>PC-plaat ei muutu k\u00fclmalt ja hapraks -40\u00baC juures, ei pehmene 125\u00baC juures ning selle mehaanika ja mehaanilised omadused ei muutu oluliselt karmides tingimustes.<br \/><br \/><b>4. Tulekindlad:<\/b><br \/>Riiklik standard GB50222-95 kinnitab, et vastupidavusplaat on tulekindel tase, st B1-tase.<br \/>Arvutiplaadi enda p\u00f5lemispunkt on 580 \u00b0 C ja see kustub p\u00e4rast tulekahju isekustumist, ei tekita p\u00f5lemisel m\u00fcrgiseid gaase ega aita kaasa tulekahju levikule.<br \/><br \/><b>5. UV-kaitse:<\/b><br \/>PC-plaadi \u00fcks k\u00fclg on koos ekstrudeeritud ultraviolettkiirguse (UV) vastase kattega ja teine k\u00fclg on kondensatsioonivastase t\u00f6\u00f6tlusega, mis \u00fchendab endas ultraviolettkiirguse vastase, soojusisolatsiooni ja udususevastase funktsiooni.<br \/>See v\u00f5ib blokeerida ultraviolettkiirguse l\u00e4bip\u00e4\u00e4su ning sobib v\u00e4\u00e4rtuslike kunstiteoste ja eksponaatide kaitsmiseks ultraviolettkiirguse kahjustuste eest.<\/p>\n\n\n<figure class=\"wp-block-image size-full is-resized\"><img decoding=\"async\" width=\"1640\" height=\"1000\" src=\"https:\/\/www.tononplastics.com\/wp-content\/uploads\/2024\/03\/16995219633519-1.png\" alt=\"\" class=\"wp-image-16266\" style=\"width:1021px;height:auto\" title=\"\" srcset=\"https:\/\/www.tononplastics.com\/wp-content\/uploads\/2024\/03\/16995219633519-1.png 1640w, https:\/\/www.tononplastics.com\/wp-content\/uploads\/2024\/03\/16995219633519-1-300x183.png 300w, https:\/\/www.tononplastics.com\/wp-content\/uploads\/2024\/03\/16995219633519-1-1024x624.png 1024w, https:\/\/www.tononplastics.com\/wp-content\/uploads\/2024\/03\/16995219633519-1-768x468.png 768w, https:\/\/www.tononplastics.com\/wp-content\/uploads\/2024\/03\/16995219633519-1-1536x937.png 1536w, https:\/\/www.tononplastics.com\/wp-content\/uploads\/2024\/03\/16995219633519-1-18x12.png 18w\" sizes=\"(max-width: 1640px) 100vw, 1640px\" \/><\/figure>","protected":false},"featured_media":14365,"parent":0,"template":"","product-catagories":[171],"product-tag":[],"class_list":["post-15363","product","type-product","status-publish","has-post-thumbnail","hentry","product-catagories-awning"],"acf":[],"_links":{"self":[{"href":"https:\/\/www.tononplastics.com\/et\/wp-json\/wp\/v2\/product\/15363","targetHints":{"allow":["GET"]}}],"collection":[{"href":"https:\/\/www.tononplastics.com\/et\/wp-json\/wp\/v2\/product"}],"about":[{"href":"https:\/\/www.tononplastics.com\/et\/wp-json\/wp\/v2\/types\/product"}],"version-history":[{"count":0,"href":"https:\/\/www.tononplastics.com\/et\/wp-json\/wp\/v2\/product\/15363\/revisions"}],"wp:featuredmedia":[{"embeddable":true,"href":"https:\/\/www.tononplastics.com\/et\/wp-json\/wp\/v2\/media\/14365"}],"wp:attachment":[{"href":"https:\/\/www.tononplastics.com\/et\/wp-json\/wp\/v2\/media?parent=15363"}],"wp:term":[{"taxonomy":"product-catagories","embeddable":true,"href":"https:\/\/www.tononplastics.com\/et\/wp-json\/wp\/v2\/product-catagories?post=15363"},{"taxonomy":"product-tag","embeddable":true,"href":"https:\/\/www.tononplastics.com\/et\/wp-json\/wp\/v2\/product-tag?post=15363"}],"curies":[{"name":"wp","href":"https:\/\/api.w.org\/{rel}","templated":true}]}}