{"id":15364,"date":"2023-08-23T23:43:34","date_gmt":"2023-08-23T15:43:34","guid":{"rendered":"https:\/\/tononplastics.com\/?post_type=product&#038;p=15364"},"modified":"2024-03-25T12:39:59","modified_gmt":"2024-03-25T04:39:59","slug":"polycarbonate-sheet-for-canop-polycarbonate-window-awning","status":"publish","type":"product","link":"https:\/\/www.tononplastics.com\/et\/product\/polycarbonate-sheet-for-canop-polycarbonate-window-awning\/","title":{"rendered":"Pol\u00fckarbonaatplekk katusepol\u00fckarbonaadist akna markiiside jaoks"},"content":{"rendered":"<div id=\"ali-anchor-AliPostDhMb-ikrk2\" data-section=\"AliPostDhMb-ikrk2\" data-section-title=\"Product Description\">\n<div>\n<p><span data-spm-anchor-id=\"a2700.details.0.i44.40e911fecVyXv2\">Markiisilaud<\/span><\/p>\n<p>1) Valguse l\u00e4bilaskvus: kuni 88%\u00a0<\/p>\n<p>2) L\u00f6\u00f6gikindlus: 80 korda suurem kui klaas, 15 korda suurem kui akr\u00fc\u00fclplaat.\u00a0<\/p>\n<\/div>\n<\/div>\n<p align=\"left\">3) Temperatuurikindlusvahemik: -40 ~ 120oC<br \/>\n4) Kerge kaal: ainult 1\/12 sama paksusega klaasi massist.<br \/>\n5) Ultraviolettkindlus: UV-kaitsekihiga<br \/>\n6) leegikindlus: hinnatud B1-klassi<br \/>\n7) heli- ja kuumakindlus<\/p>\n<p align=\"left\"><img decoding=\"async\" src=\"https:\/\/sc01.alicdn.com\/kf\/H0ae698f80b9840449576927fcabf54feZ\/200162319\/H0ae698f80b9840449576927fcabf54feZ.jpg\" alt=\"pol\u00fckarbonaadist leht katuse jaoks pol\u00fckarbonaadist akna markiiside jaoks\" width=\"630\" height=\"662.76\" data-src=\"\/\/sc01.alicdn.com\/kf\/H0ae698f80b9840449576927fcabf54feZ\/200162319\/H0ae698f80b9840449576927fcabf54feZ.jpg\" data-alt=\"polycarbonate sheet for canop polycarbonate window awning\" data-width=\"630\" data- title=\"\"><br \/>\nPol\u00fckarbonaatmarkiisi spetsifikatsioon<br \/>\nLeht: 5,5 mm PC \u00f5\u00f5nes leht v\u00f5i 3,0 mm PC tahke leht<br \/>\nKonsooli pikkus 600mm,800mm,1000mm,1200mm,1500mm<br \/>\nKlambri v\u00e4rv Valge v\u00f5i must<br \/>\nBracket Distance Kohandatud<br \/>\nKonsoolide materjal Plastik v\u00f5i alumiinium<\/p>\n<p align=\"left\"><img decoding=\"async\" src=\"https:\/\/sc01.alicdn.com\/kf\/H2f4db787a3b343c8b287bd745f006630r\/200162319\/H2f4db787a3b343c8b287bd745f006630r.png\" alt=\"pol\u00fckarbonaadist leht katuse jaoks pol\u00fckarbonaadist akna markiiside jaoks\" width=\"630\" height=\"362.2162740899357\" data-src=\"\/\/sc01.alicdn.com\/kf\/H2f4db787a3b343c8b287bd745f006630r\/200162319\/H2f4db787a3b343c8b287bd745f006630r.png\" data-alt=\"polycarbonate sheet for canop polycarbonate window awning\" data-width=\"630\" data- title=\"\"><img decoding=\"async\" src=\"https:\/\/sc02.alicdn.com\/kf\/Hab2ac95f2ca34cec9459c4b7915aac1ef\/200162319\/Hab2ac95f2ca34cec9459c4b7915aac1ef.png\" alt=\"pol\u00fckarbonaadist leht katuse jaoks pol\u00fckarbonaadist akna markiiside jaoks\" width=\"630\" height=\"507.27272727272725\" data-src=\"\/\/sc02.alicdn.com\/kf\/Hab2ac95f2ca34cec9459c4b7915aac1ef\/200162319\/Hab2ac95f2ca34cec9459c4b7915aac1ef.png\" data-alt=\"polycarbonate sheet for canop polycarbonate window awning\" data-width=\"630\" data- title=\"\">\u00a0<\/p>\n<p align=\"left\">\u00a0<\/p>\n<p>Pol\u00fckarbonaadi omadused:<\/p>\n<p>Valguse \u00fclekanne<br \/>\nValgusl\u00e4bivus ulatub s\u00f5ltuvalt v\u00e4rvist ja paksusest 12%-82%.<\/p>\n<p>UV-kaitse<br \/>\nT\u00e4nu patenteeritud anti-UV-kattele j\u00e4\u00e4b pol\u00fckarbonaatne katuseaken p\u00e4rast kokkupuutumist mehaaniliselt ja optiliselt t\u00e4iuslikuks.<\/p>\n<p>Ilma v\u00f5ime<br \/>\nSellel on \u00fclivabadus, mis s\u00e4ilitab suurep\u00e4rase toimivuse laias temperatuurivahemikus -40\u00b0C-120\u00b0C.<br \/>\nTulep\u00fcsivus :UL Flammability 94 V-2<\/p>\n<p>Lihtne paigaldus<br \/>\nLihtne paigaldada ja seda saab k\u00fclmalt painutada<\/p>\n<p>L\u00f6\u00f6gikindlus<br \/>\n250-300 korda suurem l\u00f6\u00f6gitugevus kui tavalisel klaasil ja 30 korda suurem kui sama paksusega akr\u00fc\u00fclpaneelidel, mis on 2-20 korda karastatud klaasist, mis langeb kahe meetri s\u00fcgavusele alla 3 kg haamri ilma pragudeta, ilma purunenud.<\/p>\n<p><img decoding=\"async\" src=\"https:\/\/sc02.alicdn.com\/kf\/HTB1xO6PJVXXXXXQXpXXq6xXFXXXE\/200162319\/HTB1xO6PJVXXXXXQXpXXq6xXFXXXE.jpg\" alt=\"pol\u00fckarbonaadist leht katuse jaoks pol\u00fckarbonaadist akna markiiside jaoks\" width=\"630\" height=\"763.5600000000001\" data-src=\"\/\/sc02.alicdn.com\/kf\/HTB1xO6PJVXXXXXQXpXXq6xXFXXXE\/200162319\/HTB1xO6PJVXXXXXQXpXXq6xXFXXXE.jpg\" data-alt=\"polycarbonate sheet for canop polycarbonate window awning\" data-width=\"630\" data- title=\"\"><img decoding=\"async\" src=\"https:\/\/sc01.alicdn.com\/kf\/H696af1b5dc524570886fcc96da6160f3q\/200162319\/H696af1b5dc524570886fcc96da6160f3q.jpg\" alt=\"pol\u00fckarbonaadist leht katuse jaoks pol\u00fckarbonaadist akna markiiside jaoks\" width=\"630\" height=\"580.44\" data-src=\"\/\/sc01.alicdn.com\/kf\/H696af1b5dc524570886fcc96da6160f3q\/200162319\/H696af1b5dc524570886fcc96da6160f3q.jpg\" data-alt=\"polycarbonate sheet for canop polycarbonate window awning\" data-width=\"630\" data- title=\"\"><img decoding=\"async\" src=\"https:\/\/sc01.alicdn.com\/kf\/He251bd0b45d14e5583f0a7b16198126fz\/200162319\/He251bd0b45d14e5583f0a7b16198126fz.png\" alt=\"pol\u00fckarbonaadist leht katuse jaoks pol\u00fckarbonaadist akna markiiside jaoks\" width=\"630\" height=\"156.24\" data-src=\"\/\/sc01.alicdn.com\/kf\/He251bd0b45d14e5583f0a7b16198126fz\/200162319\/He251bd0b45d14e5583f0a7b16198126fz.png\" data-alt=\"polycarbonate sheet for canop polycarbonate window awning\" data-width=\"630\" data- title=\"\"><img decoding=\"async\" src=\"https:\/\/sc02.alicdn.com\/kf\/HTB1c_rWJVXXXXXfXXXXq6xXFXXX4\/200162319\/HTB1c_rWJVXXXXXfXXXXq6xXFXXX4.jpg\" alt=\"pol\u00fckarbonaadist leht katuse jaoks pol\u00fckarbonaadist akna markiiside jaoks\" width=\"630\" height=\"436.9893899204244\" data-src=\"\/\/sc02.alicdn.com\/kf\/HTB1c_rWJVXXXXXfXXXXq6xXFXXX4\/200162319\/HTB1c_rWJVXXXXXfXXXXq6xXFXXX4.jpg\" data-alt=\"polycarbonate sheet for canop polycarbonate window awning\" data-width=\"630\" data- title=\"\"><img decoding=\"async\" src=\"https:\/\/sc01.alicdn.com\/kf\/Hd35db4f291a3474c9fed03fab96b343dt\/200162319\/Hd35db4f291a3474c9fed03fab96b343dt.jpg\" alt=\"pol\u00fckarbonaadist leht katuse jaoks pol\u00fckarbonaadist akna markiiside jaoks\" width=\"630\" height=\"420.21000000000004\" data-src=\"\/\/sc01.alicdn.com\/kf\/Hd35db4f291a3474c9fed03fab96b343dt\/200162319\/Hd35db4f291a3474c9fed03fab96b343dt.jpg\" data-alt=\"polycarbonate sheet for canop polycarbonate window awning\" data-width=\"630\" data- title=\"\"><img decoding=\"async\" src=\"https:\/\/sc01.alicdn.com\/kf\/H8ab2ccf15d5542e7a82269c541d00856p\/200162319\/H8ab2ccf15d5542e7a82269c541d00856p.jpg\" alt=\"pol\u00fckarbonaadist leht katuse jaoks pol\u00fckarbonaadist akna markiiside jaoks\" width=\"630\" height=\"420.21000000000004\" data-src=\"\/\/sc01.alicdn.com\/kf\/H8ab2ccf15d5542e7a82269c541d00856p\/200162319\/H8ab2ccf15d5542e7a82269c541d00856p.jpg\" data-alt=\"polycarbonate sheet for canop polycarbonate window awning\" data-width=\"630\" data- title=\"\"><\/p>\n<div id=\"ali-anchor-AliPostDhMb-slgsl\" data-section=\"AliPostDhMb-slgsl\" data-section-title=\"Packaging &amp; Shipping\">\n<div id=\"ali-title-AliPostDhMb-slgsl\">Pakendamine ja saatmine<\/div>\n<div>\n<p>\u00a0<img decoding=\"async\" src=\"https:\/\/sc02.alicdn.com\/kf\/Hd05fdb0988024155a7956963ea5973acD\/200162319\/Hd05fdb0988024155a7956963ea5973acD.png\" alt=\"pol\u00fckarbonaadist leht katuse jaoks pol\u00fckarbonaadist akna markiiside jaoks\" width=\"630\" height=\"474.58885941644564\" data-src=\"\/\/sc02.alicdn.com\/kf\/Hd05fdb0988024155a7956963ea5973acD\/200162319\/Hd05fdb0988024155a7956963ea5973acD.png\" data-alt=\"polycarbonate sheet for canop polycarbonate window awning\" data-width=\"630\" data- title=\"\"><img decoding=\"async\" src=\"https:\/\/sc02.alicdn.com\/kf\/H02a52324dc024cdcbaee8c550d0c5b3cR\/200162319\/H02a52324dc024cdcbaee8c550d0c5b3cR.png\" alt=\"pol\u00fckarbonaadist leht katuse jaoks pol\u00fckarbonaadist akna markiiside jaoks\" width=\"630\" height=\"214.7347480106101\" data-src=\"\/\/sc02.alicdn.com\/kf\/H02a52324dc024cdcbaee8c550d0c5b3cR\/200162319\/H02a52324dc024cdcbaee8c550d0c5b3cR.png\" data-alt=\"polycarbonate sheet for canop polycarbonate window awning\" data-width=\"630\" data- title=\"\"><\/p>\n<\/div>\n<\/div>","protected":false},"featured_media":15366,"parent":0,"template":"","product-catagories":[171],"product-tag":[],"class_list":["post-15364","product","type-product","status-publish","has-post-thumbnail","hentry","product-catagories-awning"],"acf":[],"_links":{"self":[{"href":"https:\/\/www.tononplastics.com\/et\/wp-json\/wp\/v2\/product\/15364","targetHints":{"allow":["GET"]}}],"collection":[{"href":"https:\/\/www.tononplastics.com\/et\/wp-json\/wp\/v2\/product"}],"about":[{"href":"https:\/\/www.tononplastics.com\/et\/wp-json\/wp\/v2\/types\/product"}],"version-history":[{"count":0,"href":"https:\/\/www.tononplastics.com\/et\/wp-json\/wp\/v2\/product\/15364\/revisions"}],"wp:featuredmedia":[{"embeddable":true,"href":"https:\/\/www.tononplastics.com\/et\/wp-json\/wp\/v2\/media\/15366"}],"wp:attachment":[{"href":"https:\/\/www.tononplastics.com\/et\/wp-json\/wp\/v2\/media?parent=15364"}],"wp:term":[{"taxonomy":"product-catagories","embeddable":true,"href":"https:\/\/www.tononplastics.com\/et\/wp-json\/wp\/v2\/product-catagories?post=15364"},{"taxonomy":"product-tag","embeddable":true,"href":"https:\/\/www.tononplastics.com\/et\/wp-json\/wp\/v2\/product-tag?post=15364"}],"curies":[{"name":"wp","href":"https:\/\/api.w.org\/{rel}","templated":true}]}}