{"id":15378,"date":"2023-08-23T23:47:42","date_gmt":"2023-08-23T15:47:42","guid":{"rendered":"https:\/\/tononplastics.com\/?post_type=product&#038;p=15378"},"modified":"2024-03-25T14:43:28","modified_gmt":"2024-03-25T06:43:28","slug":"factory-direct-sale-polycarbonate-awning-pc-canopy-aluminium-plastic-bracket","status":"publish","type":"product","link":"https:\/\/www.tononplastics.com\/et\/product\/factory-direct-sale-polycarbonate-awning-pc-canopy-aluminium-plastic-bracket\/","title":{"rendered":"Tehase otsem\u00fc\u00fck pol\u00fckarbonaadist markiis PC varikatuse alumiiniumist plastikust klamber"},"content":{"rendered":"<p><img fetchpriority=\"high\" decoding=\"async\" class=\"\" src=\"https:\/\/sc02.alicdn.com\/kf\/Hab2ac95f2ca34cec9459c4b7915aac1ef\/200162319\/Hab2ac95f2ca34cec9459c4b7915aac1ef.png\" alt=\"tehase otsem\u00fc\u00fck pol\u00fckarbonaat markiis PC varikatus alumiiniumist plastist klamber\" width=\"334\" height=\"269\" data-src=\"\/\/sc02.alicdn.com\/kf\/Hab2ac95f2ca34cec9459c4b7915aac1ef\/200162319\/Hab2ac95f2ca34cec9459c4b7915aac1ef.png\" data-alt=\"factory direct sale polycarbonate awning PC canopy aluminium plastic bracket\" data-width=\"630\" data- title=\"\"><img decoding=\"async\" class=\"\" src=\"https:\/\/sc01.alicdn.com\/kf\/H2f4db787a3b343c8b287bd745f006630r\/200162319\/H2f4db787a3b343c8b287bd745f006630r.png\" alt=\"tehase otsem\u00fc\u00fck pol\u00fckarbonaat markiis PC varikatus alumiiniumist plastist klamber\" width=\"502\" height=\"288\" data-src=\"\/\/sc01.alicdn.com\/kf\/H2f4db787a3b343c8b287bd745f006630r\/200162319\/H2f4db787a3b343c8b287bd745f006630r.png\" data-alt=\"factory direct sale polycarbonate awning PC canopy aluminium plastic bracket\" data-width=\"630\" data- title=\"\"><\/p>\n<div id=\"ali-anchor-AliPostDhMb-stcmy\" data-section=\"AliPostDhMb-stcmy\" data-section-title=\"Product Description\">\n<div id=\"ali-title-AliPostDhMb-stcmy\"><strong>Toote kirjeldus<\/strong><\/div>\n<\/div>\n<p>1.Novel disain 100cm alumiiniumisulamist<br \/>\n2.Easy kokkupanek ja paigaldus<br \/>\n3.Weather vastupidav<br \/>\n4. Madala hooldusega<\/p>\n<div>\n<p><strong>pol\u00fckarbonaat Alumiiniumist varikatus\/markiis<\/strong><br \/>\n1. 1000X1200mm<br \/>\n2. 2010Aasta Uus ja uudne disain<br \/>\n3,20 aastat garanteeritud<br \/>\n4. Lihtsalt paigaldatud<br \/>\nT\u00e4nap\u00e4eval turul olev markiisimaterjal ei ole ikka veel nii korralik, eriti halva ilma korral.  Kangaga kaetud varikatus ei pea vastu tugevale tuulele, samas kui akr\u00fc\u00fcl v\u00f5ib kergesti puruneda. Aga k\u00f5ige tugevam roostevabast markiis teeb vihma korral suurt m\u00fcra.<\/p>\n<p>Pol\u00fckarbonaadist markiis v\u00f5ib selle probleemi suurep\u00e4raselt lahendada. See on kokku pandud paindlikust sulamist plastikust klambrist ja pol\u00fckarbonaatplaadist. See uus disain on lihtne, kuid see muudab traditsioonilist viisi, mis on seotud mittestandardse awingi kohandamise ja terasraami keevitamisega.<\/p>\n<p>Pol\u00fckarbonaadist markiis on uudse disainiga, tugev ja vastupidav.  Seda saab paigaldada ukse, akna, kliimaseadme, sularahaautomaadi, postkasti jne kohale, et kaitsta p\u00e4ikese ja tormi eest. Kokkupaneku osad on k\u00f5ik kogused toodetud masinate poolt stabiilselt kvaliteetse kvaliteediga. Selle parandamatust saab testida 4,5 kg raskuse teraskuuliga ja selle vananemisvastast katset, mis n\u00e4itab 15-aastast kasutusaega, mida kasutatakse v\u00e4litingimustes - 8-15 korda nagu tavaline markiis. Lisaks sellele on see UV-kaitsega ja suudab vastu pidada 12. taifuunile.  See seeria on patendiga kaitstud ja tagab p\u00fcsiva kvaliteedi.<\/p>\n<p><img decoding=\"async\" src=\"https:\/\/sc01.alicdn.com\/kf\/H0ae698f80b9840449576927fcabf54feZ\/200162319\/H0ae698f80b9840449576927fcabf54feZ.jpg\" alt=\"tehase otsem\u00fc\u00fck pol\u00fckarbonaat markiis PC varikatus alumiiniumist plastist klamber\" width=\"630\" height=\"662.76\" data-src=\"\/\/sc01.alicdn.com\/kf\/H0ae698f80b9840449576927fcabf54feZ\/200162319\/H0ae698f80b9840449576927fcabf54feZ.jpg\" data-alt=\"factory direct sale polycarbonate awning PC canopy aluminium plastic bracket\" data-width=\"630\" data- title=\"\"><\/p>\n<p><img decoding=\"async\" src=\"https:\/\/sc01.alicdn.com\/kf\/H2f4db787a3b343c8b287bd745f006630r\/200162319\/H2f4db787a3b343c8b287bd745f006630r.png\" alt=\"tehase otsem\u00fc\u00fck pol\u00fckarbonaat markiis PC varikatus alumiiniumist plastist klamber\" width=\"630\" height=\"362.2162740899357\" data-src=\"\/\/sc01.alicdn.com\/kf\/H2f4db787a3b343c8b287bd745f006630r\/200162319\/H2f4db787a3b343c8b287bd745f006630r.png\" data-alt=\"factory direct sale polycarbonate awning PC canopy aluminium plastic bracket\" data-width=\"630\" data- title=\"\"><\/p>\n<\/div>\n<div id=\"ali-anchor-AliPostDhMb-5h5c9\" data-section=\"AliPostDhMb-5h5c9\" data-section-title=\"Packaging &amp; Shipping\">\n<div id=\"ali-title-AliPostDhMb-5h5c9\"><strong>Pakendamine ja saatmine<\/strong><\/div>\n<div>\n<p>\u00a0<img decoding=\"async\" src=\"https:\/\/sc02.alicdn.com\/kf\/Hd05fdb0988024155a7956963ea5973acD\/200162319\/Hd05fdb0988024155a7956963ea5973acD.png\" alt=\"tehase otsem\u00fc\u00fck pol\u00fckarbonaat markiis PC varikatus alumiiniumist plastist klamber\" width=\"630\" height=\"474.58885941644564\" data-src=\"\/\/sc02.alicdn.com\/kf\/Hd05fdb0988024155a7956963ea5973acD\/200162319\/Hd05fdb0988024155a7956963ea5973acD.png\" data-alt=\"factory direct sale polycarbonate awning PC canopy aluminium plastic bracket\" data-width=\"630\" data- title=\"\"><img decoding=\"async\" src=\"https:\/\/sc02.alicdn.com\/kf\/H02a52324dc024cdcbaee8c550d0c5b3cR\/200162319\/H02a52324dc024cdcbaee8c550d0c5b3cR.png\" alt=\"tehase otsem\u00fc\u00fck pol\u00fckarbonaat markiis PC varikatus alumiiniumist plastist klamber\" width=\"630\" height=\"214.7347480106101\" data-src=\"\/\/sc02.alicdn.com\/kf\/H02a52324dc024cdcbaee8c550d0c5b3cR\/200162319\/H02a52324dc024cdcbaee8c550d0c5b3cR.png\" data-alt=\"factory direct sale polycarbonate awning PC canopy aluminium plastic bracket\" data-width=\"630.\" data- title=\"\"><\/p>\n<\/div>\n<\/div>\n<div id=\"ali-anchor-AliPostDhMb-irqfd\" data-section=\"AliPostDhMb-irqfd\" data-section-title=\"Company Information\">\n<div id=\"ali-title-AliPostDhMb-irqfd\"><strong>Ettev\u00f5tte teave<\/strong><\/div>\n<div>\n<p>\u00a0<img decoding=\"async\" src=\"https:\/\/sc01.alicdn.com\/kf\/Hb3bdebb96a2849458ce6dfcbaa19c5d15\/200162319\/Hb3bdebb96a2849458ce6dfcbaa19c5d15.png\" alt=\"tehase otsem\u00fc\u00fck pol\u00fckarbonaat markiis PC varikatus alumiiniumist plastist klamber\" width=\"630\" height=\"312.9083665338646\" data-src=\"\/\/sc01.alicdn.com\/kf\/Hb3bdebb96a2849458ce6dfcbaa19c5d15\/200162319\/Hb3bdebb96a2849458ce6dfcbaa19c5d15.png\" data-alt=\"factory direct sale polycarbonate awning PC canopy aluminium plastic bracket\" data-width=\"630\" data- title=\"\"><img decoding=\"async\" src=\"https:\/\/sc01.alicdn.com\/kf\/HTB1ggLnJVXXXXcYXVXXq6xXFXXXP\/200162319\/HTB1ggLnJVXXXXcYXVXXq6xXFXXXP.jpg\" alt=\"tehase otsem\u00fc\u00fck pol\u00fckarbonaat markiis PC varikatus alumiiniumist plastist klamber\" width=\"630\" height=\"635.88\" data-src=\"\/\/sc01.alicdn.com\/kf\/HTB1ggLnJVXXXXcYXVXXq6xXFXXXP\/200162319\/HTB1ggLnJVXXXXcYXVXXq6xXFXXXP.jpg\" data-alt=\"factory direct sale polycarbonate awning PC canopy aluminium plastic bracket\" data-width=\"630\" data- title=\"\"><\/p>\n<\/div>\n<\/div>","protected":false},"featured_media":15372,"parent":0,"template":"","product-catagories":[171],"product-tag":[],"class_list":["post-15378","product","type-product","status-publish","has-post-thumbnail","hentry","product-catagories-awning"],"acf":[],"_links":{"self":[{"href":"https:\/\/www.tononplastics.com\/et\/wp-json\/wp\/v2\/product\/15378","targetHints":{"allow":["GET"]}}],"collection":[{"href":"https:\/\/www.tononplastics.com\/et\/wp-json\/wp\/v2\/product"}],"about":[{"href":"https:\/\/www.tononplastics.com\/et\/wp-json\/wp\/v2\/types\/product"}],"version-history":[{"count":0,"href":"https:\/\/www.tononplastics.com\/et\/wp-json\/wp\/v2\/product\/15378\/revisions"}],"wp:featuredmedia":[{"embeddable":true,"href":"https:\/\/www.tononplastics.com\/et\/wp-json\/wp\/v2\/media\/15372"}],"wp:attachment":[{"href":"https:\/\/www.tononplastics.com\/et\/wp-json\/wp\/v2\/media?parent=15378"}],"wp:term":[{"taxonomy":"product-catagories","embeddable":true,"href":"https:\/\/www.tononplastics.com\/et\/wp-json\/wp\/v2\/product-catagories?post=15378"},{"taxonomy":"product-tag","embeddable":true,"href":"https:\/\/www.tononplastics.com\/et\/wp-json\/wp\/v2\/product-tag?post=15378"}],"curies":[{"name":"wp","href":"https:\/\/api.w.org\/{rel}","templated":true}]}}