{"id":15379,"date":"2023-08-23T23:48:41","date_gmt":"2023-08-23T15:48:41","guid":{"rendered":"https:\/\/tononplastics.com\/?post_type=product&#038;p=15379"},"modified":"2024-03-25T16:51:33","modified_gmt":"2024-03-25T08:51:33","slug":"attractive-and-durable-awning-polycarbonate-hollow-awning-the-awning-for-balcony","status":"publish","type":"product","link":"https:\/\/www.tononplastics.com\/et\/product\/attractive-and-durable-awning-polycarbonate-hollow-awning-the-awning-for-balcony\/","title":{"rendered":"Atraktiivne ja vastupidav markiis pol\u00fckarbonaadist \u00f5\u00f5nes markiis R\u00f5dule m\u00f5eldud markiis"},"content":{"rendered":"<p><strong>atraktiivne ja vastupidav markiis pol\u00fckarbonaadist \u00f5\u00f5nes markiis R\u00f5dule m\u00f5eldud markiis<br \/>\n<\/strong><\/p>\n<table class=\"aliDataTable\" border=\"0\" cellspacing=\"0\" cellpadding=\"0\">\n<tbody>\n<tr>\n<td><strong>W(CM)<\/strong><\/td>\n<td><strong>D(CM)<\/strong><\/td>\n<td><strong>M\u00e4rkus<\/strong><\/td>\n<\/tr>\n<tr>\n<td>100<\/td>\n<td>100<\/td>\n<td>1laud, 2konsoolid, t\u00e4ielik komplekt tarvikuid<\/td>\n<\/tr>\n<tr>\n<td>120<\/td>\n<td>100<\/td>\n<td>1laud, 2konsoolid, t\u00e4ielik komplekt tarvikuid<\/td>\n<\/tr>\n<tr>\n<td>150<\/td>\n<td>100<\/td>\n<td>1laud, 2konsoolid, t\u00e4ielik komplekt tarvikuid<\/td>\n<\/tr>\n<tr>\n<td>180<\/td>\n<td>100<\/td>\n<td>1laud, 2konsoolid, t\u00e4ielik komplekt tarvikuid<\/td>\n<\/tr>\n<tr>\n<td>200<\/td>\n<td>100<\/td>\n<td>2laudu, 3kinnitust, t\u00e4ielik komplekt tarvikuid<\/td>\n<\/tr>\n<tr>\n<td>240<\/td>\n<td>100<\/td>\n<td>2laudu, 3kinnitust, t\u00e4ielik komplekt tarvikuid<\/td>\n<\/tr>\n<\/tbody>\n<\/table>\n<p>1.Sheet: PC tahke leht, PC p\u00e4ikese leht<\/p>\n<p>2.Markiisikonsooli materjal: PA + klaaskiu segu<\/p>\n<p>3.\u00dchendatavad osad: Alumiiniumprofiil<\/p>\n<p>4.Accessories: laienduspolt<\/p>\n<p><img fetchpriority=\"high\" decoding=\"async\" class=\"\" src=\"https:\/\/sc02.alicdn.com\/kf\/HTB1c_rWJVXXXXXfXXXXq6xXFXXX4\/200162319\/HTB1c_rWJVXXXXXfXXXXq6xXFXXX4.jpg\" alt=\"atraktiivne ja vastupidav markiis pol\u00fckarbonaadist \u00f5\u00f5nes markiis R\u00f5dule m\u00f5eldud markiis\" width=\"636\" height=\"441\" data-src=\"\/\/sc02.alicdn.com\/kf\/HTB1c_rWJVXXXXXfXXXXq6xXFXXX4\/200162319\/HTB1c_rWJVXXXXXfXXXXq6xXFXXX4.jpg\" data-alt=\"attractive and durable awning polycarbonate hollow awning The awning for  balcony\" data-width=\"630\" data- title=\"\"><img decoding=\"async\" class=\"\" src=\"https:\/\/sc01.alicdn.com\/kf\/H8ab2ccf15d5542e7a82269c541d00856p\/200162319\/H8ab2ccf15d5542e7a82269c541d00856p.jpg\" alt=\"atraktiivne ja vastupidav markiis pol\u00fckarbonaadist \u00f5\u00f5nes markiis R\u00f5dule m\u00f5eldud markiis\" width=\"632\" height=\"421\" data-src=\"\/\/sc01.alicdn.com\/kf\/H8ab2ccf15d5542e7a82269c541d00856p\/200162319\/H8ab2ccf15d5542e7a82269c541d00856p.jpg\" data-alt=\"attractive and durable awning polycarbonate hollow awning The awning for  balcony\" data-width=\"630\" data- title=\"\"><img decoding=\"async\" src=\"https:\/\/sc01.alicdn.com\/kf\/H9272fa42caf843959a9af6e8f6554a49Z\/200162319\/H9272fa42caf843959a9af6e8f6554a49Z.jpg\" alt=\"atraktiivne ja vastupidav markiis pol\u00fckarbonaadist \u00f5\u00f5nes markiis R\u00f5dule m\u00f5eldud markiis\" width=\"630\" height=\"420.21000000000004\" data-src=\"\/\/sc01.alicdn.com\/kf\/H9272fa42caf843959a9af6e8f6554a49Z\/200162319\/H9272fa42caf843959a9af6e8f6554a49Z.jpg\" data-alt=\"attractive and durable awning polycarbonate hollow awning The awning for  balcony\" data-width=\"630\" data- title=\"\"><\/p>\n<p><img decoding=\"async\" class=\"\" src=\"https:\/\/sc01.alicdn.com\/kf\/H3f7c937cb4ef463386c7fb3295c98cfdu\/200162319\/H3f7c937cb4ef463386c7fb3295c98cfdu.jpg\" alt=\"atraktiivne ja vastupidav markiis pol\u00fckarbonaadist \u00f5\u00f5nes markiis R\u00f5dule m\u00f5eldud markiis\" width=\"329\" height=\"329\" data-src=\"\/\/sc01.alicdn.com\/kf\/H3f7c937cb4ef463386c7fb3295c98cfdu\/200162319\/H3f7c937cb4ef463386c7fb3295c98cfdu.jpg\" data-alt=\"attractive and durable awning polycarbonate hollow awning The awning for  balcony\" data-width=\"630\" data- title=\"\"><img loading=\"lazy\" decoding=\"async\" class=\"\" src=\"https:\/\/sc01.alicdn.com\/kf\/H099167a0f65f4900bf63ad604b9e13e7V\/200162319\/H099167a0f65f4900bf63ad604b9e13e7V.jpg\" alt=\"atraktiivne ja vastupidav markiis pol\u00fckarbonaadist \u00f5\u00f5nes markiis R\u00f5dule m\u00f5eldud markiis\" width=\"412\" height=\"412\" data-src=\"\/\/sc01.alicdn.com\/kf\/H099167a0f65f4900bf63ad604b9e13e7V\/200162319\/H099167a0f65f4900bf63ad604b9e13e7V.jpg\" data-alt=\"attractive and durable awning polycarbonate hollow awning The awning for  balcony\" data-width=\"630\" data- title=\"\"><\/p>\n<p><strong>\u00a0Markiisitugede l\u00f5putu suurendamine ja vaba pikendamine kokkupanekuks<\/strong><\/p>\n<p>Uuenduslik markiis erineb t\u00e4ielikult traditsioonilistest eritellimusel valmistatud keevitatud markiisidest.Markiis on lihtne oma p\u00f5hikonstruktsioonilt, mis koosneb PC-plaadist ja markiisi toedest.Kuna markiis on masstoodang ja vastab j\u00e4igale disainistandardile, on markiis oma super tootekvaliteediga j\u00e4rjepidev.<\/p>\n<p>$$Csuutlik vastu seista (12. kategooria) taifuunidele.<\/p>\n<p>Tuulekindlus, l\u00f6\u00f6gikindlus, vananemisvastane, korrosioonivastane, vihmavee poolt isepuhastuv<\/p>\n<p>Markiis on valmis ja seda saab koduomanik kergesti paigaldada, mis s\u00e4\u00e4stab t\u00e4ielikult kulusid ja ruumi.<\/p>\n<p><img decoding=\"async\" src=\"https:\/\/sc01.alicdn.com\/kf\/H0ae698f80b9840449576927fcabf54feZ\/200162319\/H0ae698f80b9840449576927fcabf54feZ.jpg\" alt=\"atraktiivne ja vastupidav markiis pol\u00fckarbonaadist \u00f5\u00f5nes markiis R\u00f5dule m\u00f5eldud markiis\" width=\"630\" height=\"662.76\" data-src=\"\/\/sc01.alicdn.com\/kf\/H0ae698f80b9840449576927fcabf54feZ\/200162319\/H0ae698f80b9840449576927fcabf54feZ.jpg\" data-alt=\"attractive and durable awning polycarbonate hollow awning The awning for  balcony\" data-width=\"630\" data- title=\"\"><\/p>\n<div><em><strong>\u00a0Trade&amp;Market<\/strong><\/em><\/div>\n<table class=\"aliDataTable\" border=\"0\">\n<tbody>\n<tr>\n<td><strong>Peamised turud:<\/strong><\/td>\n<td><strong>P\u00f5hja-Ameerika<br \/>\nL\u00f5una-Ameerika<br \/>\nIda-Euroopa<br \/>\nKagu-Aasia<br \/>\nAafrika<br \/>\nOkeaania<br \/>\nKesk-Ida<br \/>\nIda-Aasia<br \/>\nL\u00e4\u00e4ne-Euroopa<br \/>\n<\/strong><\/td>\n<\/tr>\n<tr>\n<td><strong>Aastane m\u00fc\u00fcgimaht kokku:<\/strong><\/td>\n<td><strong>US$30 miljonit - US$50 miljonit \u00a0<\/strong><\/td>\n<\/tr>\n<\/tbody>\n<\/table>\n<p><strong><span style=\"color: initial;\">Pakendamine ja saatmine<\/span><\/strong><\/p>\n<div id=\"ali-anchor-AliPostDhMb-6uyfa\" data-section=\"AliPostDhMb-6uyfa\" data-section-title=\"Packaging &amp; Shipping\">\n<div>\n<p>\u00a0<img decoding=\"async\" src=\"https:\/\/sc02.alicdn.com\/kf\/Hd05fdb0988024155a7956963ea5973acD\/200162319\/Hd05fdb0988024155a7956963ea5973acD.png\" alt=\"atraktiivne ja vastupidav markiis pol\u00fckarbonaadist \u00f5\u00f5nes markiis R\u00f5dule m\u00f5eldud markiis\" width=\"630\" height=\"474.58885941644564\" data-src=\"\/\/sc02.alicdn.com\/kf\/Hd05fdb0988024155a7956963ea5973acD\/200162319\/Hd05fdb0988024155a7956963ea5973acD.png\" data-alt=\"attractive and durable awning polycarbonate hollow awning The awning for  balcony\" data-width=\"630\" data- title=\"\"><img decoding=\"async\" src=\"https:\/\/sc02.alicdn.com\/kf\/H02a52324dc024cdcbaee8c550d0c5b3cR\/200162319\/H02a52324dc024cdcbaee8c550d0c5b3cR.png\" alt=\"atraktiivne ja vastupidav markiis pol\u00fckarbonaadist \u00f5\u00f5nes markiis R\u00f5dule m\u00f5eldud markiis\" width=\"630\" height=\"214.7347480106101\" data-src=\"\/\/sc02.alicdn.com\/kf\/H02a52324dc024cdcbaee8c550d0c5b3cR\/200162319\/H02a52324dc024cdcbaee8c550d0c5b3cR.png\" data-alt=\"attractive and durable awning polycarbonate hollow awning The awning for  balcony\" data-width=\"630\" data- title=\"\"><\/p>\n<\/div>\n<\/div>","protected":false},"featured_media":15374,"parent":0,"template":"","product-catagories":[171],"product-tag":[],"class_list":["post-15379","product","type-product","status-publish","has-post-thumbnail","hentry","product-catagories-awning"],"acf":[],"_links":{"self":[{"href":"https:\/\/www.tononplastics.com\/et\/wp-json\/wp\/v2\/product\/15379","targetHints":{"allow":["GET"]}}],"collection":[{"href":"https:\/\/www.tononplastics.com\/et\/wp-json\/wp\/v2\/product"}],"about":[{"href":"https:\/\/www.tononplastics.com\/et\/wp-json\/wp\/v2\/types\/product"}],"version-history":[{"count":0,"href":"https:\/\/www.tononplastics.com\/et\/wp-json\/wp\/v2\/product\/15379\/revisions"}],"wp:featuredmedia":[{"embeddable":true,"href":"https:\/\/www.tononplastics.com\/et\/wp-json\/wp\/v2\/media\/15374"}],"wp:attachment":[{"href":"https:\/\/www.tononplastics.com\/et\/wp-json\/wp\/v2\/media?parent=15379"}],"wp:term":[{"taxonomy":"product-catagories","embeddable":true,"href":"https:\/\/www.tononplastics.com\/et\/wp-json\/wp\/v2\/product-catagories?post=15379"},{"taxonomy":"product-tag","embeddable":true,"href":"https:\/\/www.tononplastics.com\/et\/wp-json\/wp\/v2\/product-tag?post=15379"}],"curies":[{"name":"wp","href":"https:\/\/api.w.org\/{rel}","templated":true}]}}