{"id":15381,"date":"2023-08-23T23:50:21","date_gmt":"2023-08-23T15:50:21","guid":{"rendered":"https:\/\/tononplastics.com\/?post_type=product&#038;p=15381"},"modified":"2024-03-25T15:35:57","modified_gmt":"2024-03-25T07:35:57","slug":"high-quality-rain-protect-canopy-rain-shelter-canopies-polycarbonate-clear-sheet","status":"publish","type":"product","link":"https:\/\/www.tononplastics.com\/et\/product\/high-quality-rain-protect-canopy-rain-shelter-canopies-polycarbonate-clear-sheet\/","title":{"rendered":"Kvaliteetne vihma kaitseb varikatused vihma varjualune varikatused pol\u00fckarbonaat selge leht"},"content":{"rendered":"<figure class=\"wp-block-gallery has-nested-images columns-default is-cropped wp-block-gallery-1 is-layout-flex wp-block-gallery-is-layout-flex\">\n<figure class=\"wp-block-image size-large\"><img fetchpriority=\"high\" decoding=\"async\" width=\"1024\" height=\"624\" data-id=\"16266\" src=\"https:\/\/www.tononplastics.com\/wp-content\/uploads\/2024\/03\/16995219633519-1-1024x624.png\" alt=\"\" class=\"wp-image-16266\" title=\"\" srcset=\"https:\/\/www.tononplastics.com\/wp-content\/uploads\/2024\/03\/16995219633519-1-1024x624.png 1024w, https:\/\/www.tononplastics.com\/wp-content\/uploads\/2024\/03\/16995219633519-1-300x183.png 300w, https:\/\/www.tononplastics.com\/wp-content\/uploads\/2024\/03\/16995219633519-1-768x468.png 768w, https:\/\/www.tononplastics.com\/wp-content\/uploads\/2024\/03\/16995219633519-1-1536x937.png 1536w, https:\/\/www.tononplastics.com\/wp-content\/uploads\/2024\/03\/16995219633519-1-18x12.png 18w, https:\/\/www.tononplastics.com\/wp-content\/uploads\/2024\/03\/16995219633519-1.png 1640w\" sizes=\"(max-width: 1024px) 100vw, 1024px\" \/><\/figure>\n<\/figure>\n\n\n<p><strong>Spetsifikatsioonid<\/strong><\/p>\n<div>\n<table border=\"1\">\n<tbody>\n<tr>\n<td>Pc t\u00e4isplaat markiis<\/td>\n<\/tr>\n<\/tbody>\n<\/table>\n<table border=\"1\">\n<tbody>\n<tr>\n<td>\u00a0Ei.<\/td>\n<td>Mudel\u00a0<\/td>\n<td>\u00a0Spets.(D*W)mm<\/td>\n<td>\n<p>Laua paksus<\/p>\n<p>(mm)\u00a0<\/p>\n<\/td>\n<td>M\u00e4rkus\u00a0<\/td>\n<td>P\u00f5hikorpuse materjal\u00a0<\/td>\n<\/tr>\n<tr>\n<td>\u00a0Merican Markiis<\/td>\n<td>600-S (tahke leht)\u00a0<\/td>\n<td>\u00a0600mm*600mm(700mm;800mm)<\/td>\n<td>3\u00a0<\/td>\n<td>1Plaat, 2 klambrit, t\u00e4ielik komplekt tarvikuid\u00a0<\/td>\n<td rowspan=\"5\">\u00a0\u00a0Inseneriplaatilised sulgudes<\/td>\n<\/tr>\n<tr>\n<td>\u00a0Merican Markiis<\/td>\n<td>800-S (tahke leht)<\/td>\n<td>800mm*800mm(1000mm;1200mm;1500mm)<\/td>\n<td>3<\/td>\n<td>1Plaat, 2 klambrit, t\u00e4ielik komplekt tarvikuid<\/td>\n<\/tr>\n<tr>\n<td>\u00a0Merican Markiis<\/td>\n<td>1000-S (tahke leht)<\/td>\n<td>1000mm*800mm(1000mm;1200mm;1500mm)<\/td>\n<td>3<\/td>\n<td>1Plaat, 2 klambrit, t\u00e4ielik komplekt tarvikuid<\/td>\n<\/tr>\n<tr>\n<td>\u00a0Merican Markiis<\/td>\n<td>1200-S (tahke leht)<\/td>\n<td>1200mm*800mm(1000mm;1200mm;1500mm)<\/td>\n<td>3<\/td>\n<td>1Plaat, 2 klambrit, t\u00e4ielik komplekt tarvikuid<\/td>\n<\/tr>\n<tr>\n<td>\u00a0Merican Markiis<\/td>\n<td>15100-S (tahke leht)<\/td>\n<td>1500mm*800mm(1000mm;1200mm;1500mm)<\/td>\n<td>3<\/td>\n<td>1Plaat, 2 klambrit, t\u00e4ielik komplekt tarvikuid<\/td>\n<\/tr>\n<\/tbody>\n<\/table>\n<p>\u00a0<\/p>\n<table border=\"1\">\n<tbody>\n<tr>\n<td colspan=\"6\">Pc \u00f5\u00f5neslaudade markiis<\/td>\n<\/tr>\n<tr>\n<td>Ei.<\/td>\n<td>Mudel<\/td>\n<td>Spets.(D*W)mm<\/td>\n<td>\n<p>Laua paksus<\/p>\n<p>(mm)<\/p>\n<\/td>\n<td>M\u00e4rkus<\/td>\n<td>P\u00f5hikorpuse materjal<\/td>\n<\/tr>\n<tr>\n<td>Merican Markiis<\/td>\n<td>600-H (\u00f5\u00f5nes leht)<\/td>\n<td>600mm*600mm(800mm;1000mm;1200mm)<\/td>\n<td>6<\/td>\n<td>1Plaat, 2Taskud, t\u00e4ielik komplekt tarvikuid<\/td>\n<td rowspan=\"5\">Inseneriplaatilised sulgudes<\/td>\n<\/tr>\n<tr>\n<td>Merican Markiis<\/td>\n<td>800-H (\u00f5\u00f5nes leht)<\/td>\n<td>800mm*800mm(1000mm;1200mm;1500mm)<\/td>\n<td>6<\/td>\n<td>1Plaat, 2Taskud, t\u00e4ielik komplekt tarvikuid<\/td>\n<\/tr>\n<tr>\n<td>Merican Markiis<\/td>\n<td>1000-H (\u00f5\u00f5nes leht)<\/td>\n<td>1000mm*800mm(1000mm;1200mm;1500mm)<\/td>\n<td>6<\/td>\n<td>1Plaat, 2Taskud, t\u00e4ielik komplekt tarvikuid<\/td>\n<\/tr>\n<tr>\n<td>Merican Markiis<\/td>\n<td>1200-H (\u00f5\u00f5nes leht)<\/td>\n<td>1200mm*800mm(1000mm;1200mm;1500mm)<\/td>\n<td>6<\/td>\n<td>1Plaat, 2Taskud, t\u00e4ielik komplekt tarvikuid<\/td>\n<\/tr>\n<tr>\n<td>Merican Markiis<\/td>\n<td>1500-H (\u00f5\u00f5nes leht)<\/td>\n<td>1500mm*800mm(1000mm;1200mm;1500mm)<\/td>\n<td>6<\/td>\n<td>1Plaat, 2Taskud, t\u00e4ielik komplekt tarvikuid<\/td>\n<\/tr>\n<\/tbody>\n<\/table>\n<\/div>\n<p>Valge markiisitugi\u00a0<br \/>1) konkurentsiv\u00f5imeline hind\u00a0<br \/>2) l\u00f5pptulemus\u00a0<br \/><img decoding=\"async\" class=\"\" src=\"https:\/\/sc02.alicdn.com\/kf\/H9f08f5ed02234de4be18cc9d36d18cc91\/200162319\/H9f08f5ed02234de4be18cc9d36d18cc91.jpg\" alt=\"Kvaliteetne vihma kaitseb varikatused vihma varjualune varikatused pol\u00fckarbonaat selge leht\" width=\"376\" height=\"376\" data-src=\"\/\/sc02.alicdn.com\/kf\/H9f08f5ed02234de4be18cc9d36d18cc91\/200162319\/H9f08f5ed02234de4be18cc9d36d18cc91.jpg\" data-alt=\"High Quality Rain Protect Canopy rain shelter canopies polycarbonate clear sheet\" data-width=\"630\" data- title=\"\"><img decoding=\"async\" class=\"\" src=\"https:\/\/sc02.alicdn.com\/kf\/Had0756212dc14f48b5c605d06ad52305b\/200162319\/Had0756212dc14f48b5c605d06ad52305b.jpg\" alt=\"Kvaliteetne vihma kaitseb varikatused vihma varjualune varikatused pol\u00fckarbonaat selge leht\" width=\"377\" height=\"377\" data-src=\"\/\/sc02.alicdn.com\/kf\/Had0756212dc14f48b5c605d06ad52305b\/200162319\/Had0756212dc14f48b5c605d06ad52305b.jpg\" data-alt=\"High Quality Rain Protect Canopy rain shelter canopies polycarbonate clear sheet\" data-width=\"630\" data- title=\"\"><\/p>\n<div>\u00a0<\/div>\n<p><strong>Valge markiisitugi<\/strong><\/p>\n<p>*Tellimisel on saadaval kohandatud v\u00e4rvid ja m\u00f5\u00f5tmed.<\/p>\n<div>\n<p><strong>Toote omadused:<\/strong><\/p>\n<p>Tuulekindlus, l\u00f6\u00f6gikindlus, vananemisvastane, korrosioonivastane, isepuhastuv vihmavee poolt, painutatud disain m\u00fcra v\u00e4hendamiseks, UV-filtreerimine, 80% valguse l\u00e4bilaskvus.<\/p>\n<p>*Leht: PC-pehme leht, PC-poolne leht, alumiinium-kilekartong, Reinous-plekk<\/p>\n<p>* Markiisitugi tekstuur: ABS-PVC segu<\/p>\n<p>*Kinnitusdetailid: H\/U-profiil<\/p>\n<p>*Aksessuaarid: laienduspolt<\/p>\n<p>*Length:600mm,800mm,1000mm,1200mm<\/p>\n<p>*Markiisi tugede piiramatu suurendamine ja vaba laiendamine kokkupanekuks<\/p>\n<p>*Uuenduslik markiis erineb t\u00e4ielikult traditsioonilistest eritellimusel valmistatud keevitatud markiisidest. *Markiis on oma p\u00f5histruktuurilt lihtne ja koosneb katteplaadist ja vormitud kronsteinidest.<\/p>\n<p>*Maasiliselt toodetud ja j\u00e4igale disainistandardile vastav markiis on oma suurep\u00e4rase tootekvaliteedi poolest j\u00e4rjepidev.<\/p>\n<p>*Markiisi saab teile tarnida komplektina koos p\u00f5hikonstruktsiooni komponentide ja standardkinnitustega.<\/p>\n<p>*Markiis on valmis ja koduomanikud saavad seda ise paigaldada. T\u00f6\u00f6j\u00f5u ja osade kogumaksumus v\u00f5ib v\u00f5imalusel olla poole v\u00e4iksem kui eritellimusel valmistatud markiiside puhul.<\/p>\n<p>\u00a0*Markiis on valmistatud t\u00e4iustatud materjalidest, on oma struktuurilt j\u00e4ik ja peab vastu tugevale tuulestormile.<\/p>\n<p>*Markiis on h\u00e4sti ehitatud, lagunemisvastane ja l\u00f6\u00f6gikindel, Tuule puhumise ja vihma langemise m\u00fcra on markiisil suures osas v\u00e4henenud.<br \/><img loading=\"lazy\" decoding=\"async\" class=\"\" src=\"https:\/\/sc02.alicdn.com\/kf\/HTB1JnbWkNuTBuNkHFNRq6A9qpXaz\/200162319\/HTB1JnbWkNuTBuNkHFNRq6A9qpXaz.jpg\" alt=\"Kvaliteetne vihma kaitseb varikatused vihma varjualune varikatused pol\u00fckarbonaat selge leht\" width=\"395\" height=\"297\" data-src=\"\/\/sc02.alicdn.com\/kf\/HTB1JnbWkNuTBuNkHFNRq6A9qpXaz\/200162319\/HTB1JnbWkNuTBuNkHFNRq6A9qpXaz.jpg\" data-alt=\"High Quality Rain Protect Canopy rain shelter canopies polycarbonate clear sheet\" data-width=\"630\" data- title=\"\"><img loading=\"lazy\" decoding=\"async\" class=\"\" src=\"https:\/\/sc01.alicdn.com\/kf\/HTB1Om2YgCcqBKNjSZFgq6x_kXXaN\/200162319\/HTB1Om2YgCcqBKNjSZFgq6x_kXXaN.jpg\" alt=\"Kvaliteetne vihma kaitseb varikatused vihma varjualune varikatused pol\u00fckarbonaat selge leht\" width=\"394\" height=\"296\" data-src=\"\/\/sc01.alicdn.com\/kf\/HTB1Om2YgCcqBKNjSZFgq6x_kXXaN\/200162319\/HTB1Om2YgCcqBKNjSZFgq6x_kXXaN.jpg\" data-alt=\"High Quality Rain Protect Canopy rain shelter canopies polycarbonate clear sheet\" data-width=\"630\" data- title=\"\"><\/p>\n<\/div>\n<div id=\"ali-anchor-AliPostDhMb-4ly65\" class=\"mceSectionContainer\" data-section=\"AliPostDhMb-4ly65\" data-section-title=\"Packaging &amp; Shipping\">\n<div id=\"ali-title-AliPostDhMb-4ly65\">Pakendamine ja saatmine<\/div>\n<div>\n<p>\u00a0<img decoding=\"async\" src=\"https:\/\/sc02.alicdn.com\/kf\/Hd05fdb0988024155a7956963ea5973acD\/200162319\/Hd05fdb0988024155a7956963ea5973acD.png\" alt=\"Kvaliteetne vihma kaitseb varikatused vihma varjualune varikatused pol\u00fckarbonaat selge leht\" width=\"630\" height=\"474.58885941644564\" data-src=\"\/\/sc02.alicdn.com\/kf\/Hd05fdb0988024155a7956963ea5973acD\/200162319\/Hd05fdb0988024155a7956963ea5973acD.png\" data-alt=\"High Quality Rain Protect Canopy rain shelter canopies polycarbonate clear sheet\" data-width=\"630\" data- title=\"\"><\/p>\n<\/div>\n<\/div>","protected":false},"featured_media":15376,"parent":0,"template":"","product-catagories":[171],"product-tag":[],"class_list":["post-15381","product","type-product","status-publish","has-post-thumbnail","hentry","product-catagories-awning"],"acf":[],"_links":{"self":[{"href":"https:\/\/www.tononplastics.com\/et\/wp-json\/wp\/v2\/product\/15381","targetHints":{"allow":["GET"]}}],"collection":[{"href":"https:\/\/www.tononplastics.com\/et\/wp-json\/wp\/v2\/product"}],"about":[{"href":"https:\/\/www.tononplastics.com\/et\/wp-json\/wp\/v2\/types\/product"}],"version-history":[{"count":0,"href":"https:\/\/www.tononplastics.com\/et\/wp-json\/wp\/v2\/product\/15381\/revisions"}],"wp:featuredmedia":[{"embeddable":true,"href":"https:\/\/www.tononplastics.com\/et\/wp-json\/wp\/v2\/media\/15376"}],"wp:attachment":[{"href":"https:\/\/www.tononplastics.com\/et\/wp-json\/wp\/v2\/media?parent=15381"}],"wp:term":[{"taxonomy":"product-catagories","embeddable":true,"href":"https:\/\/www.tononplastics.com\/et\/wp-json\/wp\/v2\/product-catagories?post=15381"},{"taxonomy":"product-tag","embeddable":true,"href":"https:\/\/www.tononplastics.com\/et\/wp-json\/wp\/v2\/product-tag?post=15381"}],"curies":[{"name":"wp","href":"https:\/\/api.w.org\/{rel}","templated":true}]}}