{"id":15383,"date":"2023-08-23T23:52:10","date_gmt":"2023-08-23T15:52:10","guid":{"rendered":"https:\/\/tononplastics.com\/?post_type=product&#038;p=15383"},"modified":"2024-03-25T17:16:37","modified_gmt":"2024-03-25T09:16:37","slug":"diy-reliable-awning-for-balcony-roof-or-windows-awning","status":"publish","type":"product","link":"https:\/\/www.tononplastics.com\/et\/product\/diy-reliable-awning-for-balcony-roof-or-windows-awning\/","title":{"rendered":"DIY usaldusv\u00e4\u00e4rne markiis r\u00f5dukatusele v\u00f5i akende markiisile"},"content":{"rendered":"<p align=\"left\"><strong style=\"color: initial;\">Toote kirjeldus<\/strong><\/p>\n<p align=\"left\">\u00a0 \u00a0Markiisitugi on tugev ja vastupidav.See ei ole ilmne vigastus 4,5 kilogrammi raskuse rauakuuli l\u00f6\u00f6gi korral.Kasutusiga on 8-15 korda suurem kui tavaliste markiiside puhul.Olles testitud halbades ilmastikutingimustes, v\u00f5ib merican markiisitugesid kasutada rohkem kui 20 aastat.<\/p>\n<p align=\"left\">\u00a0 \u00a0 Praegune originaal markiisi tekstuurid ei ole piisavalt hea.See on ohtlik taifuunide resistance.Cloth markiisi ja pleksiklaasist markiisi ka ei saa vastu seista taifuunide durably.but Merican markiisi toetused on valmistatud arenenud materjalidest, nii et Merican markiisi toetused saavad vastu seista taifuunide kestvalt ja v\u00e4hendada m\u00fcra.<\/p>\n<p align=\"left\">\u00a0 \u00a0 \u00a0Markiis on valmis ja seda saab koduomanik kergesti paigaldada, mis s\u00e4\u00e4stab t\u00e4ielikult kulusid ja ruumi.<\/p>\n<p align=\"left\">\u00a0<img decoding=\"async\" src=\"https:\/\/sc01.alicdn.com\/kf\/H145c9c7432d4497e82ab7af0f96fa1d5d\/200162319\/H145c9c7432d4497e82ab7af0f96fa1d5d.png\" alt=\"DIY usaldusv\u00e4\u00e4rne markiis r\u00f5dukatusele v\u00f5i akende markiisile\" width=\"630\" height=\"441.5308988764045\" data-src=\"\/\/sc01.alicdn.com\/kf\/H145c9c7432d4497e82ab7af0f96fa1d5d\/200162319\/H145c9c7432d4497e82ab7af0f96fa1d5d.png\" data-alt=\"DIY reliable awning for Balcony roof or Windows awning\" data-width=\"630\" data- title=\"\"><img decoding=\"async\" src=\"https:\/\/sc01.alicdn.com\/kf\/H2d98bb868b2d4385b8957b7b46c19741H\/200162319\/H2d98bb868b2d4385b8957b7b46c19741H.png\" alt=\"DIY usaldusv\u00e4\u00e4rne markiis r\u00f5dukatusele v\u00f5i akende markiisile\" width=\"630\" height=\"330.7038123167155\" data-src=\"\/\/sc01.alicdn.com\/kf\/H2d98bb868b2d4385b8957b7b46c19741H\/200162319\/H2d98bb868b2d4385b8957b7b46c19741H.png\" data-alt=\"DIY reliable awning for Balcony roof or Windows awning\" data-width=\"630\" data- title=\"\"><\/p>\n<div id=\"ali-anchor-AliPostDhMb-iaq4y\" data-section=\"AliPostDhMb-iaq4y\" data-section-title=\"Packaging &amp; Shipping\"><\/div>\n<table border=\"0\" cellspacing=\"0\" cellpadding=\"0\">\n<tbody>\n<tr>\n<td height=\"20\">KKK<\/td>\n<td><\/td>\n<td><\/td>\n<\/tr>\n<tr>\n<td colspan=\"3\" height=\"20\">1.Q: Kas olete kaubandusettev\u00f5te v\u00f5i tootja?<\/td>\n<\/tr>\n<tr>\n<td colspan=\"3\" height=\"20\">V: Me oleme tootja.<\/td>\n<\/tr>\n<tr>\n<td colspan=\"3\" height=\"20\">2.Q: Kui pikk on teie tarneaeg?<\/td>\n<\/tr>\n<tr>\n<td colspan=\"3\" height=\"20\">V: Vastavalt toote t\u00f6\u00f6tlemise raskusele ja kogusele antakse teile m\u00f5istlik saabumisaeg.<\/td>\n<\/tr>\n<tr>\n<td colspan=\"3\" height=\"20\">3.K: Kas te pakute proove?Kas see on tasuta v\u00f5i lisatasu?<\/td>\n<\/tr>\n<tr>\n<td colspan=\"3\" height=\"20\">V: Jah, me v\u00f5iksime pakkuda proovi tasuta, kuid ei maksa kauba maksumust.<\/td>\n<\/tr>\n<tr>\n<td colspan=\"3\" height=\"20\">4.Q: Millised on m\u00fc\u00fcgij\u00e4rgsed teenused?<\/td>\n<\/tr>\n<tr>\n<td colspan=\"3\" height=\"20\">V: Kvaliteediprobleemide korral v\u00f5ib pakendi vahetada 90 p\u00e4eva jooksul.<\/td>\n<\/tr>\n<\/tbody>\n<\/table>\n<p align=\"left\">\u00a0<img decoding=\"async\" src=\"https:\/\/sc01.alicdn.com\/kf\/HTB1Zj.KsVmWBuNjSspdq6zugXXa2\/200162319\/HTB1Zj.KsVmWBuNjSspdq6zugXXa2.jpg\" alt=\"DIY usaldusv\u00e4\u00e4rne markiis r\u00f5dukatusele v\u00f5i akende markiisile\" width=\"630\" height=\"863.013698630137\" data-src=\"\/\/sc01.alicdn.com\/kf\/HTB1Zj.KsVmWBuNjSspdq6zugXXa2\/200162319\/HTB1Zj.KsVmWBuNjSspdq6zugXXa2.jpg\" data-alt=\"DIY reliable awning for Balcony roof or Windows awning\" data-width=\"630\" data- title=\"\"><\/p>","protected":false},"featured_media":16070,"parent":0,"template":"","product-catagories":[171],"product-tag":[],"class_list":["post-15383","product","type-product","status-publish","has-post-thumbnail","hentry","product-catagories-awning"],"acf":[],"_links":{"self":[{"href":"https:\/\/www.tononplastics.com\/et\/wp-json\/wp\/v2\/product\/15383","targetHints":{"allow":["GET"]}}],"collection":[{"href":"https:\/\/www.tononplastics.com\/et\/wp-json\/wp\/v2\/product"}],"about":[{"href":"https:\/\/www.tononplastics.com\/et\/wp-json\/wp\/v2\/types\/product"}],"version-history":[{"count":0,"href":"https:\/\/www.tononplastics.com\/et\/wp-json\/wp\/v2\/product\/15383\/revisions"}],"wp:featuredmedia":[{"embeddable":true,"href":"https:\/\/www.tononplastics.com\/et\/wp-json\/wp\/v2\/media\/16070"}],"wp:attachment":[{"href":"https:\/\/www.tononplastics.com\/et\/wp-json\/wp\/v2\/media?parent=15383"}],"wp:term":[{"taxonomy":"product-catagories","embeddable":true,"href":"https:\/\/www.tononplastics.com\/et\/wp-json\/wp\/v2\/product-catagories?post=15383"},{"taxonomy":"product-tag","embeddable":true,"href":"https:\/\/www.tononplastics.com\/et\/wp-json\/wp\/v2\/product-tag?post=15383"}],"curies":[{"name":"wp","href":"https:\/\/api.w.org\/{rel}","templated":true}]}}