{"id":15388,"date":"2023-08-23T23:54:40","date_gmt":"2023-08-23T15:54:40","guid":{"rendered":"https:\/\/tononplastics.com\/?post_type=product&#038;p=15388"},"modified":"2024-03-25T13:03:23","modified_gmt":"2024-03-25T05:03:23","slug":"polycarbonate-canopy-clear-pc-awning-600600mm-aluminum-canopy-bracket","status":"publish","type":"product","link":"https:\/\/www.tononplastics.com\/et\/product\/polycarbonate-canopy-clear-pc-awning-600600mm-aluminum-canopy-bracket\/","title":{"rendered":"Pol\u00fckarbonaadist varikatuse selge pc markiis 600 * 600mm Alumiinium varikatuse kronstein"},"content":{"rendered":"<figure class=\"wp-block-gallery has-nested-images columns-default is-cropped wp-block-gallery-1 is-layout-flex wp-block-gallery-is-layout-flex\">\n<figure class=\"wp-block-image size-large\"><img fetchpriority=\"high\" decoding=\"async\" width=\"700\" height=\"700\" data-id=\"16070\" src=\"https:\/\/www.tononplastics.com\/wp-content\/uploads\/2024\/03\/f5914ee846c17af2eb989e2af1327d2b.png\" alt=\"\" class=\"wp-image-16070\" title=\"\" srcset=\"https:\/\/www.tononplastics.com\/wp-content\/uploads\/2024\/03\/f5914ee846c17af2eb989e2af1327d2b.png 700w, https:\/\/www.tononplastics.com\/wp-content\/uploads\/2024\/03\/f5914ee846c17af2eb989e2af1327d2b-300x300.png 300w, https:\/\/www.tononplastics.com\/wp-content\/uploads\/2024\/03\/f5914ee846c17af2eb989e2af1327d2b-150x150.png 150w, https:\/\/www.tononplastics.com\/wp-content\/uploads\/2024\/03\/f5914ee846c17af2eb989e2af1327d2b-12x12.png 12w\" sizes=\"(max-width: 700px) 100vw, 700px\" \/><\/figure>\n\n\n\n<figure class=\"wp-block-image size-large\"><img decoding=\"async\" width=\"712\" height=\"499\" data-id=\"15376\" src=\"https:\/\/www.tononplastics.com\/wp-content\/uploads\/2023\/08\/H145c9c7432d4497e82ab7af0f96fa1d5d.png\" alt=\"\" class=\"wp-image-15376\" title=\"\" srcset=\"https:\/\/www.tononplastics.com\/wp-content\/uploads\/2023\/08\/H145c9c7432d4497e82ab7af0f96fa1d5d.png 712w, https:\/\/www.tononplastics.com\/wp-content\/uploads\/2023\/08\/H145c9c7432d4497e82ab7af0f96fa1d5d-300x210.png 300w\" sizes=\"(max-width: 712px) 100vw, 712px\" \/><\/figure>\n<\/figure>\n\n\n<p>1.Novel disain 100cm alumiiniumisulamist<br \/>2.Easy kokkupanek ja paigaldus<br \/>3.Weather vastupidav<br \/>4. Madala hooldusega<\/p>\n<div>\n<p><strong>pol\u00fckarbonaat Alumiiniumist varikatus\/markiis<\/strong><br \/>1. 1000X1200mm<br \/>2. 2010Aasta Uus ja uudne disain<br \/>3,20 aastat garanteeritud<br \/>4. Lihtsalt paigaldatud<\/p>\n<p>\u00a0\u00a0\u00a0\u00a0 T\u00e4nap\u00e4eval turul olev markiisimaterjal ei ole ikka veel nii korralik, eriti halva ilma korral.  Kangaga kaetud varikatus ei pea vastu tugevale tuulele, samas kui akr\u00fc\u00fcl v\u00f5ib kergesti puruneda. Aga k\u00f5ige tugevam roostevabast markiis teeb vihma korral suurt m\u00fcra.<\/p>\n<p>\u00a0\u00a0\u00a0\u00a0\u00a0\u00a0\u00a0\u00a0\u00a0\u00a0\u00a0\u00a0\u00a0\u00a0 pol\u00fckarbonaadist markiis v\u00f5ib selle probleemi suurep\u00e4raselt lahendada. See on kokku pandud paindlikust sulamist plastikust klambrist ja pol\u00fckarbonaatplaadist. See uus disain on lihtne, kuid see muudab traditsioonilist viisi, mis on seotud mittestandardse awingi kohandamise ja terasraami keevitamisega.\u00a0<\/p>\n<p>\u00a0\u00a0\u00a0\u00a0\u00a0\u00a0\u00a0\u00a0\u00a0\u00a0\u00a0\u00a0\u00a0\u00a0pol\u00fckarbonaadist markiis on uudse disainiga, tugev ja vastupidav.  Seda saab paigaldada ukse, akna, kliimaseadme, sularahaautomaadi, postkasti jne kohale, et kaitsta p\u00e4ikese ja tormi eest. Kokkupaneku osad on k\u00f5ik koguses toodetud masinate poolt stabiilselt kvaliteetne. Selle parandamatust saab testida 4,5 kg raskuse teraskuuliga ja selle vananemisvastast toimet testitakse kiirendatud vananemistestiga, mis n\u00e4itab 15-aastast kasutusaega, mida kasutatakse v\u00e4litingimustes - 8-15 korda nagu tavaline markiis. Lisaks sellele on see UV-kaitsega ja suudab vastu pidada 12. taifuunile.  See seeria on patendiga kaitstud ja tagab p\u00fcsiva kvaliteedi.<\/p>\n<p>\u00a0\u00a0\u00a0\u00a0\u00a0\u00a0\u00a0\u00a0\u00a0\u00a0\u00a0\u00a0pol\u00fckarbonaatmarkiisi toodetakse suures koguses ja selle kvaliteet on garanteeritud.  See on kergesti paigaldatav ja parim valik kinnisvaraarendaja ja kinnisvarahaldusettev\u00f5tte markiisi lahenduseks.  Traditsioonilise terasest markiisi valmistamiseks ei ole vaja t\u00f6\u00f6maja ja t\u00f6\u00f6tajaid, nii et kulud v\u00e4henevad.<\/p>\n<p>\u00a0<img decoding=\"async\" src=\"https:\/\/sc01.alicdn.com\/kf\/H099167a0f65f4900bf63ad604b9e13e7V\/200162319\/H099167a0f65f4900bf63ad604b9e13e7V.jpg\" alt=\"Pol\u00fckarbonaadist varikatuse selge pc markiis 600 * 600mm Alumiinium varikatuse kronstein\" width=\"630\" height=\"630\" data-src=\"\/\/sc01.alicdn.com\/kf\/H099167a0f65f4900bf63ad604b9e13e7V\/200162319\/H099167a0f65f4900bf63ad604b9e13e7V.jpg\" data-alt=\"Polycarbonate canopy clear pc awning 600*600mm Aluminum canopy bracket\" data-width=\"630\" data- title=\"\"><img decoding=\"async\" src=\"https:\/\/sc02.alicdn.com\/kf\/HTB1c_rWJVXXXXXfXXXXq6xXFXXX4\/200162319\/HTB1c_rWJVXXXXXfXXXXq6xXFXXX4.jpg\" alt=\"Pol\u00fckarbonaadist varikatuse selge pc markiis 600 * 600mm Alumiinium varikatuse kronstein\" width=\"630\" height=\"436.9893899204244\" data-src=\"\/\/sc02.alicdn.com\/kf\/HTB1c_rWJVXXXXXfXXXXq6xXFXXX4\/200162319\/HTB1c_rWJVXXXXXfXXXXq6xXFXXX4.jpg\" data-alt=\"Polycarbonate canopy clear pc awning 600*600mm Aluminum canopy bracket\" data-width=\"630\" data- title=\"\"><img decoding=\"async\" src=\"https:\/\/sc02.alicdn.com\/kf\/Hab2ac95f2ca34cec9459c4b7915aac1ef\/200162319\/Hab2ac95f2ca34cec9459c4b7915aac1ef.png\" alt=\"Pol\u00fckarbonaadist varikatuse selge pc markiis 600 * 600mm Alumiinium varikatuse kronstein\" width=\"630\" height=\"507.27272727272725\" data-src=\"\/\/sc02.alicdn.com\/kf\/Hab2ac95f2ca34cec9459c4b7915aac1ef\/200162319\/Hab2ac95f2ca34cec9459c4b7915aac1ef.png\" data-alt=\"Polycarbonate canopy clear pc awning 600*600mm Aluminum canopy bracket\" data-width=\"630\" data- title=\"\"><img decoding=\"async\" src=\"https:\/\/sc01.alicdn.com\/kf\/H9272fa42caf843959a9af6e8f6554a49Z\/200162319\/H9272fa42caf843959a9af6e8f6554a49Z.jpg\" alt=\"Pol\u00fckarbonaadist varikatuse selge pc markiis 600 * 600mm Alumiinium varikatuse kronstein\" width=\"630\" height=\"420.21000000000004\" data-src=\"\/\/sc01.alicdn.com\/kf\/H9272fa42caf843959a9af6e8f6554a49Z\/200162319\/H9272fa42caf843959a9af6e8f6554a49Z.jpg\" data-alt=\"Polycarbonate canopy clear pc awning 600*600mm Aluminum canopy bracket\" data-width=\"630\" data- title=\"\"><img decoding=\"async\" src=\"https:\/\/sc01.alicdn.com\/kf\/H8ab2ccf15d5542e7a82269c541d00856p\/200162319\/H8ab2ccf15d5542e7a82269c541d00856p.jpg\" alt=\"Pol\u00fckarbonaadist varikatuse selge pc markiis 600 * 600mm Alumiinium varikatuse kronstein\" width=\"630\" height=\"420.21000000000004\" data-src=\"\/\/sc01.alicdn.com\/kf\/H8ab2ccf15d5542e7a82269c541d00856p\/200162319\/H8ab2ccf15d5542e7a82269c541d00856p.jpg\" data-alt=\"Polycarbonate canopy clear pc awning 600*600mm Aluminum canopy bracket\" data-width=\"630\" data- title=\"\"><\/p>\n<\/div>\n<div id=\"ali-anchor-AliPostDhMb-7du1m\" data-section=\"AliPostDhMb-7du1m\" data-section-title=\"Packaging &amp; Shipping\">\n<div id=\"ali-title-AliPostDhMb-7du1m\">Pakendamine ja saatmine<\/div>\n<div>\n<p>\u00a0<img decoding=\"async\" src=\"https:\/\/sc01.alicdn.com\/kf\/Hb3bdebb96a2849458ce6dfcbaa19c5d15\/200162319\/Hb3bdebb96a2849458ce6dfcbaa19c5d15.png\" alt=\"Pol\u00fckarbonaadist varikatuse selge pc markiis 600 * 600mm Alumiinium varikatuse kronstein\" width=\"630\" height=\"312.9083665338646\" data-src=\"\/\/sc01.alicdn.com\/kf\/Hb3bdebb96a2849458ce6dfcbaa19c5d15\/200162319\/Hb3bdebb96a2849458ce6dfcbaa19c5d15.png\" data-alt=\"Polycarbonate canopy clear pc awning 600*600mm Aluminum canopy bracket\" data-width=\"630\" data- title=\"\"><img decoding=\"async\" src=\"https:\/\/sc02.alicdn.com\/kf\/Hd05fdb0988024155a7956963ea5973acD\/200162319\/Hd05fdb0988024155a7956963ea5973acD.png\" alt=\"Pol\u00fckarbonaadist varikatuse selge pc markiis 600 * 600mm Alumiinium varikatuse kronstein\" width=\"630\" height=\"474.58885941644564\" data-src=\"\/\/sc02.alicdn.com\/kf\/Hd05fdb0988024155a7956963ea5973acD\/200162319\/Hd05fdb0988024155a7956963ea5973acD.png\" data-alt=\"Polycarbonate canopy clear pc awning 600*600mm Aluminum canopy bracket\" data-width=\"630\" data- title=\"\"><img decoding=\"async\" src=\"https:\/\/sc02.alicdn.com\/kf\/H02a52324dc024cdcbaee8c550d0c5b3cR\/200162319\/H02a52324dc024cdcbaee8c550d0c5b3cR.png\" alt=\"Pol\u00fckarbonaadist varikatuse selge pc markiis 600 * 600mm Alumiinium varikatuse kronstein\" width=\"630\" height=\"214.7347480106101\" data-src=\"\/\/sc02.alicdn.com\/kf\/H02a52324dc024cdcbaee8c550d0c5b3cR\/200162319\/H02a52324dc024cdcbaee8c550d0c5b3cR.png\" data-alt=\"Polycarbonate canopy clear pc awning 600*600mm Aluminum canopy bracket\" data-width=\"630\" data- title=\"\"><\/p>\n<\/div>\n<\/div>","protected":false},"featured_media":14364,"parent":0,"template":"","product-catagories":[171],"product-tag":[],"class_list":["post-15388","product","type-product","status-publish","has-post-thumbnail","hentry","product-catagories-awning"],"acf":[],"_links":{"self":[{"href":"https:\/\/www.tononplastics.com\/et\/wp-json\/wp\/v2\/product\/15388","targetHints":{"allow":["GET"]}}],"collection":[{"href":"https:\/\/www.tononplastics.com\/et\/wp-json\/wp\/v2\/product"}],"about":[{"href":"https:\/\/www.tononplastics.com\/et\/wp-json\/wp\/v2\/types\/product"}],"version-history":[{"count":0,"href":"https:\/\/www.tononplastics.com\/et\/wp-json\/wp\/v2\/product\/15388\/revisions"}],"wp:featuredmedia":[{"embeddable":true,"href":"https:\/\/www.tononplastics.com\/et\/wp-json\/wp\/v2\/media\/14364"}],"wp:attachment":[{"href":"https:\/\/www.tononplastics.com\/et\/wp-json\/wp\/v2\/media?parent=15388"}],"wp:term":[{"taxonomy":"product-catagories","embeddable":true,"href":"https:\/\/www.tononplastics.com\/et\/wp-json\/wp\/v2\/product-catagories?post=15388"},{"taxonomy":"product-tag","embeddable":true,"href":"https:\/\/www.tononplastics.com\/et\/wp-json\/wp\/v2\/product-tag?post=15388"}],"curies":[{"name":"wp","href":"https:\/\/api.w.org\/{rel}","templated":true}]}}