{"id":15392,"date":"2023-08-23T23:57:06","date_gmt":"2023-08-23T15:57:06","guid":{"rendered":"https:\/\/tononplastics.com\/?post_type=product&#038;p=15392"},"modified":"2024-03-25T17:18:59","modified_gmt":"2024-03-25T09:18:59","slug":"durable-polycarbonate-window-awning-brackets-for-canopy","status":"publish","type":"product","link":"https:\/\/www.tononplastics.com\/et\/product\/durable-polycarbonate-window-awning-brackets-for-canopy\/","title":{"rendered":"Vastupidavad pol\u00fckarbonaadist aknatagede varikatuse klambrid varikatuse jaoks"},"content":{"rendered":"<p><strong>Markiis Toote omadus:<\/strong><\/p>\n<p data-spm-anchor-id=\"a2700.details.0.i27.5cb425173i2LV2\">Tuulekindlus, l\u00f6\u00f6gikindlus, vananemisvastane, korrosioonivastane, isepuhastuv vihmavee poolt, painutatud disain m\u00fcra v\u00e4hendamiseks, UV-filtreerimine, 80% valgusl\u00e4bivool.<\/p>\n<p><strong>Markiisi spetsifikatsioon:<\/strong><\/p>\n<table class=\"aliDataTable\" style=\"width: 636px; height: 560px;\">\n<tbody>\n<tr style=\"height: 28px;\" align=\"left\">\n<td style=\"height: 28px;\" valign=\"top\">\n<p>Ei.<\/p>\n<\/td>\n<td style=\"height: 28px;\" align=\"center\" valign=\"top\">\n<p>Mudel<\/p>\n<\/td>\n<td style=\"height: 28px;\" valign=\"top\">\n<p>Spets.(w*D)mm<\/p>\n<\/td>\n<\/tr>\n<tr style=\"height: 118px;\" align=\"left\">\n<td style=\"height: 590px;\" rowspan=\"5\" valign=\"top\">\n<p>Merican markiis<\/p>\n<\/td>\n<td style=\"height: 118px;\" align=\"center\" valign=\"top\">\n<p>600<\/p>\n<\/td>\n<td style=\"height: 118px;\" valign=\"top\">\n<p>600*600, 600*800, 600*1000<\/p>\n<\/td>\n<\/tr>\n<tr style=\"height: 118px;\" align=\"left\">\n<td style=\"height: 118px;\" align=\"center\" valign=\"top\">\n<p>800<\/p>\n<\/td>\n<td style=\"height: 118px;\" valign=\"top\">\n<p>800*800 ,800*1000, 800*1200<\/p>\n<\/td>\n<\/tr>\n<tr style=\"height: 118px;\" align=\"left\">\n<td style=\"height: 118px;\" align=\"center\" valign=\"top\">\n<p>1000<\/p>\n<\/td>\n<td style=\"height: 118px;\" valign=\"top\">\n<p>1000*1000 ,1000*1200,1000*1500<\/p>\n<\/td>\n<\/tr>\n<tr style=\"height: 118px;\" align=\"left\">\n<td style=\"height: 118px;\" align=\"center\" valign=\"top\">\n<p>1200<\/p>\n<\/td>\n<td style=\"height: 118px;\" valign=\"top\">\n<p>1200*1200 ,1200*1000,,1200*1500<\/p>\n<\/td>\n<\/tr>\n<tr style=\"height: 118px;\" align=\"left\">\n<td style=\"height: 118px;\" align=\"center\" valign=\"top\">\n<p>1500<\/p>\n<\/td>\n<td style=\"height: 118px;\" valign=\"top\">\n<p>1500*1000 ,1500*1200<\/p>\n<\/td>\n<\/tr>\n<\/tbody>\n<\/table>\n<div><img decoding=\"async\" src=\"https:\/\/sc02.alicdn.com\/kf\/HTB1c_rWJVXXXXXfXXXXq6xXFXXX4\/200162319\/HTB1c_rWJVXXXXXfXXXXq6xXFXXX4.jpg\" alt=\"Vastupidavad pol\u00fckarbonaadist aknatagede varikatuse klambrid varikatuse jaoks\" width=\"630\" height=\"436.9893899204244\" data-src=\"\/\/sc02.alicdn.com\/kf\/HTB1c_rWJVXXXXXfXXXXq6xXFXXX4\/200162319\/HTB1c_rWJVXXXXXfXXXXq6xXFXXX4.jpg\" data-alt=\"Durable polycarbonate window awning brackets for canopy\" data-width=\"630\" data- title=\"\"><\/div>\n<div><img decoding=\"async\" src=\"https:\/\/sc02.alicdn.com\/kf\/HTB1xO6PJVXXXXXQXpXXq6xXFXXXE\/200162319\/HTB1xO6PJVXXXXXQXpXXq6xXFXXXE.jpg\" alt=\"Vastupidavad pol\u00fckarbonaadist aknatagede varikatuse klambrid varikatuse jaoks\" width=\"630\" height=\"763.5600000000001\" data-src=\"\/\/sc02.alicdn.com\/kf\/HTB1xO6PJVXXXXXQXpXXq6xXFXXXE\/200162319\/HTB1xO6PJVXXXXXQXpXXq6xXFXXXE.jpg\" data-alt=\"Durable polycarbonate window awning brackets for canopy\" data-width=\"630\" data- title=\"\"><\/div>\n<div>\u00a0<\/div>\n<div id=\"ali-anchor-AliPostDhMb-w8n97\" data-section=\"AliPostDhMb-w8n97\" data-section-title=\"Packaging &amp; Shipping\">\n<div id=\"ali-title-AliPostDhMb-w8n97\"><strong>Pakendamine ja saatmine<\/strong><\/div>\n<div>\n<p>\u00a0<img decoding=\"async\" src=\"https:\/\/sc01.alicdn.com\/kf\/HTB1whXpKXXXXXckXFXXq6xXFXXXA\/200162319\/HTB1whXpKXXXXXckXFXXq6xXFXXXA.jpg\" width=\"630\" height=\"191.33858267716533\" data-src=\"\/\/sc01.alicdn.com\/kf\/HTB1whXpKXXXXXckXFXXq6xXFXXXA\/200162319\/HTB1whXpKXXXXXckXFXXq6xXFXXXA.jpg\" data-width=\"630\" data- alt=\"\" title=\"\"><\/p>\n<p>\u00a0<\/p>\n<\/div>\n<\/div>\n<p><strong><span style=\"font-size: revert; color: initial;\">Valguse \u00fclekanne<\/span><\/strong><\/p>\n<div>\n<p>Valgusl\u00e4bivus ulatub s\u00f5ltuvalt v\u00e4rvist ja paksusest 12%-82%.<\/p>\n<p><strong>UV-kaitse<\/strong><br \/>T\u00e4nu patenteeritud anti-UV-kattele j\u00e4\u00e4b pol\u00fckarbonaatne katuseaken p\u00e4rast kokkupuutumist mehaaniliselt ja optiliselt t\u00e4iuslikuks.<\/p>\n<p><strong>Ilma v\u00f5ime<\/strong><br \/>Sellel on \u00fclivabadus, mis s\u00e4ilitab suurep\u00e4rase toimivuse laias temperatuurivahemikus -40\u00b0C-120\u00b0C.<br \/>Tulep\u00fcsivus :UL Flammability 94 V-2<\/p>\n<p><strong>Lihtne paigaldus<\/strong><br \/>Lihtne paigaldada ja seda saab k\u00fclmalt painutada<\/p>\n<p><strong>L\u00f6\u00f6gikindlus<\/strong><br \/>250-300 korda suurem l\u00f6\u00f6gitugevus kui tavalisel klaasil ja 30 korda suurem kui sama paksusega akr\u00fc\u00fclpaneelidel, mis on 2-20 korda karastatud klaasist, mis langeb kahe meetri s\u00fcgavusele alla 3 kg haamri ilma pragudeta, ilma purunenud.<\/p>\n<p><img decoding=\"async\" src=\"https:\/\/sc01.alicdn.com\/kf\/H0ae698f80b9840449576927fcabf54feZ\/200162319\/H0ae698f80b9840449576927fcabf54feZ.jpg\" alt=\"Vastupidavad pol\u00fckarbonaadist aknatagede varikatuse klambrid varikatuse jaoks\" width=\"630\" height=\"662.76\" data-src=\"\/\/sc01.alicdn.com\/kf\/H0ae698f80b9840449576927fcabf54feZ\/200162319\/H0ae698f80b9840449576927fcabf54feZ.jpg\" data-alt=\"Durable polycarbonate window awning brackets for canopy\" data-width=\"630\" data- title=\"\"><img decoding=\"async\" src=\"https:\/\/sc02.alicdn.com\/kf\/HTB1c_rWJVXXXXXfXXXXq6xXFXXX4\/200162319\/HTB1c_rWJVXXXXXfXXXXq6xXFXXX4.jpg\" alt=\"Vastupidavad pol\u00fckarbonaadist aknatagede varikatuse klambrid varikatuse jaoks\" width=\"630\" height=\"436.9893899204244\" data-src=\"\/\/sc02.alicdn.com\/kf\/HTB1c_rWJVXXXXXfXXXXq6xXFXXX4\/200162319\/HTB1c_rWJVXXXXXfXXXXq6xXFXXX4.jpg\" data-alt=\"Durable polycarbonate window awning brackets for canopy\" data-width=\"630\" data- title=\"\"><img decoding=\"async\" src=\"https:\/\/sc01.alicdn.com\/kf\/H8ab2ccf15d5542e7a82269c541d00856p\/200162319\/H8ab2ccf15d5542e7a82269c541d00856p.jpg\" alt=\"Vastupidavad pol\u00fckarbonaadist aknatagede varikatuse klambrid varikatuse jaoks\" width=\"630\" height=\"420.21000000000004\" data-src=\"\/\/sc01.alicdn.com\/kf\/H8ab2ccf15d5542e7a82269c541d00856p\/200162319\/H8ab2ccf15d5542e7a82269c541d00856p.jpg\" data-alt=\"Durable polycarbonate window awning brackets for canopy\" data-width=\"630\" data- title=\"\"><img decoding=\"async\" src=\"https:\/\/sc01.alicdn.com\/kf\/Hd35db4f291a3474c9fed03fab96b343dt\/200162319\/Hd35db4f291a3474c9fed03fab96b343dt.jpg\" alt=\"Vastupidavad pol\u00fckarbonaadist aknatagede varikatuse klambrid varikatuse jaoks\" width=\"630\" height=\"420.21000000000004\" data-src=\"\/\/sc01.alicdn.com\/kf\/Hd35db4f291a3474c9fed03fab96b343dt\/200162319\/Hd35db4f291a3474c9fed03fab96b343dt.jpg\" data-alt=\"Durable polycarbonate window awning brackets for canopy\" data-width=\"630\" data- title=\"\"><\/p>\n<\/div>","protected":false},"featured_media":15401,"parent":0,"template":"","product-catagories":[171],"product-tag":[],"class_list":["post-15392","product","type-product","status-publish","has-post-thumbnail","hentry","product-catagories-awning"],"acf":[],"_links":{"self":[{"href":"https:\/\/www.tononplastics.com\/et\/wp-json\/wp\/v2\/product\/15392","targetHints":{"allow":["GET"]}}],"collection":[{"href":"https:\/\/www.tononplastics.com\/et\/wp-json\/wp\/v2\/product"}],"about":[{"href":"https:\/\/www.tononplastics.com\/et\/wp-json\/wp\/v2\/types\/product"}],"version-history":[{"count":0,"href":"https:\/\/www.tononplastics.com\/et\/wp-json\/wp\/v2\/product\/15392\/revisions"}],"wp:featuredmedia":[{"embeddable":true,"href":"https:\/\/www.tononplastics.com\/et\/wp-json\/wp\/v2\/media\/15401"}],"wp:attachment":[{"href":"https:\/\/www.tononplastics.com\/et\/wp-json\/wp\/v2\/media?parent=15392"}],"wp:term":[{"taxonomy":"product-catagories","embeddable":true,"href":"https:\/\/www.tononplastics.com\/et\/wp-json\/wp\/v2\/product-catagories?post=15392"},{"taxonomy":"product-tag","embeddable":true,"href":"https:\/\/www.tononplastics.com\/et\/wp-json\/wp\/v2\/product-tag?post=15392"}],"curies":[{"name":"wp","href":"https:\/\/api.w.org\/{rel}","templated":true}]}}