{"id":15398,"date":"2024-03-25T17:10:28","date_gmt":"2024-03-25T09:10:28","guid":{"rendered":"https:\/\/tononplastics.com\/?post_type=product&#038;p=15398"},"modified":"2024-03-25T17:12:10","modified_gmt":"2024-03-25T09:12:10","slug":"colorful-polycarbonate-profile-h-for-polycarbonate-sheet-pc-profile-h-2","status":"publish","type":"product","link":"https:\/\/www.tononplastics.com\/et\/product\/colorful-polycarbonate-profile-h-for-polycarbonate-sheet-pc-profile-h-2\/","title":{"rendered":"V\u00e4rviline pol\u00fckarbonaatprofiil H pol\u00fckarbonaatplaadi jaoks pc profiil H"},"content":{"rendered":"<p>PC-profiilid on valmistatud Bayer Makrolon vaigust. Need ei saa mitte ainult teha paigaldamist kiireks ja mugavaks, vaid v\u00f5ivad ka t\u00f5husalt v\u00e4ltida lehtede purunemist, kui lehtedesse tehakse auke. Lisaks sellele v\u00f5ib PC profiilide kasutamine muuta veekindluse lihtsamaks.&nbsp;<br>Toote omadused:&nbsp;<br>1. Kerge kaal&nbsp;<br>2. Pidage f\u00fc\u00fcsilises soorituses kinni PC-lehest&nbsp;<br>3. Hea veekindlus&nbsp;<br>4. Hea ilmastikukindlus ja UV-kaitse&nbsp;<br>5. Lihtsalt paigaldatud&nbsp;<br>6. Sertifitseeritud ISO9001:2000&nbsp;<br>7. 10-aastane garantii&nbsp;<\/p>\n\n\n\n<figure class=\"wp-block-gallery has-nested-images columns-default is-cropped wp-block-gallery-1 is-layout-flex wp-block-gallery-is-layout-flex\">\n<figure class=\"wp-block-image size-large\"><img decoding=\"async\" data-id=\"15284\" src=\"https:\/\/www.tononplastics.com\/wp-content\/uploads\/2023\/08\/H24c6424deccc4e299e7a21e4fdb2c22bl.png\" alt=\"\" class=\"wp-image-15284\" title=\"\"><\/figure>\n\n\n\n<figure class=\"wp-block-image size-large\"><img decoding=\"async\" data-id=\"15282\" src=\"https:\/\/www.tononplastics.com\/wp-content\/uploads\/2023\/08\/H1cbb870bbc214fd782f8e4ea067b0f87t.png\" alt=\"\" class=\"wp-image-15282\" title=\"\"><\/figure>\n\n\n\n<figure class=\"wp-block-image size-large\"><img decoding=\"async\" data-id=\"15268\" src=\"https:\/\/www.tononplastics.com\/wp-content\/uploads\/2023\/08\/HTB1wYcHkS8YBeNkSnb4q6yevFXaH.jpg\" alt=\"\" class=\"wp-image-15268\" title=\"\"><\/figure>\n<\/figure>\n\n\n\n<h2 class=\"wp-block-heading\">Kasutusalad:<\/h2>\n\n\n\n<ul class=\"wp-block-list\">\n<li>pol\u00fckarbonaat \u00fchendusprofiili kasutatakse peamiselt \u00fchendajana mitme seinaga pol\u00fckarbonaatplaatide vahel kasvuhoonete ja katuste jaoks.<\/li>\n\n\n\n<li>pol\u00fckarbonaadist servatihendus<\/li>\n\n\n\n<li>teeb paigaldamise kiiresti ja lihtsalt<\/li>\n\n\n\n<li>annab mugavuse k\u00e4sitseda&nbsp;<\/li>\n\n\n\n<li>v\u00e4ltida lehe liikumist<br><\/li>\n\n\n\n<li><strong>MONOLIITSETE LEHTEDE PEAMISED OMADUSED<\/strong><\/li>\n\n\n\n<li>Monoliitplaadid on materjal, millel on suurep\u00e4rased f\u00fc\u00fcsikalised ja mehaanilised omadused, mis s\u00e4ilivad erinevates temperatuuritingimustes ja niiskustasemetes.<\/li>\n\n\n\n<li>\u00a0<\/li>\n\n\n\n<li>Pol\u00fckarbonaatplaadid asendavad ideaalselt traditsioonilisi klaasimaterjale. Neid on ohutu ja lihtne l\u00f5igata, paigaldada ja kasutada, neid on peaaegu v\u00f5imatu purustada. T\u00e4nu oma v\u00e4ikesele erikaalule v\u00f5ivad pol\u00fckarbonaatplaadid oluliselt kergendada ja v\u00e4hendada kandekonstruktsiooni maksumust v\u00f5rreldes konstruktsiooniga, milles kasutatakse klaasi, mis aitab oluliselt v\u00e4hendada transpordi-, k\u00e4itlemis- ja paigalduskulusid.<\/li>\n\n\n\n<li><strong>UV-kaitse<\/strong><\/li>\n\n\n\n<li>P\u00e4ikesekiirgusel on pol\u00fcmeersetele materjalidele kahjulik m\u00f5ju, mis p\u00f5hjustab nende h\u00e4vimist ja materjalide pinna pragunemist. Need v\u00e4ikesed praod laienevad veelgi vee, tolmu ja kemikaalide m\u00f5jul.<\/li>\n\n\n\n<li>Selle monoliitse pol\u00fckarbonaatplaadi pinnale on kantud kaitsekiht ultraviolettkiirguse vastu, mis tagab suurep\u00e4rase vastupidavuse ilmastikutingimustele.<\/li>\n\n\n\n<li><strong>Kaarjas klaasimine<\/strong><\/li>\n\n\n\n<li>K\u00f5ik monoliitsed pol\u00fckarbonaatplaadid on k\u00fclmvormitud kumerate tugiklaasiprofiilide sisse. Eeldusel, et lehe painderaadius on suurem kui minimaalne soovitatav v\u00e4\u00e4rtus, ei m\u00f5juta k\u00fclmvormimisest tulenev mehaaniline pinge lehe mehaanilisi omadusi.<\/li>\n\n\n\n<li><strong>Lehtede garanteeritud kasutusiga on 15 aastat.<\/strong><\/li>\n<\/ul>","protected":false},"featured_media":16195,"parent":0,"template":"","product-catagories":[177],"product-tag":[],"class_list":["post-15398","product","type-product","status-publish","has-post-thumbnail","hentry","product-catagories-polycarbonate-solid-sheet"],"acf":[],"_links":{"self":[{"href":"https:\/\/www.tononplastics.com\/et\/wp-json\/wp\/v2\/product\/15398","targetHints":{"allow":["GET"]}}],"collection":[{"href":"https:\/\/www.tononplastics.com\/et\/wp-json\/wp\/v2\/product"}],"about":[{"href":"https:\/\/www.tononplastics.com\/et\/wp-json\/wp\/v2\/types\/product"}],"version-history":[{"count":0,"href":"https:\/\/www.tononplastics.com\/et\/wp-json\/wp\/v2\/product\/15398\/revisions"}],"wp:featuredmedia":[{"embeddable":true,"href":"https:\/\/www.tononplastics.com\/et\/wp-json\/wp\/v2\/media\/16195"}],"wp:attachment":[{"href":"https:\/\/www.tononplastics.com\/et\/wp-json\/wp\/v2\/media?parent=15398"}],"wp:term":[{"taxonomy":"product-catagories","embeddable":true,"href":"https:\/\/www.tononplastics.com\/et\/wp-json\/wp\/v2\/product-catagories?post=15398"},{"taxonomy":"product-tag","embeddable":true,"href":"https:\/\/www.tononplastics.com\/et\/wp-json\/wp\/v2\/product-tag?post=15398"}],"curies":[{"name":"wp","href":"https:\/\/api.w.org\/{rel}","templated":true}]}}