{"id":15400,"date":"2023-08-22T11:03:53","date_gmt":"2023-08-22T03:03:53","guid":{"rendered":"https:\/\/tononplastics.com\/?post_type=product&#038;p=15400"},"modified":"2024-03-25T17:01:23","modified_gmt":"2024-03-25T09:01:23","slug":"clear-plastic-h-shape-profile-for-pc-sheet-plastic-h-profile","status":"publish","type":"product","link":"https:\/\/www.tononplastics.com\/et\/product\/clear-plastic-h-shape-profile-for-pc-sheet-plastic-h-profile\/","title":{"rendered":"L\u00e4bipaistev plastist H-kujuline profiil pc lehtplastist h-profiilile"},"content":{"rendered":"<p><strong data-spm-anchor-id=\"a2700.details.0.i27.5b8cd6130ierTZ\">4-16mm pol\u00fckarbonaadist H- ja U-profiili lisatarvikud<\/strong><\/p>\n<p><strong><img decoding=\"async\" src=\"https:\/\/sc02.alicdn.com\/kf\/He979813a31034a4dad4c712088b4d5e0z\/200162319\/He979813a31034a4dad4c712088b4d5e0z.jpg\" alt=\"4-16mm pol\u00fckarbonaadist H- ja U-profiili lisatarvikud\" width=\"630\" height=\"419.895\" data-src=\"\/\/sc02.alicdn.com\/kf\/He979813a31034a4dad4c712088b4d5e0z\/200162319\/He979813a31034a4dad4c712088b4d5e0z.jpg\" data-alt=\"4-16mm polycarbonate accessory H and U profile\" data-width=\"630\" data- title=\"\"><\/strong><\/p>\n<div id=\"ali-anchor-AliPostDhMb-j4dxw\" data-section=\"AliPostDhMb-j4dxw\" data-section-title=\"Product Description\">\n<div id=\"ali-title-AliPostDhMb-j4dxw\"><strong>Toote kirjeldus<\/strong><\/div>\n<div>\n<p>1.Heat Resistance<\/p>\n<p>Hea kuumakindlusega PC-kilet saab laialdaselt kasutada paljudes valdkondades, mehaanilised omadused muutuvad vastavalt temperatuurile, mis on soodne tugevuse kujundamiseks.<\/p>\n<p>2.Impact vastupanu<\/p>\n<p>PC-kile on teatud t\u00fc\u00fcpi tehniline plastik, millel on super l\u00f6\u00f6gikindlus, isegi kui see on -40 \u2103 keskkonnas, on l\u00f6\u00f6gikindlus sama hea kui tavalisel temperatuuril.<\/p>\n<p>3.Impactresistance<\/p>\n<p>Selle silmapaistev vastupidavus pakub suuremat kaitset purunemise eest transpordi, paigaldamise ja kasutamise ajal.L\u00f6\u00f6gitugevus on 10-27 korda suurem kui pleksiklaasil.<\/p>\n<p>4.Transparentsus<\/p>\n<p>Selge PC-kile, millel on suurep\u00e4rane l\u00e4bipaistvus k\u00f5rge l\u00e4bipaistvusega materjalides, mida kasutatakse laialdaselt tr\u00fckkimisel ja optikas anorgaanilise glass.the valgusl\u00e4bivuse asemel 88%.<\/p>\n<p>5.Weather v\u00f5ime<\/p>\n<p>Sellel on hea ilmastikutingimuste v\u00f5ime, see v\u00f5ib s\u00e4ilitada suurep\u00e4raseid omadusi laias temperatuurivahemikus -40 \u2103 kuni 120 \u2103.<\/p>\n<p>6.Helisolatsioon<\/p>\n<p>\u00d5\u00f5nes struktuurileht (pol\u00fckarbonaatvaik) on heliisolatsioonile m\u00e4rkimisv\u00e4\u00e4rne eelis.<\/p>\n<\/div>\n<\/div>\n<p><strong><img decoding=\"async\" src=\"https:\/\/sc01.alicdn.com\/kf\/Hd357ffc3316a4d49b018310865825bf17\/200162319\/Hd357ffc3316a4d49b018310865825bf17.jpg\" alt=\"4-16mm pol\u00fckarbonaadist H- ja U-profiili lisatarvikud\" width=\"630\" height=\"419.895\" data-src=\"\/\/sc01.alicdn.com\/kf\/Hd357ffc3316a4d49b018310865825bf17\/200162319\/Hd357ffc3316a4d49b018310865825bf17.jpg\" data-alt=\"4-16mm polycarbonate accessory H and U profile\" data-width=\"630\" data- title=\"\"><img decoding=\"async\" src=\"https:\/\/sc01.alicdn.com\/kf\/HTB1e.EGkS8YBeNkSnb4q6yevFXaM\/200162319\/HTB1e.EGkS8YBeNkSnb4q6yevFXaM.jpg\" alt=\"4-16mm pol\u00fckarbonaadist H- ja U-profiili lisatarvikud\" width=\"630\" height=\"472.5\" data-src=\"\/\/sc01.alicdn.com\/kf\/HTB1e.EGkS8YBeNkSnb4q6yevFXaM\/200162319\/HTB1e.EGkS8YBeNkSnb4q6yevFXaM.jpg\" data-alt=\"4-16mm polycarbonate accessory H and U profile\" data-width=\"630\" data- title=\"\"><img decoding=\"async\" src=\"https:\/\/sc02.alicdn.com\/kf\/HTB12Bt8th9YBuNjy0Ffq6xIsVXak\/200162319\/HTB12Bt8th9YBuNjy0Ffq6xIsVXak.jpg\" alt=\"4-16mm pol\u00fckarbonaadist H- ja U-profiili lisatarvikud\" width=\"630\" height=\"472.5\" data-src=\"\/\/sc02.alicdn.com\/kf\/HTB12Bt8th9YBuNjy0Ffq6xIsVXak\/200162319\/HTB12Bt8th9YBuNjy0Ffq6xIsVXak.jpg\" data-alt=\"4-16mm polycarbonate accessory H and U profile\" data-width=\"630\" data- title=\"\"><\/strong><\/p>","protected":false},"featured_media":0,"parent":0,"template":"","product-catagories":[172],"product-tag":[],"class_list":["post-15400","product","type-product","status-publish","hentry","product-catagories-polycarbonate-light-diffuse-sheet"],"acf":[],"_links":{"self":[{"href":"https:\/\/www.tononplastics.com\/et\/wp-json\/wp\/v2\/product\/15400","targetHints":{"allow":["GET"]}}],"collection":[{"href":"https:\/\/www.tononplastics.com\/et\/wp-json\/wp\/v2\/product"}],"about":[{"href":"https:\/\/www.tononplastics.com\/et\/wp-json\/wp\/v2\/types\/product"}],"version-history":[{"count":0,"href":"https:\/\/www.tononplastics.com\/et\/wp-json\/wp\/v2\/product\/15400\/revisions"}],"wp:attachment":[{"href":"https:\/\/www.tononplastics.com\/et\/wp-json\/wp\/v2\/media?parent=15400"}],"wp:term":[{"taxonomy":"product-catagories","embeddable":true,"href":"https:\/\/www.tononplastics.com\/et\/wp-json\/wp\/v2\/product-catagories?post=15400"},{"taxonomy":"product-tag","embeddable":true,"href":"https:\/\/www.tononplastics.com\/et\/wp-json\/wp\/v2\/product-tag?post=15400"}],"curies":[{"name":"wp","href":"https:\/\/api.w.org\/{rel}","templated":true}]}}