{"id":15408,"date":"2023-08-22T11:06:30","date_gmt":"2023-08-22T03:06:30","guid":{"rendered":"https:\/\/tononplastics.com\/?post_type=product&#038;p=15408"},"modified":"2024-03-25T16:18:55","modified_gmt":"2024-03-25T08:18:55","slug":"nature-clear-polycarbonate-joint-up-down-connector-h-clip-of-pc-sheet","status":"publish","type":"product","link":"https:\/\/www.tononplastics.com\/et\/product\/nature-clear-polycarbonate-joint-up-down-connector-h-clip-of-pc-sheet\/","title":{"rendered":"Loodus l\u00e4bipaistev pol\u00fckarbonaat \u00fchine \u00fcles-alla \u00fchendus \u201cH\u201d klamber PC-pleki"},"content":{"rendered":"<div id=\"ali-anchor-AliPostDhMb-c42xk\" data-section=\"AliPostDhMb-c42xk\" data-section-title=\"Product Description\">\n<div>\n<p><strong>Toote \u00fcksikasjad:<\/strong><\/p>\n<\/div>\n<\/div>\n<p>1). Soojusisolatsioon ja energia s\u00e4ilitamine<\/p>\n<p>2). Anti-ultraviolettkiirguse, vananemiskindlus<\/p>\n<p>3). Suur tugevus ja j\u00e4ikus<\/p>\n<p>4). B1-materjalist raskesti s\u00fcttiv, isekustuv ilma tulekahjuta.<\/p>\n<p>5). Kerge ja k\u00f5rge keskkonnaalane, raskesti purunev<\/p>\n<p>6). Energia s\u00e4\u00e4stmine<\/p>\n<p>7). K\u00fcmme aastat garantiid<\/p>\n<p>8). Vastupidavam<\/p>\n<p><img decoding=\"async\" src=\"https:\/\/sc01.alicdn.com\/kf\/Hd6f5a8ec694a4a598f787beb4129cbffO\/200162319\/Hd6f5a8ec694a4a598f787beb4129cbffO.jpg\" alt=\"Loodus l\u00e4bipaistev pol\u00fckarbonaat \u00fchine \u00fcles-alla \u00fchendus &quot;H&quot; klamber PC-pleki\" width=\"630\" height=\"300.87931034482756\" data-src=\"\/\/sc01.alicdn.com\/kf\/Hd6f5a8ec694a4a598f787beb4129cbffO\/200162319\/Hd6f5a8ec694a4a598f787beb4129cbffO.jpg\" data-alt=\"Nature clear polycarbonate joint up-down connector &quot;H&quot; clip of PC sheet\" data-width=\"630\" data- title=\"\"><\/p>\n<p><strong>Spetsifikatsioon:<\/strong><\/p>\n<p>1).6 m\/a, suure koguse pikkust saab kohandada ka vastavalt kliendi vajadustele (transpordiloa tingimustes).<\/p>\n<p><img fetchpriority=\"high\" decoding=\"async\" class=\"\" src=\"https:\/\/sc02.alicdn.com\/kf\/H95e04ad26b9b4e24b73cbd61dea37c6ba\/200162319\/H95e04ad26b9b4e24b73cbd61dea37c6ba.jpg\" alt=\"Loodus l\u00e4bipaistev pol\u00fckarbonaat \u00fchine \u00fcles-alla \u00fchendus &quot;H&quot; klamber PC-pleki\" width=\"327\" height=\"327\" data-src=\"\/\/sc02.alicdn.com\/kf\/H95e04ad26b9b4e24b73cbd61dea37c6ba\/200162319\/H95e04ad26b9b4e24b73cbd61dea37c6ba.jpg\" data-alt=\"Nature clear polycarbonate joint up-down connector &quot;H&quot; clip of PC sheet\" data-width=\"630\" data- title=\"\"><img decoding=\"async\" class=\"\" src=\"https:\/\/sc01.alicdn.com\/kf\/H62e1d0749c0e47d8a7f0117ffaa51eear\/200162319\/H62e1d0749c0e47d8a7f0117ffaa51eear.jpg\" alt=\"Loodus l\u00e4bipaistev pol\u00fckarbonaat \u00fchine \u00fcles-alla \u00fchendus &quot;H&quot; klamber PC-pleki\" width=\"332\" height=\"332\" data-src=\"\/\/sc01.alicdn.com\/kf\/H62e1d0749c0e47d8a7f0117ffaa51eear\/200162319\/H62e1d0749c0e47d8a7f0117ffaa51eear.jpg\" data-alt=\"Nature clear polycarbonate joint up-down connector &quot;H&quot; clip of PC sheet\" data-width=\"630\" data- title=\"\"><\/p>\n<p><strong><span style=\"color: initial;\">Pakendamine ja saatmine<\/span><\/strong><\/p>\n<div id=\"ali-anchor-AliPostDhMb-4vnp3\" data-section=\"AliPostDhMb-4vnp3\" data-section-title=\"Packaging &amp; Shipping\">\n<div>\n<p>\u00a0<img decoding=\"async\" src=\"https:\/\/sc02.alicdn.com\/kf\/Hd05fdb0988024155a7956963ea5973acD\/200162319\/Hd05fdb0988024155a7956963ea5973acD.png\" alt=\"Loodus l\u00e4bipaistev pol\u00fckarbonaat \u00fchine \u00fcles-alla \u00fchendus &quot;H&quot; klamber PC-pleki\" width=\"750\" height=\"564.9867374005305\" data-src=\"\/\/sc02.alicdn.com\/kf\/Hd05fdb0988024155a7956963ea5973acD\/200162319\/Hd05fdb0988024155a7956963ea5973acD.png\" data-alt=\"Nature clear polycarbonate joint up-down connector &quot;H&quot; clip of PC sheet\" data- title=\"\"><img decoding=\"async\" src=\"https:\/\/sc02.alicdn.com\/kf\/H02a52324dc024cdcbaee8c550d0c5b3cR\/200162319\/H02a52324dc024cdcbaee8c550d0c5b3cR.png\" alt=\"Loodus l\u00e4bipaistev pol\u00fckarbonaat \u00fchine \u00fcles-alla \u00fchendus &quot;H&quot; klamber PC-pleki\" width=\"750\" height=\"255.63660477453584\" data-src=\"\/\/sc02.alicdn.com\/kf\/H02a52324dc024cdcbaee8c550d0c5b3cR\/200162319\/H02a52324dc024cdcbaee8c550d0c5b3cR.png\" data-alt=\"Nature clear polycarbonate joint up-down connector &quot;H&quot; clip of PC sheet\" data- title=\"\"><\/p>\n<\/div>\n<\/div>","protected":false},"featured_media":15410,"parent":0,"template":"","product-catagories":[172],"product-tag":[],"class_list":["post-15408","product","type-product","status-publish","has-post-thumbnail","hentry","product-catagories-polycarbonate-light-diffuse-sheet"],"acf":[],"_links":{"self":[{"href":"https:\/\/www.tononplastics.com\/et\/wp-json\/wp\/v2\/product\/15408","targetHints":{"allow":["GET"]}}],"collection":[{"href":"https:\/\/www.tononplastics.com\/et\/wp-json\/wp\/v2\/product"}],"about":[{"href":"https:\/\/www.tononplastics.com\/et\/wp-json\/wp\/v2\/types\/product"}],"version-history":[{"count":0,"href":"https:\/\/www.tononplastics.com\/et\/wp-json\/wp\/v2\/product\/15408\/revisions"}],"wp:featuredmedia":[{"embeddable":true,"href":"https:\/\/www.tononplastics.com\/et\/wp-json\/wp\/v2\/media\/15410"}],"wp:attachment":[{"href":"https:\/\/www.tononplastics.com\/et\/wp-json\/wp\/v2\/media?parent=15408"}],"wp:term":[{"taxonomy":"product-catagories","embeddable":true,"href":"https:\/\/www.tononplastics.com\/et\/wp-json\/wp\/v2\/product-catagories?post=15408"},{"taxonomy":"product-tag","embeddable":true,"href":"https:\/\/www.tononplastics.com\/et\/wp-json\/wp\/v2\/product-tag?post=15408"}],"curies":[{"name":"wp","href":"https:\/\/api.w.org\/{rel}","templated":true}]}}