{"id":15424,"date":"2023-08-22T11:12:36","date_gmt":"2023-08-22T03:12:36","guid":{"rendered":"https:\/\/tononplastics.com\/?post_type=product&#038;p=15424"},"modified":"2024-03-25T13:17:34","modified_gmt":"2024-03-25T05:17:34","slug":"plastic-products-custom-size-white-milk-polycarbonate-sheet-led-light-diffusion-polycarbonate-sheet","status":"publish","type":"product","link":"https:\/\/www.tononplastics.com\/et\/product\/plastic-products-custom-size-white-milk-polycarbonate-sheet-led-light-diffusion-polycarbonate-sheet\/","title":{"rendered":"Plasttooted kohandatud suurusega valge piimapol\u00fckarbonaatleht LED valgusdifusiooni pol\u00fckarbonaatleht"},"content":{"rendered":"<figure class=\"wp-block-gallery has-nested-images columns-default is-cropped wp-block-gallery-1 is-layout-flex wp-block-gallery-is-layout-flex\">\n<figure class=\"wp-block-image size-full\"><img fetchpriority=\"high\" decoding=\"async\" width=\"640\" height=\"640\" data-id=\"15422\" src=\"https:\/\/www.tononplastics.com\/wp-content\/uploads\/2023\/08\/Hdce328a67d81495a812f963bcc590d4e8.jpg\" alt=\"\" class=\"wp-image-15422\" title=\"\" srcset=\"https:\/\/www.tononplastics.com\/wp-content\/uploads\/2023\/08\/Hdce328a67d81495a812f963bcc590d4e8.jpg 640w, https:\/\/www.tononplastics.com\/wp-content\/uploads\/2023\/08\/Hdce328a67d81495a812f963bcc590d4e8-300x300.jpg 300w, https:\/\/www.tononplastics.com\/wp-content\/uploads\/2023\/08\/Hdce328a67d81495a812f963bcc590d4e8-150x150.jpg 150w\" sizes=\"(max-width: 640px) 100vw, 640px\" \/><\/figure>\n\n\n\n<figure class=\"wp-block-image size-full\"><img decoding=\"async\" width=\"1080\" height=\"1440\" data-id=\"15325\" src=\"https:\/\/www.tononplastics.com\/wp-content\/uploads\/2023\/08\/Hf18aec69ee4b444f8edf47e1d796fc1dB.jpg\" alt=\"\" class=\"wp-image-15325\" title=\"\" srcset=\"https:\/\/www.tononplastics.com\/wp-content\/uploads\/2023\/08\/Hf18aec69ee4b444f8edf47e1d796fc1dB.jpg 1080w, https:\/\/www.tononplastics.com\/wp-content\/uploads\/2023\/08\/Hf18aec69ee4b444f8edf47e1d796fc1dB-225x300.jpg 225w, https:\/\/www.tononplastics.com\/wp-content\/uploads\/2023\/08\/Hf18aec69ee4b444f8edf47e1d796fc1dB-768x1024.jpg 768w\" sizes=\"(max-width: 1080px) 100vw, 1080px\" \/><\/figure>\n<\/figure>\n\n\n<div id=\"ali-anchor-AliPostDhMb-pqocd\" class=\"mceSectionContainer\" data-section=\"AliPostDhMb-pqocd\" data-section-title=\"Product Description\">\n<p><strong style=\"font-size: revert; color: initial;\">valge piima valgus<\/strong> <strong>difusioon<\/strong><strong style=\"font-size: revert; color: initial;\"> Toote kirjeldus<\/strong><\/p>\n<\/div>\n<table class=\"aliDataTable\">\n<tbody>\n<tr align=\"left\">\n<td rowspan=\"4\" valign=\"top\">\n<p>\u00a0<\/p>\n<p>\u00a0<\/p>\n<p>Toodete suurus<\/p>\n<\/td>\n<td valign=\"top\">\n<p>PAKSUS: 1,3 mm kuni 10 mm<\/p>\n<\/td>\n<\/tr>\n<tr align=\"left\">\n<td valign=\"top\">\n<p>PIKKUS: piiranguteta<\/p>\n<\/td>\n<\/tr>\n<tr align=\"left\">\n<td valign=\"top\">\n<p>Laius: 1220mm, 1560mm, 1820mm ja 2100mm.<\/p>\n<\/td>\n<\/tr>\n<tr align=\"left\">\n<td valign=\"top\">\n<p>V\u00c4RV: valge piim<\/p>\n<p>Spetsifikatsioonid ja v\u00e4rvid on v\u00f5imalik kohandada.<\/p>\n<\/td>\n<\/tr>\n<tr align=\"left\">\n<td rowspan=\"7\" valign=\"top\">\n<p>\u00a0<\/p>\n<p>\u00a0<\/p>\n<p>\u00a0<\/p>\n<p>\u00a0<\/p>\n<p>\u00a0<\/p>\n<p>Toodete omadused<\/p>\n<\/td>\n<td valign=\"top\">\n<p>1. Valguse l\u00e4bilaskvus: ulatub 12%-82% s\u00f5ltuvalt v\u00e4rvist ja paksusest.<\/p>\n<\/td>\n<\/tr>\n<tr align=\"left\">\n<td valign=\"top\">\n<p>2.Fire retardancy: klass B1 otsustatakse riikliku GB8624-1997 test, ilma tulekahju tilk ega m\u00fcrgine gaas<\/p>\n<\/td>\n<\/tr>\n<tr align=\"left\">\n<td valign=\"top\">\n<p>3. L\u00f6\u00f6gikindlus: pc-lehe l\u00f6\u00f6gitugevus on 250-300 korda suurem kui tavalised klaasid.<\/p>\n<\/td>\n<\/tr>\n<tr align=\"left\">\n<td valign=\"top\">\n<p>4.Easy paigaldamine<\/p>\n<\/td>\n<\/tr>\n<tr align=\"left\">\n<td valign=\"top\">\n<p>5. Heliisolatsioon<\/p>\n<\/td>\n<\/tr>\n<tr align=\"left\">\n<td valign=\"top\">\n<p>6.Weather v\u00f5ime: temperatuurivahemik -40 \u2103 kuni 120 \u2103.<\/p>\n<\/td>\n<\/tr>\n<tr align=\"left\">\n<td valign=\"top\">\n<p>7. UV-kaitse<\/p>\n<\/td>\n<\/tr>\n<\/tbody>\n<\/table>\n<p><strong>FEATURE<\/strong>:<br \/>1) l\u00f6\u00f6gitugevus: L\u00f6\u00f6gitugevus on 250 korda suurem kui klaasil.<br \/>2) Kerge kaal: PC \u00f5\u00f5nsate lehtede kaal on ainult umbes pool klaasist.<br \/>3) L\u00e4bipaistvus: L\u00e4bipaistvus: 3 mm paksusega PC-\u00f5\u00f5nsuste lehtede valgusl\u00e4bivus on 88%.<br \/>4) UV-kaitse: PC-leht on koekstrudeeritud suure tihedusega ultraviolettkiirgusega, mis hoiab ka PC-lehe v\u00e4rvimuutuse eest.<br \/>5) Ilmastikukindlus: PC \u00f5\u00f5nes leht on vastupidav halbadele ilmastikutingimustele ja s\u00e4ilitab suurep\u00e4rase j\u00f5udluse temperatuurivahemikus -40oC kuni 12oC.<br \/>6) Kondenseerumise takistamine: Kui v\u00e4listemperatuur on 0oC ja sisetemperatuur on 23oC, kondenseerub arvutiplaat kuni 80%. <br \/><span style=\"font-size: revert; color: initial;\">7) soojusisolatsioon: K-v\u00e4\u00e4rtus on 1,2 korda suurem kui tahkel arvutiplaadil. PC-lehed v\u00f5ivad s\u00e4\u00e4sta energiat, v\u00e4ltides samas soojuskaotust.<br \/><\/span><span style=\"font-size: revert; color: initial;\">8) heliisolatsioon: 6mm paksune PC \u00f5\u00f5nes leht v\u00f5ib v\u00e4hendada heli 20db.<br \/><\/span><span style=\"font-size: revert; color: initial;\">9) leegikindlus: QB8624-1997-standardi kohaselt on materjal hinnatud klassi 1.<br \/><\/span><span style=\"font-size: revert; color: initial;\">10) Lihtne paigaldamine: Seda saab kasutada k\u00f5verate roovide ja akende puhul. PC-pleki minimaalne k\u00f5verusraadius on 175 korda suurem kui selle paksus.\u00a0<\/span><\/p>\n<p><strong>PC tahkete ja reljeefsete lehtede rakendusvaldkonnad<\/strong><\/p>\n<p><img decoding=\"async\" src=\"https:\/\/sc01.alicdn.com\/kf\/HTB1VgAYJVXXXXa5aXXXq6xXFXXXW\/200162319\/HTB1VgAYJVXXXXa5aXXXq6xXFXXXW.jpg\" alt=\"plasttooted kohandatud suurusega valge piimapol\u00fckarbonaatleht LED valgusdifusiooni pol\u00fckarbonaatleht\" width=\"630\" height=\"204.12\" data-src=\"\/\/sc01.alicdn.com\/kf\/HTB1VgAYJVXXXXa5aXXXq6xXFXXXW\/200162319\/HTB1VgAYJVXXXXa5aXXXq6xXFXXXW.jpg\" data-alt=\"plastic products custom size white milk polycarbonate sheet LED light diffusion polycarbonate sheet\" data-width=\"630\" data- title=\"\"><\/p>\n<p>1. Hoone: b\u00fcroohoonete p\u00e4evavalgustuse laena Kiirteede ja linnade \u00fclek\u00e4iguradade m\u00fcrat\u00f5kked.<br \/>2. R\u00f6\u00f6vimiste ennetamine: Pankade sissemurdmiskindlad letid, aardekabiinid, juveelipoodide turvavalgustusmaterjalid.<br \/>3. Reklaam: Reklaamibokside paneelid, reklaamtahvlid.<br \/><span style=\"font-size: revert; color: initial;\">4. Plahvatuste ennetamine: Politsei kaitsekilbid, sularahaautode aknad.<br \/><\/span><span style=\"font-size: revert; color: initial;\">5. \u00dcldine ettepanek: m\u00fc\u00fcgiautomaatide paneelid, mootorratta kiivrid, kaitsemaskid jne.<\/span><\/p>\n<div id=\"ali-anchor-AliPostDhMb-6096r\" class=\"mceSectionContainer\" data-section=\"AliPostDhMb-6096r\" data-section-title=\"Company Information\">\n<p><strong>Sertifitseerimine:<\/strong><\/p>\n<p><img decoding=\"async\" src=\"https:\/\/sc01.alicdn.com\/kf\/HTB1MXLWJVXXXXXSXXXXq6xXFXXXB\/200162319\/HTB1MXLWJVXXXXXSXXXXq6xXFXXXB.jpg\" alt=\"plasttooted kohandatud suurusega valge piimapol\u00fckarbonaatleht LED valgusdifusiooni pol\u00fckarbonaatleht\" width=\"630\" height=\"250.32000000000002\" data-src=\"\/\/sc01.alicdn.com\/kf\/HTB1MXLWJVXXXXXSXXXXq6xXFXXXB\/200162319\/HTB1MXLWJVXXXXXSXXXXq6xXFXXXB.jpg\" data-alt=\"plastic products custom size white milk polycarbonate sheet LED light diffusion polycarbonate sheet\" data-width=\"630\" data- title=\"\"><\/p>\n<p><strong>Muud tooted on j\u00e4rgmised:<\/strong><\/p>\n<p><img decoding=\"async\" src=\"https:\/\/sc01.alicdn.com\/kf\/HTB1eDLCJVXXXXaMXFXXq6xXFXXXf\/200162319\/HTB1eDLCJVXXXXaMXFXXq6xXFXXXf.jpg\" alt=\"plasttooted kohandatud suurusega valge piimapol\u00fckarbonaatleht LED valgusdifusiooni pol\u00fckarbonaatleht\" width=\"630\" height=\"315\" data-src=\"\/\/sc01.alicdn.com\/kf\/HTB1eDLCJVXXXXaMXFXXq6xXFXXXf\/200162319\/HTB1eDLCJVXXXXaMXFXXq6xXFXXXf.jpg\" data-alt=\"plastic products custom size white milk polycarbonate sheet LED light diffusion polycarbonate sheet\" data-width=\"630\" data- title=\"\"><\/p>\n<p>1. K: Kas olete tootja v\u00f5i kaubandusettev\u00f5te?<br \/>V: Oleme professionaalne tehas, millel on rohkem kui 10-aastane kogemus k\u00f5rgekvaliteediliste pol\u00fckarbonaatplaatide valmistamisel. OEM on vastuv\u00f5etav.<\/p>\n<p>2. K: Milline on tellimisprotsess?<\/p>\n<p>a.Inquiry - esitage meile k\u00f5ik selged n\u00f5uded.<br \/>b.Quotation-ametlik hinnapakkumise vorm koos k\u00f5igi selgete spetsifikatsioonidega.<br \/>c.Customization- Pakume \u00fclimalt kohandatud ja isikup\u00e4rastatud lahendusi.<br \/>d.Sample - meie tehase standardproov.<br \/>e.Payment tingimused - T \/ T 30% ette, tasakaalustatud enne saatmist.<br \/>f.Tootmine-masstootmine<br \/>g. saatmine - mere-, \u00f5hu- v\u00f5i kulleriga. Pakendi \u00fcksikasjalik pilt esitatakse.<\/p>\n<p>3. K: Milliseid maksetingimusi te kasutate?<br \/>A: T\/T, PayPal, sularaha.<\/p>\n<p>4. K: Mis on teie tooraine pol\u00fckarbonaatplaadi jaoks?<br \/>V: V\u00f5tame kasutusele imporditud materjali, nagu Bayer, Sabic, Senyi, Samsung ja teised tuntud kaubam\u00e4rgid.<\/p>\n<\/div>","protected":false},"featured_media":15421,"parent":0,"template":"","product-catagories":[170],"product-tag":[],"class_list":["post-15424","product","type-product","status-publish","has-post-thumbnail","hentry","product-catagories-polycarbonate-deep-processing"],"acf":[],"_links":{"self":[{"href":"https:\/\/www.tononplastics.com\/et\/wp-json\/wp\/v2\/product\/15424","targetHints":{"allow":["GET"]}}],"collection":[{"href":"https:\/\/www.tononplastics.com\/et\/wp-json\/wp\/v2\/product"}],"about":[{"href":"https:\/\/www.tononplastics.com\/et\/wp-json\/wp\/v2\/types\/product"}],"version-history":[{"count":0,"href":"https:\/\/www.tononplastics.com\/et\/wp-json\/wp\/v2\/product\/15424\/revisions"}],"wp:featuredmedia":[{"embeddable":true,"href":"https:\/\/www.tononplastics.com\/et\/wp-json\/wp\/v2\/media\/15421"}],"wp:attachment":[{"href":"https:\/\/www.tononplastics.com\/et\/wp-json\/wp\/v2\/media?parent=15424"}],"wp:term":[{"taxonomy":"product-catagories","embeddable":true,"href":"https:\/\/www.tononplastics.com\/et\/wp-json\/wp\/v2\/product-catagories?post=15424"},{"taxonomy":"product-tag","embeddable":true,"href":"https:\/\/www.tononplastics.com\/et\/wp-json\/wp\/v2\/product-tag?post=15424"}],"curies":[{"name":"wp","href":"https:\/\/api.w.org\/{rel}","templated":true}]}}