{"id":14021,"date":"2023-05-04T21:03:27","date_gmt":"2023-05-04T13:03:27","guid":{"rendered":"https:\/\/tononplastics.com\/?post_type=product&#038;p=14021"},"modified":"2024-03-25T11:16:58","modified_gmt":"2024-03-25T03:16:58","slug":"roofing-polycarbonate-hollow-sheet","status":"publish","type":"product","link":"https:\/\/www.tononplastics.com\/fr\/product\/roofing-polycarbonate-hollow-sheet\/","title":{"rendered":"Plaque creuse en polycarbonate pour toiture"},"content":{"rendered":"<p>\u00a0<\/p>\n<table style=\"height: 507px; width: 967px; background-color: #ede8e8;\" border=\"1\" cellspacing=\"1\" cellpadding=\"1\">\n<tbody>\n<tr>\n<td style=\"width: 32.1355%; border-style: solid; background-color: #d6d6d6;\" width=\"355\">Nom du produit<\/td>\n<td style=\"width: 67.0431%; background-color: #d6d6d6;\" width=\"355\">Plaque creuse en polycarbonate<\/td>\n<\/tr>\n<tr>\n<td style=\"width: 32.1355%; border-style: solid; background-color: #d6d6d6;\" width=\"355\">Lieu d'origine<\/td>\n<td style=\"width: 67.0431%; background-color: #d6d6d6;\" width=\"355\">Foshan City, Guangdong, Chine<\/td>\n<\/tr>\n<tr>\n<td style=\"width: 32.1355%; border-style: solid; background-color: #d6d6d6;\" width=\"355\">Mat\u00e9riau<\/td>\n<td style=\"width: 67.0431%; background-color: #d6d6d6;\" width=\"355\">100% Polycarbonate vierge Mat\u00e9riau<\/td>\n<\/tr>\n<tr>\n<td style=\"width: 32.1355%; border-style: solid; background-color: #d6d6d6;\" width=\"355\">Couleurs<\/td>\n<td style=\"width: 67.0431%; background-color: #d6d6d6;\" width=\"355\">Transparent, bronze, bleu, vert, opale, gris ou personnalis\u00e9<\/td>\n<\/tr>\n<tr>\n<td style=\"width: 32.1355%; border-style: solid; background-color: #d6d6d6;\" width=\"355\">\u00c9paisseur<\/td>\n<td style=\"width: 67.0431%; background-color: #d6d6d6;\" width=\"355\">3-20mm<\/td>\n<\/tr>\n<tr>\n<td style=\"width: 32.1355%; border-style: solid; background-color: #d6d6d6;\" width=\"355\">Largeur<\/td>\n<td style=\"width: 67.0431%; background-color: #d6d6d6;\" width=\"355\">2100m, 1220m ou sur mesure<\/td>\n<\/tr>\n<tr>\n<td style=\"width: 32.1355%; border-style: solid; background-color: #d6d6d6;\" width=\"355\">Longueur<\/td>\n<td style=\"width: 67.0431%; background-color: #d6d6d6;\" width=\"355\">5800mm\/11800mm. D'autres dimensions sont disponibles.<\/td>\n<\/tr>\n<tr>\n<td style=\"width: 32.1355%; border-style: solid; background-color: #d6d6d6;\" width=\"355\">Certificat<\/td>\n<td style=\"width: 67.0431%; background-color: #d6d6d6;\" width=\"355\">CE, ISO<\/td>\n<\/tr>\n<tr>\n<td style=\"width: 32.1355%; border-style: solid; background-color: #d6d6d6;\" width=\"355\">Surface<\/td>\n<td style=\"width: 67.0431%; background-color: #d6d6d6;\" width=\"355\">Avec une protection UV de 50 microns, r\u00e9sistance \u00e0 la chaleur<\/td>\n<\/tr>\n<tr>\n<td style=\"width: 32.1355%; border-style: solid; background-color: #d6d6d6;\" width=\"355\">Norme de retardement<\/td>\n<td style=\"width: 67.0431%; background-color: #d6d6d6;\" width=\"355\">Grade A<\/td>\n<\/tr>\n<tr>\n<td style=\"width: 32.1355%; border-style: solid; background-color: #d6d6d6;\" width=\"355\">Emballage<\/td>\n<td style=\"width: 67.0431%; background-color: #d6d6d6;\" width=\"355\">Les deux faces sont recouvertes d'un film PE, le logo est appos\u00e9 sur le film PE. Un emballage personnalis\u00e9 est \u00e9galement disponible.<\/td>\n<\/tr>\n<tr>\n<td style=\"width: 32.1355%; border-style: solid; background-color: #d6d6d6;\" width=\"355\">Livraison<\/td>\n<td style=\"width: 67.0431%; background-color: #d6d6d6;\" width=\"355\">Dans un d\u00e9lai de 7 \u00e0 10 jours apr\u00e8s r\u00e9ception de l'acompte<\/td>\n<\/tr>\n<\/tbody>\n<\/table>\n<p><strong style=\"font-size: revert; color: initial;\"><b>Sp\u00e9cification de la plaque creuse en polycarbonate de Tonon<\/b><\/strong><\/p>\n<table style=\"width: 971px; height: 266px;\" border=\"1\" cellspacing=\"1\" cellpadding=\"1\">\n<tbody>\n<tr>\n<td style=\"width: 12.2853%;\" width=\"90\">\u00c9paisseur<\/td>\n<td style=\"width: 9.24703%;\" width=\"67\">Poids<\/td>\n<td style=\"width: 8.05812%;\" width=\"58\">Largeur<\/td>\n<td style=\"width: 9.11493%;\" width=\"66\">Longueur<\/td>\n<td style=\"width: 57.992%;\" colspan=\"6\" width=\"426\">Transmission de la lumi\u00e8re%(\u00b13%)<\/td>\n<\/tr>\n<tr>\n<td style=\"width: 12.2853%;\" width=\"90\">mm<\/td>\n<td style=\"width: 9.24703%;\" width=\"67\">Kg\/m2<\/td>\n<td style=\"width: 8.05812%;\" width=\"58\">mm<\/td>\n<td style=\"width: 9.11493%;\" width=\"66\">mm<\/td>\n<td style=\"width: 8.05812%;\" width=\"58\">Clair<\/td>\n<td style=\"width: 13.4742%;\" width=\"99\">Opalescent<\/td>\n<td style=\"width: 7.00132%;\" width=\"50\">Bleu<\/td>\n<td style=\"width: 12.2853%;\" width=\"91\">Lac bleu<\/td>\n<td style=\"width: 9.11493%;\" width=\"66\">Bronze<\/td>\n<td style=\"width: 8.05812%;\" width=\"58\">Vert<\/td>\n<\/tr>\n<tr>\n<td style=\"width: 12.2853%;\" width=\"90\">4<\/td>\n<td style=\"width: 9.24703%;\" width=\"67\">1<\/td>\n<td style=\"width: 8.05812%;\" width=\"58\">2100<\/td>\n<td style=\"width: 9.11493%;\" width=\"66\">6000<\/td>\n<td style=\"width: 8.05812%;\" width=\"58\">80<\/td>\n<td style=\"width: 13.4742%;\" width=\"99\">57<\/td>\n<td style=\"width: 7.00132%;\" width=\"50\">45<\/td>\n<td style=\"width: 12.2853%;\" width=\"91\">55<\/td>\n<td style=\"width: 9.11493%;\" width=\"66\">55<\/td>\n<td style=\"width: 8.05812%;\" width=\"58\">45<\/td>\n<\/tr>\n<tr>\n<td style=\"width: 12.2853%;\" width=\"90\">6<\/td>\n<td style=\"width: 9.24703%;\" width=\"67\">1.3<\/td>\n<td style=\"width: 8.05812%;\" width=\"58\">2100<\/td>\n<td style=\"width: 9.11493%;\" width=\"66\">6000<\/td>\n<td style=\"width: 8.05812%;\" width=\"58\">79<\/td>\n<td style=\"width: 13.4742%;\" width=\"99\">56<\/td>\n<td style=\"width: 7.00132%;\" width=\"50\">36<\/td>\n<td style=\"width: 12.2853%;\" width=\"91\">50<\/td>\n<td style=\"width: 9.11493%;\" width=\"66\">53<\/td>\n<td style=\"width: 8.05812%;\" width=\"58\">42<\/td>\n<\/tr>\n<tr>\n<td style=\"width: 12.2853%;\" width=\"90\">8<\/td>\n<td style=\"width: 9.24703%;\" width=\"67\">1.5<\/td>\n<td style=\"width: 8.05812%;\" width=\"58\">2100<\/td>\n<td style=\"width: 9.11493%;\" width=\"66\">6000<\/td>\n<td style=\"width: 8.05812%;\" width=\"58\">78<\/td>\n<td style=\"width: 13.4742%;\" width=\"99\">52<\/td>\n<td style=\"width: 7.00132%;\" width=\"50\">30<\/td>\n<td style=\"width: 12.2853%;\" width=\"91\">47<\/td>\n<td style=\"width: 9.11493%;\" width=\"66\">51<\/td>\n<td style=\"width: 8.05812%;\" width=\"58\">40<\/td>\n<\/tr>\n<tr>\n<td style=\"width: 12.2853%;\" width=\"90\">10<\/td>\n<td style=\"width: 9.24703%;\" width=\"67\">1.7<\/td>\n<td style=\"width: 8.05812%;\" width=\"58\">2100<\/td>\n<td style=\"width: 9.11493%;\" width=\"66\">6000<\/td>\n<td style=\"width: 8.05812%;\" width=\"58\">77<\/td>\n<td style=\"width: 13.4742%;\" width=\"99\">44<\/td>\n<td style=\"width: 7.00132%;\" width=\"50\">25<\/td>\n<td style=\"width: 12.2853%;\" width=\"91\">42<\/td>\n<td style=\"width: 9.11493%;\" width=\"66\">48<\/td>\n<td style=\"width: 8.05812%;\" width=\"58\">35<\/td>\n<\/tr>\n<\/tbody>\n<\/table>\n<p><strong style=\"font-size: revert; color: initial;\"><b>Donn\u00e9es techniques de la plaque creuse en polycarbonate de Tonon<\/b><\/strong><\/p>\n<table style=\"height: 526px;\" border=\"1\" width=\"699\">\n<tbody>\n<tr>\n<td width=\"81\">Non.<\/td>\n<td width=\"273\">Caract\u00e9ristiques<\/td>\n<td width=\"177\">Unit\u00e9<\/td>\n<td width=\"177\">Date<\/td>\n<\/tr>\n<tr>\n<td width=\"81\">1<\/td>\n<td width=\"273\">R\u00e9sistance aux chocs<\/td>\n<td width=\"177\">J\/M<\/td>\n<td width=\"177\">850<\/td>\n<\/tr>\n<tr>\n<td width=\"81\">2<\/td>\n<td width=\"273\">Transmission de la lumi\u00e8re<\/td>\n<td width=\"177\">%<\/td>\n<td width=\"177\">88<\/td>\n<\/tr>\n<tr>\n<td width=\"81\">3<\/td>\n<td width=\"273\">Gravit\u00e9 sp\u00e9cifique<\/td>\n<td width=\"177\">g\/cm<sup>3<\/sup><\/td>\n<td width=\"177\">1.2<\/td>\n<\/tr>\n<tr>\n<td width=\"81\">4<\/td>\n<td width=\"273\">Coefficient de dilatation thermique<\/td>\n<td width=\"177\">Mm\/m.\u2103<\/td>\n<td width=\"177\">0.065<\/td>\n<\/tr>\n<tr>\n<td width=\"81\">5<\/td>\n<td width=\"273\">Plage de temp\u00e9rature<\/td>\n<td width=\"177\">\u2103<\/td>\n<td width=\"177\">-40\uff5e+120<\/td>\n<\/tr>\n<tr>\n<td width=\"81\">6<\/td>\n<td width=\"273\">Conductivit\u00e9 thermique<\/td>\n<td width=\"177\">W\/m<sup>2<\/sup>.\u2103<\/td>\n<td width=\"177\">2.3\uff5e3.9<\/td>\n<\/tr>\n<tr>\n<td width=\"81\">7<\/td>\n<td width=\"273\">R\u00e9sistance \u00e0 la traction<\/td>\n<td width=\"177\">N\/mm<sup>2<\/sup><\/td>\n<td width=\"177\">\u226560<\/td>\n<\/tr>\n<tr>\n<td width=\"81\">8<\/td>\n<td width=\"273\">R\u00e9sistance \u00e0 la flexion<\/td>\n<td width=\"177\">N\/mm<sup>2<\/sup><\/td>\n<td width=\"177\">100<\/td>\n<\/tr>\n<tr>\n<td width=\"81\">9<\/td>\n<td width=\"273\">Module d'\u00e9lasticit\u00e9<\/td>\n<td width=\"177\">Mpa<\/td>\n<td width=\"177\">2400<\/td>\n<\/tr>\n<tr>\n<td width=\"81\">10<\/td>\n<td width=\"273\">Contrainte de traction \u00e0 la rupture<\/td>\n<td width=\"177\">Mpa<\/td>\n<td width=\"177\">\u226565<\/td>\n<\/tr>\n<tr>\n<td width=\"81\">11<\/td>\n<td width=\"273\">Allongement \u00e0 la rupture<\/td>\n<td width=\"177\">%<\/td>\n<td width=\"177\">&gt;100<\/td>\n<\/tr>\n<tr>\n<td width=\"81\">12<\/td>\n<td width=\"273\">Chaleur sp\u00e9cifique<\/td>\n<td width=\"177\">Kj\/Kg.K<\/td>\n<td width=\"177\">1.17<\/td>\n<\/tr>\n<tr>\n<td width=\"81\">13<\/td>\n<td width=\"273\">Temp\u00e9rature de d\u00e9viation de la chaleur<\/td>\n<td width=\"177\">\u2103<\/td>\n<td width=\"177\">140<\/td>\n<\/tr>\n<tr>\n<td width=\"81\">14<\/td>\n<td width=\"273\">Effet de l'insonorisation<\/td>\n<td width=\"177\">Feuille creuse de 10 mm<\/td>\n<td width=\"177\">Att\u00e9nuation 20dB<\/td>\n<\/tr>\n<\/tbody>\n<\/table>\n<p><strong style=\"font-size: revert; color: initial;\"><b>Application de la feuille de polycarbonate \u00e0 double paroi<\/b><\/strong><\/p>\n<p>1.Toit pour l'\u00e9clairage naturel des b\u00e2timents civils et publics, la d\u00e9coration int\u00e9rieure et les installations publiques. .<\/p>\n<p>2. stades et installations r\u00e9cr\u00e9atives .<\/p>\n<p>3. serres commerciales, aquiculture et poulaillers .<\/p>\n<p>4. bo\u00eetes lumineuses, enseignes et panneaux publicitaires dans les points de vente. .<\/p>\n<p>5. les toits des salles d'attente des gares ferroviaires, des stations de m\u00e9tro, des gares routi\u00e8res et des a\u00e9roports. .<\/p>\n<p>\u00a0<\/p>\n\n\n<figure class=\"wp-block-gallery has-nested-images columns-default is-cropped wp-block-gallery-1 is-layout-flex wp-block-gallery-is-layout-flex\">\n<figure class=\"wp-block-image size-full\"><img fetchpriority=\"high\" decoding=\"async\" width=\"720\" height=\"674\" data-id=\"15126\" src=\"https:\/\/www.tononplastics.com\/wp-content\/uploads\/2023\/08\/10014.jpg\" alt=\"\" class=\"wp-image-15126\" title=\"\" srcset=\"https:\/\/www.tononplastics.com\/wp-content\/uploads\/2023\/08\/10014.jpg 720w, https:\/\/www.tononplastics.com\/wp-content\/uploads\/2023\/08\/10014-300x281.jpg 300w\" sizes=\"(max-width: 720px) 100vw, 720px\" \/><\/figure>\n\n\n\n<figure class=\"wp-block-image size-large\"><img decoding=\"async\" width=\"1000\" height=\"1000\" data-id=\"15120\" src=\"https:\/\/www.tononplastics.com\/wp-content\/uploads\/2023\/08\/10008-2.jpg\" alt=\"\" class=\"wp-image-15120\" title=\"\" srcset=\"https:\/\/www.tononplastics.com\/wp-content\/uploads\/2023\/08\/10008-2.jpg 1000w, https:\/\/www.tononplastics.com\/wp-content\/uploads\/2023\/08\/10008-2-300x300.jpg 300w, https:\/\/www.tononplastics.com\/wp-content\/uploads\/2023\/08\/10008-2-150x150.jpg 150w, https:\/\/www.tononplastics.com\/wp-content\/uploads\/2023\/08\/10008-2-768x768.jpg 768w\" sizes=\"(max-width: 1000px) 100vw, 1000px\" \/><\/figure>\n<\/figure>","protected":false},"featured_media":13745,"parent":0,"template":"","product-catagories":[178,179],"product-tag":[],"class_list":["post-14021","product","type-product","status-publish","has-post-thumbnail","hentry","product-catagories-polycarbonate-hollow-sheet","product-catagories-twin-wall-polycarbonate-sheet"],"acf":[],"_links":{"self":[{"href":"https:\/\/www.tononplastics.com\/fr\/wp-json\/wp\/v2\/product\/14021","targetHints":{"allow":["GET"]}}],"collection":[{"href":"https:\/\/www.tononplastics.com\/fr\/wp-json\/wp\/v2\/product"}],"about":[{"href":"https:\/\/www.tononplastics.com\/fr\/wp-json\/wp\/v2\/types\/product"}],"version-history":[{"count":0,"href":"https:\/\/www.tononplastics.com\/fr\/wp-json\/wp\/v2\/product\/14021\/revisions"}],"wp:featuredmedia":[{"embeddable":true,"href":"https:\/\/www.tononplastics.com\/fr\/wp-json\/wp\/v2\/media\/13745"}],"wp:attachment":[{"href":"https:\/\/www.tononplastics.com\/fr\/wp-json\/wp\/v2\/media?parent=14021"}],"wp:term":[{"taxonomy":"product-catagories","embeddable":true,"href":"https:\/\/www.tononplastics.com\/fr\/wp-json\/wp\/v2\/product-catagories?post=14021"},{"taxonomy":"product-tag","embeddable":true,"href":"https:\/\/www.tononplastics.com\/fr\/wp-json\/wp\/v2\/product-tag?post=14021"}],"curies":[{"name":"wp","href":"https:\/\/api.w.org\/{rel}","templated":true}]}}