{"id":14023,"date":"2023-05-04T21:05:05","date_gmt":"2023-05-04T13:05:05","guid":{"rendered":"https:\/\/tononplastics.com\/?post_type=product&#038;p=14023"},"modified":"2024-03-25T15:14:16","modified_gmt":"2024-03-25T07:14:16","slug":"green-house-polycarbonate-hollow-sheet","status":"publish","type":"product","link":"https:\/\/www.tononplastics.com\/fr\/product\/green-house-polycarbonate-hollow-sheet\/","title":{"rendered":"Feuille creuse en polycarbonate pour maison verte"},"content":{"rendered":"<figure class=\"wp-block-gallery has-nested-images columns-default is-cropped wp-block-gallery-1 is-layout-flex wp-block-gallery-is-layout-flex\">\n<figure class=\"wp-block-image size-large\"><img decoding=\"async\" data-id=\"16138\" src=\"https:\/\/www.tononplastics.com\/wp-content\/uploads\/2024\/03\/H8c2216795864433d9334feab5642fc17J.webp\" alt=\"\" class=\"wp-image-16138\" title=\"\"><\/figure>\n\n\n\n<figure class=\"wp-block-image size-large\"><img decoding=\"async\" data-id=\"16139\" src=\"https:\/\/www.tononplastics.com\/wp-content\/uploads\/2024\/03\/H51343cdbb8f04c94a5295d3aa768236fu.webp\" alt=\"\" class=\"wp-image-16139\" title=\"\"><\/figure>\n<\/figure>\n\n\n<p><strong><b>D\u00e9tail du produit<\/b><\/strong><strong><b>:<\/b><\/strong><\/p>\n<p>La plaque creuse en polycarbonate de Green House (\u00e9galement connue sous le nom de plaque solaire, plaque de verre Capron, plaque creuse en PC) est fabriqu\u00e9e \u00e0 partir d'un plastique technique de haute performance - le polycarbonate (PC). Elle pr\u00e9sente les caract\u00e9ristiques suivantes : grande transparence, l\u00e9g\u00e8ret\u00e9, r\u00e9sistance aux chocs, isolation acoustique, isolation thermique, retardateur de flamme, antivieillissement, etc. Il s'agit d'une feuille plastique de haute technologie, extr\u00eamement performante, \u00e9conome en \u00e9nergie et respectueuse de l'environnement, qui est actuellement le mat\u00e9riau de construction plastique g\u00e9n\u00e9ral au niveau international, et auquel on ne peut comparer d'autres mat\u00e9riaux de d\u00e9coration (tels que le verre, le plexiglas, etc.). Il est largement utilis\u00e9 dans les commerces, les usines, les salles de sport, les plafonds d'\u00e9clairage et les abris d'ombrage, les serres agricoles, les serres d'aquaculture et les serres florales, les cabines t\u00e9l\u00e9phoniques, les kiosques, les gares et autres services publics, le bruit de l'autoroute, le domaine de la d\u00e9coration publicitaire.<\/p>\n<table style=\"height: 596px; width: 839px; background-color: #e0dede;\" border=\"1\" cellspacing=\"1\" cellpadding=\"1\">\n<tbody>\n<tr style=\"height: 28px;\">\n<td style=\"height: 28px; width: 49.6749%;\" width=\"284\">Nom du produit<\/td>\n<td style=\"height: 28px; width: 49.6749%;\" width=\"284\">Plaque creuse en polycarbonate<\/td>\n<\/tr>\n<tr style=\"height: 28px;\">\n<td style=\"height: 28px; width: 49.6749%;\" width=\"284\">Lieu d'origine<\/td>\n<td style=\"height: 28px; width: 49.6749%;\" width=\"284\">Foshan City, Guangdong, Chine<\/td>\n<\/tr>\n<tr style=\"height: 28px;\">\n<td style=\"height: 28px; width: 49.6749%;\" width=\"284\">Mat\u00e9riau<\/td>\n<td style=\"height: 28px; width: 49.6749%;\" width=\"284\">100% Polycarbonate vierge Mat\u00e9riau<\/td>\n<\/tr>\n<tr style=\"height: 57px;\">\n<td style=\"height: 57px; width: 49.6749%;\" width=\"284\">Couleurs<\/td>\n<td style=\"height: 57px; width: 49.6749%;\" width=\"284\">Transparent, bronze, bleu, vert, opale, gris ou personnalis\u00e9<\/td>\n<\/tr>\n<tr style=\"height: 28px;\">\n<td style=\"height: 28px; width: 49.6749%;\" width=\"284\">\u00c9paisseur<\/td>\n<td style=\"height: 28px; width: 49.6749%;\" width=\"284\">3-20mm<\/td>\n<\/tr>\n<tr style=\"height: 28px;\">\n<td style=\"height: 28px; width: 49.6749%;\" width=\"284\">Largeur<\/td>\n<td style=\"height: 28px; width: 49.6749%;\" width=\"284\">2.1m, 1.22m Ou sur mesure<\/td>\n<\/tr>\n<tr style=\"height: 57px;\">\n<td style=\"height: 57px; width: 49.6749%;\" width=\"284\">Surface<\/td>\n<td style=\"height: 57px; width: 49.6749%;\" width=\"284\">Avec une protection UV de 50 microns, r\u00e9sistance \u00e0 la chaleur<\/td>\n<\/tr>\n<tr style=\"height: 28px;\">\n<td style=\"height: 28px; width: 49.6749%;\" width=\"284\">Norme de retardement<\/td>\n<td style=\"height: 28px; width: 49.6749%;\" width=\"284\">Grade A<\/td>\n<\/tr>\n<tr style=\"height: 57px;\">\n<td style=\"height: 57px; width: 49.6749%;\" width=\"284\">Emballage<\/td>\n<td style=\"height: 57px; width: 49.6749%;\" width=\"284\">Les deux faces sont recouvertes d'un film PE, le logo est appos\u00e9 sur le film PE. Un emballage personnalis\u00e9 est \u00e9galement disponible.<\/td>\n<\/tr>\n<tr style=\"height: 57px;\">\n<td style=\"height: 57px; width: 49.6749%;\" width=\"284\">Livraison<\/td>\n<td style=\"height: 57px; width: 49.6749%;\" width=\"284\">Dans un d\u00e9lai de 7 \u00e0 10 jours apr\u00e8s r\u00e9ception de l'acompte<\/td>\n<\/tr>\n<\/tbody>\n<\/table>\n<p><strong>Sp\u00e9cification de la plaque creuse en polycarbonate de Tonon<\/strong><\/p>\n<table style=\"height: 236px; width: 838px;\" border=\"1\" cellspacing=\"1\" cellpadding=\"1\">\n<tbody>\n<tr>\n<td width=\"72\">\u00c9paisseur<\/td>\n<td width=\"53\">Poids<\/td>\n<td width=\"47\">Largeur<\/td>\n<td width=\"53\">Longueur<\/td>\n<td colspan=\"6\" width=\"340\">Transmission de la lumi\u00e8re%(\u00b13%)<\/td>\n<\/tr>\n<tr>\n<td width=\"72\">mm<\/td>\n<td width=\"53\">Kg\/m2<\/td>\n<td width=\"47\">mm<\/td>\n<td width=\"53\">mm<\/td>\n<td width=\"47\">Clair<\/td>\n<td width=\"79\">Opalescent<\/td>\n<td width=\"40\">Bleu<\/td>\n<td width=\"73\">Lac bleu<\/td>\n<td width=\"53\">Bronze<\/td>\n<td width=\"47\">Vert<\/td>\n<\/tr>\n<tr>\n<td width=\"72\">4<\/td>\n<td width=\"53\">1<\/td>\n<td width=\"47\">2100<\/td>\n<td width=\"53\">6000<\/td>\n<td width=\"47\">80<\/td>\n<td width=\"79\">57<\/td>\n<td width=\"40\">45<\/td>\n<td width=\"73\">55<\/td>\n<td width=\"53\">55<\/td>\n<td width=\"47\">45<\/td>\n<\/tr>\n<tr>\n<td width=\"72\">6<\/td>\n<td width=\"53\">1.3<\/td>\n<td width=\"47\">2100<\/td>\n<td width=\"53\">6000<\/td>\n<td width=\"47\">79<\/td>\n<td width=\"79\">56<\/td>\n<td width=\"40\">36<\/td>\n<td width=\"73\">50<\/td>\n<td width=\"53\">53<\/td>\n<td width=\"47\">42<\/td>\n<\/tr>\n<tr>\n<td width=\"72\">8<\/td>\n<td width=\"53\">1.5<\/td>\n<td width=\"47\">2100<\/td>\n<td width=\"53\">6000<\/td>\n<td width=\"47\">78<\/td>\n<td width=\"79\">52<\/td>\n<td width=\"40\">30<\/td>\n<td width=\"73\">47<\/td>\n<td width=\"53\">51<\/td>\n<td width=\"47\">40<\/td>\n<\/tr>\n<tr>\n<td width=\"72\">10<\/td>\n<td width=\"53\">1.7<\/td>\n<td width=\"47\">2100<\/td>\n<td width=\"53\">6000<\/td>\n<td width=\"47\">77<\/td>\n<td width=\"79\">44<\/td>\n<td width=\"40\">25<\/td>\n<td width=\"73\">42<\/td>\n<td width=\"53\">48<\/td>\n<td width=\"47\">35<\/td>\n<\/tr>\n<\/tbody>\n<\/table>\n<p><strong>Donn\u00e9es techniques de la plaque creuse en polycarbonate de Tonon<\/strong><\/p>\n<table style=\"width: 842px; height: 562px;\" border=\"1\" cellspacing=\"1\" cellpadding=\"1\">\n<tbody>\n<tr>\n<td width=\"65\">Non.<\/td>\n<td width=\"218\">Caract\u00e9ristiques<\/td>\n<td width=\"142\">Unit\u00e9<\/td>\n<td width=\"142\">Date<\/td>\n<\/tr>\n<tr>\n<td width=\"65\">1<\/td>\n<td width=\"218\">R\u00e9sistance aux chocs<\/td>\n<td width=\"142\">J\/M<\/td>\n<td width=\"142\">850<\/td>\n<\/tr>\n<tr>\n<td width=\"65\">2<\/td>\n<td width=\"218\">Transmission de la lumi\u00e8re<\/td>\n<td width=\"142\">%<\/td>\n<td width=\"142\">88<\/td>\n<\/tr>\n<tr>\n<td width=\"65\">3<\/td>\n<td width=\"218\">Gravit\u00e9 sp\u00e9cifique<\/td>\n<td width=\"142\">g\/cm<sup>3<\/sup><\/td>\n<td width=\"142\">1.2<\/td>\n<\/tr>\n<tr>\n<td width=\"65\">4<\/td>\n<td width=\"218\">Coefficient de dilatation thermique<\/td>\n<td width=\"142\">Mm\/m.\u2103<\/td>\n<td width=\"142\">0.065<\/td>\n<\/tr>\n<tr>\n<td width=\"65\">5<\/td>\n<td width=\"218\">Plage de temp\u00e9rature<\/td>\n<td width=\"142\">\u2103<\/td>\n<td width=\"142\">-40\uff5e+120<\/td>\n<\/tr>\n<tr>\n<td width=\"65\">6<\/td>\n<td width=\"218\">Conductivit\u00e9 thermique<\/td>\n<td width=\"142\">W\/m<sup>2<\/sup>.\u2103<\/td>\n<td width=\"142\">2.3\uff5e3.9<\/td>\n<\/tr>\n<tr>\n<td width=\"65\">7<\/td>\n<td width=\"218\">R\u00e9sistance \u00e0 la traction<\/td>\n<td width=\"142\">N\/mm<sup>2<\/sup><\/td>\n<td width=\"142\">\u226560<\/td>\n<\/tr>\n<tr>\n<td width=\"65\">8<\/td>\n<td width=\"218\">R\u00e9sistance \u00e0 la flexion<\/td>\n<td width=\"142\">N\/mm<sup>2<\/sup><\/td>\n<td width=\"142\">100<\/td>\n<\/tr>\n<tr>\n<td width=\"65\">9<\/td>\n<td width=\"218\">Module d'\u00e9lasticit\u00e9<\/td>\n<td width=\"142\">Mpa<\/td>\n<td width=\"142\">2400<\/td>\n<\/tr>\n<tr>\n<td width=\"65\">10<\/td>\n<td width=\"218\">Contrainte de traction \u00e0 la rupture<\/td>\n<td width=\"142\">Mpa<\/td>\n<td width=\"142\">\u226565<\/td>\n<\/tr>\n<tr>\n<td width=\"65\">11<\/td>\n<td width=\"218\">Allongement \u00e0 la rupture<\/td>\n<td width=\"142\">%<\/td>\n<td width=\"142\">&gt;100<\/td>\n<\/tr>\n<tr>\n<td width=\"65\">12<\/td>\n<td width=\"218\">Chaleur sp\u00e9cifique<\/td>\n<td width=\"142\">Kj\/Kg.K<\/td>\n<td width=\"142\">1.17<\/td>\n<\/tr>\n<tr>\n<td width=\"65\">13<\/td>\n<td width=\"218\">Temp\u00e9rature de d\u00e9viation de la chaleur<\/td>\n<td width=\"142\">\u2103<\/td>\n<td width=\"142\">140<\/td>\n<\/tr>\n<tr>\n<td width=\"65\">14<\/td>\n<td width=\"218\">Effet de l'insonorisation<\/td>\n<td width=\"142\">Feuille creuse de 10 mm<\/td>\n<td width=\"142\">Att\u00e9nuation 20dB<\/td>\n<\/tr>\n<\/tbody>\n<\/table>\n<p><strong><b>Application de la feuille de polycarbonate \u00e0 double paroi<\/b><\/strong><\/p>\n<p>1.Toit pour l'\u00e9clairage naturel des b\u00e2timents civils et publics, la d\u00e9coration int\u00e9rieure et les installations publiques. .<\/p>\n<p>2. stades et installations r\u00e9cr\u00e9atives .<\/p>\n<p>3. serres commerciales, aquiculture et poulaillers .<\/p>\n<p>4. bo\u00eetes lumineuses, enseignes et panneaux publicitaires dans les points de vente. .<\/p>\n<p>5. les toits des salles d'attente des gares ferroviaires, des stations de m\u00e9tro, des gares routi\u00e8res et des a\u00e9roports. .<\/p>\n<p>\u00a0<\/p>","protected":false},"featured_media":14031,"parent":0,"template":"","product-catagories":[178,179],"product-tag":[],"class_list":["post-14023","product","type-product","status-publish","has-post-thumbnail","hentry","product-catagories-polycarbonate-hollow-sheet","product-catagories-twin-wall-polycarbonate-sheet"],"acf":[],"_links":{"self":[{"href":"https:\/\/www.tononplastics.com\/fr\/wp-json\/wp\/v2\/product\/14023","targetHints":{"allow":["GET"]}}],"collection":[{"href":"https:\/\/www.tononplastics.com\/fr\/wp-json\/wp\/v2\/product"}],"about":[{"href":"https:\/\/www.tononplastics.com\/fr\/wp-json\/wp\/v2\/types\/product"}],"version-history":[{"count":0,"href":"https:\/\/www.tononplastics.com\/fr\/wp-json\/wp\/v2\/product\/14023\/revisions"}],"wp:featuredmedia":[{"embeddable":true,"href":"https:\/\/www.tononplastics.com\/fr\/wp-json\/wp\/v2\/media\/14031"}],"wp:attachment":[{"href":"https:\/\/www.tononplastics.com\/fr\/wp-json\/wp\/v2\/media?parent=14023"}],"wp:term":[{"taxonomy":"product-catagories","embeddable":true,"href":"https:\/\/www.tononplastics.com\/fr\/wp-json\/wp\/v2\/product-catagories?post=14023"},{"taxonomy":"product-tag","embeddable":true,"href":"https:\/\/www.tononplastics.com\/fr\/wp-json\/wp\/v2\/product-tag?post=14023"}],"curies":[{"name":"wp","href":"https:\/\/api.w.org\/{rel}","templated":true}]}}