{"id":14555,"date":"2023-08-08T10:35:55","date_gmt":"2023-08-08T02:35:55","guid":{"rendered":"https:\/\/tononplastics.com\/?post_type=product&#038;p=14555"},"modified":"2024-04-16T14:10:09","modified_gmt":"2024-04-16T06:10:09","slug":"polycarbonate-hollow-sheet","status":"publish","type":"product","link":"https:\/\/www.tononplastics.com\/fr\/product\/polycarbonate-hollow-sheet\/","title":{"rendered":"Feuille creuse en polycarbonate"},"content":{"rendered":"<p>TECHPLAST - PLAQUE CREUSE EN POLYCARBONATE<\/p>\n\n\n\n<p>( 100% Mati\u00e8re premi\u00e8re BAYER\/SABIC avec 10 ans de garantie ; l'\u00e9paisseur des UV est sup\u00e9rieure \u00e0 50 microns)<\/p>\n\n\n\n<p>La feuille creuse en polycarbonate combine la r\u00e9sistance du polycarbonate avec une isolation sup\u00e9rieure gr\u00e2ce \u00e0 sa structure cellulaire.<\/p>\n\n\n\n<p>La protection UV d'un c\u00f4t\u00e9 est \u00e9galement standard, offrant une protection de 99,9% contre les UV nocifs et une r\u00e9sistance aux chocs 250 fois sup\u00e9rieure \u00e0 celle du verre.<\/p>\n\n\n\n<p>Cette combinaison fait de Techplast le mat\u00e9riau id\u00e9al pour les structures commerciales et domestiques.<\/p>\n\n\n\n<p>comme les pergolas, les passerelles, les fa\u00e7ades, les puits de lumi\u00e8re et les murs translucides.<\/p>\n\n\n\n<p>\u25b6 Haute isolation thermique<\/p>\n\n\n\n<p>\u25b6 Extr\u00eamement l\u00e9ger mais r\u00e9sistant aux chocs<\/p>\n\n\n\n<p>\u25b6 Haute transmission de la lumi\u00e8re<\/p>\n\n\n\n<p>\u25b6 Excellente durabilit\u00e9 structurelle<\/p>\n\n\n\n<p>\u25b6 R\u00e9sistant aux intemp\u00e9ries et aux UV<\/p>\n\n\n\n<p>\u25b6 Bloque pratiquement tous les rayons UV<\/p>\n\n\n\n<p>\u25b6 Facile \u00e0 manipuler et \u00e0 installer<\/p>\n\n\n\n<p>\u25b6 Classement au feu \u00e9lev\u00e9<\/p>\n\n\n\n<p><strong>STRUCTURE ET TAILLE<\/strong><\/p>\n\n\n\n<figure class=\"wp-block-table\"><table><tbody><tr><td>Type<\/td><td>\u00c9paisseur (mm)<\/td><td>Longueur standard (mm)<\/td><td>Poids (kg\/\u33a1)<\/td><td>Valeur K (w\/m\u00b2*k)<\/td><td>LT clair&nbsp;<\/td><td>Rayon de courbure minimal (mm)<\/td><td>Anti-Voix(DB)<\/td><\/tr><tr><td rowspan=\"5\">Structure R \u00e0 2 parois<\/td><td>4<\/td><td>2100,1050,700<\/td><td>0.85<\/td><td>3.96<\/td><td>80<\/td><td>700<\/td><td>15<\/td><\/tr><tr><td>6<\/td><td>2100,1050,700<\/td><td>1.3<\/td><td>3.56<\/td><td>78<\/td><td>1050<\/td><td>17<\/td><\/tr><tr><td>8<\/td><td>2100,1050,700<\/td><td>1.5<\/td><td>3.26<\/td><td>76<\/td><td>1400<\/td><td>18<\/td><\/tr><tr><td>10<\/td><td>2100,1050,700<\/td><td>1.7<\/td><td>3.02<\/td><td>73<\/td><td>1750<\/td><td>19<\/td><\/tr><tr><td>12<\/td><td>2100,1050,700<\/td><td>1.9<\/td><td>2.78<\/td><td>72<\/td><td>2100<\/td><td>20<\/td><\/tr><tr><td rowspan=\"6\">Structure R \u00e0 3 parois<\/td><td>8<\/td><td>2100,1050,700<\/td><td>1.6<\/td><td>2.76<\/td><td>73<\/td><td>1400<\/td><td>19<\/td><\/tr><tr><td>10<\/td><td>2100,1050,700<\/td><td>1.80<\/td><td>2.68<\/td><td>71<\/td><td>1750<\/td><td>19<\/td><\/tr><tr><td>12<\/td><td>2100,1050,700<\/td><td>2.10<\/td><td>2.60<\/td><td>71<\/td><td>2100<\/td><td>19<\/td><\/tr><tr><td>14<\/td><td>2100,1050,700<\/td><td>2.40<\/td><td>2.42<\/td><td>69<\/td><td>2450<\/td><td>20<\/td><\/tr><tr><td>16<\/td><td>2100,1050,700<\/td><td>2.70<\/td><td>2.27<\/td><td>68<\/td><td>2800<\/td><td>21<\/td><\/tr><tr><td>18<\/td><td>2100,1050,700<\/td><td>3.00<\/td><td>2.21<\/td><td>67<\/td><td>3150<\/td><td>22<\/td><\/tr><tr><td rowspan=\"7\">Structure R \u00e0 4 parois<\/td><td>8<\/td><td>2100,1050,700<\/td><td>1.80<\/td><td>2.56<\/td><td>71<\/td><td>1400<\/td><td>18<\/td><\/tr><tr><td>10<\/td><td>2100,1050,700<\/td><td>2.10<\/td><td>2.39<\/td><td>71<\/td><td>1750<\/td><td>19<\/td><\/tr><tr><td>12<\/td><td>2100,1050,700<\/td><td>2.30<\/td><td>2.30<\/td><td>70<\/td><td>2100<\/td><td>20<\/td><\/tr><tr><td>14<\/td><td>2100,1050,700<\/td><td>2.50<\/td><td>2.10<\/td><td>69<\/td><td>2450<\/td><td>21<\/td><\/tr><tr><td>16<\/td><td>2100,1050,700<\/td><td>2.80<\/td><td>2.00<\/td><td>68<\/td><td>2800<\/td><td>22<\/td><\/tr><tr><td>18<\/td><td>2100,1050,700<\/td><td>3.10<\/td><td>1.88<\/td><td>66<\/td><td>3150<\/td><td>22<\/td><\/tr><tr><td>20<\/td><td>2100,1050,700<\/td><td>3.30<\/td><td>1.69<\/td><td>63<\/td><td>3500<\/td><td>23<\/td><\/tr><tr><td rowspan=\"6\">Structure en H \u00e0 4 parois<\/td><td>6<\/td><td>2100,1050,700<\/td><td>1.30<\/td><td>2.96<\/td><td>59<\/td><td>1050<\/td><td>18<\/td><\/tr><tr><td>8<\/td><td>2100,1050,700<\/td><td>1.7<\/td><td>2.58<\/td><td>58<\/td><td>1400<\/td><td>18<\/td><\/tr><tr><td>10<\/td><td>2100,1050,700<\/td><td>1.9<\/td><td>2.16<\/td><td>57<\/td><td>1750<\/td><td>19<\/td><\/tr><tr><td>12<\/td><td>2100,1050,700<\/td><td>2.20<\/td><td>1.98<\/td><td>56<\/td><td>2100<\/td><td>20<\/td><\/tr><tr><td>14<\/td><td>2100,1050,700<\/td><td>2.40<\/td><td>1.74<\/td><td>55<\/td><td>2450<\/td><td>20<\/td><\/tr><tr><td>16<\/td><td>2100,1050,700<\/td><td>2.70<\/td><td>1.56<\/td><td>53<\/td><td>2800<\/td><td>21<\/td><\/tr><tr><td rowspan=\"4\">Structure en X \u00e0 5 parois<\/td><td>12<\/td><td>2100,1050,700<\/td><td>2.10<\/td><td>2.56<\/td><td>66<\/td><td>2100<\/td><td>20<\/td><\/tr><tr><td>16<\/td><td>2100,1050,700<\/td><td>2.80<\/td><td>2.10<\/td><td>65<\/td><td>2800<\/td><td>21<\/td><\/tr><tr><td>20<\/td><td>2100,1050,700<\/td><td>2.95<\/td><td>2.27<\/td><td>63<\/td><td>3500<\/td><td>22<\/td><\/tr><tr><td>25<\/td><td>2100,1050,700<\/td><td>3.35<\/td><td>2.16<\/td><td>60<\/td><td>4375<\/td><td>23<\/td><\/tr><tr><td rowspan=\"5\">Structure en D \u00e0 7 parois<\/td><td>22<\/td><td>2100,1050,700<\/td><td>3.40<\/td><td>1.51<\/td><td>58<\/td><td>3850<\/td><td>22<\/td><\/tr><tr><td>25<\/td><td>2100,1050,700<\/td><td>3.60<\/td><td>1.41<\/td><td>57<\/td><td>4375<\/td><td>23<\/td><\/tr><tr><td>32<\/td><td>2100,1050,700<\/td><td>4.00<\/td><td>1.32<\/td><td>53<\/td><td>5600<\/td><td>23<\/td><\/tr><tr><td>35<\/td><td>2100,1050,700<\/td><td>4.50<\/td><td>1.19<\/td><td>50<\/td><td>6125<\/td><td>24<\/td><\/tr><tr><td>40<\/td><td>2100,1050,700<\/td><td>5.00<\/td><td>1.19<\/td><td>50<\/td><td>6125<\/td><td>24<\/td><\/tr><\/tbody><\/table><\/figure>\n\n\n\n<p><strong>COULEUR<\/strong><\/p>\n\n\n\n<figure class=\"wp-block-image\"><img decoding=\"async\" src=\"https:\/\/www.techplast.com.cn\/d\/file\/polycarbonate-sheet\/1\/2023-10-31\/16987396803570.jpg\" alt=\"\" title=\"1.jpg\"><\/figure>\n\n\n\n<p><strong>MAT\u00c9RIAU<\/strong><\/p>\n\n\n\n<figure class=\"wp-block-image\"><img decoding=\"async\" src=\"https:\/\/www.techplast.com.cn\/d\/file\/polycarbonate-sheet\/1\/2023-11-09\/16995220514591.png\" alt=\"\" title=\"1.png\"><\/figure>\n\n\n\n<p><strong>ATELIER<\/strong><\/p>\n\n\n\n<figure class=\"wp-block-image\"><img decoding=\"async\" src=\"https:\/\/www.techplast.com.cn\/d\/file\/polycarbonate-sheet\/1\/2023-11-08\/16994152714023.png\" alt=\"\" title=\"1.png\"><\/figure>\n\n\n\n<p><strong>LOGISTIQUE<\/strong><\/p>\n\n\n\n<figure class=\"wp-block-image\"><img decoding=\"async\" src=\"https:\/\/www.techplast.com.cn\/d\/file\/polycarbonate-sheet\/1\/2023-11-09\/16995221347488.jpg\" alt=\"\" title=\"2.jpg\"><\/figure>\n\n\n\n<p><strong>CANDIDATURE<\/strong><\/p>\n\n\n\n<figure class=\"wp-block-image\"><img decoding=\"async\" src=\"https:\/\/www.techplast.com.cn\/d\/file\/polycarbonate-sheet\/1\/2023-11-08\/16994268547308.png\" alt=\"\" title=\"1.png\"><\/figure>","protected":false},"featured_media":16744,"parent":0,"template":"","product-catagories":[178],"product-tag":[],"class_list":["post-14555","product","type-product","status-publish","has-post-thumbnail","hentry","product-catagories-polycarbonate-hollow-sheet"],"acf":[],"_links":{"self":[{"href":"https:\/\/www.tononplastics.com\/fr\/wp-json\/wp\/v2\/product\/14555","targetHints":{"allow":["GET"]}}],"collection":[{"href":"https:\/\/www.tononplastics.com\/fr\/wp-json\/wp\/v2\/product"}],"about":[{"href":"https:\/\/www.tononplastics.com\/fr\/wp-json\/wp\/v2\/types\/product"}],"version-history":[{"count":0,"href":"https:\/\/www.tononplastics.com\/fr\/wp-json\/wp\/v2\/product\/14555\/revisions"}],"wp:featuredmedia":[{"embeddable":true,"href":"https:\/\/www.tononplastics.com\/fr\/wp-json\/wp\/v2\/media\/16744"}],"wp:attachment":[{"href":"https:\/\/www.tononplastics.com\/fr\/wp-json\/wp\/v2\/media?parent=14555"}],"wp:term":[{"taxonomy":"product-catagories","embeddable":true,"href":"https:\/\/www.tononplastics.com\/fr\/wp-json\/wp\/v2\/product-catagories?post=14555"},{"taxonomy":"product-tag","embeddable":true,"href":"https:\/\/www.tononplastics.com\/fr\/wp-json\/wp\/v2\/product-tag?post=14555"}],"curies":[{"name":"wp","href":"https:\/\/api.w.org\/{rel}","templated":true}]}}