{"id":14571,"date":"2023-08-08T10:50:24","date_gmt":"2023-08-08T02:50:24","guid":{"rendered":"https:\/\/tononplastics.com\/?post_type=product&#038;p=14571"},"modified":"2024-03-25T11:25:13","modified_gmt":"2024-03-25T03:25:13","slug":"polycarbonte-awning","status":"publish","type":"product","link":"https:\/\/www.tononplastics.com\/fr\/product\/polycarbonte-awning\/","title":{"rendered":"Auvent en polycarbonate"},"content":{"rendered":"<p><strong>D\u00e9tails<\/strong>:<br>Les stores en polycarbonate utilisent principalement des feuilles de polycarbonate de Bayer (y compris des feuilles creuses en PC et des feuilles pleines en PC) comme mat\u00e9riau. La l\u00e9g\u00e8ret\u00e9 et la forte r\u00e9sistance aux intemp\u00e9ries sont deux caract\u00e9ristiques importantes. Il est tr\u00e8s utilis\u00e9 comme auvent de gare routi\u00e8re et de parking souterrain. Il est facile \u00e0 installer.<\/p>\n\n\n\n<p><strong>Avantage des auvents en polycarbonate<\/strong><br>1. surface unique transparente et protectrice contre les UV<br>2. r\u00e9sistance aux intemp\u00e9ries<br>3. feuille de plastique en polycarbonate durable et supports structurels en plastique solides<br>4. con\u00e7u pour r\u00e9sister \u00e0 un ouragan de cat\u00e9gorie 1<br>5.La surface r\u00e9duit le bruit de la pluie et de la gr\u00eale<br>6. respect de l'environnement<br>7) Plusieurs auvents peuvent \u00eatre reli\u00e9s pour cr\u00e9er un auvent plus long.<br>8. toute la quincaillerie est incluse pour un montage et une installation rapides et faciles<\/p>\n\n\n\n<figure class=\"wp-block-gallery has-nested-images columns-default is-cropped wp-block-gallery-1 is-layout-flex wp-block-gallery-is-layout-flex\">\n<figure class=\"wp-block-image size-large\"><img fetchpriority=\"high\" decoding=\"async\" width=\"662\" height=\"379\" data-id=\"14365\" src=\"https:\/\/www.tononplastics.com\/wp-content\/uploads\/2023\/08\/img-121.jpg\" alt=\"\" class=\"wp-image-14365\" title=\"\" srcset=\"https:\/\/www.tononplastics.com\/wp-content\/uploads\/2023\/08\/img-121.jpg 662w, https:\/\/www.tononplastics.com\/wp-content\/uploads\/2023\/08\/img-121-300x172.jpg 300w\" sizes=\"(max-width: 662px) 100vw, 662px\" \/><\/figure>\n\n\n\n<figure class=\"wp-block-image size-large\"><img decoding=\"async\" width=\"1024\" height=\"683\" data-id=\"14364\" src=\"https:\/\/www.tononplastics.com\/wp-content\/uploads\/2023\/08\/img-120-1024x683.jpg\" alt=\"\" class=\"wp-image-14364\" title=\"\" srcset=\"https:\/\/www.tononplastics.com\/wp-content\/uploads\/2023\/08\/img-120-1024x683.jpg 1024w, https:\/\/www.tononplastics.com\/wp-content\/uploads\/2023\/08\/img-120-300x200.jpg 300w, https:\/\/www.tononplastics.com\/wp-content\/uploads\/2023\/08\/img-120-768x512.jpg 768w, https:\/\/www.tononplastics.com\/wp-content\/uploads\/2023\/08\/img-120-1536x1024.jpg 1536w, https:\/\/www.tononplastics.com\/wp-content\/uploads\/2023\/08\/img-120-2048x1365.jpg 2048w\" sizes=\"(max-width: 1024px) 100vw, 1024px\" \/><\/figure>\n<\/figure>\n\n\n<p><b>SP\u00c9CIFICATION DES AUVENTS<\/b><\/p>\n<table style=\"border-collapse: collapse; width: 100%;\">\n<tbody>\n<tr>\n<td style=\"width: 16.335%;\">\n<p>Largeur (mm)<\/p>\n<\/td>\n<td style=\"width: 83.665%;\">\n<p>600,800,1000,1200,1500,2000<\/p>\n<\/td>\n<\/tr>\n<tr>\n<td style=\"width: 16.335%;\">\n<p>Profondeur (mm)<\/p>\n<\/td>\n<td style=\"width: 83.665%;\">\n<p>600,800,1000,1200,1500<\/p>\n<\/td>\n<\/tr>\n<tr>\n<td style=\"width: 16.335%;\">\n<p>Mat\u00e9riau du panneau<\/p>\n<\/td>\n<td style=\"width: 83.665%;\">\n<p>Plaque PC solide de 3 mm<\/p>\n<p>Feuille solide en PC de 6 mm<\/p>\n<\/td>\n<\/tr>\n<tr>\n<td style=\"width: 16.335%;\">\n<p>Support<\/p>\n<\/td>\n<td style=\"width: 83.665%;\">\n<p>Plastique technique PP ou aluminium<\/p>\n<\/td>\n<\/tr>\n<tr>\n<td style=\"width: 16.335%;\">\n<p>Remarques<\/p>\n<\/td>\n<td style=\"width: 83.665%;\">\n<p>Les dimensions peuvent \u00eatre personnalis\u00e9es en fonction des besoins du client.<\/p>\n<\/td>\n<\/tr>\n<\/tbody>\n<\/table>\n<p>\u00a0<\/p>\n\n\n<figure class=\"wp-block-gallery has-nested-images columns-default is-cropped wp-block-gallery-2 is-layout-flex wp-block-gallery-is-layout-flex\">\n<figure class=\"wp-block-image size-large\"><img decoding=\"async\" width=\"682\" height=\"358\" data-id=\"15372\" src=\"https:\/\/www.tononplastics.com\/wp-content\/uploads\/2023\/08\/H2d98bb868b2d4385b8957b7b46c19741H.png\" alt=\"\" class=\"wp-image-15372\" title=\"\" srcset=\"https:\/\/www.tononplastics.com\/wp-content\/uploads\/2023\/08\/H2d98bb868b2d4385b8957b7b46c19741H.png 682w, https:\/\/www.tononplastics.com\/wp-content\/uploads\/2023\/08\/H2d98bb868b2d4385b8957b7b46c19741H-300x157.png 300w\" sizes=\"(max-width: 682px) 100vw, 682px\" \/><\/figure>\n<\/figure>","protected":false},"featured_media":14364,"parent":0,"template":"","product-catagories":[171],"product-tag":[],"class_list":["post-14571","product","type-product","status-publish","has-post-thumbnail","hentry","product-catagories-awning"],"acf":[],"_links":{"self":[{"href":"https:\/\/www.tononplastics.com\/fr\/wp-json\/wp\/v2\/product\/14571","targetHints":{"allow":["GET"]}}],"collection":[{"href":"https:\/\/www.tononplastics.com\/fr\/wp-json\/wp\/v2\/product"}],"about":[{"href":"https:\/\/www.tononplastics.com\/fr\/wp-json\/wp\/v2\/types\/product"}],"version-history":[{"count":0,"href":"https:\/\/www.tononplastics.com\/fr\/wp-json\/wp\/v2\/product\/14571\/revisions"}],"wp:featuredmedia":[{"embeddable":true,"href":"https:\/\/www.tononplastics.com\/fr\/wp-json\/wp\/v2\/media\/14364"}],"wp:attachment":[{"href":"https:\/\/www.tononplastics.com\/fr\/wp-json\/wp\/v2\/media?parent=14571"}],"wp:term":[{"taxonomy":"product-catagories","embeddable":true,"href":"https:\/\/www.tononplastics.com\/fr\/wp-json\/wp\/v2\/product-catagories?post=14571"},{"taxonomy":"product-tag","embeddable":true,"href":"https:\/\/www.tononplastics.com\/fr\/wp-json\/wp\/v2\/product-tag?post=14571"}],"curies":[{"name":"wp","href":"https:\/\/api.w.org\/{rel}","templated":true}]}}