{"id":15068,"date":"2023-08-22T12:40:43","date_gmt":"2023-08-22T04:40:43","guid":{"rendered":"https:\/\/tononplastics.com\/?post_type=product&#038;p=15068"},"modified":"2024-03-25T14:20:26","modified_gmt":"2024-03-25T06:20:26","slug":"online-pc-solid-corrugated-sheet-price-list-polycarbonate-corrugated-plastic-roofing-sheets","status":"publish","type":"product","link":"https:\/\/www.tononplastics.com\/fr\/product\/online-pc-solid-corrugated-sheet-price-list-polycarbonate-corrugated-plastic-roofing-sheets\/","title":{"rendered":"Online PC Solid corrugated sheet Price list. Plaques de toiture ondul\u00e9es en polycarbonate"},"content":{"rendered":"<style>\/*! elementor - v3.15.0 - 09-08-2023 *\/<br \/>\n.elementor-widget-image{text-align:center}.elementor-widget-image a{display:inline-block}.elementor-widget-image a img[src$=\".svg\"]{width:48px}.elementor-widget-image img{vertical-align:middle;display:inline-block}<\/style>\n<p><img fetchpriority=\"high\" decoding=\"async\" src=\"https:\/\/tononplastics.com\/wp-content\/uploads\/2023\/08\/img-51-1024x702.jpg\" sizes=\"(max-width: 800px) 100vw, 800px\" srcset=\"https:\/\/tononplastics.com\/wp-content\/uploads\/2023\/08\/img-51-1024x702.jpg 1024w, https:\/\/tononplastics.com\/wp-content\/uploads\/2023\/08\/img-51-300x206.jpg 300w, https:\/\/tononplastics.com\/wp-content\/uploads\/2023\/08\/img-51-768x527.jpg 768w, https:\/\/tononplastics.com\/wp-content\/uploads\/2023\/08\/img-51.jpg 1092w\" alt=\"\" width=\"800\" height=\"548\" title=\"\"><br \/>\n<img decoding=\"async\" src=\"https:\/\/tononplastics.com\/wp-content\/uploads\/2023\/05\/corrugated-polycarboante-sheet.jpg\" sizes=\"(max-width: 800px) 100vw, 800px\" srcset=\"https:\/\/tononplastics.com\/wp-content\/uploads\/2023\/05\/corrugated-polycarboante-sheet.jpg 800w, https:\/\/tononplastics.com\/wp-content\/uploads\/2023\/05\/corrugated-polycarboante-sheet-300x209.jpg 300w, https:\/\/tononplastics.com\/wp-content\/uploads\/2023\/05\/corrugated-polycarboante-sheet-768x534.jpg 768w\" alt=\"\" width=\"800\" height=\"556\" title=\"\"><\/p>\n<p><strong>D\u00e9tails du produit conventionnel :<\/strong><\/p>\n<p>1). Epaisseur de la feuille de polycarbonate \u00e0 double paroi : 3mm-12mm. Largeur : 2100 mm.<\/p>\n<p>2). Epaisseur de la feuille de polycarbonate \u00e0 triple paroi : 10mm-18mm. Largeur : 2100 mm.<\/p>\n<p>3). Epaisseur de la feuille de polycarbonate \u00e0 quatre parois : 6mm-14mm. Largeur : 2100 mm.<\/p>\n<p>4). Epaisseur de la feuille de polycarbonate alv\u00e9olaire : 6mm-14mm. Largeur : 2100 mm.<\/p>\n<p>5). Nous pouvons \u00e9galement personnaliser la largeur comme 1220mm, et l'\u00e9paisseur normale est de 4mm-6mm. Mais le prix sera plus \u00e9lev\u00e9 que la largeur de 2100 mm, car il y a une perte de frais.<\/p>\n<p>6). Plaque de polycarbonate solide d'\u00e9paisseur standard :<\/p>\n<p>1.1mm-18mm. Largeur : 1220, 1560, 1820, 2100mm. G\u00e9n\u00e9ralement 1220x2440mm.<\/p>\n<p>7). Epaisseur de la feuille de polycarbonate ondul\u00e9e : 0,8mm-1,8mm.  La largeur est de 1000 mm et 1200 mm.<\/p>\n<p><em>A. Longueur : aucune limite (recommander 5800, 6000, 11800, 12000mm pour convenir aux conteneurs 20\u2032 et 40\u2032).<\/em><\/p>\n<p><em>B. Couleur : clair\/transparent, bleu lac, vert, bleu, opale, brun\/bronze, gris argent\u00e9, rouge, jaune, etc.<\/em><\/p>\n<p><img decoding=\"async\" src=\"https:\/\/tononplastics.com\/wp-content\/uploads\/2023\/08\/10006-1.jpg\" sizes=\"(max-width: 800px) 100vw, 800px\" srcset=\"https:\/\/tononplastics.com\/wp-content\/uploads\/2023\/08\/10006-1.jpg 800w, https:\/\/tononplastics.com\/wp-content\/uploads\/2023\/08\/10006-1-300x300.jpg 300w, https:\/\/tononplastics.com\/wp-content\/uploads\/2023\/08\/10006-1-150x150.jpg 150w, https:\/\/tononplastics.com\/wp-content\/uploads\/2023\/08\/10006-1-768x768.jpg 768w\" alt=\"\" width=\"800\" height=\"800\" title=\"\"><\/p>","protected":false},"featured_media":15072,"parent":0,"template":"","product-catagories":[168],"product-tag":[],"class_list":["post-15068","product","type-product","status-publish","has-post-thumbnail","hentry","product-catagories-acrylic-sheet"],"acf":[],"_links":{"self":[{"href":"https:\/\/www.tononplastics.com\/fr\/wp-json\/wp\/v2\/product\/15068","targetHints":{"allow":["GET"]}}],"collection":[{"href":"https:\/\/www.tononplastics.com\/fr\/wp-json\/wp\/v2\/product"}],"about":[{"href":"https:\/\/www.tononplastics.com\/fr\/wp-json\/wp\/v2\/types\/product"}],"version-history":[{"count":0,"href":"https:\/\/www.tononplastics.com\/fr\/wp-json\/wp\/v2\/product\/15068\/revisions"}],"wp:featuredmedia":[{"embeddable":true,"href":"https:\/\/www.tononplastics.com\/fr\/wp-json\/wp\/v2\/media\/15072"}],"wp:attachment":[{"href":"https:\/\/www.tononplastics.com\/fr\/wp-json\/wp\/v2\/media?parent=15068"}],"wp:term":[{"taxonomy":"product-catagories","embeddable":true,"href":"https:\/\/www.tononplastics.com\/fr\/wp-json\/wp\/v2\/product-catagories?post=15068"},{"taxonomy":"product-tag","embeddable":true,"href":"https:\/\/www.tononplastics.com\/fr\/wp-json\/wp\/v2\/product-tag?post=15068"}],"curies":[{"name":"wp","href":"https:\/\/api.w.org\/{rel}","templated":true}]}}