{"id":15108,"date":"2023-08-22T16:06:27","date_gmt":"2023-08-22T08:06:27","guid":{"rendered":"https:\/\/tononplastics.com\/?post_type=product&#038;p=15108"},"modified":"2024-03-25T14:01:23","modified_gmt":"2024-03-25T06:01:23","slug":"pc-plastic-board-endurance-plate-1mm-polycarbonate-corrugate-sheet-scratch-solution","status":"publish","type":"product","link":"https:\/\/www.tononplastics.com\/fr\/product\/pc-plastic-board-endurance-plate-1mm-polycarbonate-corrugate-sheet-scratch-solution\/","title":{"rendered":"Plaque d'endurance en plastique PC Plaque ondul\u00e9e en polycarbonate de 1 mm Solution contre les rayures"},"content":{"rendered":"<p><strong>Br\u00e8ve introduction :<\/strong><\/p>\n<p>A. Gamme de produits<\/p>\n<p>1). \u00e9paisseur de la feuille de polycarbonate : 4, 5, 6, 8 et 10mm. Largeur : 2100 mm.<\/p>\n<p>2). Epaisseur de la feuille de polycarbonate \u00e0 triple paroi : 8, 10, 12, 16mm. Largeur : 2100 mm.<\/p>\n<p>3). Epaisseur de la feuille de polycarbonate \u00e0 quatre parois : 6, 8, 10, 12, 16mm. Largeur : 2100 mm.<\/p>\n<p>4). Epaisseur de la feuille de polycarbonate alv\u00e9olaire : 8, 10, 12mm. Largeur : 2100 mm.<\/p>\n<p>5). Syst\u00e8me de toiture en polycarbonate [structure rectangulaire \u00e0 quatre couches et structure en nid d'abeille] \u00e9paisseur : 8, 10 et 12 mm. Largeur : 600 mm.<\/p>\n<p>6). Plaque de polycarbonate solide [Compact] \u00e9paisseur : 0.9-8.0mm.<\/p>\n<p>Largeur : 1220, 1560, 1820, 2100mm, g\u00e9n\u00e9ralement 1220x2440mm, 2050mmx3000mm<\/p>\n<p>7). Plaque ondul\u00e9e en polycarbonate [Roma &amp; Greca &amp; Trimdek &amp; Minwave]<br \/>\nA. \u00c9paisseur : 0,8-2,5 mm. La largeur est diff\u00e9rente.<\/p>\n<p>B. Longueur : Aucune limite (recommander 5800, 6000, 11800, 12000mm pour convenir aux conteneurs 20\u2032 et 40\u2032).<br \/>\nC. Couleur : clair\/transparent, bleu lac, vert, bleu, opale, blanc, brun\/bronze, gris argent\u00e9, rouge, jaune, etc.<\/p>\n<p><img fetchpriority=\"high\" decoding=\"async\" class=\"\" src=\"https:\/\/sc01.alicdn.com\/kf\/H4924704161ca4407afe395c32f2f1217O\/200162319\/H4924704161ca4407afe395c32f2f1217O.jpg\" alt=\"Plaque d&#039;endurance en plastique PC Plaque ondul\u00e9e en polycarbonate de 1 mm Solution contre les rayures\" width=\"397\" height=\"397\" data-src=\"\/\/sc01.alicdn.com\/kf\/H4924704161ca4407afe395c32f2f1217O\/200162319\/H4924704161ca4407afe395c32f2f1217O.jpg\" data-alt=\"PC plastic board endurance plate 1mm polycarbonate corrugate sheet scratch solution\" data-width=\"630\" data- title=\"\"><img decoding=\"async\" class=\"\" src=\"https:\/\/sc02.alicdn.com\/kf\/H6a84f70266a1495594600983849c9e3cP\/200162319\/H6a84f70266a1495594600983849c9e3cP.jpg\" alt=\"Plaque d&#039;endurance en plastique PC Plaque ondul\u00e9e en polycarbonate de 1 mm Solution contre les rayures\" width=\"354\" height=\"354\" data-src=\"\/\/sc02.alicdn.com\/kf\/H6a84f70266a1495594600983849c9e3cP\/200162319\/H6a84f70266a1495594600983849c9e3cP.jpg\" data-alt=\"PC plastic board endurance plate 1mm polycarbonate corrugate sheet scratch solution\" data-width=\"630\" data- title=\"\"><br \/>\n<strong>D\u00e9tails du produit<\/strong><br \/>\n<strong>Principaux avantages concurrentiels :<\/strong><br \/>\nEmballagePi\u00e8ces de marquePays d'origineLien \u00e9lectroniquePersonnel exp\u00e9riment\u00e9Form AG Produit vertGarantieAgr\u00e9ments internationauxPrixCaract\u00e9ristiques du produitPerformance du produitLivraison rapideAgr\u00e9ments de qualit\u00e9R\u00e9putationService<br \/>\nPrincipaux march\u00e9s d'exportation :<br \/>\nAsieAustralasieAm\u00e9rique centrale et du SudEurope de l'EstMoyen-Orient\/AfriqueAm\u00e9rique du NordEurope de l'Ouest<br \/>\nD\u00e9tails de la livraison :<br \/>\nPrix FOB:US$ 3 - 5 \/ M\u00e8tres carr\u00e9s<br \/>\nPort FOB : GuangZhou<br \/>\nD\u00e9lai de livraison : 3-5 jours<\/p>\n<p><img decoding=\"async\" class=\"\" src=\"https:\/\/sc01.alicdn.com\/kf\/H0df9a838554943d78a9da9ed19748703l\/200162319\/H0df9a838554943d78a9da9ed19748703l.jpg\" alt=\"Plaque d&#039;endurance en plastique PC Plaque ondul\u00e9e en polycarbonate de 1 mm Solution contre les rayures\" width=\"350\" height=\"350\" data-src=\"\/\/sc01.alicdn.com\/kf\/H0df9a838554943d78a9da9ed19748703l\/200162319\/H0df9a838554943d78a9da9ed19748703l.jpg\" data-alt=\"PC plastic board endurance plate 1mm polycarbonate corrugate sheet scratch solution\" data-width=\"630\" data- title=\"\"><img loading=\"lazy\" decoding=\"async\" class=\"\" src=\"https:\/\/sc02.alicdn.com\/kf\/H50ae5977d66849c9b99788f6bf113f2ck\/200162319\/H50ae5977d66849c9b99788f6bf113f2ck.jpg\" alt=\"Plaque d&#039;endurance en plastique PC Plaque ondul\u00e9e en polycarbonate de 1 mm Solution contre les rayures\" width=\"365\" height=\"365\" data-src=\"\/\/sc02.alicdn.com\/kf\/H50ae5977d66849c9b99788f6bf113f2ck\/200162319\/H50ae5977d66849c9b99788f6bf113f2ck.jpg\" data-alt=\"PC plastic board endurance plate 1mm polycarbonate corrugate sheet scratch solution\" data-width=\"630\" data- title=\"\"><\/p>","protected":false},"featured_media":0,"parent":0,"template":"","product-catagories":[168],"product-tag":[],"class_list":["post-15108","product","type-product","status-publish","hentry","product-catagories-acrylic-sheet"],"acf":[],"_links":{"self":[{"href":"https:\/\/www.tononplastics.com\/fr\/wp-json\/wp\/v2\/product\/15108","targetHints":{"allow":["GET"]}}],"collection":[{"href":"https:\/\/www.tononplastics.com\/fr\/wp-json\/wp\/v2\/product"}],"about":[{"href":"https:\/\/www.tononplastics.com\/fr\/wp-json\/wp\/v2\/types\/product"}],"version-history":[{"count":0,"href":"https:\/\/www.tononplastics.com\/fr\/wp-json\/wp\/v2\/product\/15108\/revisions"}],"wp:attachment":[{"href":"https:\/\/www.tononplastics.com\/fr\/wp-json\/wp\/v2\/media?parent=15108"}],"wp:term":[{"taxonomy":"product-catagories","embeddable":true,"href":"https:\/\/www.tononplastics.com\/fr\/wp-json\/wp\/v2\/product-catagories?post=15108"},{"taxonomy":"product-tag","embeddable":true,"href":"https:\/\/www.tononplastics.com\/fr\/wp-json\/wp\/v2\/product-tag?post=15108"}],"curies":[{"name":"wp","href":"https:\/\/api.w.org\/{rel}","templated":true}]}}