{"id":15133,"date":"2023-08-23T10:15:53","date_gmt":"2023-08-23T02:15:53","guid":{"rendered":"https:\/\/tononplastics.com\/?post_type=product&#038;p=15133"},"modified":"2024-04-16T14:07:42","modified_gmt":"2024-04-16T06:07:42","slug":"pc-sheet-solid-sheet-uv-polycarbonate-sheet","status":"publish","type":"product","link":"https:\/\/www.tononplastics.com\/fr\/product\/pc-sheet-solid-sheet-uv-polycarbonate-sheet\/","title":{"rendered":"Feuille PC\/feuille solide\/feuille polycarbonate UV"},"content":{"rendered":"<figure class=\"wp-block-gallery has-nested-images columns-default is-cropped wp-block-gallery-1 is-layout-flex wp-block-gallery-is-layout-flex\">\n<figure class=\"wp-block-image size-large\"><img decoding=\"async\" data-id=\"16139\" src=\"https:\/\/www.tononplastics.com\/wp-content\/uploads\/2024\/03\/H51343cdbb8f04c94a5295d3aa768236fu.webp\" alt=\"\" class=\"wp-image-16139\" title=\"\"><\/figure>\n\n\n\n<figure class=\"wp-block-image size-large\"><img decoding=\"async\" data-id=\"16138\" src=\"https:\/\/www.tononplastics.com\/wp-content\/uploads\/2024\/03\/H8c2216795864433d9334feab5642fc17J.webp\" alt=\"\" class=\"wp-image-16138\" title=\"\"><\/figure>\n<\/figure>\n\n\n<table border=\"0\" cellspacing=\"0\" cellpadding=\"0\">\n<tbody>\n<tr>\n<td colspan=\"2\" height=\"27\"><span data-spm-anchor-id=\"a2700.details.0.i34.6678180bXkzxVd\">Caract\u00e9ristiques du film polycarbonate :<\/span><\/td>\n<\/tr>\n<tr>\n<td height=\"103\">Transmission de la lumi\u00e8re<br \/>La transmission de la lumi\u00e8re atteint 12%-82% en fonction de la couleur et de l'\u00e9paisseur.<\/td>\n<td>Protection contre les UV<br \/>Gr\u00e2ce \u00e0 un rev\u00eatement anti-UV exclusif, le film de polycarbonate conserve des performances m\u00e9caniques et optiques parfaites apr\u00e8s exposition.<\/td>\n<\/tr>\n<tr>\n<td height=\"147\" data-spm-anchor-id=\"a2700.details.0.i33.6678180bXkzxVd\">Capacit\u00e9 m\u00e9t\u00e9orologique<br \/>Il est tr\u00e8s r\u00e9sistant aux intemp\u00e9ries et conserve d'excellentes performances dans une large gamme de temp\u00e9ratures allant de -40\u00b0C \u00e0 120\u00b0C.<\/td>\n<td>Retardateur de flamme :UL Flammability 94 V-2<\/td>\n<\/tr>\n<tr>\n<td height=\"135\">Installation facile<br \/>Facile \u00e0 installer et pliable \u00e0 froid<\/td>\n<td>R\u00e9sistance aux chocs<br \/>250-300 fois la r\u00e9sistance aux chocs du verre ordinaire et 30 fois celle des panneaux acryliques de m\u00eame \u00e9paisseur, soit 2-20 fois la r\u00e9sistance du verre tremp\u00e9 tombant de deux m\u00e8tres sous un marteau de 3 kg, sans fissure ni cassure.\u00a0<\/td>\n<\/tr>\n<tr>\n<td height=\"32\">\u00a0<\/td>\n<td>\u00a0<\/td>\n<\/tr>\n<tr>\n<td colspan=\"2\" height=\"54\">Application du film polycarbonate<\/td>\n<\/tr>\n<tr>\n<td colspan=\"2\" height=\"263\">Galerie Pavillon jardins, f\u00eate foraine d\u00e9coration exotique et lieux de repos ;<br \/>B\u00e2timents commerciaux, murs-rideaux int\u00e9rieurs et ext\u00e9rieurs des b\u00e2timents urbains modernes ;<br \/>Des cabines t\u00e9l\u00e9phoniques, des panneaux publicitaires, des caissons lumineux indiquent la disposition de l'exposition ;<br \/>Murs, toits et autres mat\u00e9riaux d\u00e9coratifs d'int\u00e9rieur de haute qualit\u00e9 ;<br \/>Serre agricole et hangar d'\u00e9levage ;<br \/>Plafond d'un \u00e9co-restaurant moderne ;<br \/>Toutes les unit\u00e9s ou cellules de cycle sont remises, les balcons, les auvents et les kiosques de repos sur le toit sont remis ;<br \/>Immeubles de bureaux, grands magasins, h\u00f4tels, villas, \u00e9coles, h\u00f4pitaux, stades, centres de divertissement et installations publiques, \u00e9clairage de plafond et<\/td>\n<\/tr>\n<\/tbody>\n<\/table>\n<p>\u00a0<\/p>\n<p><strong>Application<\/strong><\/p>\n<p><img decoding=\"async\" src=\"https:\/\/sc01.alicdn.com\/kf\/Hee35153016fb4f64a8abd2cf77d8280dQ\/200162319\/Hee35153016fb4f64a8abd2cf77d8280dQ.jpg\" alt=\"Feuille PC\/feuille solide\/feuille polycarbonate UV\" width=\"630\" height=\"404.88\" data-src=\"\/\/sc01.alicdn.com\/kf\/Hee35153016fb4f64a8abd2cf77d8280dQ\/200162319\/Hee35153016fb4f64a8abd2cf77d8280dQ.jpg\" data-alt=\"PC sheet\/solid sheet\/UV Polycarbonate sheet\" data-width=\"630\" data- title=\"\"><br \/><strong>Production et livraison<\/strong><\/p>\n<p><img fetchpriority=\"high\" decoding=\"async\" src=\"https:\/\/sc01.alicdn.com\/kf\/HTB1wS_FPVXXXXaeXFXXq6xXFXXXX\/200162319\/HTB1wS_FPVXXXXaeXFXXq6xXFXXXX.jpg\" alt=\"Feuille PC\/feuille solide\/feuille polycarbonate UV\" width=\"630\" height=\"473\" data-src=\"\/\/sc01.alicdn.com\/kf\/HTB1wS_FPVXXXXaeXFXXq6xXFXXXX\/200162319\/HTB1wS_FPVXXXXaeXFXXq6xXFXXXX.jpg\" data-alt=\"PC sheet\/solid sheet\/UV Polycarbonate sheet\" data-width=\"630\" data-height=\"473\" data- title=\"\"><img decoding=\"async\" src=\"https:\/\/sc01.alicdn.com\/kf\/HTB1HX_MPVXXXXcuXpXXq6xXFXXXP\/200162319\/HTB1HX_MPVXXXXcuXpXXq6xXFXXXP.jpg\" alt=\"Feuille PC\/feuille solide\/feuille polycarbonate UV\" width=\"630\" height=\"473\" data-src=\"\/\/sc01.alicdn.com\/kf\/HTB1HX_MPVXXXXcuXpXXq6xXFXXXP\/200162319\/HTB1HX_MPVXXXXcuXpXXq6xXFXXXP.jpg\" data-alt=\"PC sheet\/solid sheet\/UV Polycarbonate sheet\" data-width=\"630\" data-height=\"473\" data- title=\"\"><\/p>","protected":false},"featured_media":16802,"parent":0,"template":"","product-catagories":[178],"product-tag":[],"class_list":["post-15133","product","type-product","status-publish","has-post-thumbnail","hentry","product-catagories-polycarbonate-hollow-sheet"],"acf":[],"_links":{"self":[{"href":"https:\/\/www.tononplastics.com\/fr\/wp-json\/wp\/v2\/product\/15133","targetHints":{"allow":["GET"]}}],"collection":[{"href":"https:\/\/www.tononplastics.com\/fr\/wp-json\/wp\/v2\/product"}],"about":[{"href":"https:\/\/www.tononplastics.com\/fr\/wp-json\/wp\/v2\/types\/product"}],"version-history":[{"count":0,"href":"https:\/\/www.tononplastics.com\/fr\/wp-json\/wp\/v2\/product\/15133\/revisions"}],"wp:featuredmedia":[{"embeddable":true,"href":"https:\/\/www.tononplastics.com\/fr\/wp-json\/wp\/v2\/media\/16802"}],"wp:attachment":[{"href":"https:\/\/www.tononplastics.com\/fr\/wp-json\/wp\/v2\/media?parent=15133"}],"wp:term":[{"taxonomy":"product-catagories","embeddable":true,"href":"https:\/\/www.tononplastics.com\/fr\/wp-json\/wp\/v2\/product-catagories?post=15133"},{"taxonomy":"product-tag","embeddable":true,"href":"https:\/\/www.tononplastics.com\/fr\/wp-json\/wp\/v2\/product-tag?post=15133"}],"curies":[{"name":"wp","href":"https:\/\/api.w.org\/{rel}","templated":true}]}}