{"id":15145,"date":"2023-08-23T10:22:54","date_gmt":"2023-08-23T02:22:54","guid":{"rendered":"https:\/\/tononplastics.com\/?post_type=product&#038;p=15145"},"modified":"2024-03-25T14:46:09","modified_gmt":"2024-03-25T06:46:09","slug":"foshan-factory-direct-sale-blue-pc-solid-sheet-polycarbonate-roof-sound-insulantion-reach-grade-b1","status":"publish","type":"product","link":"https:\/\/www.tononplastics.com\/fr\/product\/foshan-factory-direct-sale-blue-pc-solid-sheet-polycarbonate-roof-sound-insulantion-reach-grade-b1\/","title":{"rendered":"Foshan Factory Direct Sale Blue PC Solid Sheet Polycarbonate Roof Sound Insulantion Reach Grade B1"},"content":{"rendered":"<table>\n<tbody>\n<tr>\n<td colspan=\"2\" height=\"66\" data-spm-anchor-id=\"a2700.details.0.i28.18671560If61rG\">Sp\u00e9cification de la feuille solide en polycarbonate<\/td>\n<\/tr>\n<tr>\n<td height=\"66\">Largeur :<\/td>\n<td height=\"66\">2,1 m 1,82 m, 1,56 m ou 1,22 m<\/td>\n<\/tr>\n<tr>\n<td height=\"66\">Longueur :<\/td>\n<td height=\"66\">Pas de limitation<\/td>\n<\/tr>\n<tr>\n<td height=\"66\">\u00c9paisseur :<\/td>\n<td height=\"66\">0,6 mm \u00e0 18,0 mm<\/td>\n<\/tr>\n<tr>\n<td height=\"66\">Couleur standard :<\/td>\n<td height=\"66\">Clair,Bleu,Vert,Opale,Marron<\/td>\n<\/tr>\n<\/tbody>\n<\/table>\n<p><strong>Application de la feuille de PC solide :<\/strong><\/p>\n<p>Galerie Pavillon jardins, f\u00eate foraine d\u00e9coration exotique et lieux de repos ;<br \/>\nB\u00e2timents commerciaux, murs-rideaux int\u00e9rieurs et ext\u00e9rieurs des b\u00e2timents urbains modernes ;<br \/>\nConteneurs transparents pour l'aviation, pare-brise avant de moto, d'avion, de train, de bateau, de voiture, de bateau \u00e0 moteur, de sous-marin et boucliers militaires et policiers en verre ;<br \/>\nDes cabines t\u00e9l\u00e9phoniques, des panneaux publicitaires, des caissons lumineux indiquent la disposition de l'exposition ;<br \/>\n\u00c9quipement, instrumentation, panneau d'armoire de distribution basse tension et industrie militaire ;<br \/>\nMurs, toits, \u00e9crans et autres mat\u00e9riaux d\u00e9coratifs d'int\u00e9rieur de haute qualit\u00e9 ;<br \/>\nBarri\u00e8res antibruit pour les autoroutes et les routes urbaines sur\u00e9lev\u00e9es ;<br \/>\nSerre agricole et hangar d'\u00e9levage ;<br \/>\nPlafond d'un \u00e9co-restaurant moderne ;<br \/>\nToutes les unit\u00e9s ou cellules de cycle sont remises, les balcons, les auvents et les kiosques de repos sur le toit sont remis ;<br \/>\nImmeubles de bureaux, grands magasins, h\u00f4tels, villas, \u00e9coles, h\u00f4pitaux, stades, centres de divertissement et installations publiques.<\/p>\n<p><strong>Nos services :<\/strong><br \/>\n1. r\u00e9pondre \u00e0 votre demande dans les 8 heures ouvrables.<br \/>\n2. le personnel exp\u00e9riment\u00e9 r\u00e9pond \u00e0 toutes vos questions dans un anglais courant. .<br \/>\n3. le poids personnalis\u00e9 est disponible, les OEM sont les bienvenus.<br \/>\n4) Remise sp\u00e9ciale et protection de la zone de vente fournies \u00e0 notre distributeur.<\/p>\n<p><strong>Conditions commerciales :<\/strong><br \/>\n1. conditions de prix : EXW\/FOB\/C&amp;F\/CIF<br \/>\n2. paiement par T\/T ou L\/C. 30% de d\u00e9p\u00f4t et 70% avant l'exp\u00e9dition.<br \/>\n3. d\u00e9lai de livraison : 7-10 jours ouvrables, en fonction de la quantit\u00e9 command\u00e9e<br \/>\n4. MOQ : 3 tonnes<\/p>\n<p><strong>Clair :<\/strong><\/p>\n<p><img fetchpriority=\"high\" decoding=\"async\" src=\"https:\/\/sc02.alicdn.com\/kf\/UTB8n0ouXHnJXKJkSahGq6xhzFXaT\/200162319\/UTB8n0ouXHnJXKJkSahGq6xhzFXaT.jpg\" alt=\"Foshan Factory Direct Sale Blue PC Solid Sheet Polycarbonate Roof Sound Insulantion Reach Grade B1\" width=\"678\" height=\"452\" data-src=\"\/\/sc02.alicdn.com\/kf\/UTB8n0ouXHnJXKJkSahGq6xhzFXaT\/200162319\/UTB8n0ouXHnJXKJkSahGq6xhzFXaT.jpg\" data-alt=\"Foshan Factory Direct Sale Blue PC Solid Sheet Polycarbonate Roof Sound Insulantion Reach Grade B1\" data-width=\"678\" data-height=\"452\" data- title=\"\"><\/p>\n<p><img decoding=\"async\" src=\"https:\/\/sc01.alicdn.com\/kf\/UTB8szPkXHPJXKJkSafSq6yqUXXae\/200162319\/UTB8szPkXHPJXKJkSafSq6yqUXXae.jpg\" alt=\"Foshan Factory Direct Sale Blue PC Solid Sheet Polycarbonate Roof Sound Insulantion Reach Grade B1\" width=\"677\" height=\"677\" data-src=\"\/\/sc01.alicdn.com\/kf\/UTB8szPkXHPJXKJkSafSq6yqUXXae\/200162319\/UTB8szPkXHPJXKJkSafSq6yqUXXae.jpg\" data-alt=\"Foshan Factory Direct Sale Blue PC Solid Sheet Polycarbonate Roof Sound Insulantion Reach Grade B1\" data-width=\"677\" data-height=\"677\" data- title=\"\"><\/p>\n<p><strong>\u00a0\u00a0Autres produits :<\/strong><\/p>\n<p><strong>Feuille creuse en PC :<\/strong><\/p>\n<p><img decoding=\"async\" src=\"https:\/\/sc02.alicdn.com\/kf\/UTB8pTAvXFPJXKJkSahVq6xyzFXa1\/200162319\/UTB8pTAvXFPJXKJkSahVq6xyzFXa1.jpg\" alt=\"Foshan Factory Direct Sale Blue PC Solid Sheet Polycarbonate Roof Sound Insulantion Reach Grade B1\" width=\"674\" height=\"449\" data-src=\"\/\/sc02.alicdn.com\/kf\/UTB8pTAvXFPJXKJkSahVq6xyzFXa1\/200162319\/UTB8pTAvXFPJXKJkSahVq6xyzFXa1.jpg\" data-alt=\"Foshan Factory Direct Sale Blue PC Solid Sheet Polycarbonate Roof Sound Insulantion Reach Grade B1\" data-width=\"674\" data-height=\"449\" data- title=\"\"><\/p>\n<p>De gauche \u00e0 droite, de haut en bas<br \/>\n1. feuille solide en polycarbonate d\u00e9poli<br \/>\n2. diffusion de la lumi\u00e8re Feuille solide en polycarbonate<br \/>\n3. feuille solide en polycarbonate<br \/>\n4. plaque ondul\u00e9e en polycarbonate<\/p>\n<p><img loading=\"lazy\" decoding=\"async\" src=\"https:\/\/sc02.alicdn.com\/kf\/UTB8lZvkXFPJXKJkSahVq6xyzFXap\/200162319\/UTB8lZvkXFPJXKJkSahVq6xyzFXap.jpg\" alt=\"Foshan Factory Direct Sale Blue PC Solid Sheet Polycarbonate Roof Sound Insulantion Reach Grade B1\" width=\"685\" height=\"685\" data-src=\"\/\/sc02.alicdn.com\/kf\/UTB8lZvkXFPJXKJkSahVq6xyzFXap\/200162319\/UTB8lZvkXFPJXKJkSahVq6xyzFXap.jpg\" data-alt=\"Foshan Factory Direct Sale Blue PC Solid Sheet Polycarbonate Roof Sound Insulantion Reach Grade B1\" data-width=\"685\" data-height=\"685\" data- title=\"\"><\/p>\n<p><strong>\u00a0 Puits de lumi\u00e8re en polycarbonate et plaque gaufr\u00e9e en polycarbonate<\/strong><\/p>\n<p><img loading=\"lazy\" decoding=\"async\" src=\"https:\/\/sc01.alicdn.com\/kf\/UTB8AnLkXTzIXKJkSafVq6yWgXXaZ\/200162319\/UTB8AnLkXTzIXKJkSafVq6yWgXXaZ.jpg\" width=\"676\" height=\"946\" data-src=\"\/\/sc01.alicdn.com\/kf\/UTB8AnLkXTzIXKJkSafVq6yWgXXaZ\/200162319\/UTB8AnLkXTzIXKJkSafVq6yWgXXaZ.jpg\" data-width=\"676\" data-height=\"946\" data- alt=\"\" title=\"\"><\/p>\n<p><strong>Auvent en polycarbonate et diffusion de la lumi\u00e8re Plaque en polycarbonate<\/strong><\/p>\n<p><img loading=\"lazy\" decoding=\"async\" src=\"https:\/\/sc02.alicdn.com\/kf\/UTB8OKfkXL2JXKJkSanrq6y3lVXaW\/200162319\/UTB8OKfkXL2JXKJkSanrq6y3lVXaW.jpg\" alt=\"Foshan Factory Direct Sale Blue PC Solid Sheet Polycarbonate Roof Sound Insulantion Reach Grade B1\" width=\"696\" height=\"1197\" data-src=\"\/\/sc02.alicdn.com\/kf\/UTB8OKfkXL2JXKJkSanrq6y3lVXaW\/200162319\/UTB8OKfkXL2JXKJkSanrq6y3lVXaW.jpg\" data-alt=\"Foshan Factory Direct Sale Blue PC Solid Sheet Polycarbonate Roof Sound Insulantion Reach Grade B1\" data-width=\"696\" data-height=\"1197\" data- title=\"\"><\/p>\n<p><img loading=\"lazy\" decoding=\"async\" src=\"https:\/\/sc01.alicdn.com\/kf\/HTB1NDV9KXXXXXbsaXXXq6xXFXXX2\/200162319\/HTB1NDV9KXXXXXbsaXXXq6xXFXXX2.jpg\" alt=\"Foshan Factory Direct Sale Blue PC Solid Sheet Polycarbonate Roof Sound Insulantion Reach Grade B1\" width=\"679\" height=\"679\" data-src=\"\/\/sc01.alicdn.com\/kf\/HTB1NDV9KXXXXXbsaXXXq6xXFXXX2\/200162319\/HTB1NDV9KXXXXXbsaXXXq6xXFXXX2.jpg\" data-alt=\"Foshan Factory Direct Sale Blue PC Solid Sheet Polycarbonate Roof Sound Insulantion Reach Grade B1\" data-width=\"679\" data-height=\"679\" data- title=\"\"><\/p>\n<p>Approvisionnement suffisant<\/p>\n<p><img loading=\"lazy\" decoding=\"async\" src=\"https:\/\/sc01.alicdn.com\/kf\/HTB11LPNSpXXXXa2XXXXq6xXFXXXF\/200162319\/HTB11LPNSpXXXXa2XXXXq6xXFXXXF.jpg\" width=\"688\" height=\"688\" data-src=\"\/\/sc01.alicdn.com\/kf\/HTB11LPNSpXXXXa2XXXXq6xXFXXXF\/200162319\/HTB11LPNSpXXXXa2XXXXq6xXFXXXF.jpg\" data-width=\"688\" data-height=\"688\" data- alt=\"\" title=\"\"><\/p>\n<p><img loading=\"lazy\" decoding=\"async\" src=\"https:\/\/sc02.alicdn.com\/kf\/HTB1wi_pSpXXXXbjXVXXq6xXFXXX9\/200162319\/HTB1wi_pSpXXXXbjXVXXq6xXFXXX9.jpg\" alt=\"Foshan Factory Direct Sale Blue PC Solid Sheet Polycarbonate Roof Sound Insulantion Reach Grade B1\" width=\"681\" height=\"909\" data-src=\"\/\/sc02.alicdn.com\/kf\/HTB1wi_pSpXXXXbjXVXXq6xXFXXX9\/200162319\/HTB1wi_pSpXXXXbjXVXXq6xXFXXX9.jpg\" data-alt=\"Foshan Factory Direct Sale Blue PC Solid Sheet Polycarbonate Roof Sound Insulantion Reach Grade B1\" data-width=\"681\" data-height=\"909\" data- title=\"\"><\/p>\n<p>100% Virgin Bayer Materials :<\/p>\n<p><img loading=\"lazy\" decoding=\"async\" src=\"https:\/\/sc02.alicdn.com\/kf\/UTB8qazkXMnJXKJkSaelq6xUzXXax\/200162319\/UTB8qazkXMnJXKJkSaelq6xUzXXax.jpg\" alt=\"Foshan Factory Direct Sale Blue PC Solid Sheet Polycarbonate Roof Sound Insulantion Reach Grade B1\" width=\"697\" height=\"697\" data-src=\"\/\/sc02.alicdn.com\/kf\/UTB8qazkXMnJXKJkSaelq6xUzXXax\/200162319\/UTB8qazkXMnJXKJkSaelq6xUzXXax.jpg\" data-alt=\"Foshan Factory Direct Sale Blue PC Solid Sheet Polycarbonate Roof Sound Insulantion Reach Grade B1\" data-width=\"697\" data-height=\"697\" data- title=\"\"><\/p>\n<p><img loading=\"lazy\" decoding=\"async\" src=\"https:\/\/sc02.alicdn.com\/kf\/HTB1k6UuKVXXXXccXFXXq6xXFXXX9\/200162319\/HTB1k6UuKVXXXXccXFXXq6xXFXXX9.jpg\" alt=\"Foshan Factory Direct Sale Blue PC Solid Sheet Polycarbonate Roof Sound Insulantion Reach Grade B1\" width=\"693\" height=\"693\" data-src=\"\/\/sc02.alicdn.com\/kf\/HTB1k6UuKVXXXXccXFXXq6xXFXXX9\/200162319\/HTB1k6UuKVXXXXccXFXXq6xXFXXX9.jpg\" data-alt=\"Foshan Factory Direct Sale Blue PC Solid Sheet Polycarbonate Roof Sound Insulantion Reach Grade B1\" data-width=\"693\" data-height=\"693\" data- title=\"\"><\/p>","protected":false},"featured_media":15138,"parent":0,"template":"","product-catagories":[168],"product-tag":[],"class_list":["post-15145","product","type-product","status-publish","has-post-thumbnail","hentry","product-catagories-acrylic-sheet"],"acf":[],"_links":{"self":[{"href":"https:\/\/www.tononplastics.com\/fr\/wp-json\/wp\/v2\/product\/15145","targetHints":{"allow":["GET"]}}],"collection":[{"href":"https:\/\/www.tononplastics.com\/fr\/wp-json\/wp\/v2\/product"}],"about":[{"href":"https:\/\/www.tononplastics.com\/fr\/wp-json\/wp\/v2\/types\/product"}],"version-history":[{"count":0,"href":"https:\/\/www.tononplastics.com\/fr\/wp-json\/wp\/v2\/product\/15145\/revisions"}],"wp:featuredmedia":[{"embeddable":true,"href":"https:\/\/www.tononplastics.com\/fr\/wp-json\/wp\/v2\/media\/15138"}],"wp:attachment":[{"href":"https:\/\/www.tononplastics.com\/fr\/wp-json\/wp\/v2\/media?parent=15145"}],"wp:term":[{"taxonomy":"product-catagories","embeddable":true,"href":"https:\/\/www.tononplastics.com\/fr\/wp-json\/wp\/v2\/product-catagories?post=15145"},{"taxonomy":"product-tag","embeddable":true,"href":"https:\/\/www.tononplastics.com\/fr\/wp-json\/wp\/v2\/product-tag?post=15145"}],"curies":[{"name":"wp","href":"https:\/\/api.w.org\/{rel}","templated":true}]}}