{"id":15191,"date":"2023-08-23T14:45:12","date_gmt":"2023-08-23T06:45:12","guid":{"rendered":"https:\/\/tononplastics.com\/?post_type=product&#038;p=15191"},"modified":"2024-03-25T11:57:33","modified_gmt":"2024-03-25T03:57:33","slug":"polycarbonate-transparent-clear-corrugated-plastic-roof-sheet","status":"publish","type":"product","link":"https:\/\/www.tononplastics.com\/fr\/product\/polycarbonate-transparent-clear-corrugated-plastic-roof-sheet\/","title":{"rendered":"Plaque de toiture en plastique ondul\u00e9 transparent en polycarbonate"},"content":{"rendered":"<table style=\"height: 336px;\" width=\"853\">\n<tbody>\n<tr>\n<td colspan=\"2\" height=\"66\" data-spm-anchor-id=\"a2700.details.0.i30.9f611a18aDyHpd\">\n<p><strong>Sp\u00e9cification des plaques ondul\u00e9es en polycarbonate<\/strong><\/p>\n<\/td>\n<\/tr>\n<tr>\n<td height=\"66\" data-spm-anchor-id=\"a2700.details.0.i23.9f611a18aDyHpd\">\n<p><strong>Largeur :<\/strong><\/p>\n<\/td>\n<td height=\"66\">\n<p><strong>760,820,840,860,900,930,950,980.1050<\/strong><\/p>\n<\/td>\n<\/tr>\n<tr>\n<td height=\"66\">\n<p><strong>Longueur :<\/strong><\/p>\n<\/td>\n<td height=\"66\">\n<p><strong>Pas de limitation<\/strong><\/p>\n<\/td>\n<\/tr>\n<tr>\n<td height=\"66\">\n<p><strong>\u00c9paisseur :<\/strong><\/p>\n<\/td>\n<td height=\"66\">\n<p><strong>0,7 mm \u00e0 2,5 mm<\/strong><\/p>\n<\/td>\n<\/tr>\n<tr>\n<td height=\"66\">\n<p><strong>Couleur standard :<\/strong><\/p>\n<\/td>\n<td height=\"66\">\n<p><strong>Clair,Bleu,Vert,Opale,Marron<\/strong><\/p>\n<\/td>\n<\/tr>\n<\/tbody>\n<\/table>\n<p><strong>Caract\u00e9ristiques de la plaque ondul\u00e9e en polycarbonate :<\/strong><\/p>\n<p><strong>Transmission de la lumi\u00e8re :<\/strong><br \/>La transmission de la lumi\u00e8re atteint 12%-95% en fonction de la couleur et de l'\u00e9paisseur.<\/p>\n<p><strong>Protection contre les UV :<\/strong><br \/>Gr\u00e2ce \u00e0 un rev\u00eatement anti-UV exclusif, la plaque ondul\u00e9e en polycarbonate conserve de parfaites performances m\u00e9caniques et optiques apr\u00e8s avoir \u00e9t\u00e9 expos\u00e9e.<\/p>\n<p><strong>Capacit\u00e9 m\u00e9t\u00e9orologique :<\/strong><br \/>Il est tr\u00e8s r\u00e9sistant aux intemp\u00e9ries et conserve d'excellentes performances dans une large gamme de temp\u00e9ratures allant de -40\u00b0C \u00e0 120\u00b0C.<\/p>\n<p><strong>Retardateur de flammes :<\/strong>\u00a0Inflammabilit\u00e9 UL 94 V-2<\/p>\n<p>Installation facile<br \/>Facile \u00e0 installer et pliable \u00e0 froid<\/p>\n<p><strong>R\u00e9sistance aux chocs :<\/strong><br \/>250-300 fois la r\u00e9sistance aux chocs du verre ordinaire et 30 fois celle des panneaux acryliques de m\u00eame \u00e9paisseur, soit 2-20 fois la r\u00e9sistance du verre tremp\u00e9 tombant de deux m\u00e8tres sous un marteau de 3 kg, sans fissure ni cassure.<\/p>\n<p><strong>Application de la plaque ondul\u00e9e en polycarbonate :<\/strong><\/p>\n<p>Barri\u00e8res antibruit pour les autoroutes et les routes urbaines sur\u00e9lev\u00e9es ;<br \/>Serre agricole et hangar d'\u00e9levage ;<br \/>Plafond d'un \u00e9co-restaurant moderne ;<br \/>Toutes les unit\u00e9s ou cellules de cycle sont remises, les balcons, les auvents et les kiosques de repos sur le toit sont remis ;<br \/>Immeubles de bureaux, grands magasins, h\u00f4tels, villas, \u00e9coles, h\u00f4pitaux, stades, centres de divertissement et installations publiques, \u00e9clairage de plafond et .<\/p>\n\n\n<p><strong>Donn\u00e9es techniques<\/strong><\/p>\n\n\n\n<figure class=\"wp-block-table\"><table><tbody><tr><td><strong>Force d'impact<\/strong><\/td><td><strong>Transparence<\/strong><\/td><td><strong>Gravit\u00e9 sp\u00e9cifique<\/strong><\/td><td><strong>Coefficient de dilatation thermique<\/strong><\/td><td><strong>Temp\u00e9rature de service<\/strong><\/td><td><strong>Conductivit\u00e9 thermique<\/strong><\/td><\/tr><tr><td>50j\/m<\/td><td>88%-92%<\/td><td>1200kg\/m\u00b3<\/td><td>0,065mm\/m\u00b0C<\/td><td>-40\u00b0C~+120\u00b0C<\/td><td>0,21w\/m\u00b2\u00b0C<\/td><\/tr><tr><td><strong>R\u00e9sistance \u00e0 la traction<\/strong><\/td><td><strong>Force de flexion<\/strong><\/td><td><strong>Module d'\u00e9lasticit\u00e9<\/strong><\/td><td><strong>Effet de l'isolation acoustique<\/strong><\/td><td><strong>Contrainte de traction \u00e0 la rupture<\/strong><\/td><td><strong>Allongement \u00e0 la rupture<\/strong><\/td><\/tr><tr><td>\u226560N\/mm<\/td><td>100N\/mm\u00b2<\/td><td>2400Mpa<\/td><td>Diminution de 35 d\u00e9cibels pour une feuille solide de 6 mm<\/td><td>\u2265130Mpa<\/td><td><\/td><\/tr><\/tbody><\/table><\/figure>\n\n\n\n<figure class=\"wp-block-image size-large\"><img fetchpriority=\"high\" decoding=\"async\" width=\"1024\" height=\"624\" src=\"https:\/\/www.tononplastics.com\/wp-content\/uploads\/2024\/03\/16995219633519-1024x624.png\" alt=\"\" class=\"wp-image-16089\" title=\"1.png\" srcset=\"https:\/\/www.tononplastics.com\/wp-content\/uploads\/2024\/03\/16995219633519-1024x624.png 1024w, https:\/\/www.tononplastics.com\/wp-content\/uploads\/2024\/03\/16995219633519-300x183.png 300w, https:\/\/www.tononplastics.com\/wp-content\/uploads\/2024\/03\/16995219633519-768x468.png 768w, https:\/\/www.tononplastics.com\/wp-content\/uploads\/2024\/03\/16995219633519-1536x937.png 1536w, https:\/\/www.tononplastics.com\/wp-content\/uploads\/2024\/03\/16995219633519-18x12.png 18w, https:\/\/www.tononplastics.com\/wp-content\/uploads\/2024\/03\/16995219633519.png 1640w\" sizes=\"(max-width: 1024px) 100vw, 1024px\" \/><\/figure>","protected":false},"featured_media":16077,"parent":0,"template":"","product-catagories":[168],"product-tag":[],"class_list":["post-15191","product","type-product","status-publish","has-post-thumbnail","hentry","product-catagories-acrylic-sheet"],"acf":[],"_links":{"self":[{"href":"https:\/\/www.tononplastics.com\/fr\/wp-json\/wp\/v2\/product\/15191","targetHints":{"allow":["GET"]}}],"collection":[{"href":"https:\/\/www.tononplastics.com\/fr\/wp-json\/wp\/v2\/product"}],"about":[{"href":"https:\/\/www.tononplastics.com\/fr\/wp-json\/wp\/v2\/types\/product"}],"version-history":[{"count":0,"href":"https:\/\/www.tononplastics.com\/fr\/wp-json\/wp\/v2\/product\/15191\/revisions"}],"wp:featuredmedia":[{"embeddable":true,"href":"https:\/\/www.tononplastics.com\/fr\/wp-json\/wp\/v2\/media\/16077"}],"wp:attachment":[{"href":"https:\/\/www.tononplastics.com\/fr\/wp-json\/wp\/v2\/media?parent=15191"}],"wp:term":[{"taxonomy":"product-catagories","embeddable":true,"href":"https:\/\/www.tononplastics.com\/fr\/wp-json\/wp\/v2\/product-catagories?post=15191"},{"taxonomy":"product-tag","embeddable":true,"href":"https:\/\/www.tononplastics.com\/fr\/wp-json\/wp\/v2\/product-tag?post=15191"}],"curies":[{"name":"wp","href":"https:\/\/api.w.org\/{rel}","templated":true}]}}