{"id":15195,"date":"2023-08-23T16:50:26","date_gmt":"2023-08-23T08:50:26","guid":{"rendered":"https:\/\/tononplastics.com\/?post_type=product&#038;p=15195"},"modified":"2024-04-16T14:01:43","modified_gmt":"2024-04-16T06:01:43","slug":"multiwall-polycarbonate-sheets-for-roofing","status":"publish","type":"product","link":"https:\/\/www.tononplastics.com\/fr\/product\/multiwall-polycarbonate-sheets-for-roofing\/","title":{"rendered":"Plaques de polycarbonate multi-parois pour toitures"},"content":{"rendered":"<div id=\"ali-anchor-AliPostDhMb-0uto1\" class=\"mceSectionContainer\" data-section=\"AliPostDhMb-0uto1\" data-section-title=\"Product Description\">\n<div>\n<p><strong>Plaque alv\u00e9olaire en plastique <\/strong>Qualit\u00e9 de l\u00e9g\u00e8ret\u00e9, de r\u00e9sistance, de rigidit\u00e9 \u00e9lev\u00e9e, d'antichoc, d'isolation, d'isolation thermique, d'isolation acoustique, mais aussi d'\u00e9tanch\u00e9it\u00e9 \u00e0 l'humidit\u00e9, de r\u00e9sistance \u00e0 la corrosion et d'autres caract\u00e9ristiques, avec un large espace de d\u00e9veloppement, il est largement utilis\u00e9 dans la construction, la fabrication de v\u00e9hicules, la fabrication de meubles, l'emballage de mat\u00e9riaux et le transport, etc.<\/p>\n<\/div>\n<\/div>\n<p>Largement utilis\u00e9, ce type de mat\u00e9riau permet d'\u00e9conomiser une grande quantit\u00e9 de ressources foresti\u00e8res, de prot\u00e9ger et d'am\u00e9liorer l'environnement \u00e9cologique, de r\u00e9cup\u00e9rer et de recycler, conform\u00e9ment \u00e0 la protection de l'environnement des nouveaux mat\u00e9riaux du 21e si\u00e8cle.<\/p>\n<p><strong>\u00a0<\/strong><\/p>\n<p><strong>Sp\u00e9cifications techniques<\/strong><\/p>\n<p>1, r\u00e9sistance aux chocs : 850 J\/m<\/p>\n<p>2, taux d'euphose : 90%<\/p>\n<p>3, r\u00e9sistance \u00e0 la traction : &gt; 60 N\/was<\/p>\n<p>4, r\u00e9sistance \u00e0 la flexion : 100 N\/was<\/p>\n<p>5, temp\u00e9rature de d\u00e9formation thermique : 140 \u00b0C<\/p>\n<p>6, r\u00e9sistance \u00e0 la flexion longitudinale : 112 MPa<\/p>\n<p>7 et r\u00e9sistance \u00e0 la flexion lat\u00e9rale : 107 MPa<\/p>\n<p>8, l'indice d'oxyg\u00e8ne : 21%<\/p>\n<p><img decoding=\"async\" src=\"https:\/\/sc02.alicdn.com\/kf\/H92b43e53800844b2bf93a66c9e3d9959h\/200162319\/H92b43e53800844b2bf93a66c9e3d9959h.png\" alt=\"plaques de polycarbonate multi-parois pour toitures\" width=\"630\" height=\"484.9342105263158\" data-src=\"\/\/sc02.alicdn.com\/kf\/H92b43e53800844b2bf93a66c9e3d9959h\/200162319\/H92b43e53800844b2bf93a66c9e3d9959h.png\" data-alt=\"multiwall polycarbonate sheets for roofing\" data-width=\"630\" data- title=\"\"><\/p>\n<p><img decoding=\"async\" src=\"https:\/\/sc01.alicdn.com\/kf\/He259728edf5e4b8586df0e128f43a7dbI\/200162319\/He259728edf5e4b8586df0e128f43a7dbI.png\" width=\"630\" height=\"635.4941860465117\" data-src=\"\/\/sc01.alicdn.com\/kf\/He259728edf5e4b8586df0e128f43a7dbI\/200162319\/He259728edf5e4b8586df0e128f43a7dbI.png\" data-width=\"630\" data- alt=\"\" title=\"\"><\/p>\n<div id=\"ali-anchor-AliPostDhMb-2k9gx\" class=\"mceSectionContainer\" data-section=\"AliPostDhMb-2k9gx\" data-section-title=\"Packaging &amp; Shipping\">\n<div id=\"ali-title-AliPostDhMb-2k9gx\">Emballage et exp\u00e9dition<\/div>\n<div>\n<\/div>\n<\/div>\n<p><img decoding=\"async\" src=\"https:\/\/sc02.alicdn.com\/kf\/Hd05fdb0988024155a7956963ea5973acD\/200162319\/Hd05fdb0988024155a7956963ea5973acD.png\" alt=\"plaques de polycarbonate multi-parois pour toitures\" width=\"630\" height=\"474.58885941644564\" data-src=\"\/\/sc02.alicdn.com\/kf\/Hd05fdb0988024155a7956963ea5973acD\/200162319\/Hd05fdb0988024155a7956963ea5973acD.png\" data-alt=\"multiwall polycarbonate sheets for roofing\" data-width=\"630\" data- title=\"\"><img decoding=\"async\" src=\"https:\/\/sc02.alicdn.com\/kf\/H02a52324dc024cdcbaee8c550d0c5b3cR\/200162319\/H02a52324dc024cdcbaee8c550d0c5b3cR.png\" alt=\"plaques de polycarbonate multi-parois pour toitures\" width=\"630\" height=\"214.7347480106101\" data-src=\"\/\/sc02.alicdn.com\/kf\/H02a52324dc024cdcbaee8c550d0c5b3cR\/200162319\/H02a52324dc024cdcbaee8c550d0c5b3cR.png\" data-alt=\"multiwall polycarbonate sheets for roofing\" data-width=\"630\" data- title=\"\"><\/p>\n<div id=\"ali-anchor-AliPostDhMb-e6rme\" class=\"mceSectionContainer\" data-section=\"AliPostDhMb-e6rme\" data-section-title=\"FAQ\">\n<div id=\"ali-title-AliPostDhMb-e6rme\">FAQ<\/div>\n<div>\n<p>\u00a0<img decoding=\"async\" src=\"https:\/\/sc02.alicdn.com\/kf\/H4a5e33e5f1034bce8dde77f9a90d1cd9q\/200162319\/H4a5e33e5f1034bce8dde77f9a90d1cd9q.png\" alt=\"plaques de polycarbonate multi-parois pour toitures\" width=\"630\" height=\"586.3781624500665\" data-src=\"\/\/sc02.alicdn.com\/kf\/H4a5e33e5f1034bce8dde77f9a90d1cd9q\/200162319\/H4a5e33e5f1034bce8dde77f9a90d1cd9q.png\" data-alt=\"multiwall polycarbonate sheets for roofing\" data-width=\"630\" data- title=\"\"><\/p>\n<\/div>\n<\/div>\n<div id=\"ali-anchor-AliPostDhMb-mn66s\" class=\"mceSectionContainer\" data-section=\"AliPostDhMb-mn66s\" data-section-title=\"Company Information\">\n<div id=\"ali-title-AliPostDhMb-mn66s\">Informations sur l'entreprise<\/div>\n<div>\n<p>\u00a0FOSHAN HUAXIA NATURE BUILDING MATERIALS CO, LTD, \u00e9tabli en 2004, est un fabricant professionnel engag\u00e9 dans la recherche, le d\u00e9veloppement, la production, la vente et le service de plaques pleines en polycarbonate, de plaques creuses en polycarbonate, de supports d'auvents et de tuiles en polycarbonate \u00e0 ondes. Nous sommes situ\u00e9s \u00e0 Foshan, la base de production de mat\u00e9riaux d\u00e9coratifs bien connue en Chine. Nous disposons de fondations solides, d'une technologie de fabrication mature et de syst\u00e8mes de contr\u00f4le de la qualit\u00e9 stricts, ce qui garantit la stabilit\u00e9 et la fiabilit\u00e9 de nos produits.<\/p>\n<p><img fetchpriority=\"high\" decoding=\"async\" class=\"\" src=\"https:\/\/sc01.alicdn.com\/kf\/Hc5f7191285c94e4d86cc5809914ea53bP\/200162319\/Hc5f7191285c94e4d86cc5809914ea53bP.jpg\" alt=\"plaques de polycarbonate multi-parois pour toitures\" width=\"414\" height=\"311\" data-src=\"\/\/sc01.alicdn.com\/kf\/Hc5f7191285c94e4d86cc5809914ea53bP\/200162319\/Hc5f7191285c94e4d86cc5809914ea53bP.jpg\" data-alt=\"multiwall polycarbonate sheets for roofing\" data-width=\"630\" data- title=\"\"><img decoding=\"async\" class=\"\" src=\"https:\/\/sc02.alicdn.com\/kf\/H2a17922ef88a4d7a9720b7ef006d891en\/200162319\/H2a17922ef88a4d7a9720b7ef006d891en.jpg\" alt=\"plaques de polycarbonate multi-parois pour toitures\" width=\"323\" height=\"323\" data-src=\"\/\/sc02.alicdn.com\/kf\/H2a17922ef88a4d7a9720b7ef006d891en\/200162319\/H2a17922ef88a4d7a9720b7ef006d891en.jpg\" data-alt=\"multiwall polycarbonate sheets for roofing\" data-width=\"630\" data- title=\"\"><img decoding=\"async\" src=\"https:\/\/sc01.alicdn.com\/kf\/H7e71678b55314f2d8f97db71d085dddcz\/200162319\/H7e71678b55314f2d8f97db71d085dddcz.png\" width=\"628\" height=\"333\" data-src=\"\/\/sc01.alicdn.com\/kf\/H7e71678b55314f2d8f97db71d085dddcz\/200162319\/H7e71678b55314f2d8f97db71d085dddcz.png\" alt=\"\" title=\"\"><\/p>\n<\/div>\n<\/div>","protected":false},"featured_media":16793,"parent":0,"template":"","product-catagories":[178],"product-tag":[],"class_list":["post-15195","product","type-product","status-publish","has-post-thumbnail","hentry","product-catagories-polycarbonate-hollow-sheet"],"acf":[],"_links":{"self":[{"href":"https:\/\/www.tononplastics.com\/fr\/wp-json\/wp\/v2\/product\/15195","targetHints":{"allow":["GET"]}}],"collection":[{"href":"https:\/\/www.tononplastics.com\/fr\/wp-json\/wp\/v2\/product"}],"about":[{"href":"https:\/\/www.tononplastics.com\/fr\/wp-json\/wp\/v2\/types\/product"}],"version-history":[{"count":0,"href":"https:\/\/www.tononplastics.com\/fr\/wp-json\/wp\/v2\/product\/15195\/revisions"}],"wp:featuredmedia":[{"embeddable":true,"href":"https:\/\/www.tononplastics.com\/fr\/wp-json\/wp\/v2\/media\/16793"}],"wp:attachment":[{"href":"https:\/\/www.tononplastics.com\/fr\/wp-json\/wp\/v2\/media?parent=15195"}],"wp:term":[{"taxonomy":"product-catagories","embeddable":true,"href":"https:\/\/www.tononplastics.com\/fr\/wp-json\/wp\/v2\/product-catagories?post=15195"},{"taxonomy":"product-tag","embeddable":true,"href":"https:\/\/www.tononplastics.com\/fr\/wp-json\/wp\/v2\/product-tag?post=15195"}],"curies":[{"name":"wp","href":"https:\/\/api.w.org\/{rel}","templated":true}]}}