{"id":15263,"date":"2023-08-23T21:50:19","date_gmt":"2023-08-23T13:50:19","guid":{"rendered":"https:\/\/tononplastics.com\/?post_type=product&#038;p=15263"},"modified":"2024-04-16T13:53:40","modified_gmt":"2024-04-16T05:53:40","slug":"pc-layers-sheet-16mm-polycarbonate-honeycomb","status":"publish","type":"product","link":"https:\/\/www.tononplastics.com\/fr\/product\/pc-layers-sheet-16mm-polycarbonate-honeycomb\/","title":{"rendered":"Feuille de couches PC 16mm polycarbonate nid d'abeille"},"content":{"rendered":"<p><strong>Caract\u00e9ristiques :<\/strong><\/p>\n<p>1. Excellentes performances physiques et m\u00e9caniques.<\/p>\n<p>2. Bonne isolation \u00e9lectrique, thermique et acoustique.<\/p>\n<p>3. Bonne r\u00e9sistance aux chocs et haute t\u00e9nacit\u00e9.<\/p>\n<p>4. Bonne transmission de la lumi\u00e8re.<\/p>\n<p>5. Bonne r\u00e9sistance \u00e0 la temp\u00e9rature.<\/p>\n<p>6. Retardateur d'incendie.<\/p>\n<p>7. Non toxique.<\/p>\n<p>8. Protection contre les UV.<\/p>\n<p>9. Vieillissement de l'ours.<\/p>\n<p><strong>Applications :<\/strong><\/p>\n<p>1.\u00a0Excellent\u00a0roofing\u00a0materials,\u00a0widely\u00a0used\u00a0for\u00a0dormer\u00a0windows,\u00a0skylights,\u00a0extended\u00a0porches\u00a0and\u00a0greenhouses,\u00a0commercial\u00a0spaces\u00a0in\u00a0hotels,<br \/>\ncoffee\u00a0shops,\u00a0boutiques\u00a0and\u00a0beauty\u00a0parlor,\u00a0exhibition\u00a0center\u00a0and\u00a0telephone\u00a0booth.<\/p>\n<p>2.\u00a0Sound\u00a0insulation\u00a0wall\u00a0for\u00a0freeways,\u00a0high-speed\u00a0railway.<\/p>\n<p>3.\u00a0Sign\u00a0boards\u00a0for\u00a0advertisement.<\/p>\n<p>4.\u00a0Decoration\u00a0lighting\u00a0in\u00a0banks,\u00a0hospitals,\u00a0airports,\u00a0bus,\u00a0railway\u00a0stations\u00a0and\u00a0kindergartens.<\/p>\n<p>5.\u00a0Non-toxic,\u00a0keeping\u00a0in\u00a0touch\u00a0with\u00a0the\u00a0food.<\/p>\n<p>6. Remplacement du verre ordinaire en de nombreux endroits.<\/p>\n<p><img decoding=\"async\" src=\"https:\/\/sc02.alicdn.com\/kf\/HTB1wYcHkS8YBeNkSnb4q6yevFXaH\/200162319\/HTB1wYcHkS8YBeNkSnb4q6yevFXaH.jpg\" alt=\"pc layers sheet 16mm polycarbonate honeycomb\" width=\"630\" height=\"470.925\" data-src=\"\/\/sc02.alicdn.com\/kf\/HTB1wYcHkS8YBeNkSnb4q6yevFXaH\/200162319\/HTB1wYcHkS8YBeNkSnb4q6yevFXaH.jpg\" data-alt=\"pc layers sheet 16mm polycarbonate honeycomb\" data-width=\"630\" data- title=\"\"><img decoding=\"async\" src=\"https:\/\/sc01.alicdn.com\/kf\/HTB1U5VQteuSBuNjy1Xcq6AYjFXan\/200162319\/HTB1U5VQteuSBuNjy1Xcq6AYjFXan.jpg\" alt=\"pc layers sheet 16mm polycarbonate honeycomb\" width=\"630\" height=\"472.5\" data-src=\"\/\/sc01.alicdn.com\/kf\/HTB1U5VQteuSBuNjy1Xcq6AYjFXan\/200162319\/HTB1U5VQteuSBuNjy1Xcq6AYjFXan.jpg\" data-alt=\"pc layers sheet 16mm polycarbonate honeycomb\" data-width=\"630\" data- title=\"\"><\/p>\n<p><img decoding=\"async\" src=\"https:\/\/sc02.alicdn.com\/kf\/H4a5e33e5f1034bce8dde77f9a90d1cd9q\/200162319\/H4a5e33e5f1034bce8dde77f9a90d1cd9q.png\" alt=\"pc layers sheet 16mm polycarbonate honeycomb\" width=\"630\" height=\"586.3781624500665\" data-src=\"\/\/sc02.alicdn.com\/kf\/H4a5e33e5f1034bce8dde77f9a90d1cd9q\/200162319\/H4a5e33e5f1034bce8dde77f9a90d1cd9q.png\" data-alt=\"pc layers sheet 16mm polycarbonate honeycomb\" data-width=\"630\" data- title=\"\"><\/p>\n<div id=\"ali-anchor-AliPostDhMb-grsmg\" data-section=\"AliPostDhMb-grsmg\" data-section-title=\"Packaging &amp; Shipping\">\n<div id=\"ali-title-AliPostDhMb-grsmg\"><strong>Emballage et exp\u00e9dition<\/strong><\/div>\n<div>\n<p>\u00a0<img decoding=\"async\" src=\"https:\/\/sc02.alicdn.com\/kf\/H02a52324dc024cdcbaee8c550d0c5b3cR\/200162319\/H02a52324dc024cdcbaee8c550d0c5b3cR.png\" alt=\"pc layers sheet 16mm polycarbonate honeycomb\" width=\"630\" height=\"214.7347480106101\" data-src=\"\/\/sc02.alicdn.com\/kf\/H02a52324dc024cdcbaee8c550d0c5b3cR\/200162319\/H02a52324dc024cdcbaee8c550d0c5b3cR.png\" data-alt=\"pc layers sheet 16mm polycarbonate honeycomb\" data-width=\"630\" data- title=\"\"><img decoding=\"async\" src=\"https:\/\/sc02.alicdn.com\/kf\/Hd05fdb0988024155a7956963ea5973acD\/200162319\/Hd05fdb0988024155a7956963ea5973acD.png\" alt=\"pc layers sheet 16mm polycarbonate honeycomb\" width=\"630\" height=\"474.58885941644564\" data-src=\"\/\/sc02.alicdn.com\/kf\/Hd05fdb0988024155a7956963ea5973acD\/200162319\/Hd05fdb0988024155a7956963ea5973acD.png\" data-alt=\"pc layers sheet 16mm polycarbonate honeycomb\" data-width=\"630\" data- title=\"\"><img fetchpriority=\"high\" decoding=\"async\" src=\"https:\/\/sc01.alicdn.com\/kf\/HTB1S_lfKXXXXXbAXVXXq6xXFXXXA\/200162319\/HTB1S_lfKXXXXXbAXVXXq6xXFXXXA.jpg\" alt=\"pc layers sheet 16mm polycarbonate honeycomb\" width=\"630\" height=\"630\" data-src=\"\/\/sc01.alicdn.com\/kf\/HTB1S_lfKXXXXXbAXVXXq6xXFXXXA\/200162319\/HTB1S_lfKXXXXXbAXVXXq6xXFXXXA.jpg\" data-alt=\"pc layers sheet 16mm polycarbonate honeycomb\" data-width=\"630\" data- title=\"\"><\/p>\n<\/div>\n<\/div>","protected":false},"featured_media":16740,"parent":0,"template":"","product-catagories":[178],"product-tag":[],"class_list":["post-15263","product","type-product","status-publish","has-post-thumbnail","hentry","product-catagories-polycarbonate-hollow-sheet"],"acf":[],"_links":{"self":[{"href":"https:\/\/www.tononplastics.com\/fr\/wp-json\/wp\/v2\/product\/15263","targetHints":{"allow":["GET"]}}],"collection":[{"href":"https:\/\/www.tononplastics.com\/fr\/wp-json\/wp\/v2\/product"}],"about":[{"href":"https:\/\/www.tononplastics.com\/fr\/wp-json\/wp\/v2\/types\/product"}],"version-history":[{"count":0,"href":"https:\/\/www.tononplastics.com\/fr\/wp-json\/wp\/v2\/product\/15263\/revisions"}],"wp:featuredmedia":[{"embeddable":true,"href":"https:\/\/www.tononplastics.com\/fr\/wp-json\/wp\/v2\/media\/16740"}],"wp:attachment":[{"href":"https:\/\/www.tononplastics.com\/fr\/wp-json\/wp\/v2\/media?parent=15263"}],"wp:term":[{"taxonomy":"product-catagories","embeddable":true,"href":"https:\/\/www.tononplastics.com\/fr\/wp-json\/wp\/v2\/product-catagories?post=15263"},{"taxonomy":"product-tag","embeddable":true,"href":"https:\/\/www.tononplastics.com\/fr\/wp-json\/wp\/v2\/product-tag?post=15263"}],"curies":[{"name":"wp","href":"https:\/\/api.w.org\/{rel}","templated":true}]}}