{"id":15265,"date":"2023-08-23T21:52:58","date_gmt":"2023-08-23T13:52:58","guid":{"rendered":"https:\/\/tononplastics.com\/?post_type=product&#038;p=15265"},"modified":"2024-04-16T13:51:43","modified_gmt":"2024-04-16T05:51:43","slug":"fire-resistant-multiwall-polycarbonate-sheet-greenhouse-panel","status":"publish","type":"product","link":"https:\/\/www.tononplastics.com\/fr\/product\/fire-resistant-multiwall-polycarbonate-sheet-greenhouse-panel\/","title":{"rendered":"Panneau en polycarbonate multi-parois r\u00e9sistant au feu Panneau de serre"},"content":{"rendered":"<div id=\"ali-anchor-AliPostDhMb-jrxlc\" data-section=\"AliPostDhMb-jrxlc\" data-section-title=\"Product Description\">\n<div>\n<p>Epaisseur des plaques de polycarbonate :\u00a0<\/p>\n<\/div>\n<\/div>\n<p>\n1).\u00a0<strong>Feuille de polycarbonate \u00e0 double paroi<\/strong>\u00a0\u00e9paisseur : 4mm, 6mm, 8mm, 10mm, 12mm, etc.<\/p>\n<p>2).\u00a0<strong>Feuille de polycarbonate \u00e0 triple paroi<\/strong>\u00a0\u00e9paisseur : 8mm, 10mm, 12mm, 14mm, 16mm, 18mm, 20mm, etc.<\/p>\n<p>3).\u00a0<strong>Feuille de polycarbonate \u00e0 quatre parois<\/strong>\u00a0\u00e9paisseur : 6mm, 8mm, 10mm, 12mm, 16mm, 20mm, etc.<\/p>\n<p><img decoding=\"async\" src=\"https:\/\/sc01.alicdn.com\/kf\/HTB1U5VQteuSBuNjy1Xcq6AYjFXan\/200162319\/HTB1U5VQteuSBuNjy1Xcq6AYjFXan.jpg\" alt=\"Panneau de serre en polycarbonate multi-parois r\u00e9sistant au feu\" width=\"630\" height=\"472.5\" data-src=\"\/\/sc01.alicdn.com\/kf\/HTB1U5VQteuSBuNjy1Xcq6AYjFXan\/200162319\/HTB1U5VQteuSBuNjy1Xcq6AYjFXan.jpg\" data-alt=\"fire resistant  multiwall polycarbonate sheet greenhouse panel\" data-width=\"630\" data- title=\"\"><\/p>\n<p>4).\u00a0<strong>Feuille de polycarbonate \u00e0 cinq parois<\/strong>\u00a0\u00e9paisseur : 8mm, 10mm, 12mm, etc.<\/p>\n<p>5).\u00a0<strong>Feuille de polycarbonate \u00e0 six parois<\/strong>\u00a0\u00e9paisseur : 16mm, 20mm, 25mm, etc.<\/p>\n<p>6).\u00a0<strong>Feuille de polycarbonate X-Profile<\/strong>\u00a0\u00e9paisseur : 10mm, 12mm, 14mm, 16mm, 18mm, 20mm, etc.<\/p>\n<p>7).\u00a0<strong>Feuille de polycarbonate en nid d'abeille<\/strong>\u00a0\u00e9paisseur : 6mm, 8mm, 10mm, 12mm, etc.<\/p>\n<p>(2). Plaques de polycarbonate largeur : 2100mm<\/p>\n<p>(3). Longueur des plaques de polycarbonate : Aucune limite (recommand\u00e9es 5800mm, 6000mm, 11800mm, 12000mm pour convenir aux conteneurs 20\u2032 et 40\u2032).<\/p>\n<p>(4). Couleur des plaques de polycarbonate : clair\/transparent, bleu lac, vert, bleu, opale, blanc, brun\/bronze, gris argent\u00e9, rouge, jaune, etc.<\/p>\n<p><strong>2. Caract\u00e9ristiques :<\/strong><\/p>\n<p>(1). Transmission lumineuse \u00e9lev\u00e9e : jusqu'\u00e0 88% par rapport \u00e0 la m\u00eame \u00e9paisseur de verre ordinaire.<\/p>\n<p>(2). Excellente r\u00e9sistance aux chocs : 250~300 fois celle du verre de m\u00eame \u00e9paisseur, 30 fois celle de la feuille acrylique.<\/p>\n<p>(3). Les propri\u00e9t\u00e9s de r\u00e9sistance aux intemp\u00e9ries et aux UV sont conserv\u00e9es pendant des ann\u00e9es : La plage de r\u00e9sistance \u00e0 la temp\u00e9rature est de -40\u00b0C ~ 120\u00b0C, avec un film coextrud\u00e9 ultraviolet sur la surface de la feuille. Il peut emp\u00eacher la fatigue de la r\u00e9sine ou le jaunissement caus\u00e9 par les ultraviolets.<\/p>\n<p>(4). L\u00e9ger : seulement 1\/12 du poids du verre de m\u00eame \u00e9paisseur. Il peut \u00eatre facilement pli\u00e9 \u00e0 froid et thermoform\u00e9.<\/p>\n<p>(5). R\u00e9sistance aux flammes : La classe de r\u00e9sistance au feu \u00e9lev\u00e9e est la classe B1.<\/p>\n<p>(6). Isolation phonique et thermique : Superbe isolation acoustique pour la barri\u00e8re autorouti\u00e8re et super isolation thermique permettant d'\u00e9conomiser de l'\u00e9nergie.<\/p>\n<p>(7). La feuille solide de polycarbonate est un plastique technique dot\u00e9 d'une excellente capacit\u00e9 d'int\u00e9gration. Elle poss\u00e8de d'excellentes capacit\u00e9s physiques, m\u00e9caniques, \u00e9lectriques et thermiques.<\/p>\n<p><img fetchpriority=\"high\" decoding=\"async\" src=\"https:\/\/sc01.alicdn.com\/kf\/H905833aa270b428cb135157888c4d1ebN\/200162319\/H905833aa270b428cb135157888c4d1ebN.jpg\" alt=\"Panneau de serre en polycarbonate multi-parois r\u00e9sistant au feu\" width=\"630\" height=\"630\" data-src=\"\/\/sc01.alicdn.com\/kf\/H905833aa270b428cb135157888c4d1ebN\/200162319\/H905833aa270b428cb135157888c4d1ebN.jpg\" data-alt=\"fire resistant  multiwall polycarbonate sheet greenhouse panel\" data-width=\"630\" data- title=\"\"><img decoding=\"async\" src=\"https:\/\/sc01.alicdn.com\/kf\/Hab9bd697ff3d43f4a68edc4263f778919\/200162319\/Hab9bd697ff3d43f4a68edc4263f778919.jpg\" alt=\"Panneau de serre en polycarbonate multi-parois r\u00e9sistant au feu\" width=\"630\" height=\"630\" data-src=\"\/\/sc01.alicdn.com\/kf\/Hab9bd697ff3d43f4a68edc4263f778919\/200162319\/Hab9bd697ff3d43f4a68edc4263f778919.jpg\" data-alt=\"fire resistant  multiwall polycarbonate sheet greenhouse panel\" data-width=\"630\" data- title=\"\"><\/p>\n<p><strong>3. Applications :<br \/>\n<\/strong><br \/>\n(1). Pare-soleil pour les stades et les abribus, etc.<\/p>\n<p>(2). Puits de lumi\u00e8re, \u00e9clairage des couloirs, balcons, passages et entr\u00e9es de m\u00e9tro, passerelles.<\/p>\n<p>(3). Bricolage, auvent, marquise.<\/p>\n<p>(4). Bo\u00eetes \u00e0 lampes publicitaires, enseignes<\/p>\n<p>(5). Bouclier anti-\u00e9meute, mat\u00e9riau r\u00e9sistant aux balles, distributeurs automatiques de billets.<\/p>\n<p>(6). Conservatoires, serres agricoles, zoos, jardins botaniques.<\/p>\n<p>(7). Toitures et vitrages industriels<\/p>\n<p>(8). Piscines toiture\/couverture\/toile<\/p>\n<p>&nbsp;<\/p>\n<p><img decoding=\"async\" src=\"https:\/\/sc02.alicdn.com\/kf\/HTB1LTKdtf1TBuNjy0Fjq6yjyXXaz\/200162319\/HTB1LTKdtf1TBuNjy0Fjq6yjyXXaz.jpg\" alt=\"Panneau de serre en polycarbonate multi-parois r\u00e9sistant au feu\" width=\"630\" height=\"472.5\" data-src=\"\/\/sc02.alicdn.com\/kf\/HTB1LTKdtf1TBuNjy0Fjq6yjyXXaz\/200162319\/HTB1LTKdtf1TBuNjy0Fjq6yjyXXaz.jpg\" data-alt=\"fire resistant  multiwall polycarbonate sheet greenhouse panel\" data-width=\"630\" data- title=\"\"><\/p>\n<p>- Code H.S : 39206100<\/p>\n<p>- Conditions de paiement : T\/T, L\/C,.<\/p>\n<p>- D\u00e9lai de livraison : 7-15 jours<\/p>\n<p>- Quantit\u00e9 minimale de commande : 1*20\u2032 conteneur<\/p>\n<p>- Emballage : Les deux faces sont recouvertes d'un film de protection PE<\/p>\n<p>- Politique en mati\u00e8re d'\u00e9chantillons : De petits \u00e9chantillons peuvent \u00eatre fournis moyennant des frais de messagerie en port d\u00fb.<\/p>\n<p>Plaques en polycarbonate, plaques en polycarbonate, plaques de toiture en polycarbonate, plaques en polycarbonate multi-parois, panneaux en polycarbonate, plaques en polycarbonate, plaques creuses en polycarbonate, plaques creuses en polycarbonate, plaques en polycarbonate \u00e0 double paroi, plaques en polycarbonate \u00e0 2 parois, plaques en polycarbonate \u00e0 triple paroi, plaques en polycarbonate \u00e0 3 parois, plaques solaires en polycarbonate, accessoires\/profils en polycarbonate, accessoires\/profils en pc, plaques en pc, panneaux en pc, panneaux en pc, plaques solaires, plaques solaires, panneaux solaires, panneaux solaires, panneaux solaires, feuille solaire, feuille de polycarbonate d\u00e9poli, feuille de polycarbonate cristal, feuille creuse de polycarbonate d\u00e9poli\/cristal, mat\u00e9riaux de construction, mat\u00e9riaux de couverture, puits de lumi\u00e8re en polycarbonate, feuilles en plastique, feuilles en plastique, feuille de polycarbonate alv\u00e9olaire, feuille de polycarbonate alv\u00e9olaire, feuille de polycarbonate alv\u00e9olaire, feuille de pc alv\u00e9olaire, feuille de polycarbonate \u00e0 quatre parois, feuille de polycarbonate \u00e0 cinq parois, feuille de polycarbonate \u00e0 six parois, feuille de polycarbonate \u00e0 profil X, feuille de polycarbonate \u00e0 profil X, feuille de polycarbonate \u00e0 profil X, etc.<\/p>\n<p><img decoding=\"async\" src=\"https:\/\/sc01.alicdn.com\/kf\/H276597fb63bf4e8ebb711e73f1e18dd4h\/200162319\/H276597fb63bf4e8ebb711e73f1e18dd4h.jpg\" alt=\"Panneau de serre en polycarbonate multi-parois r\u00e9sistant au feu\" width=\"630\" height=\"427.0323325635104\" data-src=\"\/\/sc01.alicdn.com\/kf\/H276597fb63bf4e8ebb711e73f1e18dd4h\/200162319\/H276597fb63bf4e8ebb711e73f1e18dd4h.jpg\" data-alt=\"fire resistant  multiwall polycarbonate sheet greenhouse panel\" data-width=\"630\" data- title=\"\"><\/p>\n<div id=\"ali-anchor-AliPostDhMb-b6lc3\" data-section=\"AliPostDhMb-b6lc3\" data-section-title=\"Packaging &amp; Shipping\">\n<div id=\"ali-title-AliPostDhMb-b6lc3\">Emballage et exp\u00e9dition<\/div>\n<div>\n<p>\u00a0<img decoding=\"async\" src=\"https:\/\/sc02.alicdn.com\/kf\/Hd05fdb0988024155a7956963ea5973acD\/200162319\/Hd05fdb0988024155a7956963ea5973acD.png\" alt=\"Panneau de serre en polycarbonate multi-parois r\u00e9sistant au feu\" width=\"630\" height=\"474.58885941644564\" data-src=\"\/\/sc02.alicdn.com\/kf\/Hd05fdb0988024155a7956963ea5973acD\/200162319\/Hd05fdb0988024155a7956963ea5973acD.png\" data-alt=\"fire resistant  multiwall polycarbonate sheet greenhouse panel\" data-width=\"630\" data- title=\"\"><img decoding=\"async\" src=\"https:\/\/sc02.alicdn.com\/kf\/H02a52324dc024cdcbaee8c550d0c5b3cR\/200162319\/H02a52324dc024cdcbaee8c550d0c5b3cR.png\" alt=\"Panneau de serre en polycarbonate multi-parois r\u00e9sistant au feu\" width=\"630\" height=\"214.7347480106101\" data-src=\"\/\/sc02.alicdn.com\/kf\/H02a52324dc024cdcbaee8c550d0c5b3cR\/200162319\/H02a52324dc024cdcbaee8c550d0c5b3cR.png\" data-alt=\"fire resistant  multiwall polycarbonate sheet greenhouse panel\" data-width=\"630\" data- title=\"\"><img decoding=\"async\" src=\"https:\/\/sc01.alicdn.com\/kf\/HTB1ggLnJVXXXXcYXVXXq6xXFXXXP\/200162319\/HTB1ggLnJVXXXXcYXVXXq6xXFXXXP.jpg\" alt=\"Panneau de serre en polycarbonate multi-parois r\u00e9sistant au feu\" width=\"630\" height=\"635.88\" data-src=\"\/\/sc01.alicdn.com\/kf\/HTB1ggLnJVXXXXcYXVXXq6xXFXXXP\/200162319\/HTB1ggLnJVXXXXcYXVXXq6xXFXXXP.jpg\" data-alt=\"fire resistant  multiwall polycarbonate sheet greenhouse panel\" data-width=\"630\" data- title=\"\"><\/p>\n<\/div>\n<\/div>","protected":false},"featured_media":16767,"parent":0,"template":"","product-catagories":[178],"product-tag":[],"class_list":["post-15265","product","type-product","status-publish","has-post-thumbnail","hentry","product-catagories-polycarbonate-hollow-sheet"],"acf":[],"_links":{"self":[{"href":"https:\/\/www.tononplastics.com\/fr\/wp-json\/wp\/v2\/product\/15265","targetHints":{"allow":["GET"]}}],"collection":[{"href":"https:\/\/www.tononplastics.com\/fr\/wp-json\/wp\/v2\/product"}],"about":[{"href":"https:\/\/www.tononplastics.com\/fr\/wp-json\/wp\/v2\/types\/product"}],"version-history":[{"count":0,"href":"https:\/\/www.tononplastics.com\/fr\/wp-json\/wp\/v2\/product\/15265\/revisions"}],"wp:featuredmedia":[{"embeddable":true,"href":"https:\/\/www.tononplastics.com\/fr\/wp-json\/wp\/v2\/media\/16767"}],"wp:attachment":[{"href":"https:\/\/www.tononplastics.com\/fr\/wp-json\/wp\/v2\/media?parent=15265"}],"wp:term":[{"taxonomy":"product-catagories","embeddable":true,"href":"https:\/\/www.tononplastics.com\/fr\/wp-json\/wp\/v2\/product-catagories?post=15265"},{"taxonomy":"product-tag","embeddable":true,"href":"https:\/\/www.tononplastics.com\/fr\/wp-json\/wp\/v2\/product-tag?post=15265"}],"curies":[{"name":"wp","href":"https:\/\/api.w.org\/{rel}","templated":true}]}}