{"id":15281,"date":"2023-08-23T22:08:14","date_gmt":"2023-08-23T14:08:14","guid":{"rendered":"https:\/\/tononplastics.com\/?post_type=product&#038;p=15281"},"modified":"2024-04-16T13:36:55","modified_gmt":"2024-04-16T05:36:55","slug":"sun-sheets-polycarbonate-uv-resistant-roofing-pc-twin-hollow-sheet-for-green-house","status":"publish","type":"product","link":"https:\/\/www.tononplastics.com\/fr\/product\/sun-sheets-polycarbonate-uv-resistant-roofing-pc-twin-hollow-sheet-for-green-house\/","title":{"rendered":"Feuilles de soleil polycarbonate r\u00e9sistant aux UV pour toiture pc twin hollow sheet for green house"},"content":{"rendered":"<table border=\"1\">\n<tbody>\n<tr>\n<td>\u00a0Nom du produit<\/td>\n<td>\u00a0Plaque creuse en polycarbonate<\/td>\n<\/tr>\n<tr>\n<td>\u00a0Lieu d'origine<\/td>\n<td>\u00a0Foshan City, Guangdong, Chine<\/td>\n<\/tr>\n<tr>\n<td>\u00a0Mat\u00e9riau<\/td>\n<td>\u00a0100% Polycarbonate vierge Mat\u00e9riau<\/td>\n<\/tr>\n<tr>\n<td>\u00a0Couleurs<\/td>\n<td>\u00a0Transparent, bronze, bleu, vert, opale, gris ou personnalis\u00e9<\/td>\n<\/tr>\n<tr>\n<td>\u00a0\u00c9paisseur<\/td>\n<td>\u00a03-20mm<\/td>\n<\/tr>\n<tr>\n<td>\u00a0Largeur<\/td>\n<td>\u00a02.1m, 1.22m Ou sur mesure<\/td>\n<\/tr>\n<tr>\n<td>\u00a0Surface<\/td>\n<td>\u00a0Avec une protection UV de 50 microns, r\u00e9sistance \u00e0 la chaleur<\/td>\n<\/tr>\n<tr>\n<td>Norme de retardement<\/td>\n<td>\u00a0Grade B1 (norme GB)<\/td>\n<\/tr>\n<tr>\n<td>Emballage<\/td>\n<td>\u00a0Les deux faces sont recouvertes d'un film PE, le logo est appos\u00e9 sur le film PE. Un emballage personnalis\u00e9 est \u00e9galement disponible.<\/td>\n<\/tr>\n<tr>\n<td>Livraison<\/td>\n<td>\u00a0Dans un d\u00e9lai de 7 \u00e0 10 jours apr\u00e8s r\u00e9ception de l'acompte<\/td>\n<\/tr>\n<\/tbody>\n<\/table>\n<p><span style=\"color: initial;\">Description du produit<\/span><\/p>\n<div id=\"ali-anchor-AliPostDhMb-ig9ka\" class=\"mceSectionContainer\" data-section=\"AliPostDhMb-ig9ka\" data-section-title=\"Product Description\">\n<div>\n<p>(1) la qualit\u00e9 de la lumi\u00e8re est bonne : le taux d'euphorie des cartes PC transparentes peut atteindre 88%<\/p>\n<p>(2) R\u00e9sistance aux chocs : la r\u00e9sistance aux chocs du verre ordinaire est de 250 \u00e0 300 fois, celle de la feuille acrylique de m\u00eame \u00e9paisseur est de 30 fois, l'utilisation d'un marteau de 3 kg n'entra\u00eene pas de chute de deux m\u00e8tres et ne provoque pas de fissure.<\/p>\n<\/div>\n<\/div>\n<p>(3) Pr\u00e9vention des ultraviolets : la surface du produit est dot\u00e9e d'une couche coextrud\u00e9e contre les ultraviolets, ce qui permet de bloquer les rayons ultraviolets et de prot\u00e9ger les objets d'art et d'exposition pr\u00e9cieux contre les dommages caus\u00e9s par les ultraviolets.<\/p>\n<p><img decoding=\"async\" src=\"https:\/\/sc04.alicdn.com\/kf\/Hee35153016fb4f64a8abd2cf77d8280dQ\/200162319\/Hee35153016fb4f64a8abd2cf77d8280dQ.jpg\" alt=\"Feuilles de soleil polycarbonate r\u00e9sistant aux UV pour toiture pc twin hollow sheet for green house\" width=\"630\" height=\"404.88\" data-src=\"\/\/sc04.alicdn.com\/kf\/Hee35153016fb4f64a8abd2cf77d8280dQ\/200162319\/Hee35153016fb4f64a8abd2cf77d8280dQ.jpg\" data-alt=\"Sun sheets polycarbonate uv resistant roofing pc twin hollow sheet for green house\" data-width=\"630\" data- title=\"\"><img decoding=\"async\" src=\"https:\/\/sc04.alicdn.com\/kf\/H3e961f45ef114d249ad9c4b4127c550c9\/200162319\/H3e961f45ef114d249ad9c4b4127c550c9.png\" alt=\"Feuilles de soleil polycarbonate r\u00e9sistant aux UV pour toiture pc twin hollow sheet for green house\" width=\"630\" height=\"357.3333333333333\" data-src=\"\/\/sc04.alicdn.com\/kf\/H3e961f45ef114d249ad9c4b4127c550c9\/200162319\/H3e961f45ef114d249ad9c4b4127c550c9.png\" data-alt=\"Sun sheets polycarbonate uv resistant roofing pc twin hollow sheet for green house\" data-width=\"630\" data- title=\"\"><img fetchpriority=\"high\" decoding=\"async\" src=\"https:\/\/sc04.alicdn.com\/kf\/H714a5c6dbda442bcbd7bce1a68b14647J\/200162319\/H714a5c6dbda442bcbd7bce1a68b14647J.jpg\" alt=\"Feuilles de soleil polycarbonate r\u00e9sistant aux UV pour toiture pc twin hollow sheet for green house\" width=\"630\" height=\"840\" data-src=\"\/\/sc04.alicdn.com\/kf\/H714a5c6dbda442bcbd7bce1a68b14647J\/200162319\/H714a5c6dbda442bcbd7bce1a68b14647J.jpg\" data-alt=\"Sun sheets polycarbonate uv resistant roofing pc twin hollow sheet for green house\" data-width=\"630\" data- title=\"\"><\/p>\n<p><strong>Caract\u00e9ristiques techniques :<\/strong><\/p>\n<p>1, r\u00e9sistance aux chocs : 850 J\/m<br \/>\n2, taux d'euphose : 90%<br \/>\n<span style=\"font-size: revert; color: initial;\">3, r\u00e9sistance \u00e0 la traction : &gt; 60 N\/was<br \/>\n<\/span><span style=\"font-size: revert; color: initial;\">4, r\u00e9sistance \u00e0 la flexion : 100 N\/was<\/span><\/p>\n<p><img decoding=\"async\" src=\"https:\/\/sc01.alicdn.com\/kf\/H74247c1d61554ba2a775e9ce59244207e\/200162319\/H74247c1d61554ba2a775e9ce59244207e.jpg\" alt=\"Feuilles de soleil polycarbonate r\u00e9sistant aux UV pour toiture pc twin hollow sheet for green house\" width=\"630\" height=\"450\" data-src=\"\/\/sc01.alicdn.com\/kf\/H74247c1d61554ba2a775e9ce59244207e\/200162319\/H74247c1d61554ba2a775e9ce59244207e.jpg\" data-alt=\"Sun sheets polycarbonate uv resistant roofing pc twin hollow sheet for green house\" data-width=\"630\" data-height=\"450\" data- title=\"\"><img decoding=\"async\" src=\"https:\/\/sc02.alicdn.com\/kf\/H02a52324dc024cdcbaee8c550d0c5b3cR\/200162319\/H02a52324dc024cdcbaee8c550d0c5b3cR.png\" alt=\"Feuilles de soleil polycarbonate r\u00e9sistant aux UV pour toiture pc twin hollow sheet for green house\" width=\"630\" height=\"450\" data-src=\"\/\/sc02.alicdn.com\/kf\/H02a52324dc024cdcbaee8c550d0c5b3cR\/200162319\/H02a52324dc024cdcbaee8c550d0c5b3cR.png\" data-alt=\"Sun sheets polycarbonate uv resistant roofing pc twin hollow sheet for green house\" data-width=\"630\" data-height=\"450\" data- title=\"\"><img loading=\"lazy\" decoding=\"async\" src=\"https:\/\/sc02.alicdn.com\/kf\/Hd05fdb0988024155a7956963ea5973acD\/200162319\/Hd05fdb0988024155a7956963ea5973acD.png\" alt=\"Feuilles de soleil polycarbonate r\u00e9sistant aux UV pour toiture pc twin hollow sheet for green house\" width=\"630\" height=\"450\" data-src=\"\/\/sc02.alicdn.com\/kf\/Hd05fdb0988024155a7956963ea5973acD\/200162319\/Hd05fdb0988024155a7956963ea5973acD.png\" data-alt=\"Sun sheets polycarbonate uv resistant roofing pc twin hollow sheet for green house\" data-width=\"630\" data-height=\"450\" data- title=\"\"><\/p>","protected":false},"featured_media":16755,"parent":0,"template":"","product-catagories":[178],"product-tag":[],"class_list":["post-15281","product","type-product","status-publish","has-post-thumbnail","hentry","product-catagories-polycarbonate-hollow-sheet"],"acf":[],"_links":{"self":[{"href":"https:\/\/www.tononplastics.com\/fr\/wp-json\/wp\/v2\/product\/15281","targetHints":{"allow":["GET"]}}],"collection":[{"href":"https:\/\/www.tononplastics.com\/fr\/wp-json\/wp\/v2\/product"}],"about":[{"href":"https:\/\/www.tononplastics.com\/fr\/wp-json\/wp\/v2\/types\/product"}],"version-history":[{"count":0,"href":"https:\/\/www.tononplastics.com\/fr\/wp-json\/wp\/v2\/product\/15281\/revisions"}],"wp:featuredmedia":[{"embeddable":true,"href":"https:\/\/www.tononplastics.com\/fr\/wp-json\/wp\/v2\/media\/16755"}],"wp:attachment":[{"href":"https:\/\/www.tononplastics.com\/fr\/wp-json\/wp\/v2\/media?parent=15281"}],"wp:term":[{"taxonomy":"product-catagories","embeddable":true,"href":"https:\/\/www.tononplastics.com\/fr\/wp-json\/wp\/v2\/product-catagories?post=15281"},{"taxonomy":"product-tag","embeddable":true,"href":"https:\/\/www.tononplastics.com\/fr\/wp-json\/wp\/v2\/product-tag?post=15281"}],"curies":[{"name":"wp","href":"https:\/\/api.w.org\/{rel}","templated":true}]}}