{"id":15290,"date":"2023-08-23T22:09:44","date_gmt":"2023-08-23T14:09:44","guid":{"rendered":"https:\/\/tononplastics.com\/?post_type=product&#038;p=15290"},"modified":"2024-04-16T13:32:01","modified_gmt":"2024-04-16T05:32:01","slug":"5mm-clear-twin-wall-hollow-polycarbonate-sheets-for-sale-uv-coating-fob-reference-priceget-latest-price","status":"publish","type":"product","link":"https:\/\/www.tononplastics.com\/fr\/product\/5mm-clear-twin-wall-hollow-polycarbonate-sheets-for-sale-uv-coating-fob-reference-priceget-latest-price\/","title":{"rendered":"Plaques de polycarbonate creuses et transparentes \u00e0 double paroi de 5 mm pour la vente, rev\u00eatement UV Prix de r\u00e9f\u00e9rence FOB:Obtenir le dernier prix"},"content":{"rendered":"<p><span data-spm-anchor-id=\"a2700.details.0.i26.44863307BuqEsN\">Plaque creuse en polycarbonate pour toiture en plastique transparent pour l'artisanat \u00e0 double paroi<\/span><\/p>\n<table border=\"1\">\n<tbody>\n<tr>\n<td>\u00a0Nom du produit<\/td>\n<td>\u00a0Plaque creuse en polycarbonate<\/td>\n<\/tr>\n<tr>\n<td>\u00a0Lieu d'origine<\/td>\n<td>\u00a0Foshan City, Guangdong, Chine<\/td>\n<\/tr>\n<tr>\n<td>\u00a0Mat\u00e9riau<\/td>\n<td>\u00a0100% Polycarbonate vierge Mat\u00e9riau<\/td>\n<\/tr>\n<tr>\n<td>\u00a0Couleurs<\/td>\n<td>\u00a0Transparent, bronze, bleu, vert, opale, gris ou personnalis\u00e9<\/td>\n<\/tr>\n<tr>\n<td>\u00a0\u00c9paisseur<\/td>\n<td>\u00a03-20mm<\/td>\n<\/tr>\n<tr>\n<td>\u00a0Largeur<\/td>\n<td>\u00a02.1m, 1.22m Ou sur mesure<\/td>\n<\/tr>\n<tr>\n<td>\u00a0Surface<\/td>\n<td>\u00a0Avec une protection UV de 50 microns, r\u00e9sistance \u00e0 la chaleur<\/td>\n<\/tr>\n<tr>\n<td>Norme de retardement<\/td>\n<td>\u00a0Grade B1 (norme GB)<\/td>\n<\/tr>\n<tr>\n<td>Emballage<\/td>\n<td>\u00a0Les deux faces sont recouvertes d'un film PE, le logo est appos\u00e9 sur le film PE. Un emballage personnalis\u00e9 est \u00e9galement disponible.<\/td>\n<\/tr>\n<tr>\n<td>Livraison<\/td>\n<td>\u00a0Dans un d\u00e9lai de 7 \u00e0 10 jours apr\u00e8s r\u00e9ception de l'acompte<\/td>\n<\/tr>\n<\/tbody>\n<\/table>\n<p><img fetchpriority=\"high\" decoding=\"async\" class=\"\" src=\"https:\/\/sc04.alicdn.com\/kf\/H1cbb870bbc214fd782f8e4ea067b0f87t\/200162319\/H1cbb870bbc214fd782f8e4ea067b0f87t.png\" alt=\"5mm clear twin wall hollow polycarbonate sheets for sale uv coating\" width=\"363\" height=\"315\" data-src=\"\/\/sc04.alicdn.com\/kf\/H1cbb870bbc214fd782f8e4ea067b0f87t\/200162319\/H1cbb870bbc214fd782f8e4ea067b0f87t.png\" data-alt=\"5mm clear twin wall hollow polycarbonate sheets for sale uv coating\" data-width=\"620\" data-height=\"538\" data- title=\"\"><img decoding=\"async\" class=\"\" src=\"https:\/\/sc04.alicdn.com\/kf\/Hf568a00564ff4febb2489ff33e1ef8e1R\/200162319\/Hf568a00564ff4febb2489ff33e1ef8e1R.png\" alt=\"5mm clear twin wall hollow polycarbonate sheets for sale uv coating\" width=\"416\" height=\"313\" data-src=\"\/\/sc04.alicdn.com\/kf\/Hf568a00564ff4febb2489ff33e1ef8e1R\/200162319\/Hf568a00564ff4febb2489ff33e1ef8e1R.png\" data-alt=\"5mm clear twin wall hollow polycarbonate sheets for sale uv coating\" data-width=\"619\" data-height=\"466\" data- title=\"\"><img decoding=\"async\" class=\"\" src=\"https:\/\/sc04.alicdn.com\/kf\/He7b09910ae1740deb030d8061ec8b92cR\/200162319\/He7b09910ae1740deb030d8061ec8b92cR.png\" alt=\"5mm clear twin wall hollow polycarbonate sheets for sale uv coating\" width=\"399\" height=\"322\" data-src=\"\/\/sc04.alicdn.com\/kf\/He7b09910ae1740deb030d8061ec8b92cR\/200162319\/He7b09910ae1740deb030d8061ec8b92cR.png\" data-alt=\"5mm clear twin wall hollow polycarbonate sheets for sale uv coating\" data-width=\"617\" data-height=\"497\" data- title=\"\"><img loading=\"lazy\" decoding=\"async\" class=\"\" src=\"https:\/\/sc04.alicdn.com\/kf\/H24c6424deccc4e299e7a21e4fdb2c22bl\/200162319\/H24c6424deccc4e299e7a21e4fdb2c22bl.png\" alt=\"5mm clear twin wall hollow polycarbonate sheets for sale uv coating\" width=\"352\" height=\"321\" data-src=\"\/\/sc04.alicdn.com\/kf\/H24c6424deccc4e299e7a21e4fdb2c22bl\/200162319\/H24c6424deccc4e299e7a21e4fdb2c22bl.png\" data-alt=\"5mm clear twin wall hollow polycarbonate sheets for sale uv coating\" data- title=\"\"><\/p>\n<div id=\"ali-anchor-AliPostDhMb-ig9ka\" class=\"mceSectionContainer\" data-section=\"AliPostDhMb-ig9ka\" data-section-title=\"Product Description\">\n<div id=\"ali-title-AliPostDhMb-ig9ka\"><strong>Description du produit<\/strong><\/div>\n<div>\n<p>(1) la qualit\u00e9 de la lumi\u00e8re est bonne : le taux d'euphorie des cartes PC transparentes peut atteindre 88%<\/p>\n<p>(2) R\u00e9sistance aux chocs : la r\u00e9sistance aux chocs du verre ordinaire est de 250 \u00e0 300 fois, celle de la feuille acrylique de m\u00eame \u00e9paisseur est de 30 fois, l'utilisation d'un marteau de 3 kg n'entra\u00eene pas de chute de deux m\u00e8tres et ne provoque pas de fissure.<\/p>\n<\/div>\n<\/div>\n<p>(3) Pr\u00e9vention des ultraviolets : la surface du produit est dot\u00e9e d'une couche coextrud\u00e9e contre les ultraviolets, ce qui permet de bloquer les rayons ultraviolets et de prot\u00e9ger les objets d'art et d'exposition pr\u00e9cieux contre les dommages caus\u00e9s par les ultraviolets.<\/p>\n<p><img decoding=\"async\" src=\"https:\/\/sc04.alicdn.com\/kf\/Hee35153016fb4f64a8abd2cf77d8280dQ\/200162319\/Hee35153016fb4f64a8abd2cf77d8280dQ.jpg\" alt=\"5mm clear twin wall hollow polycarbonate sheets for sale uv coating\" width=\"630\" height=\"404.88\" data-src=\"\/\/sc04.alicdn.com\/kf\/Hee35153016fb4f64a8abd2cf77d8280dQ\/200162319\/Hee35153016fb4f64a8abd2cf77d8280dQ.jpg\" data-alt=\"5mm clear twin wall hollow polycarbonate sheets for sale uv coating\" data-width=\"630\" data- title=\"\"><img decoding=\"async\" src=\"https:\/\/sc04.alicdn.com\/kf\/H3e961f45ef114d249ad9c4b4127c550c9\/200162319\/H3e961f45ef114d249ad9c4b4127c550c9.png\" alt=\"5mm clear twin wall hollow polycarbonate sheets for sale uv coating\" width=\"630\" height=\"357.3333333333333\" data-src=\"\/\/sc04.alicdn.com\/kf\/H3e961f45ef114d249ad9c4b4127c550c9\/200162319\/H3e961f45ef114d249ad9c4b4127c550c9.png\" data-alt=\"5mm clear twin wall hollow polycarbonate sheets for sale uv coating\" data-width=\"630\" data- title=\"\"><img loading=\"lazy\" decoding=\"async\" src=\"https:\/\/sc04.alicdn.com\/kf\/H714a5c6dbda442bcbd7bce1a68b14647J\/200162319\/H714a5c6dbda442bcbd7bce1a68b14647J.jpg\" alt=\"5mm clear twin wall hollow polycarbonate sheets for sale uv coating\" width=\"630\" height=\"840\" data-src=\"\/\/sc04.alicdn.com\/kf\/H714a5c6dbda442bcbd7bce1a68b14647J\/200162319\/H714a5c6dbda442bcbd7bce1a68b14647J.jpg\" data-alt=\"5mm clear twin wall hollow polycarbonate sheets for sale uv coating\" data-width=\"630\" data- title=\"\"><\/p>\n<p><strong>Caract\u00e9ristiques techniques :<\/strong><\/p>\n<p>1, r\u00e9sistance aux chocs : 850 J\/m<\/p>\n<p>2, taux d'euphose : 90%<\/p>\n<p>3, r\u00e9sistance \u00e0 la traction : &gt; 60 N\/was<\/p>\n<p>4, r\u00e9sistance \u00e0 la flexion : 100 N\/was<\/p>\n<p><img loading=\"lazy\" decoding=\"async\" src=\"https:\/\/sc01.alicdn.com\/kf\/H74247c1d61554ba2a775e9ce59244207e\/200162319\/H74247c1d61554ba2a775e9ce59244207e.jpg\" alt=\"5mm clear twin wall hollow polycarbonate sheets for sale uv coating\" width=\"630\" height=\"450\" data-src=\"\/\/sc01.alicdn.com\/kf\/H74247c1d61554ba2a775e9ce59244207e\/200162319\/H74247c1d61554ba2a775e9ce59244207e.jpg\" data-alt=\"5mm clear twin wall hollow polycarbonate sheets for sale uv coating\" data-width=\"630\" data-height=\"450\" data- title=\"\"><img loading=\"lazy\" decoding=\"async\" src=\"https:\/\/sc02.alicdn.com\/kf\/H02a52324dc024cdcbaee8c550d0c5b3cR\/200162319\/H02a52324dc024cdcbaee8c550d0c5b3cR.png\" alt=\"5mm clear twin wall hollow polycarbonate sheets for sale uv coating\" width=\"630\" height=\"450\" data-src=\"\/\/sc02.alicdn.com\/kf\/H02a52324dc024cdcbaee8c550d0c5b3cR\/200162319\/H02a52324dc024cdcbaee8c550d0c5b3cR.png\" data-alt=\"5mm clear twin wall hollow polycarbonate sheets for sale uv coating\" data-width=\"630\" data-height=\"450\" data- title=\"\"><img loading=\"lazy\" decoding=\"async\" src=\"https:\/\/sc02.alicdn.com\/kf\/Hd05fdb0988024155a7956963ea5973acD\/200162319\/Hd05fdb0988024155a7956963ea5973acD.png\" alt=\"5mm clear twin wall hollow polycarbonate sheets for sale uv coating\" width=\"630\" height=\"450\" data-src=\"\/\/sc02.alicdn.com\/kf\/Hd05fdb0988024155a7956963ea5973acD\/200162319\/Hd05fdb0988024155a7956963ea5973acD.png\" data-alt=\"5mm clear twin wall hollow polycarbonate sheets for sale uv coating\" data-width=\"630\" data-height=\"450\" data- title=\"\"><\/p>","protected":false},"featured_media":16762,"parent":0,"template":"","product-catagories":[178],"product-tag":[],"class_list":["post-15290","product","type-product","status-publish","has-post-thumbnail","hentry","product-catagories-polycarbonate-hollow-sheet"],"acf":[],"_links":{"self":[{"href":"https:\/\/www.tononplastics.com\/fr\/wp-json\/wp\/v2\/product\/15290","targetHints":{"allow":["GET"]}}],"collection":[{"href":"https:\/\/www.tononplastics.com\/fr\/wp-json\/wp\/v2\/product"}],"about":[{"href":"https:\/\/www.tononplastics.com\/fr\/wp-json\/wp\/v2\/types\/product"}],"version-history":[{"count":0,"href":"https:\/\/www.tononplastics.com\/fr\/wp-json\/wp\/v2\/product\/15290\/revisions"}],"wp:featuredmedia":[{"embeddable":true,"href":"https:\/\/www.tononplastics.com\/fr\/wp-json\/wp\/v2\/media\/16762"}],"wp:attachment":[{"href":"https:\/\/www.tononplastics.com\/fr\/wp-json\/wp\/v2\/media?parent=15290"}],"wp:term":[{"taxonomy":"product-catagories","embeddable":true,"href":"https:\/\/www.tononplastics.com\/fr\/wp-json\/wp\/v2\/product-catagories?post=15290"},{"taxonomy":"product-tag","embeddable":true,"href":"https:\/\/www.tononplastics.com\/fr\/wp-json\/wp\/v2\/product-tag?post=15290"}],"curies":[{"name":"wp","href":"https:\/\/api.w.org\/{rel}","templated":true}]}}