{"id":15293,"date":"2023-08-23T22:38:44","date_gmt":"2023-08-23T14:38:44","guid":{"rendered":"https:\/\/tononplastics.com\/?post_type=product&#038;p=15293"},"modified":"2024-03-25T12:20:07","modified_gmt":"2024-03-25T04:20:07","slug":"polycarbonate-sheetsolidhollowembossed-sheet-polycarbonate-solid-sheethollow-sheet","status":"publish","type":"product","link":"https:\/\/www.tononplastics.com\/fr\/product\/polycarbonate-sheetsolidhollowembossed-sheet-polycarbonate-solid-sheethollow-sheet\/","title":{"rendered":"Plaque en polycarbonate&amp; solide, creuse, gaufr\u00e9e Plaque en polycarbonate solide&amp; creuse"},"content":{"rendered":"<p><strong>Description du produit :<\/strong><\/p>\n<p><img fetchpriority=\"high\" decoding=\"async\" src=\"https:\/\/sc02.alicdn.com\/kf\/H5c16f39266364408a0b436a4a956b53c4\/200162319\/H5c16f39266364408a0b436a4a956b53c4.jpg\" alt=\"plaques de polycarbonate&amp; solides, creuses, gaufr\u00e9es plaques de polycarbonate solides&amp; creuses\" width=\"600\" height=\"338\" data-src=\"\/\/sc02.alicdn.com\/kf\/H5c16f39266364408a0b436a4a956b53c4\/200162319\/H5c16f39266364408a0b436a4a956b53c4.jpg\" data-alt=\"polycarbonate sheet&amp;solid,hollow,embossed sheet polycarbonate solid sheet&amp;hollow sheet\" data- title=\"\"><\/p>\n<p><strong>Transmission de la lumi\u00e8re<\/strong><br \/>\nLa transmission de la lumi\u00e8re atteint 12%-82% en fonction de la couleur et de l'\u00e9paisseur.<\/p>\n<p><strong>Protection contre les UV<\/strong><br \/>\nGr\u00e2ce \u00e0 un rev\u00eatement anti-UV exclusif, les lanterneaux en polycarbonate conservent des performances m\u00e9caniques et optiques parfaites apr\u00e8s avoir \u00e9t\u00e9 expos\u00e9s.<\/p>\n<p><strong>Capacit\u00e9 m\u00e9t\u00e9orologique<\/strong><br \/>\nIl est tr\u00e8s r\u00e9sistant aux intemp\u00e9ries et conserve d'excellentes performances dans une large gamme de temp\u00e9ratures allant de -40\u00b0C \u00e0 120\u00b0C.<br \/>\n<strong>Retardateur de flammes :<\/strong>Inflammabilit\u00e9 UL 94 V-2<\/p>\n<p><strong>Installation facile<\/strong><br \/>\nFacile \u00e0 installer et pliable \u00e0 froid<\/p>\n<p><strong>R\u00e9sistance aux chocs<\/strong><br \/>\n250-300 fois la r\u00e9sistance \u00e0 l'impact du verre ordinaire et 30 fois celle des panneaux acryliques de m\u00eame \u00e9paisseur, soit 2-20 fois la r\u00e9sistance du verre tremp\u00e9 tombant de deux m\u00e8tres sous un marteau de 3 kg, sans fissure ni cassure.<\/p>\n<p><strong>Mat\u00e9riau : Bayer<\/strong><\/p>\n<p><strong><img decoding=\"async\" src=\"https:\/\/sc01.alicdn.com\/kf\/Hc911a44222a84dcfab182be0eea74f8ak\/200162319\/Hc911a44222a84dcfab182be0eea74f8ak.png\" alt=\"plaques de polycarbonate&amp; solides, creuses, gaufr\u00e9es plaques de polycarbonate solides&amp; creuses\" width=\"621\" height=\"481\" data-src=\"\/\/sc01.alicdn.com\/kf\/Hc911a44222a84dcfab182be0eea74f8ak\/200162319\/Hc911a44222a84dcfab182be0eea74f8ak.png\" data-alt=\"polycarbonate sheet&amp;solid,hollow,embossed sheet polycarbonate solid sheet&amp;hollow sheet\" data-width=\"621\" data-height=\"481\" data- title=\"\"><\/strong><\/p>\n<p><img decoding=\"async\" src=\"https:\/\/sc01.alicdn.com\/kf\/H22e7e36f49ec46efbf271e3bab23931eM\/200162319\/H22e7e36f49ec46efbf271e3bab23931eM.png\" alt=\"plaques de polycarbonate&amp; solides, creuses, gaufr\u00e9es plaques de polycarbonate solides&amp; creuses\" width=\"621\" height=\"380\" data-src=\"\/\/sc01.alicdn.com\/kf\/H22e7e36f49ec46efbf271e3bab23931eM\/200162319\/H22e7e36f49ec46efbf271e3bab23931eM.png\" data-alt=\"polycarbonate sheet&amp;solid,hollow,embossed sheet polycarbonate solid sheet&amp;hollow sheet\" data- title=\"\"><\/p>\n<p><img loading=\"lazy\" decoding=\"async\" src=\"https:\/\/sc01.alicdn.com\/kf\/Ha83aa9b0806f4be8a6c90e9f8bb408d92\/200162319\/Ha83aa9b0806f4be8a6c90e9f8bb408d92.png\" alt=\"plaques de polycarbonate&amp; solides, creuses, gaufr\u00e9es plaques de polycarbonate solides&amp; creuses\" width=\"630\" height=\"630\" data-src=\"\/\/sc01.alicdn.com\/kf\/Ha83aa9b0806f4be8a6c90e9f8bb408d92\/200162319\/Ha83aa9b0806f4be8a6c90e9f8bb408d92.png\" data-alt=\"polycarbonate sheet&amp;solid,hollow,embossed sheet polycarbonate solid sheet&amp;hollow sheet\" data-width=\"630\" data- title=\"\"><img decoding=\"async\" src=\"https:\/\/sc01.alicdn.com\/kf\/H32573bcb715d41cf947325c6557a5675j\/200162319\/H32573bcb715d41cf947325c6557a5675j.png\" alt=\"plaques de polycarbonate&amp; solides, creuses, gaufr\u00e9es plaques de polycarbonate solides&amp; creuses\" width=\"630\" height=\"623.0110935023772\" data-src=\"\/\/sc01.alicdn.com\/kf\/H32573bcb715d41cf947325c6557a5675j\/200162319\/H32573bcb715d41cf947325c6557a5675j.png\" data-alt=\"polycarbonate sheet&amp;solid,hollow,embossed sheet polycarbonate solid sheet&amp;hollow sheet\" data-width=\"630\" data- title=\"\"><\/p>","protected":false},"featured_media":0,"parent":0,"template":"","product-catagories":[177],"product-tag":[],"class_list":["post-15293","product","type-product","status-publish","hentry","product-catagories-polycarbonate-solid-sheet"],"acf":[],"_links":{"self":[{"href":"https:\/\/www.tononplastics.com\/fr\/wp-json\/wp\/v2\/product\/15293","targetHints":{"allow":["GET"]}}],"collection":[{"href":"https:\/\/www.tononplastics.com\/fr\/wp-json\/wp\/v2\/product"}],"about":[{"href":"https:\/\/www.tononplastics.com\/fr\/wp-json\/wp\/v2\/types\/product"}],"version-history":[{"count":0,"href":"https:\/\/www.tononplastics.com\/fr\/wp-json\/wp\/v2\/product\/15293\/revisions"}],"wp:attachment":[{"href":"https:\/\/www.tononplastics.com\/fr\/wp-json\/wp\/v2\/media?parent=15293"}],"wp:term":[{"taxonomy":"product-catagories","embeddable":true,"href":"https:\/\/www.tononplastics.com\/fr\/wp-json\/wp\/v2\/product-catagories?post=15293"},{"taxonomy":"product-tag","embeddable":true,"href":"https:\/\/www.tononplastics.com\/fr\/wp-json\/wp\/v2\/product-tag?post=15293"}],"curies":[{"name":"wp","href":"https:\/\/api.w.org\/{rel}","templated":true}]}}