{"id":15295,"date":"2023-08-23T22:40:06","date_gmt":"2023-08-23T14:40:06","guid":{"rendered":"https:\/\/tononplastics.com\/?post_type=product&#038;p=15295"},"modified":"2024-03-25T10:19:37","modified_gmt":"2024-03-25T02:19:37","slug":"taiwan-chimei-pc-122m-polycarbonate-solid-sheet","status":"publish","type":"product","link":"https:\/\/www.tononplastics.com\/fr\/product\/taiwan-chimei-pc-122m-polycarbonate-solid-sheet\/","title":{"rendered":"Ta\u00efwan CHIMEI pc-122m feuille solide en polycarbonate"},"content":{"rendered":"<figure class=\"wp-block-gallery has-nested-images columns-default is-cropped wp-block-gallery-1 is-layout-flex wp-block-gallery-is-layout-flex\">\n<figure class=\"wp-block-image size-full\"><img fetchpriority=\"high\" decoding=\"async\" width=\"640\" height=\"640\" data-id=\"15401\" src=\"https:\/\/www.tononplastics.com\/wp-content\/uploads\/2023\/08\/H017024a0e2094472a595aeb265fe62e9K.jpg\" alt=\"\" class=\"wp-image-15401\" title=\"\" srcset=\"https:\/\/www.tononplastics.com\/wp-content\/uploads\/2023\/08\/H017024a0e2094472a595aeb265fe62e9K.jpg 640w, https:\/\/www.tononplastics.com\/wp-content\/uploads\/2023\/08\/H017024a0e2094472a595aeb265fe62e9K-300x300.jpg 300w, https:\/\/www.tononplastics.com\/wp-content\/uploads\/2023\/08\/H017024a0e2094472a595aeb265fe62e9K-150x150.jpg 150w\" sizes=\"(max-width: 640px) 100vw, 640px\" \/><\/figure>\n\n\n\n<figure class=\"wp-block-image size-large\"><img decoding=\"async\" width=\"822\" height=\"822\" data-id=\"15100\" src=\"https:\/\/www.tononplastics.com\/wp-content\/uploads\/2023\/08\/H0c09c837f0a54be1a8b5c6b0ad19f2766.jpg\" alt=\"\" class=\"wp-image-15100\" title=\"\" srcset=\"https:\/\/www.tononplastics.com\/wp-content\/uploads\/2023\/08\/H0c09c837f0a54be1a8b5c6b0ad19f2766.jpg 822w, https:\/\/www.tononplastics.com\/wp-content\/uploads\/2023\/08\/H0c09c837f0a54be1a8b5c6b0ad19f2766-300x300.jpg 300w, https:\/\/www.tononplastics.com\/wp-content\/uploads\/2023\/08\/H0c09c837f0a54be1a8b5c6b0ad19f2766-150x150.jpg 150w, https:\/\/www.tononplastics.com\/wp-content\/uploads\/2023\/08\/H0c09c837f0a54be1a8b5c6b0ad19f2766-768x768.jpg 768w\" sizes=\"(max-width: 822px) 100vw, 822px\" \/><\/figure>\n<\/figure>\n\n\n\n<div class=\"wp-block-group is-layout-constrained wp-block-group-is-layout-constrained\">\n<div id=\"ali-anchor-AliPostDhMb-72pbs\" class=\"mceSectionContainer\" data-section=\"AliPostDhMb-72pbs\" data-section-title=\"Product Description\">\n<p><span style=\"font-size: revert; color: initial;\"><strong style=\"font-size: revert; color: initial;\">Caract\u00e9ristiques :<\/strong><br \/>1) Transmission de la lumi\u00e8re : jusqu'\u00e0 88%<br \/><\/span><span style=\"font-size: revert; color: initial;\">2) R\u00e9sistance aux chocs : 80 fois celle du verre, 15 fois celle de la feuille acrylique<br \/><\/span><span style=\"font-size: revert; color: initial;\">3) Plage de r\u00e9sistance \u00e0 la temp\u00e9rature : -40 ~ 120oC<br \/><\/span><span style=\"font-size: revert; color: initial;\">4) Poids l\u00e9ger : seulement 1\/12 du poids du verre de m\u00eame \u00e9paisseur<br \/><\/span><span style=\"font-size: revert; color: initial;\">5) R\u00e9sistance aux ultraviolets : avec couche de protection contre les UV<br \/><\/span><span style=\"font-size: revert; color: initial;\">6) R\u00e9sistance \u00e0 la flamme : classe B1<br \/><\/span><span style=\"font-size: revert; color: initial;\">7) Insonorisation et r\u00e9sistance \u00e0 la chaleur<\/span><\/p>\n<\/div>\n<p align=\"left\"><strong>Sp\u00e9cifications<\/strong><br \/>1) Largeur : 1220mm- 2100mm (notre sp\u00e9cification habituelle)<br \/>2) Longueur : 20m--50m (notre sp\u00e9cification habituelle)<br \/>3) disponible en 4mm, 5mm, 6mm, 7.5mm, 8mm, 10mm, 12mm, 14mm, 16mm, 18mm.<br \/>4) Couleur : transparent, bleu lac, vert, bleu, opale, bronze, gris, rouge, bronze (brun), bleu-vert, vert clair, transparent, noir, transparent gaufr\u00e9, gaufr\u00e9 clair, gaufr\u00e9 bleu.<br \/>5) Couleurs et dimensions personnalis\u00e9es disponibles sur demande<br \/>6)Emballage :Les deux c\u00f4t\u00e9s sont recouverts d'un film PE\u00a0\u00a0<\/p>\n<p align=\"left\"><strong>Applications :<\/strong><br \/>1) Les cabines t\u00e9l\u00e9phoniques<br \/>2) Panneaux de signalisation et publicit\u00e9s<br \/>3) Panneaux d'affichage sur les lampadaires<br \/>4) Eclairage et cloisons pour banques, h\u00f4pitaux et gares<br \/>5) Serres pour l\u00e9gumes, zoos, produits aquatiques<br \/>6) Isolation phonique et thermique des voies rapides<br \/><span style=\"font-size: revert; color: initial;\">7) Industrie des instruments et de la guerre - pare-brise, boucliers militaires\u00a0<\/span><\/p>\n<div id=\"ali-anchor-AliPostDhMb-l0fwj\" class=\"mceSectionContainer\" data-section=\"AliPostDhMb-l0fwj\" data-section-title=\"Company Information\">\n<div id=\"ali-title-AliPostDhMb-l0fwj\"><strong>Informations sur l'entreprise<\/strong><\/div>\n<div>\n<p>\u00a0<img decoding=\"async\" src=\"https:\/\/sc01.alicdn.com\/kf\/HTB1ggLnJVXXXXcYXVXXq6xXFXXXP\/200162319\/HTB1ggLnJVXXXXcYXVXXq6xXFXXXP.jpg\" alt=\"Ta\u00efwan CHIMEI pc-122m feuille solide en polycarbonate\" width=\"630\" height=\"635.88\" data-src=\"\/\/sc01.alicdn.com\/kf\/HTB1ggLnJVXXXXcYXVXXq6xXFXXXP\/200162319\/HTB1ggLnJVXXXXcYXVXXq6xXFXXXP.jpg\" data-alt=\"Taiwan CHIMEI pc-122m polycarbonate solid sheet\" data-width=\"630\" data- title=\"\"><\/p>\n<\/div>\n<\/div>\n<div id=\"ali-anchor-AliPostDhMb-mijvw\" class=\"mceSectionContainer\" data-section=\"AliPostDhMb-mijvw\" data-section-title=\"Packaging &amp; Shipping\">\n<div id=\"ali-title-AliPostDhMb-mijvw\"><strong>Emballage et exp\u00e9dition<\/strong><\/div>\n<div>\n<p>\u00a0<img decoding=\"async\" src=\"https:\/\/sc02.alicdn.com\/kf\/H041aadba055e4601bc7a678fb8698a30S\/200162319\/H041aadba055e4601bc7a678fb8698a30S.jpg\" alt=\"Ta\u00efwan CHIMEI pc-122m feuille solide en polycarbonate\" width=\"630\" height=\"472.5\" data-src=\"\/\/sc02.alicdn.com\/kf\/H041aadba055e4601bc7a678fb8698a30S\/200162319\/H041aadba055e4601bc7a678fb8698a30S.jpg\" data-alt=\"Taiwan CHIMEI pc-122m polycarbonate solid sheet\" data-width=\"630\" data- title=\"\"><img decoding=\"async\" src=\"https:\/\/sc01.alicdn.com\/kf\/H9b2821fc64654ff9878ed6ed866d26df6\/200162319\/H9b2821fc64654ff9878ed6ed866d26df6.jpg\" alt=\"Ta\u00efwan CHIMEI pc-122m feuille solide en polycarbonate\" width=\"630\" height=\"840\" data-src=\"\/\/sc01.alicdn.com\/kf\/H9b2821fc64654ff9878ed6ed866d26df6\/200162319\/H9b2821fc64654ff9878ed6ed866d26df6.jpg\" data-alt=\"Taiwan CHIMEI pc-122m polycarbonate solid sheet\" data-width=\"630\" data- title=\"\"><\/p>\n<\/div>\n<\/div>\n<div id=\"ali-anchor-AliPostDhMb-ay4jz\" class=\"mceSectionContainer\" data-section=\"AliPostDhMb-ay4jz\" data-section-title=\"FAQ\">\n<div id=\"ali-title-AliPostDhMb-ay4jz\">\u00a0<\/div>\n<\/div>\n<\/div>","protected":false},"featured_media":15138,"parent":0,"template":"","product-catagories":[177],"product-tag":[],"class_list":["post-15295","product","type-product","status-publish","has-post-thumbnail","hentry","product-catagories-polycarbonate-solid-sheet"],"acf":[],"_links":{"self":[{"href":"https:\/\/www.tononplastics.com\/fr\/wp-json\/wp\/v2\/product\/15295","targetHints":{"allow":["GET"]}}],"collection":[{"href":"https:\/\/www.tononplastics.com\/fr\/wp-json\/wp\/v2\/product"}],"about":[{"href":"https:\/\/www.tononplastics.com\/fr\/wp-json\/wp\/v2\/types\/product"}],"version-history":[{"count":0,"href":"https:\/\/www.tononplastics.com\/fr\/wp-json\/wp\/v2\/product\/15295\/revisions"}],"wp:featuredmedia":[{"embeddable":true,"href":"https:\/\/www.tononplastics.com\/fr\/wp-json\/wp\/v2\/media\/15138"}],"wp:attachment":[{"href":"https:\/\/www.tononplastics.com\/fr\/wp-json\/wp\/v2\/media?parent=15295"}],"wp:term":[{"taxonomy":"product-catagories","embeddable":true,"href":"https:\/\/www.tononplastics.com\/fr\/wp-json\/wp\/v2\/product-catagories?post=15295"},{"taxonomy":"product-tag","embeddable":true,"href":"https:\/\/www.tononplastics.com\/fr\/wp-json\/wp\/v2\/product-tag?post=15295"}],"curies":[{"name":"wp","href":"https:\/\/api.w.org\/{rel}","templated":true}]}}