{"id":15299,"date":"2023-08-23T22:42:25","date_gmt":"2023-08-23T14:42:25","guid":{"rendered":"https:\/\/tononplastics.com\/?post_type=product&#038;p=15299"},"modified":"2024-03-25T12:11:10","modified_gmt":"2024-03-25T04:11:10","slug":"polycarbonate-solid-sheet-polycarbonate-sheet-solid","status":"publish","type":"product","link":"https:\/\/www.tononplastics.com\/fr\/product\/polycarbonate-solid-sheet-polycarbonate-sheet-solid\/","title":{"rendered":"Feuille solide en polycarbonate Feuille solide en polycarbonate"},"content":{"rendered":"<p><strong>Description du produit<\/strong>:<br>La feuille de PC est constitu\u00e9e d'ester d'acide carbonique, elle a de bonnes performances pour supporter le fluage, et elle r\u00e9siste encore tr\u00e8s bien \u00e0 l'intensit\u00e9 de l'agression \u00e0 basse temp\u00e9rature. La rigidit\u00e9 permet de conserver la r\u00e9sistance \u00e0 des temp\u00e9ratures plus \u00e9lev\u00e9es. Il est largement utilis\u00e9 dans la construction, la publicit\u00e9, la d\u00e9coration, la circulation, etc.<\/p>\n\n\n\n<p><strong>&nbsp;Caract\u00e9ristiques :<br><\/strong>1) Transmission de la lumi\u00e8re : jusqu'\u00e0 88%<br>2) R\u00e9sistance aux chocs : 80 fois celle du verre, 15 fois celle de la feuille acrylique<br>3) Plage de r\u00e9sistance \u00e0 la temp\u00e9rature : -40 ~ 120oC<br>4) Poids l\u00e9ger : seulement 1\/12 du poids du verre de m\u00eame \u00e9paisseur<br>5) R\u00e9sistance aux ultraviolets : avec couche de protection contre les UV<br>6) R\u00e9sistance \u00e0 la flamme : classe B1<br>7) Insonorisation et r\u00e9sistance \u00e0 la chaleur<\/p>\n\n\n\n<figure class=\"wp-block-gallery has-nested-images columns-default is-cropped wp-block-gallery-1 is-layout-flex wp-block-gallery-is-layout-flex\">\n<figure class=\"wp-block-image size-large\"><img decoding=\"async\" data-id=\"16096\" src=\"https:\/\/www.tononplastics.com\/wp-content\/uploads\/2023\/08\/ee820f11c6411bdff0f9803624957ea7.jpg\" alt=\"\" class=\"wp-image-16096\" title=\"\"><\/figure>\n\n\n\n<figure class=\"wp-block-image size-large\"><img fetchpriority=\"high\" decoding=\"async\" width=\"600\" height=\"600\" data-id=\"16095\" src=\"https:\/\/www.tononplastics.com\/wp-content\/uploads\/2023\/08\/eb443cb19045576e6c0bafaf2231dfae.jpg\" alt=\"\" class=\"wp-image-16095\" title=\"\" srcset=\"https:\/\/www.tononplastics.com\/wp-content\/uploads\/2023\/08\/eb443cb19045576e6c0bafaf2231dfae.jpg 600w, https:\/\/www.tononplastics.com\/wp-content\/uploads\/2023\/08\/eb443cb19045576e6c0bafaf2231dfae-300x300.jpg 300w, https:\/\/www.tononplastics.com\/wp-content\/uploads\/2023\/08\/eb443cb19045576e6c0bafaf2231dfae-150x150.jpg 150w, https:\/\/www.tononplastics.com\/wp-content\/uploads\/2023\/08\/eb443cb19045576e6c0bafaf2231dfae-12x12.jpg 12w\" sizes=\"(max-width: 600px) 100vw, 600px\" \/><\/figure>\n<\/figure>\n\n\n\n<p><strong>Applications :<\/strong><\/p>\n\n\n\n<p>1. Excellent mat\u00e9riau de couverture, largement utilis\u00e9 pour les lucarnes, les puits de lumi\u00e8re, les porches \u00e9tendus et les serres, les espaces commerciaux dans les h\u00f4tels, les caf\u00e9s, les boutiques et les salons de beaut\u00e9, les centres d'exposition et les cabines t\u00e9l\u00e9phoniques.<br>2. Mur d'insonorisation pour les autoroutes et les lignes ferroviaires \u00e0 grande vitesse.<br>3. Panneaux publicitaires.<br>4. \u00c9clairage de d\u00e9coration dans les banques, les h\u00f4pitaux, les a\u00e9roports, les gares routi\u00e8res et ferroviaires et les jardins d'enfants.<br>5. Non toxique, il reste en contact avec les aliments.<br>6. Remplacement du verre ordinaire en de nombreux endroits.<\/p>\n\n\n\n<figure class=\"wp-block-image\"><img decoding=\"async\" src=\"https:\/\/sc01.alicdn.com\/kf\/Hb3bdebb96a2849458ce6dfcbaa19c5d15\/200162319\/Hb3bdebb96a2849458ce6dfcbaa19c5d15.png\" alt=\"feuille de polycarbonate solide feuille de polycarbonate solide\" title=\"\"><\/figure>\n\n\n\n<figure class=\"wp-block-image\"><img decoding=\"async\" src=\"https:\/\/sc01.alicdn.com\/kf\/H74247c1d61554ba2a775e9ce59244207e\/200162319\/H74247c1d61554ba2a775e9ce59244207e.jpg\" alt=\"feuille de polycarbonate solide feuille de polycarbonate solide\" title=\"\"><\/figure>\n\n\n\n<figure class=\"wp-block-image\"><img decoding=\"async\" src=\"https:\/\/sc01.alicdn.com\/kf\/Hee35153016fb4f64a8abd2cf77d8280dQ\/200162319\/Hee35153016fb4f64a8abd2cf77d8280dQ.jpg\" alt=\"feuille de polycarbonate solide feuille de polycarbonate solide\" title=\"\"><\/figure>","protected":false},"featured_media":0,"parent":0,"template":"","product-catagories":[177],"product-tag":[],"class_list":["post-15299","product","type-product","status-publish","hentry","product-catagories-polycarbonate-solid-sheet"],"acf":[],"_links":{"self":[{"href":"https:\/\/www.tononplastics.com\/fr\/wp-json\/wp\/v2\/product\/15299","targetHints":{"allow":["GET"]}}],"collection":[{"href":"https:\/\/www.tononplastics.com\/fr\/wp-json\/wp\/v2\/product"}],"about":[{"href":"https:\/\/www.tononplastics.com\/fr\/wp-json\/wp\/v2\/types\/product"}],"version-history":[{"count":0,"href":"https:\/\/www.tononplastics.com\/fr\/wp-json\/wp\/v2\/product\/15299\/revisions"}],"wp:attachment":[{"href":"https:\/\/www.tononplastics.com\/fr\/wp-json\/wp\/v2\/media?parent=15299"}],"wp:term":[{"taxonomy":"product-catagories","embeddable":true,"href":"https:\/\/www.tononplastics.com\/fr\/wp-json\/wp\/v2\/product-catagories?post=15299"},{"taxonomy":"product-tag","embeddable":true,"href":"https:\/\/www.tononplastics.com\/fr\/wp-json\/wp\/v2\/product-tag?post=15299"}],"curies":[{"name":"wp","href":"https:\/\/api.w.org\/{rel}","templated":true}]}}