{"id":15302,"date":"2023-08-23T22:45:21","date_gmt":"2023-08-23T14:45:21","guid":{"rendered":"https:\/\/tononplastics.com\/?post_type=product&#038;p=15302"},"modified":"2024-03-25T13:57:42","modified_gmt":"2024-03-25T05:57:42","slug":"pc-polycarbonate-sheet-swimming-pool-cover-plastic-twinwall-tubular-skylight","status":"publish","type":"product","link":"https:\/\/www.tononplastics.com\/fr\/product\/pc-polycarbonate-sheet-swimming-pool-cover-plastic-twinwall-tubular-skylight\/","title":{"rendered":"PC Polycarbonate sheet swimming pool cover plastic twinwall tubular skylight"},"content":{"rendered":"<p align=\"left\"><strong>Caract\u00e9ristiques :<\/strong><\/p>\n<p align=\"left\">1. Excellentes performances physiques et m\u00e9caniques.<\/p>\n<p align=\"left\">2. Bonne isolation \u00e9lectrique, thermique et acoustique.<\/p>\n<p align=\"left\">3. Bonne r\u00e9sistance aux chocs et haute t\u00e9nacit\u00e9.<\/p>\n<p align=\"left\">4. Bonne transmission de la lumi\u00e8re.<\/p>\n<p align=\"left\">5. Bonne r\u00e9sistance \u00e0 la temp\u00e9rature.<\/p>\n<p align=\"left\">6. Retardateur d'incendie.<\/p>\n<p align=\"left\">7. Non toxique.<\/p>\n<p align=\"left\">8. Protection contre les UV.<\/p>\n<p align=\"left\">9. Vieillissement de l'ours.<\/p>\n<p align=\"left\"><img decoding=\"async\" src=\"https:\/\/sc01.alicdn.com\/kf\/Hd9e19d925ce84a0fa4b3eef7a61b9267P\/200162319\/Hd9e19d925ce84a0fa4b3eef7a61b9267P.jpg\" alt=\"PC Polycarbonate sheet swimming pool cover plastic twinwall tubular skylight\" width=\"630\" height=\"419.895\" data-src=\"\/\/sc01.alicdn.com\/kf\/Hd9e19d925ce84a0fa4b3eef7a61b9267P\/200162319\/Hd9e19d925ce84a0fa4b3eef7a61b9267P.jpg\" data-alt=\"PC Polycarbonate sheet swimming pool cover plastic twinwall tubular skylight\" data-width=\"630\" data- title=\"\"><img decoding=\"async\" src=\"https:\/\/sc02.alicdn.com\/kf\/Hadca19b5f4ea4f39acb6e8d3fafd8dfah\/200162319\/Hadca19b5f4ea4f39acb6e8d3fafd8dfah.jpg\" alt=\"PC Polycarbonate sheet swimming pool cover plastic twinwall tubular skylight\" width=\"630\" height=\"945.2363090772693\" data-src=\"\/\/sc02.alicdn.com\/kf\/Hadca19b5f4ea4f39acb6e8d3fafd8dfah\/200162319\/Hadca19b5f4ea4f39acb6e8d3fafd8dfah.jpg\" data-alt=\"PC Polycarbonate sheet swimming pool cover plastic twinwall tubular skylight\" data-width=\"630\" data- title=\"\"><\/p>\n<p align=\"left\"><strong>Applications :<\/strong><\/p>\n<p align=\"left\">1. Excellent mat\u00e9riau de couverture, largement utilis\u00e9 pour les lucarnes, les puits de lumi\u00e8re, les porches \u00e9tendus et les serres, les espaces commerciaux dans les h\u00f4tels, les caf\u00e9s, les boutiques et les salons de beaut\u00e9, les centres d'exposition et les cabines t\u00e9l\u00e9phoniques.<\/p>\n<p align=\"left\">2. Mur d'insonorisation pour les autoroutes et les lignes ferroviaires \u00e0 grande vitesse.<\/p>\n<p align=\"left\">3. Panneaux publicitaires.<\/p>\n<p align=\"left\">4. \u00c9clairage de d\u00e9coration dans les banques, les h\u00f4pitaux, les a\u00e9roports, les gares routi\u00e8res et ferroviaires et les jardins d'enfants.<\/p>\n<p align=\"left\">5. Non toxique, il reste en contact avec les aliments.<\/p>\n<p align=\"left\">6. Remplacement du verre ordinaire en de nombreux endroits.<\/p>\n<p align=\"left\">Sp\u00e9cifications :<\/p>\n<p align=\"left\">Epaisseur:2.0mm 3.0mm 4.0mm 4.5mm 5.0mm 6.0mm 8.0mm 10.0mm<\/p>\n<p align=\"left\">Longueur : 20m-50m<\/p>\n<p align=\"left\">Profondeur : 1220mm 1560mm 1820mm 2100mm<\/p>\n<p align=\"left\">Couleur:Clair Bleu Vert Marron Opalescent Clair gaufr\u00e9<\/p>\n<p align=\"left\">Si les clients ont besoin d'autres sp\u00e9cifications, nous pouvons leur fournir ce qu'ils demandent.<\/p>\n<p align=\"left\"><img decoding=\"async\" src=\"https:\/\/sc02.alicdn.com\/kf\/H404b7790b8704a329fe41e1da3d8fa7cf\/200162319\/H404b7790b8704a329fe41e1da3d8fa7cf.jpg\" alt=\"PC Polycarbonate sheet swimming pool cover plastic twinwall tubular skylight\" width=\"630\" height=\"419.895\" data-src=\"\/\/sc02.alicdn.com\/kf\/H404b7790b8704a329fe41e1da3d8fa7cf\/200162319\/H404b7790b8704a329fe41e1da3d8fa7cf.jpg\" data-alt=\"PC Polycarbonate sheet swimming pool cover plastic twinwall tubular skylight\" data-width=\"630\" data- title=\"\"><\/p>\n<div id=\"ali-anchor-AliPostDhMb-q2pzl\" data-section=\"AliPostDhMb-q2pzl\" data-section-title=\"Company Information\">\n<div>\n<p><img decoding=\"async\" src=\"https:\/\/sc02.alicdn.com\/kf\/H02a52324dc024cdcbaee8c550d0c5b3cR\/200162319\/H02a52324dc024cdcbaee8c550d0c5b3cR.png\" alt=\"PC Polycarbonate sheet swimming pool cover plastic twinwall tubular skylight\" width=\"630\" height=\"214.7347480106101\" data-src=\"\/\/sc02.alicdn.com\/kf\/H02a52324dc024cdcbaee8c550d0c5b3cR\/200162319\/H02a52324dc024cdcbaee8c550d0c5b3cR.png\" data-alt=\"PC Polycarbonate sheet swimming pool cover plastic twinwall tubular skylight\" data-width=\"630\" data- title=\"\"><\/p>\n<\/div>\n<\/div>","protected":false},"featured_media":15119,"parent":0,"template":"","product-catagories":[177],"product-tag":[],"class_list":["post-15302","product","type-product","status-publish","has-post-thumbnail","hentry","product-catagories-polycarbonate-solid-sheet"],"acf":[],"_links":{"self":[{"href":"https:\/\/www.tononplastics.com\/fr\/wp-json\/wp\/v2\/product\/15302","targetHints":{"allow":["GET"]}}],"collection":[{"href":"https:\/\/www.tononplastics.com\/fr\/wp-json\/wp\/v2\/product"}],"about":[{"href":"https:\/\/www.tononplastics.com\/fr\/wp-json\/wp\/v2\/types\/product"}],"version-history":[{"count":0,"href":"https:\/\/www.tononplastics.com\/fr\/wp-json\/wp\/v2\/product\/15302\/revisions"}],"wp:featuredmedia":[{"embeddable":true,"href":"https:\/\/www.tononplastics.com\/fr\/wp-json\/wp\/v2\/media\/15119"}],"wp:attachment":[{"href":"https:\/\/www.tononplastics.com\/fr\/wp-json\/wp\/v2\/media?parent=15302"}],"wp:term":[{"taxonomy":"product-catagories","embeddable":true,"href":"https:\/\/www.tononplastics.com\/fr\/wp-json\/wp\/v2\/product-catagories?post=15302"},{"taxonomy":"product-tag","embeddable":true,"href":"https:\/\/www.tononplastics.com\/fr\/wp-json\/wp\/v2\/product-tag?post=15302"}],"curies":[{"name":"wp","href":"https:\/\/api.w.org\/{rel}","templated":true}]}}