{"id":15310,"date":"2023-08-23T22:50:59","date_gmt":"2023-08-23T14:50:59","guid":{"rendered":"https:\/\/tononplastics.com\/?post_type=product&#038;p=15310"},"modified":"2024-03-25T16:34:01","modified_gmt":"2024-03-25T08:34:01","slug":"4mm-polycarbonate-gazebo-plastic-sheet-rolls-polycarbonate-plastic-sheet","status":"publish","type":"product","link":"https:\/\/www.tononplastics.com\/fr\/product\/4mm-polycarbonate-gazebo-plastic-sheet-rolls-polycarbonate-plastic-sheet\/","title":{"rendered":"Feuille de plastique polycarbonate 4mm pour gazebo\/ Rouleaux de feuille de plastique polycarbonate"},"content":{"rendered":"<div id=\"ali-anchor-AliPostDhMb-6qy3o\" data-section=\"AliPostDhMb-6qy3o\" data-section-title=\"Product Description\">\n<div id=\"ali-title-AliPostDhMb-6qy3o\"><strong>Description du produit<\/strong><\/div>\n<div>\n<p>\u00a0<img fetchpriority=\"high\" decoding=\"async\" class=\"\" src=\"https:\/\/sc01.alicdn.com\/kf\/Hd9e19d925ce84a0fa4b3eef7a61b9267P\/200162319\/Hd9e19d925ce84a0fa4b3eef7a61b9267P.jpg\" alt=\"Feuille de plastique polycarbonate 4mm pour gazebo\/ Rouleaux de feuille de plastique polycarbonate\" width=\"413\" height=\"275\" data-src=\"\/\/sc01.alicdn.com\/kf\/Hd9e19d925ce84a0fa4b3eef7a61b9267P\/200162319\/Hd9e19d925ce84a0fa4b3eef7a61b9267P.jpg\" data-alt=\"4mm polycarbonate gazebo plastic sheet\/ rolls polycarbonate plastic sheet\" data-width=\"630\" data-height=\"468\" data- title=\"\"><img decoding=\"async\" class=\"\" src=\"https:\/\/sc01.alicdn.com\/kf\/H5252f7bf19904b9295f135ab89a014f02\/200162319\/H5252f7bf19904b9295f135ab89a014f02.jpg\" alt=\"Feuille de plastique polycarbonate 4mm pour gazebo\/ Rouleaux de feuille de plastique polycarbonate\" width=\"402\" height=\"268\" data-src=\"\/\/sc01.alicdn.com\/kf\/H5252f7bf19904b9295f135ab89a014f02\/200162319\/H5252f7bf19904b9295f135ab89a014f02.jpg\" data-alt=\"4mm polycarbonate gazebo plastic sheet\/ rolls polycarbonate plastic sheet\" data-width=\"630\" data-height=\"468\" data- title=\"\"><\/p>\n<\/div>\n<\/div>\n<p><strong>Introduction :<\/strong><\/p>\n<p>La feuille de PC est fabriqu\u00e9e \u00e0 partir de l'ester d'acide carbonique, elle a de bonnes performances.<br \/>\n<span style=\"font-size: revert; color: initial;\">de supporter la reptation, et il a toujours une tr\u00e8s bonne r\u00e9sistance et une tr\u00e8s bonne r\u00e9sistance \u00e0 l'agression.<br \/>\n<\/span><span style=\"font-size: revert; color: initial;\">l'intensit\u00e9 \u00e0 basse temp\u00e9rature. La rigidit\u00e9 maintient la force \u00e0 l'int\u00e9rieur de la<br \/>\n<\/span><span style=\"font-size: revert; color: initial;\">des temp\u00e9ratures plus \u00e9lev\u00e9es. Il est largement utilis\u00e9 dans la construction, la publicit\u00e9,<br \/>\n<\/span><span style=\"font-size: revert; color: initial;\">d\u00e9coration, circulation, etc.<\/span><\/p>\n<p><strong>Caract\u00e9ristiques :<\/strong><\/p>\n<p>1. Excellentes performances physiques et m\u00e9caniques.<\/p>\n<p>2. Bonne isolation \u00e9lectrique, thermique et acoustique.<\/p>\n<p>3. Bonne r\u00e9sistance aux chocs et haute t\u00e9nacit\u00e9.<\/p>\n<p>4. Bonne transmission de la lumi\u00e8re.<\/p>\n<p>5. Bonne r\u00e9sistance \u00e0 la temp\u00e9rature.<\/p>\n<p>6. Retardateur d'incendie.<\/p>\n<p>7. Non toxique.<\/p>\n<p>8. Protection contre les UV.<\/p>\n<p>9. Vieillissement de l'ours.<\/p>\n<p><img decoding=\"async\" src=\"https:\/\/sc01.alicdn.com\/kf\/Hee35153016fb4f64a8abd2cf77d8280dQ\/200162319\/Hee35153016fb4f64a8abd2cf77d8280dQ.jpg\" alt=\"Feuille de plastique polycarbonate 4mm pour gazebo\/ Rouleaux de feuille de plastique polycarbonate\" width=\"700\" height=\"520\" data-src=\"\/\/sc01.alicdn.com\/kf\/Hee35153016fb4f64a8abd2cf77d8280dQ\/200162319\/Hee35153016fb4f64a8abd2cf77d8280dQ.jpg\" data-alt=\"4mm polycarbonate gazebo plastic sheet\/ rolls polycarbonate plastic sheet\" data-width=\"700\" data-height=\"520\" data- title=\"\"><\/p>\n<div id=\"ali-anchor-AliPostDhMb-0kuep\" data-section=\"AliPostDhMb-0kuep\" data-section-title=\"FAQ\">\n<div id=\"ali-title-AliPostDhMb-0kuep\"><strong>FAQ<\/strong><\/div>\n<div>\n<p>1.Q:\u00cates-vous une soci\u00e9t\u00e9 commerciale ou un fabricant ?<\/p>\n<p>R:Nous sommes fabricant.<\/p>\n<p>2.Q : Quel est le d\u00e9lai de livraison ?<\/p>\n<p>R : En fonction de la difficult\u00e9 et de la quantit\u00e9 de produits \u00e0 traiter, un d\u00e9lai de livraison raisonnable vous sera communiqu\u00e9.<\/p>\n<p>3.Q:Fournissez-vous des \u00e9chantillons ? sont-ils gratuits ou en suppl\u00e9ment ?<\/p>\n<p>R:Oui, nous pouvons proposer des \u00e9chantillons gratuitement, mais nous ne prenons pas en charge les frais de transport.<\/p>\n<p>4.Q:Quels sont les services apr\u00e8s-vente ?<\/p>\n<p>R : En cas de probl\u00e8me de qualit\u00e9, le colis peut \u00eatre \u00e9chang\u00e9 dans les 90 jours.<\/p>\n<p><img loading=\"lazy\" decoding=\"async\" src=\"https:\/\/sc01.alicdn.com\/kf\/Hb3bdebb96a2849458ce6dfcbaa19c5d15\/200162319\/Hb3bdebb96a2849458ce6dfcbaa19c5d15.png\" alt=\"Feuille de plastique polycarbonate 4mm pour gazebo\/ Rouleaux de feuille de plastique polycarbonate\" width=\"700\" height=\"550\" data-src=\"\/\/sc01.alicdn.com\/kf\/Hb3bdebb96a2849458ce6dfcbaa19c5d15\/200162319\/Hb3bdebb96a2849458ce6dfcbaa19c5d15.png\" data-alt=\"4mm polycarbonate gazebo plastic sheet\/ rolls polycarbonate plastic sheet\" data-width=\"700\" data-height=\"550\" data- title=\"\"><\/p>\n<\/div>\n<\/div>","protected":false},"featured_media":15139,"parent":0,"template":"","product-catagories":[177],"product-tag":[],"class_list":["post-15310","product","type-product","status-publish","has-post-thumbnail","hentry","product-catagories-polycarbonate-solid-sheet"],"acf":[],"_links":{"self":[{"href":"https:\/\/www.tononplastics.com\/fr\/wp-json\/wp\/v2\/product\/15310","targetHints":{"allow":["GET"]}}],"collection":[{"href":"https:\/\/www.tononplastics.com\/fr\/wp-json\/wp\/v2\/product"}],"about":[{"href":"https:\/\/www.tononplastics.com\/fr\/wp-json\/wp\/v2\/types\/product"}],"version-history":[{"count":0,"href":"https:\/\/www.tononplastics.com\/fr\/wp-json\/wp\/v2\/product\/15310\/revisions"}],"wp:featuredmedia":[{"embeddable":true,"href":"https:\/\/www.tononplastics.com\/fr\/wp-json\/wp\/v2\/media\/15139"}],"wp:attachment":[{"href":"https:\/\/www.tononplastics.com\/fr\/wp-json\/wp\/v2\/media?parent=15310"}],"wp:term":[{"taxonomy":"product-catagories","embeddable":true,"href":"https:\/\/www.tononplastics.com\/fr\/wp-json\/wp\/v2\/product-catagories?post=15310"},{"taxonomy":"product-tag","embeddable":true,"href":"https:\/\/www.tononplastics.com\/fr\/wp-json\/wp\/v2\/product-tag?post=15310"}],"curies":[{"name":"wp","href":"https:\/\/api.w.org\/{rel}","templated":true}]}}