{"id":15312,"date":"2023-08-23T22:55:40","date_gmt":"2023-08-23T14:55:40","guid":{"rendered":"https:\/\/tononplastics.com\/?post_type=product&#038;p=15312"},"modified":"2024-03-25T12:03:46","modified_gmt":"2024-03-25T04:03:46","slug":"polycarbonate-solid-sheet-scratch-solution-sun-sheets-pc-embossed-sheets","status":"publish","type":"product","link":"https:\/\/www.tononplastics.com\/fr\/product\/polycarbonate-solid-sheet-scratch-solution-sun-sheets-pc-embossed-sheets\/","title":{"rendered":"Polycarbonate solide solution contre les rayures Sun Sheets &amp; PC Embossed Sheets"},"content":{"rendered":"<figure class=\"wp-block-gallery has-nested-images columns-default is-cropped wp-block-gallery-1 is-layout-flex wp-block-gallery-is-layout-flex\">\n<figure class=\"wp-block-image size-large\"><img decoding=\"async\" data-id=\"15101\" src=\"https:\/\/www.tononplastics.com\/wp-content\/uploads\/2023\/08\/H8575ccec63db4612b95ede9a30b7cc782.jpg\" alt=\"\" class=\"wp-image-15101\" title=\"\"><\/figure>\n\n\n\n<figure class=\"wp-block-image size-large\"><img fetchpriority=\"high\" decoding=\"async\" width=\"822\" height=\"822\" data-id=\"15100\" src=\"https:\/\/www.tononplastics.com\/wp-content\/uploads\/2023\/08\/H0c09c837f0a54be1a8b5c6b0ad19f2766.jpg\" alt=\"\" class=\"wp-image-15100\" title=\"\" srcset=\"https:\/\/www.tononplastics.com\/wp-content\/uploads\/2023\/08\/H0c09c837f0a54be1a8b5c6b0ad19f2766.jpg 822w, https:\/\/www.tononplastics.com\/wp-content\/uploads\/2023\/08\/H0c09c837f0a54be1a8b5c6b0ad19f2766-300x300.jpg 300w, https:\/\/www.tononplastics.com\/wp-content\/uploads\/2023\/08\/H0c09c837f0a54be1a8b5c6b0ad19f2766-150x150.jpg 150w, https:\/\/www.tononplastics.com\/wp-content\/uploads\/2023\/08\/H0c09c837f0a54be1a8b5c6b0ad19f2766-768x768.jpg 768w\" sizes=\"(max-width: 822px) 100vw, 822px\" \/><\/figure>\n<\/figure>\n\n\n<div id=\"ali-anchor-AliPostDhMb-sfzs7\" class=\"mceSectionContainer\" data-section=\"AliPostDhMb-sfzs7\" data-section-title=\"Product Description\">\n<div id=\"ali-title-AliPostDhMb-sfzs7\"><strong>D\u00e9tails du produit :<\/strong><\/div>\n<div><strong><br \/><\/strong><span style=\"font-size: revert; color: initial;\">1)R\u00e9sistance aux chocs : la r\u00e9sistance aux chocs de la feuille creuse en PC est 250 fois sup\u00e9rieure \u00e0 celle du verre.<\/span><\/div>\n<div><span style=\"font-size: revert; color: initial;\"><br \/>2) Poids l\u00e9ger : Le poids de la feuille creuse en PC ne repr\u00e9sente que la moiti\u00e9 de celui du verre.<\/span><\/div>\n<div>\u00a0<\/div>\n<div><span style=\"font-size: revert; color: initial;\">3) Transparence : La transmission de la lumi\u00e8re d'une feuille creuse de PC de 3 mm d'\u00e9paisseur est de 88%.<\/span><\/div>\n<div><span style=\"font-size: revert; color: initial;\"><br \/>4) Protection contre les UV : Une feuille de PC est coextrud\u00e9e avec un rayon ultraviolet de haute densit\u00e9 qui emp\u00eache \u00e9galement la feuille de PC de se d\u00e9colorer.<\/span><\/div>\n<div><span style=\"font-size: revert; color: initial;\"><br \/>5) R\u00e9sistance aux intemp\u00e9ries : La plaque creuse en PC r\u00e9siste aux intemp\u00e9ries. <\/span><\/div>\n<div><span style=\"font-size: revert; color: initial;\">et conservent d'excellentes performances \u00e0 des temp\u00e9ratures allant de -40\u2103 \u00e0 12\u2103<\/span><\/div>\n<div><span style=\"font-size: revert; color: initial;\"><br \/><\/span><span style=\"font-size: revert; color: initial;\">6)Inhibition de la condensation : Lorsque la temp\u00e9rature ext\u00e9rieure est de 0 et la temp\u00e9rature int\u00e9rieure de 23\u2103, la feuille de PC sera condens\u00e9e jusqu'\u00e0 80%.<\/span><\/div>\n<div><span style=\"font-size: revert; color: initial;\"> <br \/><\/span><span style=\"font-size: revert; color: initial;\">7) Isolation thermique : La valeur K du verre est 1,2 fois sup\u00e9rieure \u00e0 celle de la feuille de PC solide. Les feuilles de PC permettent d'\u00e9conomiser de l'\u00e9nergie tout en \u00e9vitant les pertes de chaleur.<\/span><\/div>\n<div><span style=\"font-size: revert; color: initial;\"><br \/><\/span><span style=\"font-size: revert; color: initial;\">8)Isolation acoustique : La feuille creuse en PC de 6 mm d'\u00e9paisseur peut r\u00e9duire le son de 20 dB.<br \/><\/span><span style=\"font-size: revert; color: initial;\"><br \/>9) R\u00e9sistance aux flammes : Apr\u00e8s avoir \u00e9t\u00e9 test\u00e9 par le Centre national de supervision de la qualit\u00e9 et d'essai des mat\u00e9riaux de construction contre l'incendie, le mat\u00e9riau est class\u00e9 dans la cat\u00e9gorie 1 conform\u00e9ment \u00e0 la norme QB8624-1997.<br \/><br \/><\/span><span style=\"font-size: revert; color: initial;\">10)Installation facile : Une feuille de PC peut \u00eatre pli\u00e9e \u00e0 chaud ou \u00e0 froid et peut \u00eatre utilis\u00e9e sur des toits et des fen\u00eatres incurv\u00e9s. Le rayon de courbure minimal d'une feuille de PC est \u00e9gal \u00e0 175 fois son \u00e9paisseur.\u00a0<\/span><\/div>\n<\/div>\n<div id=\"ali-anchor-AliPostDhMb-2qskj\" class=\"mceSectionContainer\" data-section=\"AliPostDhMb-2qskj\" data-section-title=\"Company Information\">\n<p>\u00a0FOSHAN HUAXIA NATURE BUILDING MATERIALS CO, LTD, \u00e9tabli en 2004, est un fabricant professionnel engag\u00e9 dans la recherche, le d\u00e9veloppement, la production, la vente et le service de plaques pleines en polycarbonate, de plaques creuses en polycarbonate, de supports d'auvents et de tuiles en polycarbonate \u00e0 ondes. Nous sommes situ\u00e9s \u00e0 Foshan, la base de production de mat\u00e9riaux d\u00e9coratifs bien connue en Chine. Nous disposons de fondations solides, d'une technologie de fabrication mature et de syst\u00e8mes de contr\u00f4le de la qualit\u00e9 stricts, ce qui garantit la stabilit\u00e9 et la fiabilit\u00e9 de nos produits.<\/p>\n<\/div>\n<div id=\"ali-anchor-AliPostDhMb-bktqy\" class=\"mceSectionContainer\" data-section=\"AliPostDhMb-bktqy\" data-section-title=\"Packaging &amp; Shipping\">\n<div id=\"ali-title-AliPostDhMb-bktqy\"><strong>Emballage et exp\u00e9dition<\/strong><\/div>\n<div>\n<p>\u00a0<img decoding=\"async\" src=\"https:\/\/sc01.alicdn.com\/kf\/H74247c1d61554ba2a775e9ce59244207e\/200162319\/H74247c1d61554ba2a775e9ce59244207e.jpg\" alt=\"polycarbonate feuille solide solution contre les rayures feuilles solaires et feuilles gaufr\u00e9es PC\" width=\"630\" height=\"509.04\" data-src=\"\/\/sc01.alicdn.com\/kf\/H74247c1d61554ba2a775e9ce59244207e\/200162319\/H74247c1d61554ba2a775e9ce59244207e.jpg\" data-alt=\"polycarbonate solid sheet scratch solution Sun Sheets &amp; PC Embossed Sheets\" data-width=\"630\" data- title=\"\"><img decoding=\"async\" src=\"https:\/\/sc02.alicdn.com\/kf\/H02a52324dc024cdcbaee8c550d0c5b3cR\/200162319\/H02a52324dc024cdcbaee8c550d0c5b3cR.png\" alt=\"polycarbonate feuille solide solution contre les rayures feuilles solaires et feuilles gaufr\u00e9es PC\" width=\"630\" height=\"214.7347480106101\" data-src=\"\/\/sc02.alicdn.com\/kf\/H02a52324dc024cdcbaee8c550d0c5b3cR\/200162319\/H02a52324dc024cdcbaee8c550d0c5b3cR.png\" data-alt=\"polycarbonate solid sheet scratch solution Sun Sheets &amp; PC Embossed Sheets\" data-width=\"630\" data- title=\"\"><\/p>\n<p>\u00a0<img decoding=\"async\" src=\"https:\/\/sc02.alicdn.com\/kf\/H041aadba055e4601bc7a678fb8698a30S\/200162319\/H041aadba055e4601bc7a678fb8698a30S.jpg\" alt=\"polycarbonate feuille solide solution contre les rayures feuilles solaires et feuilles gaufr\u00e9es PC\" width=\"630\" height=\"472.5\" data-src=\"\/\/sc02.alicdn.com\/kf\/H041aadba055e4601bc7a678fb8698a30S\/200162319\/H041aadba055e4601bc7a678fb8698a30S.jpg\" data-alt=\"polycarbonate solid sheet scratch solution Sun Sheets &amp; PC Embossed Sheets\" data-width=\"630\" data- title=\"\"><img decoding=\"async\" src=\"https:\/\/sc01.alicdn.com\/kf\/H13a68bf757104e7f87240c10e9cd3dffH\/200162319\/H13a68bf757104e7f87240c10e9cd3dffH.jpg\" alt=\"polycarbonate feuille solide solution contre les rayures feuilles solaires et feuilles gaufr\u00e9es PC\" width=\"630\" height=\"472.5\" data-src=\"\/\/sc01.alicdn.com\/kf\/H13a68bf757104e7f87240c10e9cd3dffH\/200162319\/H13a68bf757104e7f87240c10e9cd3dffH.jpg\" data-alt=\"polycarbonate solid sheet scratch solution Sun Sheets &amp; PC Embossed Sheets\" data-width=\"630\" data- title=\"\"><\/p>\n<\/div>\n<\/div>","protected":false},"featured_media":0,"parent":0,"template":"","product-catagories":[177],"product-tag":[],"class_list":["post-15312","product","type-product","status-publish","hentry","product-catagories-polycarbonate-solid-sheet"],"acf":[],"_links":{"self":[{"href":"https:\/\/www.tononplastics.com\/fr\/wp-json\/wp\/v2\/product\/15312","targetHints":{"allow":["GET"]}}],"collection":[{"href":"https:\/\/www.tononplastics.com\/fr\/wp-json\/wp\/v2\/product"}],"about":[{"href":"https:\/\/www.tononplastics.com\/fr\/wp-json\/wp\/v2\/types\/product"}],"version-history":[{"count":0,"href":"https:\/\/www.tononplastics.com\/fr\/wp-json\/wp\/v2\/product\/15312\/revisions"}],"wp:attachment":[{"href":"https:\/\/www.tononplastics.com\/fr\/wp-json\/wp\/v2\/media?parent=15312"}],"wp:term":[{"taxonomy":"product-catagories","embeddable":true,"href":"https:\/\/www.tononplastics.com\/fr\/wp-json\/wp\/v2\/product-catagories?post=15312"},{"taxonomy":"product-tag","embeddable":true,"href":"https:\/\/www.tononplastics.com\/fr\/wp-json\/wp\/v2\/product-tag?post=15312"}],"curies":[{"name":"wp","href":"https:\/\/api.w.org\/{rel}","templated":true}]}}