{"id":15321,"date":"2023-08-23T23:01:25","date_gmt":"2023-08-23T15:01:25","guid":{"rendered":"https:\/\/tononplastics.com\/?post_type=product&#038;p=15321"},"modified":"2024-03-25T13:22:19","modified_gmt":"2024-03-25T05:22:19","slug":"plastic-pc-light-diffusion-sheet","status":"publish","type":"product","link":"https:\/\/www.tononplastics.com\/fr\/product\/plastic-pc-light-diffusion-sheet\/","title":{"rendered":"Feuille de diffusion de la lumi\u00e8re en plastique PC"},"content":{"rendered":"<p>La feuille de diffusion de la lumi\u00e8re en plastique PC est un produit en polycarbonate translucide sp\u00e9cialement con\u00e7u pour les lentilles d'\u00e9clairage et les bo\u00eetes \u00e0 lumi\u00e8re. Elle pr\u00e9sente une combinaison unique de diffusion et de transmission de la lumi\u00e8re gr\u00e2ce \u00e0 une technologie de diffusion avanc\u00e9e. Ses caract\u00e9ristiques de diffusion uniforme permettent de r\u00e9duire les points chauds visibles des LED sur la feuille. Compar\u00e9e \u00e0 d'autres produits de diffusion de la lumi\u00e8re tels que le verre et l'acrylique, la feuille diffusante Quanfu PC pr\u00e9sente une r\u00e9sistance aux chocs sup\u00e9rieure. Sa r\u00e9sistance aux temp\u00e9ratures \u00e9lev\u00e9es permet des conceptions plus serr\u00e9es que celles possibles avec l'acrylique. Le comportement au feu s\u00fbr de la feuille diffuse Quanfu PC la rend id\u00e9ale pour une utilisation dans les zones o\u00f9 les r\u00e8glements de construction l'exigent, comme les a\u00e9roports et les stations de m\u00e9tro.<\/p>\n\n\n\n<h2 class=\"wp-block-heading\">Caract\u00e9ristiques<\/h2>\n\n\n\n<p>Transmission lumineuse \u00e9lev\u00e9e \/ effet d'astigmatisme \/ haute r\u00e9sistance aux chocs \/ bonne r\u00e9sistance aux intemp\u00e9ries \/ retardateur de flamme \/ l\u00e9ger et facile \u00e0 installer \/ peut \u00eatre fabriqu\u00e9<\/p>\n\n\n\n<h2 class=\"wp-block-heading\">Domaine d'application<\/h2>\n\n\n\n<p>Lampe d'illumination bo\u00eete \u00e0 lumi\u00e8re publicitaire, logo lumineux panneau abat-jour, lampe pilote corps lumineux LED<\/p>\n\n\n\n<figure class=\"wp-block-image\"><img decoding=\"async\" src=\"https:\/\/www.qfzhpc.com\/repository\/image\/b9257523-08e8-4c15-bbb6-46a7283094f3.jpg\" alt=\"r\" title=\"\"><\/figure>\n\n\n\n<figure class=\"wp-block-image\"><img decoding=\"async\" src=\"https:\/\/www.qfzhpc.com\/repository\/image\/42e6d982-1a48-4b02-bfe7-d7b70a3a29f9.jpg\" alt=\"qf\" title=\"\"><\/figure>\n\n\n<p><strong>Transmission de la lumi\u00e8re<\/strong><br \/>La transmission de la lumi\u00e8re atteint 12%-82% en fonction de la couleur et de l'\u00e9paisseur.<\/p>\n<p><strong>Protection contre les UV<\/strong><br \/>Gr\u00e2ce \u00e0 un rev\u00eatement anti-UV exclusif, les lanterneaux en polycarbonate conservent des performances m\u00e9caniques et optiques parfaites apr\u00e8s avoir \u00e9t\u00e9 expos\u00e9s.<\/p>\n<p><strong>Capacit\u00e9 m\u00e9t\u00e9orologique<\/strong><br \/>Il est tr\u00e8s r\u00e9sistant aux intemp\u00e9ries et conserve d'excellentes performances dans une large gamme de temp\u00e9ratures allant de -40\u00b0C \u00e0 120\u00b0C.<br \/>Retardateur de flamme :UL Flammability 94 V-2<\/p>\n<p><strong>Installation facile<\/strong><br \/>Facile \u00e0 installer et pliable \u00e0 froid<\/p>\n<p><strong>R\u00e9sistance aux chocs<\/strong><br \/>250-300 fois la r\u00e9sistance \u00e0 l'impact du verre ordinaire et 30 fois celle des panneaux acryliques de m\u00eame \u00e9paisseur, soit 2-20 fois la r\u00e9sistance du verre tremp\u00e9 tombant de deux m\u00e8tres sous un marteau de 3 kg, sans fissure ni cassure.<\/p>\n<p>\u00a0<\/p>\n<div id=\"ali-anchor-AliPostDhMb-lve6r\" class=\"mceSectionContainer\" data-section=\"AliPostDhMb-lve6r\" data-section-title=\"Company Information\">\n<div>\n<p><img decoding=\"async\" src=\"https:\/\/sc04.alicdn.com\/kf\/He65fe62b4fff4bceb9db2d8d443b0938x\/200162319\/He65fe62b4fff4bceb9db2d8d443b0938x.jpg\" alt=\"feuille de diffusion de la lumi\u00e8re en plastique pc\" width=\"630\" height=\"472.5\" data-src=\"\/\/sc04.alicdn.com\/kf\/He65fe62b4fff4bceb9db2d8d443b0938x\/200162319\/He65fe62b4fff4bceb9db2d8d443b0938x.jpg\" data-alt=\"plastic pc light diffusion sheet\" data-width=\"630\" data- title=\"\"><img decoding=\"async\" src=\"https:\/\/sc04.alicdn.com\/kf\/Hec1893bdf96e4e68954f01c51046919cR\/200162319\/Hec1893bdf96e4e68954f01c51046919cR.jpg\" alt=\"feuille de diffusion de la lumi\u00e8re en plastique pc\" width=\"630\" height=\"346.5\" data-src=\"\/\/sc04.alicdn.com\/kf\/Hec1893bdf96e4e68954f01c51046919cR\/200162319\/Hec1893bdf96e4e68954f01c51046919cR.jpg\" data-alt=\"plastic pc light diffusion sheet\" data-width=\"630\" data- title=\"\"><\/p>\n<\/div>\n<\/div>","protected":false},"featured_media":15323,"parent":0,"template":"","product-catagories":[177],"product-tag":[],"class_list":["post-15321","product","type-product","status-publish","has-post-thumbnail","hentry","product-catagories-polycarbonate-solid-sheet"],"acf":[],"_links":{"self":[{"href":"https:\/\/www.tononplastics.com\/fr\/wp-json\/wp\/v2\/product\/15321","targetHints":{"allow":["GET"]}}],"collection":[{"href":"https:\/\/www.tononplastics.com\/fr\/wp-json\/wp\/v2\/product"}],"about":[{"href":"https:\/\/www.tononplastics.com\/fr\/wp-json\/wp\/v2\/types\/product"}],"version-history":[{"count":0,"href":"https:\/\/www.tononplastics.com\/fr\/wp-json\/wp\/v2\/product\/15321\/revisions"}],"wp:featuredmedia":[{"embeddable":true,"href":"https:\/\/www.tononplastics.com\/fr\/wp-json\/wp\/v2\/media\/15323"}],"wp:attachment":[{"href":"https:\/\/www.tononplastics.com\/fr\/wp-json\/wp\/v2\/media?parent=15321"}],"wp:term":[{"taxonomy":"product-catagories","embeddable":true,"href":"https:\/\/www.tononplastics.com\/fr\/wp-json\/wp\/v2\/product-catagories?post=15321"},{"taxonomy":"product-tag","embeddable":true,"href":"https:\/\/www.tononplastics.com\/fr\/wp-json\/wp\/v2\/product-tag?post=15321"}],"curies":[{"name":"wp","href":"https:\/\/api.w.org\/{rel}","templated":true}]}}