{"id":15329,"date":"2023-08-23T23:03:50","date_gmt":"2023-08-23T15:03:50","guid":{"rendered":"https:\/\/tononplastics.com\/?post_type=product&#038;p=15329"},"modified":"2024-03-25T12:20:33","modified_gmt":"2024-03-25T04:20:33","slug":"swimming-pool-panels-clear-polycarbonate-5mm-solid-sheet","status":"publish","type":"product","link":"https:\/\/www.tononplastics.com\/fr\/product\/swimming-pool-panels-clear-polycarbonate-5mm-solid-sheet\/","title":{"rendered":"Panneaux de piscine en polycarbonate clair 5mm solide"},"content":{"rendered":"<p>La b\u00e2che de piscine en PC est fabriqu\u00e9e \u00e0 partir d'ester d'acide carbonique, elle a de bonnes performances pour supporter le fluage, et elle r\u00e9siste encore tr\u00e8s bien \u00e0 l'intensit\u00e9 des basses temp\u00e9ratures. La rigidit\u00e9 permet de conserver la r\u00e9sistance \u00e0 des temp\u00e9ratures plus \u00e9lev\u00e9es. Il est largement utilis\u00e9 dans la construction, la publicit\u00e9, la d\u00e9coration, la circulation, etc.<\/p>\n<p align=\"left\"><strong>Caract\u00e9ristiques<\/strong>:<br \/>\n<span style=\"font-size: revert; color: initial;\">1. Excellentes performances physiques et m\u00e9caniques.<br \/>\n<\/span><span style=\"color: initial; font-size: revert;\">2. Bonne isolation \u00e9lectrique, thermique et acoustique.<br \/>\n<\/span><span style=\"font-size: revert; color: initial;\">3. Bonne r\u00e9sistance aux chocs et haute t\u00e9nacit\u00e9.<br \/>\n<\/span><span style=\"font-size: revert; color: initial;\">4. Bonne transmission de la lumi\u00e8re.<br \/>\n<\/span><span style=\"font-size: revert; color: initial;\">5. Bonne r\u00e9sistance \u00e0 la temp\u00e9rature.<br \/>\n<\/span><span style=\"font-size: revert; color: initial;\">6. Retardateur d'incendie.<br \/>\n<\/span><span style=\"font-size: revert; color: initial;\">7. Non toxique.<br \/>\n<\/span><span style=\"font-size: revert; color: initial;\">8. Protection contre les UV.<br \/>\n<\/span><span style=\"font-size: revert; color: initial;\">9. Vieillissement de l'ours.<\/span><\/p>\n<p align=\"left\"><img fetchpriority=\"high\" decoding=\"async\" src=\"https:\/\/sc02.alicdn.com\/kf\/H4222a39a7737419ea9160956cf0c50ffO\/200162319\/H4222a39a7737419ea9160956cf0c50ffO.jpg\" alt=\"panneaux de piscine polycarbonate clair 5mm solide\" width=\"630\" height=\"630\" data-src=\"\/\/sc02.alicdn.com\/kf\/H4222a39a7737419ea9160956cf0c50ffO\/200162319\/H4222a39a7737419ea9160956cf0c50ffO.jpg\" data-alt=\"swimming pool panels clear polycarbonate 5mm solid sheet\" data-width=\"630\" data- title=\"\"><img decoding=\"async\" src=\"https:\/\/sc01.alicdn.com\/kf\/H1baf83ff1ab74e6ab8f72a43aa68be89d\/200162319\/H1baf83ff1ab74e6ab8f72a43aa68be89d.jpg\" alt=\"panneaux de piscine polycarbonate clair 5mm solide\" width=\"630\" height=\"497.7\" data-src=\"\/\/sc01.alicdn.com\/kf\/H1baf83ff1ab74e6ab8f72a43aa68be89d\/200162319\/H1baf83ff1ab74e6ab8f72a43aa68be89d.jpg\" data-alt=\"swimming pool panels clear polycarbonate 5mm solid sheet\" data-width=\"630\" data- title=\"\"><\/p>\n<p align=\"left\"><strong>Applications :<\/strong><\/p>\n<p align=\"left\">1. Excellent mat\u00e9riau de couverture, largement utilis\u00e9 pour les lucarnes, les puits de lumi\u00e8re, les porches \u00e9tendus et les serres, les espaces commerciaux dans les h\u00f4tels, les caf\u00e9s, les boutiques et les salons de beaut\u00e9, les centres d'exposition et les cabines t\u00e9l\u00e9phoniques.<br \/>\n<span style=\"font-size: revert; color: initial;\">2. Mur d'insonorisation pour les autoroutes et les lignes ferroviaires \u00e0 grande vitesse.<br \/>\n<\/span><span style=\"font-size: revert; color: initial;\">3. Panneaux publicitaires.<br \/>\n<\/span><span style=\"font-size: revert; color: initial;\">4. \u00c9clairage de d\u00e9coration dans les banques, les h\u00f4pitaux, les a\u00e9roports, les gares routi\u00e8res et ferroviaires et les jardins d'enfants.<br \/>\n<\/span><span style=\"font-size: revert; color: initial;\">5. Non toxique, il reste en contact avec les aliments.<br \/>\n<\/span><span style=\"font-size: revert; color: initial;\">6. Remplacement du verre ordinaire en de nombreux endroits.<\/span><\/p>\n<p align=\"left\"><strong>Sp\u00e9cifications :<\/strong><\/p>\n<p align=\"left\">Epaisseur:2.0mm 3.0mm 4.0mm 4.5mm 5.0mm 6.0mm 8.0mm 10.0mm<br \/>\n<span style=\"font-size: revert; color: initial;\">Longueur : 20m-50m<br \/>\n<\/span><span style=\"font-size: revert; color: initial;\">Profondeur : 1220mm 1560mm 1820mm 2100mm<br \/>\n<\/span><span style=\"font-size: revert; color: initial;\">Couleur:Clair Bleu Vert Marron Opalescent Clair gaufr\u00e9<br \/>\n<\/span><span style=\"font-size: revert; color: initial;\">Si les clients ont besoin d'autres sp\u00e9cifications, nous pouvons leur fournir ce qu'ils demandent.\u00a0\u00a0<\/span><\/p>\n<div id=\"ali-anchor-AliPostDhMb-qyxny\" data-section=\"AliPostDhMb-qyxny\" data-section-title=\"Packaging &amp; Shipping\">\n<div id=\"ali-title-AliPostDhMb-qyxny\"><strong>Emballage et exp\u00e9dition<\/strong><\/div>\n<div>\n<p>\u00a0<img decoding=\"async\" src=\"https:\/\/sc01.alicdn.com\/kf\/Hb3bdebb96a2849458ce6dfcbaa19c5d15\/200162319\/Hb3bdebb96a2849458ce6dfcbaa19c5d15.png\" alt=\"panneaux de piscine polycarbonate clair 5mm solide\" width=\"630\" height=\"312.9083665338646\" data-src=\"\/\/sc01.alicdn.com\/kf\/Hb3bdebb96a2849458ce6dfcbaa19c5d15\/200162319\/Hb3bdebb96a2849458ce6dfcbaa19c5d15.png\" data-alt=\"swimming pool panels clear polycarbonate 5mm solid sheet\" data-width=\"630\" data- title=\"\"><img decoding=\"async\" src=\"https:\/\/sc02.alicdn.com\/kf\/Hd05fdb0988024155a7956963ea5973acD\/200162319\/Hd05fdb0988024155a7956963ea5973acD.png\" alt=\"panneaux de piscine polycarbonate clair 5mm solide\" width=\"630\" height=\"474.58885941644564\" data-src=\"\/\/sc02.alicdn.com\/kf\/Hd05fdb0988024155a7956963ea5973acD\/200162319\/Hd05fdb0988024155a7956963ea5973acD.png\" data-alt=\"swimming pool panels clear polycarbonate 5mm solid sheet\" data-width=\"630\" data- title=\"\"><img decoding=\"async\" src=\"https:\/\/sc02.alicdn.com\/kf\/H02a52324dc024cdcbaee8c550d0c5b3cR\/200162319\/H02a52324dc024cdcbaee8c550d0c5b3cR.png\" alt=\"panneaux de piscine polycarbonate clair 5mm solide\" width=\"630\" height=\"214.7347480106101\" data-src=\"\/\/sc02.alicdn.com\/kf\/H02a52324dc024cdcbaee8c550d0c5b3cR\/200162319\/H02a52324dc024cdcbaee8c550d0c5b3cR.png\" data-alt=\"swimming pool panels clear polycarbonate 5mm solid sheet\" data-width=\"630\" data- title=\"\"><\/p>\n<\/div>\n<\/div>","protected":false},"featured_media":13740,"parent":0,"template":"","product-catagories":[177],"product-tag":[],"class_list":["post-15329","product","type-product","status-publish","has-post-thumbnail","hentry","product-catagories-polycarbonate-solid-sheet"],"acf":[],"_links":{"self":[{"href":"https:\/\/www.tononplastics.com\/fr\/wp-json\/wp\/v2\/product\/15329","targetHints":{"allow":["GET"]}}],"collection":[{"href":"https:\/\/www.tononplastics.com\/fr\/wp-json\/wp\/v2\/product"}],"about":[{"href":"https:\/\/www.tononplastics.com\/fr\/wp-json\/wp\/v2\/types\/product"}],"version-history":[{"count":0,"href":"https:\/\/www.tononplastics.com\/fr\/wp-json\/wp\/v2\/product\/15329\/revisions"}],"wp:featuredmedia":[{"embeddable":true,"href":"https:\/\/www.tononplastics.com\/fr\/wp-json\/wp\/v2\/media\/13740"}],"wp:attachment":[{"href":"https:\/\/www.tononplastics.com\/fr\/wp-json\/wp\/v2\/media?parent=15329"}],"wp:term":[{"taxonomy":"product-catagories","embeddable":true,"href":"https:\/\/www.tononplastics.com\/fr\/wp-json\/wp\/v2\/product-catagories?post=15329"},{"taxonomy":"product-tag","embeddable":true,"href":"https:\/\/www.tononplastics.com\/fr\/wp-json\/wp\/v2\/product-tag?post=15329"}],"curies":[{"name":"wp","href":"https:\/\/api.w.org\/{rel}","templated":true}]}}