{"id":15332,"date":"2023-08-23T23:06:03","date_gmt":"2023-08-23T15:06:03","guid":{"rendered":"https:\/\/tononplastics.com\/?post_type=product&#038;p=15332"},"modified":"2024-03-25T12:17:34","modified_gmt":"2024-03-25T04:17:34","slug":"sunroom-panels-for-sale-polycarbonate-roofing-polycarbonate-solid-sheet-tinted-polycarbonate-sheet","status":"publish","type":"product","link":"https:\/\/www.tononplastics.com\/fr\/product\/sunroom-panels-for-sale-polycarbonate-roofing-polycarbonate-solid-sheet-tinted-polycarbonate-sheet\/","title":{"rendered":"Panneaux de solarium \u00e0 vendre toiture en polycarbonate feuille de polycarbonate solide feuille de polycarbonate teint\u00e9e"},"content":{"rendered":"<p><strong>D\u00e9tails du produit conventionnel :<\/strong><\/p>\n\n\n\n<p>1). Epaisseur de la feuille de polycarbonate \u00e0 double paroi : 3mm-12mm. Largeur : 2100 mm.<\/p>\n\n\n\n<p>2). Epaisseur de la feuille de polycarbonate \u00e0 triple paroi : 10mm-18mm. Largeur : 2100 mm.<\/p>\n\n\n\n<p>3). Epaisseur de la feuille de polycarbonate \u00e0 quatre parois : 6mm-14mm. Largeur : 2100 mm.<\/p>\n\n\n\n<p>4). Epaisseur de la feuille de polycarbonate alv\u00e9olaire : 6mm-14mm. Largeur : 2100 mm.<\/p>\n\n\n\n<p>5). Nous pouvons \u00e9galement personnaliser la largeur comme 1220mm, et l'\u00e9paisseur normale est de 4mm-6mm. Mais le prix sera plus \u00e9lev\u00e9 que la largeur de 2100 mm, car il y a une perte de frais.<\/p>\n\n\n\n<p>6). Plaque de polycarbonate solide d'\u00e9paisseur standard :<\/p>\n\n\n\n<p>&nbsp; &nbsp; &nbsp;1.1mm-18mm. Largeur : 1220, 1560, 1820, 2100mm. G\u00e9n\u00e9ralement 1220x2440mm.<\/p>\n\n\n\n<p>7). Epaisseur de la feuille de polycarbonate ondul\u00e9e : 0,8mm-1,8mm.  La largeur est de 1000mm et 1220mm.<\/p>\n\n\n\n<p><em><strong>A. Longueur : aucune limite (recommander 5800, 6000, 11800, 12000mm pour convenir aux conteneurs 20\u2032 et 40\u2032).<\/strong><\/em><\/p>\n\n\n\n<p><em><strong>B. Couleur : clair\/transparent, bleu lac, vert, bleu, opale, brun\/bronze, gris argent\u00e9, rouge, jaune, etc.<\/strong><\/em><\/p>\n\n\n\n<figure class=\"wp-block-gallery has-nested-images columns-default is-cropped wp-block-gallery-1 is-layout-flex wp-block-gallery-is-layout-flex\">\n<figure class=\"wp-block-image size-large\"><img fetchpriority=\"high\" decoding=\"async\" width=\"1024\" height=\"682\" data-id=\"15286\" src=\"https:\/\/www.tononplastics.com\/wp-content\/uploads\/2023\/08\/H404b7790b8704a329fe41e1da3d8fa7cf-1024x682.jpg\" alt=\"\" class=\"wp-image-15286\" title=\"\" srcset=\"https:\/\/www.tononplastics.com\/wp-content\/uploads\/2023\/08\/H404b7790b8704a329fe41e1da3d8fa7cf-1024x682.jpg 1024w, https:\/\/www.tononplastics.com\/wp-content\/uploads\/2023\/08\/H404b7790b8704a329fe41e1da3d8fa7cf-300x200.jpg 300w, https:\/\/www.tononplastics.com\/wp-content\/uploads\/2023\/08\/H404b7790b8704a329fe41e1da3d8fa7cf-768x512.jpg 768w, https:\/\/www.tononplastics.com\/wp-content\/uploads\/2023\/08\/H404b7790b8704a329fe41e1da3d8fa7cf-1536x1024.jpg 1536w, https:\/\/www.tononplastics.com\/wp-content\/uploads\/2023\/08\/H404b7790b8704a329fe41e1da3d8fa7cf.jpg 2000w\" sizes=\"(max-width: 1024px) 100vw, 1024px\" \/><\/figure>\n\n\n\n<figure class=\"wp-block-image size-large\"><img decoding=\"async\" width=\"768\" height=\"1024\" data-id=\"15325\" src=\"https:\/\/www.tononplastics.com\/wp-content\/uploads\/2023\/08\/Hf18aec69ee4b444f8edf47e1d796fc1dB-768x1024.jpg\" alt=\"\" class=\"wp-image-15325\" title=\"\" srcset=\"https:\/\/www.tononplastics.com\/wp-content\/uploads\/2023\/08\/Hf18aec69ee4b444f8edf47e1d796fc1dB-768x1024.jpg 768w, https:\/\/www.tononplastics.com\/wp-content\/uploads\/2023\/08\/Hf18aec69ee4b444f8edf47e1d796fc1dB-225x300.jpg 225w, https:\/\/www.tononplastics.com\/wp-content\/uploads\/2023\/08\/Hf18aec69ee4b444f8edf47e1d796fc1dB.jpg 1080w\" sizes=\"(max-width: 768px) 100vw, 768px\" \/><\/figure>\n<\/figure>","protected":false},"featured_media":15286,"parent":0,"template":"","product-catagories":[177],"product-tag":[],"class_list":["post-15332","product","type-product","status-publish","has-post-thumbnail","hentry","product-catagories-polycarbonate-solid-sheet"],"acf":[],"_links":{"self":[{"href":"https:\/\/www.tononplastics.com\/fr\/wp-json\/wp\/v2\/product\/15332","targetHints":{"allow":["GET"]}}],"collection":[{"href":"https:\/\/www.tononplastics.com\/fr\/wp-json\/wp\/v2\/product"}],"about":[{"href":"https:\/\/www.tononplastics.com\/fr\/wp-json\/wp\/v2\/types\/product"}],"version-history":[{"count":0,"href":"https:\/\/www.tononplastics.com\/fr\/wp-json\/wp\/v2\/product\/15332\/revisions"}],"wp:featuredmedia":[{"embeddable":true,"href":"https:\/\/www.tononplastics.com\/fr\/wp-json\/wp\/v2\/media\/15286"}],"wp:attachment":[{"href":"https:\/\/www.tononplastics.com\/fr\/wp-json\/wp\/v2\/media?parent=15332"}],"wp:term":[{"taxonomy":"product-catagories","embeddable":true,"href":"https:\/\/www.tononplastics.com\/fr\/wp-json\/wp\/v2\/product-catagories?post=15332"},{"taxonomy":"product-tag","embeddable":true,"href":"https:\/\/www.tononplastics.com\/fr\/wp-json\/wp\/v2\/product-tag?post=15332"}],"curies":[{"name":"wp","href":"https:\/\/api.w.org\/{rel}","templated":true}]}}