{"id":15337,"date":"2023-08-23T23:08:00","date_gmt":"2023-08-23T15:08:00","guid":{"rendered":"https:\/\/tononplastics.com\/?post_type=product&#038;p=15337"},"modified":"2024-03-25T15:19:13","modified_gmt":"2024-03-25T07:19:13","slug":"high-end-polycarbonate-bathroom-enclosure-fob-reference-priceget-latest-price","status":"publish","type":"product","link":"https:\/\/www.tononplastics.com\/fr\/product\/high-end-polycarbonate-bathroom-enclosure-fob-reference-priceget-latest-price\/","title":{"rendered":"enceinte de salle de bain en polycarbonate haut de gamme FOB Reference Price:Get latest price"},"content":{"rendered":"<h2 class=\"wp-block-heading\">Description<\/h2>\n\n\n\n<p>La plaque creuse en polycarbonate a des applications dans de nombreux domaines tels que les serres, les panneaux de toiture et les \u00e9crans antibruit. Le polycarbonate creux remplace g\u00e9n\u00e9ralement le verre, le verre tremp\u00e9 et le film de poly\u00e9thyl\u00e8ne dans de nombreux domaines tels que l'agriculture, l'industrie, les b\u00e2timents publics et les accessoires. C'est la combinaison parfaite de l\u00e9g\u00e8ret\u00e9, de r\u00e9sistance aux chocs, de transmission de la lumi\u00e8re, de r\u00e9sistance au cadre, de protection contre les UV, de protection contre les chutes et d'un aspect attrayant.<\/p>\n\n\n\n<h4 class=\"wp-block-heading\"><strong>Informations sur le produit<\/strong><\/h4>\n\n\n\n<figure class=\"wp-block-table\"><table><tbody><tr><td>Nom du produit :<\/td><td colspan=\"3\">Feuille creuse en polycarbonate<\/td><\/tr><tr><td>\u00c9paisseur :<\/td><td colspan=\"3\">2,8mm-20mm \/ sur mesure<\/td><\/tr><tr><td>Largeur :<\/td><td colspan=\"3\">1220\/1560\/1820\/2100mm;custom<\/td><\/tr><tr><td>Longueur :<\/td><td colspan=\"3\">Toute longueur, coupe libre<\/td><\/tr><tr><td>Taille standard :<\/td><td colspan=\"3\">1.22*2.44;2.1*5.8;2.1*6;2.1*11.6;2.1*11.8;2.1*30m<\/td><\/tr><tr><td>couleur :<\/td><td colspan=\"3\">transparent;opale;bleu;vert;gris;brun;jaune;etc<\/td><\/tr><tr><td>certification :<\/td><td colspan=\"3\">ISO9001:2008 \/CE<\/td><\/tr><tr><td>Garantie :<\/td><td colspan=\"3\">10 ans<\/td><\/tr><tr><td>Epaisseur des UV :<\/td><td colspan=\"3\">50 microns ; selon les besoins du client<\/td><\/tr><tr><td>temp\u00e9rature de service :<\/td><td colspan=\"3\">-40\u00baC-120\u00baC<\/td><\/tr><tr><td>technologie :<\/td><td colspan=\"3\">coextrusion<\/td><\/tr><tr><td>livraison :<\/td><td colspan=\"3\">7-14 jours apr\u00e8s r\u00e9ception du d\u00e9p\u00f4t<\/td><\/tr><tr><td>application<\/td><td colspan=\"3\">serre ; barri\u00e8re acoustique ; abri de voiture ; ch\u00e2ssis de fen\u00eatre ; porte coulissante ; couverture de piscine ; \u00e9cran anti-\u00e9meute ; puits de lumi\u00e8re ; mur-rideau<\/td><\/tr><tr><td>processus usinable :<\/td><td colspan=\"3\">\u00e9blouissement ; durcissement ; anti-rayures<\/td><\/tr><tr><td>\u00e9chantillon<\/td><td colspan=\"3\">Veuillez nous contacter pour des \u00e9chantillons gratuits<\/td><\/tr><\/tbody><\/table><\/figure>\n\n\n\n<h4 class=\"wp-block-heading\"><strong>Pourquoi choisir les plaques creuses en polycarbonate ?<br><\/strong><strong><\/strong><\/h4>\n\n\n\n<ol class=\"wp-block-list\">\n<li>La r\u00e9sistance aux chocs est 200 fois sup\u00e9rieure \u00e0 celle du verre ordinaire et 2 \u00e0 20 fois sup\u00e9rieure \u00e0 celle du verre tremp\u00e9.<\/li>\n\n\n\n<li>Le poids est de 50% de verre, mais la transparence est la m\u00eame que celle du verre ordinaire.<\/li>\n\n\n\n<li>Un traitement sp\u00e9cial permet d'\u00e9clairer suffisamment la serre sans qu'il y ait de condensation.<\/li>\n\n\n\n<li>Excellente transmission de la lumi\u00e8re, jusqu'\u00e0 18%-80%.<\/li>\n\n\n\n<li>Il constitue un substitut id\u00e9al au verre ordinaire, au verre tremp\u00e9 et au film de poly\u00e9thyl\u00e8ne.<\/li>\n\n\n\n<li>Les feuilles de polycarbonate sont les plastiques techniques les plus r\u00e9sistants aux chocs, 10 \u00e0 27 fois plus que le plexiglas.<\/li>\n\n\n\n<li>Rev\u00eatement anti-UV de 50 microns sur la surface, garantie de qualit\u00e9 de 10 ans, ne provoque pas de jaunissement.<\/li>\n\n\n\n<li>La temp\u00e9rature entre -40\u2103~+120\u2103 ne causera pas de d\u00e9t\u00e9rioration de la qualit\u00e9 telle que la d\u00e9formation.<\/li>\n\n\n\n<li>L\u00e9ger pour faciliter le transport et l'installation.<\/li>\n<\/ol>\n\n\n\n<h4 class=\"wp-block-heading\"><strong>Types de plaques creuses en polycarbonate<br><\/strong><strong><\/strong><\/h4>\n\n\n\n<figure class=\"wp-block-image size-full\"><img fetchpriority=\"high\" decoding=\"async\" width=\"800\" height=\"440\" src=\"https:\/\/www.tononplastics.com\/wp-content\/uploads\/2024\/03\/Hec1893bdf96e4e68954f01c51046919cR.webp\" alt=\"\" class=\"wp-image-16180\" title=\"\" srcset=\"https:\/\/www.tononplastics.com\/wp-content\/uploads\/2024\/03\/Hec1893bdf96e4e68954f01c51046919cR.webp 800w, https:\/\/www.tononplastics.com\/wp-content\/uploads\/2024\/03\/Hec1893bdf96e4e68954f01c51046919cR-300x165.webp 300w, https:\/\/www.tononplastics.com\/wp-content\/uploads\/2024\/03\/Hec1893bdf96e4e68954f01c51046919cR-768x422.webp 768w, https:\/\/www.tononplastics.com\/wp-content\/uploads\/2024\/03\/Hec1893bdf96e4e68954f01c51046919cR-18x10.webp 18w\" sizes=\"(max-width: 800px) 100vw, 800px\" \/><\/figure>\n\n\n\n<h4 class=\"wp-block-heading\"><strong>Applications de la feuille creuse en PC<br><\/strong><\/h4>\n\n\n\n<p>La plaque creuse en polycarbonate est largement utilis\u00e9e dans les toits des b\u00e2timents, les d\u00f4mes, les puits de lumi\u00e8re, les garages, les piscines, les salles de bronzage, les gares, les serres, les murs lat\u00e9raux, les toits d'entrep\u00f4ts et les stades. Tous ces endroits ont besoin de la lumi\u00e8re du soleil, sans les rayons UV nocifs. Il convient \u00e9galement aux enseignes lumineuses et aux panneaux publicitaires.<\/p>\n\n\n<p><strong><span data-spm-anchor-id=\"a2700.details.0.i19.674c1facMlRcof\">Le faible poids, la r\u00e9sistance aux chocs et la transparence des feuilles de polycarbonate solide en font le substitut id\u00e9al du verre fragile et lourd. Sa flexibilit\u00e9 permet \u00e9galement aux concepteurs de r\u00e9aliser des designs extraordinaires, y compris des structures incurv\u00e9es.<\/span><\/strong><\/p>\n<p><strong><img decoding=\"async\" src=\"https:\/\/sc01.alicdn.com\/kf\/HTB1fjxltXuWBuNjSszbq6AS7FXap\/200162319\/HTB1fjxltXuWBuNjSszbq6AS7FXap.jpg\" alt=\"enceinte de salle de bain haut de gamme en polycarbonate\" width=\"690\" height=\"688\" data-src=\"\/\/sc01.alicdn.com\/kf\/HTB1fjxltXuWBuNjSszbq6AS7FXap\/200162319\/HTB1fjxltXuWBuNjSszbq6AS7FXap.jpg\" data-alt=\"high end polycarbonate bathroom enclosure\" data- title=\"\"><img decoding=\"async\" src=\"https:\/\/sc02.alicdn.com\/kf\/HTB1Zn3GkS8YBeNkSnb4q6yevFXad\/200162319\/HTB1Zn3GkS8YBeNkSnb4q6yevFXad.jpg\" alt=\"enceinte de salle de bain haut de gamme en polycarbonate\" width=\"706\" height=\"1063\" data-src=\"\/\/sc02.alicdn.com\/kf\/HTB1Zn3GkS8YBeNkSnb4q6yevFXad\/200162319\/HTB1Zn3GkS8YBeNkSnb4q6yevFXad.jpg\" data-alt=\"high end polycarbonate bathroom enclosure\" data-width=\"706\" data-height=\"1063\" data- title=\"\"><\/strong><\/p>","protected":false},"featured_media":0,"parent":0,"template":"","product-catagories":[177],"product-tag":[],"class_list":["post-15337","product","type-product","status-publish","hentry","product-catagories-polycarbonate-solid-sheet"],"acf":[],"_links":{"self":[{"href":"https:\/\/www.tononplastics.com\/fr\/wp-json\/wp\/v2\/product\/15337","targetHints":{"allow":["GET"]}}],"collection":[{"href":"https:\/\/www.tononplastics.com\/fr\/wp-json\/wp\/v2\/product"}],"about":[{"href":"https:\/\/www.tononplastics.com\/fr\/wp-json\/wp\/v2\/types\/product"}],"version-history":[{"count":0,"href":"https:\/\/www.tononplastics.com\/fr\/wp-json\/wp\/v2\/product\/15337\/revisions"}],"wp:attachment":[{"href":"https:\/\/www.tononplastics.com\/fr\/wp-json\/wp\/v2\/media?parent=15337"}],"wp:term":[{"taxonomy":"product-catagories","embeddable":true,"href":"https:\/\/www.tononplastics.com\/fr\/wp-json\/wp\/v2\/product-catagories?post=15337"},{"taxonomy":"product-tag","embeddable":true,"href":"https:\/\/www.tononplastics.com\/fr\/wp-json\/wp\/v2\/product-tag?post=15337"}],"curies":[{"name":"wp","href":"https:\/\/api.w.org\/{rel}","templated":true}]}}