{"id":15338,"date":"2023-08-23T23:09:18","date_gmt":"2023-08-23T15:09:18","guid":{"rendered":"https:\/\/tononplastics.com\/?post_type=product&#038;p=15338"},"modified":"2024-03-25T17:02:39","modified_gmt":"2024-03-25T09:02:39","slug":"colored-plastic-shower-cubicle-polycarbonate-solid-sheet","status":"publish","type":"product","link":"https:\/\/www.tononplastics.com\/fr\/product\/colored-plastic-shower-cubicle-polycarbonate-solid-sheet\/","title":{"rendered":"Cabine de douche en plastique color\u00e9\/plaque solide en polycarbonate"},"content":{"rendered":"<p><strong>Sp\u00e9cification :<\/strong><\/p>\n<p>1)\u00c9paisseur : 1,5mm-16mm<\/p>\n<p>2) Largeur maximale : 2100 mm<\/p>\n<p>3) Longueur : Aucune limite<\/p>\n<p>4)Poids sp\u00e9cifique : 1200kg\/m3<\/p>\n<p>5)Couleur : transparent, bleu, vert, opale, brun, etc.<\/p>\n<p><strong>Caract\u00e9ristiques techniques :<\/strong><\/p>\n<p>1)R\u00e9sistance aux chocs : 850J\/m<\/p>\n<p>2) Transmission de la lumi\u00e8re : 88%<\/p>\n<p>3)Poids sp\u00e9cifique : 1200kg\/m3<\/p>\n<p>4)Coefficient de dilatation thermique : 0,065<\/p>\n<p>5) Temp\u00e9rature : -40oC - 120oC<\/p>\n<p>6) Conductivit\u00e9 thermique : 2,3-3,9 W\/m2<\/p>\n<p>7)R\u00e9sistance \u00e0 la traction : Sup\u00e9rieure \u00e0 602<\/p>\n<p>8)R\u00e9sistance \u00e0 la flexion : 1002<\/p>\n<p>9) Module d'\u00e9lasticit\u00e9 : 2400Mpa<\/p>\n<p>10)Rue de traction \u00e0 la rupture : Plus de 65Mpa<\/p>\n<p>11)Allongement \u00e0 la rupture : Plus de 100%<\/p>\n<p>12)Chaleur sp\u00e9cifique : 1,16j\/kg. K<\/p>\n<p>13)Temp\u00e9rature de d\u00e9viation de la chaleur : 140oC<\/p>\n<p>14)Insonorisation (6mm d'\u00e9paisseur) : 20db<\/p>\n<p><img fetchpriority=\"high\" decoding=\"async\" class=\"\" src=\"https:\/\/sc02.alicdn.com\/kf\/HTB1Zn3GkS8YBeNkSnb4q6yevFXad\/200162319\/HTB1Zn3GkS8YBeNkSnb4q6yevFXad.jpg\" alt=\"cabine de douche en plastique color\u00e9\/plaque solide en polycarbonate\" width=\"687\" height=\"842\" data-src=\"\/\/sc02.alicdn.com\/kf\/HTB1Zn3GkS8YBeNkSnb4q6yevFXad\/200162319\/HTB1Zn3GkS8YBeNkSnb4q6yevFXad.jpg\" data-alt=\"colored plastic shower cubicle\/ polycarbonate solid sheet\" data- title=\"\"><\/p>\n<p><img decoding=\"async\" src=\"https:\/\/sc01.alicdn.com\/kf\/HTB1fjxltXuWBuNjSszbq6AS7FXap\/200162319\/HTB1fjxltXuWBuNjSszbq6AS7FXap.jpg\" alt=\"cabine de douche en plastique color\u00e9\/plaque solide en polycarbonate\" data-src=\"\/\/sc01.alicdn.com\/kf\/HTB1fjxltXuWBuNjSszbq6AS7FXap\/200162319\/HTB1fjxltXuWBuNjSszbq6AS7FXap.jpg\" data-alt=\"colored plastic shower cubicle\/ polycarbonate solid sheet\" data- title=\"\"><\/p>","protected":false},"featured_media":15325,"parent":0,"template":"","product-catagories":[177],"product-tag":[],"class_list":["post-15338","product","type-product","status-publish","has-post-thumbnail","hentry","product-catagories-polycarbonate-solid-sheet"],"acf":[],"_links":{"self":[{"href":"https:\/\/www.tononplastics.com\/fr\/wp-json\/wp\/v2\/product\/15338","targetHints":{"allow":["GET"]}}],"collection":[{"href":"https:\/\/www.tononplastics.com\/fr\/wp-json\/wp\/v2\/product"}],"about":[{"href":"https:\/\/www.tononplastics.com\/fr\/wp-json\/wp\/v2\/types\/product"}],"version-history":[{"count":0,"href":"https:\/\/www.tononplastics.com\/fr\/wp-json\/wp\/v2\/product\/15338\/revisions"}],"wp:featuredmedia":[{"embeddable":true,"href":"https:\/\/www.tononplastics.com\/fr\/wp-json\/wp\/v2\/media\/15325"}],"wp:attachment":[{"href":"https:\/\/www.tononplastics.com\/fr\/wp-json\/wp\/v2\/media?parent=15338"}],"wp:term":[{"taxonomy":"product-catagories","embeddable":true,"href":"https:\/\/www.tononplastics.com\/fr\/wp-json\/wp\/v2\/product-catagories?post=15338"},{"taxonomy":"product-tag","embeddable":true,"href":"https:\/\/www.tononplastics.com\/fr\/wp-json\/wp\/v2\/product-tag?post=15338"}],"curies":[{"name":"wp","href":"https:\/\/api.w.org\/{rel}","templated":true}]}}