{"id":15340,"date":"2023-08-23T23:11:02","date_gmt":"2023-08-23T15:11:02","guid":{"rendered":"https:\/\/tononplastics.com\/?post_type=product&#038;p=15340"},"modified":"2024-03-25T15:43:11","modified_gmt":"2024-03-25T07:43:11","slug":"luxury-uv-protection-gazebo-made-of-polycarbonate-sheet","status":"publish","type":"product","link":"https:\/\/www.tononplastics.com\/fr\/product\/luxury-uv-protection-gazebo-made-of-polycarbonate-sheet\/","title":{"rendered":"gazebo de luxe en polycarbonate avec protection contre les UV"},"content":{"rendered":"<p><span data-spm-anchor-id=\"a2700.details.0.i29.34d11f18QZCySL\">La feuille de PC est constitu\u00e9e de l'ester d'acide carbonique, elle a de bonnes performances en termes de r\u00e9sistance \u00e0 la corrosion et de r\u00e9sistance \u00e0 l'usure.\u00a0<\/span><\/p>\n<p>pour supporter la pouss\u00e9e, et il a encore une tr\u00e8s forte intensit\u00e9 de r\u00e9sistance et d'agression sous la pression de l'eau et de l'air.\u00a0<\/p>\n<p>les basses temp\u00e9ratures. La rigidit\u00e9 maintient la r\u00e9sistance dans la plage des temp\u00e9ratures plus \u00e9lev\u00e9es.\u00a0<\/p>\n<p>Il est largement utilis\u00e9 dans la construction, la publicit\u00e9, la d\u00e9coration, la circulation, etc.<\/p>\n<p>\u00a0<img fetchpriority=\"high\" decoding=\"async\" src=\"https:\/\/sc02.alicdn.com\/kf\/H017024a0e2094472a595aeb265fe62e9K\/200162319\/H017024a0e2094472a595aeb265fe62e9K.jpg\" alt=\"gazebo de luxe en polycarbonate avec protection contre les UV\" width=\"630\" height=\"630\" data-src=\"\/\/sc02.alicdn.com\/kf\/H017024a0e2094472a595aeb265fe62e9K\/200162319\/H017024a0e2094472a595aeb265fe62e9K.jpg\" data-alt=\"luxury UV protection gazebo made of polycarbonate sheet\" data-width=\"630\" data- title=\"\"><\/p>\n<p><strong>Sp\u00e9cifications :<\/strong><\/p>\n<p>1) \u00c9paisseur : 1,5 mm - 16 mm<br \/>2) Largeur maximale : 2 100 mm<br \/>3) Longueur : toute dimension<br \/>4) Poids sp\u00e9cifique : 1200kg\/cb<\/p>\n<p>\u00a0<img decoding=\"async\" src=\"https:\/\/sc01.alicdn.com\/kf\/Ha35eb9523b0743dbbef517c1f6d500b5t\/200162319\/Ha35eb9523b0743dbbef517c1f6d500b5t.jpg\" alt=\"gazebo de luxe en polycarbonate avec protection contre les UV\" width=\"630\" height=\"630\" data-src=\"\/\/sc01.alicdn.com\/kf\/Ha35eb9523b0743dbbef517c1f6d500b5t\/200162319\/Ha35eb9523b0743dbbef517c1f6d500b5t.jpg\" data-alt=\"luxury UV protection gazebo made of polycarbonate sheet\" data-width=\"630\" data- title=\"\"><\/p>\n<p>\u00a0<\/p>\n<p><strong>Caract\u00e9ristiques :<\/strong><\/p>\n<p>1. Excellentes performances physiques et m\u00e9caniques.<\/p>\n<p>2. Bonne isolation \u00e9lectrique, thermique et acoustique.<\/p>\n<p>3. Bonne r\u00e9sistance aux chocs et haute t\u00e9nacit\u00e9.<\/p>\n<p>4. Bonne transmission de la lumi\u00e8re.<\/p>\n<p>5. Bonne r\u00e9sistance \u00e0 la temp\u00e9rature.<\/p>\n<p>6. Retardateur d'incendie.<\/p>\n<p>7. Non toxique.<\/p>\n<p>8. Protection contre les UV.<\/p>\n<p>9. Vieillissement de l'ours.<\/p>\n<p>\u00a0<\/p>\n\n\n<figure class=\"wp-block-image size-full\"><img decoding=\"async\" width=\"800\" height=\"440\" src=\"https:\/\/www.tononplastics.com\/wp-content\/uploads\/2024\/03\/Hec1893bdf96e4e68954f01c51046919cR.webp\" alt=\"\" class=\"wp-image-16180\" title=\"\" srcset=\"https:\/\/www.tononplastics.com\/wp-content\/uploads\/2024\/03\/Hec1893bdf96e4e68954f01c51046919cR.webp 800w, https:\/\/www.tononplastics.com\/wp-content\/uploads\/2024\/03\/Hec1893bdf96e4e68954f01c51046919cR-300x165.webp 300w, https:\/\/www.tononplastics.com\/wp-content\/uploads\/2024\/03\/Hec1893bdf96e4e68954f01c51046919cR-768x422.webp 768w, https:\/\/www.tononplastics.com\/wp-content\/uploads\/2024\/03\/Hec1893bdf96e4e68954f01c51046919cR-18x10.webp 18w\" sizes=\"(max-width: 800px) 100vw, 800px\" \/><\/figure>","protected":false},"featured_media":15324,"parent":0,"template":"","product-catagories":[177],"product-tag":[],"class_list":["post-15340","product","type-product","status-publish","has-post-thumbnail","hentry","product-catagories-polycarbonate-solid-sheet"],"acf":[],"_links":{"self":[{"href":"https:\/\/www.tononplastics.com\/fr\/wp-json\/wp\/v2\/product\/15340","targetHints":{"allow":["GET"]}}],"collection":[{"href":"https:\/\/www.tononplastics.com\/fr\/wp-json\/wp\/v2\/product"}],"about":[{"href":"https:\/\/www.tononplastics.com\/fr\/wp-json\/wp\/v2\/types\/product"}],"version-history":[{"count":0,"href":"https:\/\/www.tononplastics.com\/fr\/wp-json\/wp\/v2\/product\/15340\/revisions"}],"wp:featuredmedia":[{"embeddable":true,"href":"https:\/\/www.tononplastics.com\/fr\/wp-json\/wp\/v2\/media\/15324"}],"wp:attachment":[{"href":"https:\/\/www.tononplastics.com\/fr\/wp-json\/wp\/v2\/media?parent=15340"}],"wp:term":[{"taxonomy":"product-catagories","embeddable":true,"href":"https:\/\/www.tononplastics.com\/fr\/wp-json\/wp\/v2\/product-catagories?post=15340"},{"taxonomy":"product-tag","embeddable":true,"href":"https:\/\/www.tononplastics.com\/fr\/wp-json\/wp\/v2\/product-tag?post=15340"}],"curies":[{"name":"wp","href":"https:\/\/api.w.org\/{rel}","templated":true}]}}