{"id":15344,"date":"2023-08-23T23:12:45","date_gmt":"2023-08-23T15:12:45","guid":{"rendered":"https:\/\/tononplastics.com\/?post_type=product&#038;p=15344"},"modified":"2024-04-16T12:49:23","modified_gmt":"2024-04-16T04:49:23","slug":"3mm-green-custom-width-48-polycarbonate-solid-sheet-protective-film","status":"publish","type":"product","link":"https:\/\/www.tononplastics.com\/fr\/product\/3mm-green-custom-width-48-polycarbonate-solid-sheet-protective-film\/","title":{"rendered":"Film protecteur en polycarbonate vert 3mm, largeur personnalis\u00e9e 4*8"},"content":{"rendered":"<p><img fetchpriority=\"high\" decoding=\"async\" class=\"\" src=\"https:\/\/sc02.alicdn.com\/kf\/H912578573bb64e5aa470cb700f63aee7a\/200162319\/H912578573bb64e5aa470cb700f63aee7a.jpg\" alt=\"Film protecteur en polycarbonate vert 3mm, largeur personnalis\u00e9e 4*8\" width=\"333\" height=\"333\" data-src=\"\/\/sc02.alicdn.com\/kf\/H912578573bb64e5aa470cb700f63aee7a\/200162319\/H912578573bb64e5aa470cb700f63aee7a.jpg\" data-alt=\"3mm green custom width 4*8 polycarbonate solid sheet protective film\" data-width=\"630\" data- title=\"\"><img decoding=\"async\" class=\"\" src=\"https:\/\/sc01.alicdn.com\/kf\/H5252f7bf19904b9295f135ab89a014f02\/200162319\/H5252f7bf19904b9295f135ab89a014f02.jpg\" alt=\"Film protecteur en polycarbonate vert 3mm, largeur personnalis\u00e9e 4*8\" width=\"490\" height=\"327\" data-src=\"\/\/sc01.alicdn.com\/kf\/H5252f7bf19904b9295f135ab89a014f02\/200162319\/H5252f7bf19904b9295f135ab89a014f02.jpg\" data-alt=\"3mm green custom width 4*8 polycarbonate solid sheet protective film\" data-width=\"630\" data- title=\"\"><\/p>\n<p>1)R\u00e9sistance aux chocs : la r\u00e9sistance aux chocs de la feuille creuse en PC est 250 fois sup\u00e9rieure \u00e0 celle du verre.<br \/>\n2) Poids l\u00e9ger : Le poids de la feuille creuse en PC ne repr\u00e9sente que la moiti\u00e9 de celui du verre.<br \/>\n3) Transparence : La transmission de la lumi\u00e8re d'une feuille creuse de PC de 3 mm d'\u00e9paisseur est de 88%.<br \/>\n4) Protection contre les UV : Une feuille de PC est coextrud\u00e9e avec un rayon ultraviolet de haute densit\u00e9 qui emp\u00eache \u00e9galement la feuille de PC de se d\u00e9colorer.<br \/>\n5)R\u00e9sistance aux intemp\u00e9ries : La feuille creuse en PC r\u00e9siste aux intemp\u00e9ries et conserve d'excellentes performances dans une plage de temp\u00e9rature allant de -40\u2103 \u00e0 12\u2103.<\/p>\n<p>6)Inhibition de la condensation : Lorsque la temp\u00e9rature ext\u00e9rieure est de 0 et la temp\u00e9rature int\u00e9rieure de 23\u2103, la feuille de PC sera condens\u00e9e jusqu'\u00e0 80%.<\/p>\n<p>7) Isolation thermique : La valeur K du verre est 1,2 fois sup\u00e9rieure \u00e0 celle de la feuille de PC solide. Les feuilles de PC permettent d'\u00e9conomiser de l'\u00e9nergie tout en \u00e9vitant les pertes de chaleur.<br \/>\n8)Isolation acoustique : La feuille creuse en PC de 6 mm d'\u00e9paisseur peut r\u00e9duire le son de 20 dB.<br \/>\n9) R\u00e9sistance aux flammes : Apr\u00e8s avoir \u00e9t\u00e9 test\u00e9 par le Centre national de supervision de la qualit\u00e9 et d'essai des mat\u00e9riaux de construction contre l'incendie, le mat\u00e9riau est class\u00e9 dans la cat\u00e9gorie 1 conform\u00e9ment \u00e0 la norme QB8624-1997.<br \/>\n10)Installation facile : Une feuille de PC peut \u00eatre pli\u00e9e \u00e0 chaud ou \u00e0 froid et peut \u00eatre utilis\u00e9e sur des toits et des fen\u00eatres incurv\u00e9s. Le rayon de courbure minimal d'une feuille de PC est \u00e9gal \u00e0 175 fois son \u00e9paisseur.<\/p>\n<p><img decoding=\"async\" class=\"\" src=\"https:\/\/sc01.alicdn.com\/kf\/Hfc9f0493ac81469fac5153cb936855a4q\/200162319\/Hfc9f0493ac81469fac5153cb936855a4q.jpg\" alt=\"Film protecteur en polycarbonate vert 3mm, largeur personnalis\u00e9e 4*8\" width=\"379\" height=\"253\" data-src=\"\/\/sc01.alicdn.com\/kf\/Hfc9f0493ac81469fac5153cb936855a4q\/200162319\/Hfc9f0493ac81469fac5153cb936855a4q.jpg\" data-alt=\"3mm green custom width 4*8 polycarbonate solid sheet protective film\" data-width=\"630\" data- title=\"\"><img loading=\"lazy\" decoding=\"async\" class=\"\" src=\"https:\/\/sc02.alicdn.com\/kf\/H5c16f39266364408a0b436a4a956b53c4\/200162319\/H5c16f39266364408a0b436a4a956b53c4.jpg\" alt=\"Film protecteur en polycarbonate vert 3mm, largeur personnalis\u00e9e 4*8\" width=\"440\" height=\"248\" data-src=\"\/\/sc02.alicdn.com\/kf\/H5c16f39266364408a0b436a4a956b53c4\/200162319\/H5c16f39266364408a0b436a4a956b53c4.jpg\" data-alt=\"3mm green custom width 4*8 polycarbonate solid sheet protective film\" data-width=\"630\" data- title=\"\"><\/p>\n<div id=\"ali-anchor-AliPostDhMb-2qskj\" class=\"mceSectionContainer\" data-section=\"AliPostDhMb-2qskj\" data-section-title=\"Company Information\">\n<div id=\"ali-title-AliPostDhMb-2qskj\"><strong>Informations sur l'entreprise<\/strong><\/div>\n<div>\n<p>\u00a0<img loading=\"lazy\" decoding=\"async\" class=\"\" src=\"https:\/\/sc01.alicdn.com\/kf\/HTB1qs8od5FTMKJjSZFAq6AkJpXad\/200162319\/HTB1qs8od5FTMKJjSZFAq6AkJpXad.jpg\" alt=\"Film protecteur en polycarbonate vert 3mm, largeur personnalis\u00e9e 4*8\" width=\"403\" height=\"269\" data-src=\"\/\/sc01.alicdn.com\/kf\/HTB1qs8od5FTMKJjSZFAq6AkJpXad\/200162319\/HTB1qs8od5FTMKJjSZFAq6AkJpXad.jpg\" data-alt=\"3mm green custom width 4*8 polycarbonate solid sheet protective film\" data-width=\"630\" data- title=\"\"><img loading=\"lazy\" decoding=\"async\" class=\"\" src=\"https:\/\/sc01.alicdn.com\/kf\/HTB1wu8nSFXXXXXYXXXXq6xXFXXXY\/200162319\/HTB1wu8nSFXXXXXYXXXXq6xXFXXXY.jpg\" alt=\"Film protecteur en polycarbonate vert 3mm, largeur personnalis\u00e9e 4*8\" width=\"410\" height=\"273\" data-src=\"\/\/sc01.alicdn.com\/kf\/HTB1wu8nSFXXXXXYXXXXq6xXFXXXY\/200162319\/HTB1wu8nSFXXXXXYXXXXq6xXFXXXY.jpg\" data-alt=\"3mm green custom width 4*8 polycarbonate solid sheet protective film\" data-width=\"630\" data- title=\"\"><\/p>\n<p><strong style=\"color: initial;\">Emballage et exp\u00e9dition<\/strong><\/p>\n<\/div>\n<\/div>\n<div id=\"ali-anchor-AliPostDhMb-bktqy\" class=\"mceSectionContainer\" data-section=\"AliPostDhMb-bktqy\" data-section-title=\"Packaging &amp; Shipping\">\n<div>\n<p>\u00a0<img loading=\"lazy\" decoding=\"async\" class=\"\" src=\"https:\/\/sc02.alicdn.com\/kf\/H02a52324dc024cdcbaee8c550d0c5b3cR\/200162319\/H02a52324dc024cdcbaee8c550d0c5b3cR.png\" alt=\"Film protecteur en polycarbonate vert 3mm, largeur personnalis\u00e9e 4*8\" width=\"818\" height=\"279\" data-src=\"\/\/sc02.alicdn.com\/kf\/H02a52324dc024cdcbaee8c550d0c5b3cR\/200162319\/H02a52324dc024cdcbaee8c550d0c5b3cR.png\" data-alt=\"3mm green custom width 4*8 polycarbonate solid sheet protective film\" data-width=\"630\" data- title=\"\"><\/p>\n<p><img loading=\"lazy\" decoding=\"async\" class=\"\" src=\"https:\/\/sc02.alicdn.com\/kf\/H041aadba055e4601bc7a678fb8698a30S\/200162319\/H041aadba055e4601bc7a678fb8698a30S.jpg\" alt=\"Film protecteur en polycarbonate vert 3mm, largeur personnalis\u00e9e 4*8\" width=\"408\" height=\"306\" data-src=\"\/\/sc02.alicdn.com\/kf\/H041aadba055e4601bc7a678fb8698a30S\/200162319\/H041aadba055e4601bc7a678fb8698a30S.jpg\" data-alt=\"3mm green custom width 4*8 polycarbonate solid sheet protective film\" data-width=\"630\" data- title=\"\"><img loading=\"lazy\" decoding=\"async\" class=\"\" src=\"https:\/\/sc01.alicdn.com\/kf\/H13a68bf757104e7f87240c10e9cd3dffH\/200162319\/H13a68bf757104e7f87240c10e9cd3dffH.jpg\" alt=\"Film protecteur en polycarbonate vert 3mm, largeur personnalis\u00e9e 4*8\" width=\"411\" height=\"309\" data-src=\"\/\/sc01.alicdn.com\/kf\/H13a68bf757104e7f87240c10e9cd3dffH\/200162319\/H13a68bf757104e7f87240c10e9cd3dffH.jpg\" data-alt=\"3mm green custom width 4*8 polycarbonate solid sheet protective film\" data-width=\"630\" data- title=\"\"><\/p>\n<\/div>\n<\/div>","protected":false},"featured_media":16747,"parent":0,"template":"","product-catagories":[178,177],"product-tag":[],"class_list":["post-15344","product","type-product","status-publish","has-post-thumbnail","hentry","product-catagories-polycarbonate-hollow-sheet","product-catagories-polycarbonate-solid-sheet"],"acf":[],"_links":{"self":[{"href":"https:\/\/www.tononplastics.com\/fr\/wp-json\/wp\/v2\/product\/15344","targetHints":{"allow":["GET"]}}],"collection":[{"href":"https:\/\/www.tononplastics.com\/fr\/wp-json\/wp\/v2\/product"}],"about":[{"href":"https:\/\/www.tononplastics.com\/fr\/wp-json\/wp\/v2\/types\/product"}],"version-history":[{"count":0,"href":"https:\/\/www.tononplastics.com\/fr\/wp-json\/wp\/v2\/product\/15344\/revisions"}],"wp:featuredmedia":[{"embeddable":true,"href":"https:\/\/www.tononplastics.com\/fr\/wp-json\/wp\/v2\/media\/16747"}],"wp:attachment":[{"href":"https:\/\/www.tononplastics.com\/fr\/wp-json\/wp\/v2\/media?parent=15344"}],"wp:term":[{"taxonomy":"product-catagories","embeddable":true,"href":"https:\/\/www.tononplastics.com\/fr\/wp-json\/wp\/v2\/product-catagories?post=15344"},{"taxonomy":"product-tag","embeddable":true,"href":"https:\/\/www.tononplastics.com\/fr\/wp-json\/wp\/v2\/product-tag?post=15344"}],"curies":[{"name":"wp","href":"https:\/\/api.w.org\/{rel}","templated":true}]}}