{"id":15347,"date":"2023-08-23T23:18:30","date_gmt":"2023-08-23T15:18:30","guid":{"rendered":"https:\/\/tononplastics.com\/?post_type=product&#038;p=15347"},"modified":"2024-04-16T12:43:52","modified_gmt":"2024-04-16T04:43:52","slug":"ten-years-guarantee-uv-protected-color-pc-hollow-sheet","status":"publish","type":"product","link":"https:\/\/www.tononplastics.com\/fr\/product\/ten-years-guarantee-uv-protected-color-pc-hollow-sheet\/","title":{"rendered":"Garantie de dix ans Feuille creuse en pc de couleur prot\u00e9g\u00e9e contre les UV"},"content":{"rendered":"<figure class=\"wp-block-gallery has-nested-images columns-default is-cropped wp-block-gallery-1 is-layout-flex wp-block-gallery-is-layout-flex\">\n<figure class=\"wp-block-image size-full\"><img decoding=\"async\" data-id=\"15257\" src=\"https:\/\/www.tononplastics.com\/wp-content\/uploads\/2023\/08\/\u56fe\u72471-1.png\" alt=\"\" class=\"wp-image-15257\" title=\"\"><\/figure>\n\n\n\n<figure class=\"wp-block-image size-full\"><img decoding=\"async\" data-id=\"15258\" src=\"https:\/\/www.tononplastics.com\/wp-content\/uploads\/2023\/08\/\u56fe\u72471-1-1.png\" alt=\"\" class=\"wp-image-15258\" title=\"\"><\/figure>\n<\/figure>\n\n\n<div id=\"ali-anchor-AliPostDhMb-dt96l\" data-section=\"AliPostDhMb-dt96l\" data-section-title=\"Product Description\">\n<p><span data-spm-anchor-id=\"a2700.details.0.i30.5c4e7fa2ThoF7K\">1) Transmission de la lumi\u00e8re : jusqu'\u00e0 88%<br \/><\/span><span style=\"font-size: revert; color: initial;\">2) R\u00e9sistance aux chocs : 80 fois celle du verre, 15 fois celle de la feuille acrylique<br \/><\/span><span style=\"color: initial; font-size: revert;\">3) Plage de r\u00e9sistance \u00e0 la temp\u00e9rature : -40 ~ 120oC<br \/><\/span><span style=\"color: initial; font-size: revert;\">4) Poids l\u00e9ger : seulement 1\/12 du poids du verre de m\u00eame \u00e9paisseur<br \/><\/span><span style=\"font-size: revert; color: initial;\">5) R\u00e9sistance aux ultraviolets : avec couche de protection contre les UV<br \/><\/span><span style=\"font-size: revert; color: initial;\">6) R\u00e9sistance \u00e0 la flamme : classe B1<br \/><\/span><span style=\"font-size: revert; color: initial;\">7) Insonorisation et r\u00e9sistance \u00e0 la chaleur<\/span><\/p>\n<\/div>\n<p align=\"left\"><strong>Sp\u00e9cifications<br \/><\/strong>1) Largeur : 1220mm- 2100mm (notre sp\u00e9cification habituelle)<br \/>2) Longueur : 20m--50m (notre sp\u00e9cification habituelle)<br \/>3) disponible en 4mm, 5mm, 6mm, 7.5mm, 8mm, 10mm, 12mm, 14mm, 16mm, 18mm.<br \/>4) Couleur : transparent, bleu lac, vert, bleu, opale, bronze, gris, rouge, bronze (brun), bleu-vert, vert clair, transparent, noir, transparent gaufr\u00e9, gaufr\u00e9 clair, gaufr\u00e9 bleu.<br \/>5) Couleurs et dimensions personnalis\u00e9es disponibles sur demande<br \/>6)Emballage :Les deux c\u00f4t\u00e9s sont recouverts d'un film PE\u00a0\u00a0<\/p>\n<p align=\"left\">\u00a0<img fetchpriority=\"high\" decoding=\"async\" src=\"https:\/\/sc01.alicdn.com\/kf\/H32420328557d486eb5370e0cf573cf134\/200162319\/H32420328557d486eb5370e0cf573cf134.jpg\" alt=\"Garantie de dix ans Feuille creuse en pc de couleur prot\u00e9g\u00e9e contre les UV\" width=\"630\" height=\"840\" data-src=\"\/\/sc01.alicdn.com\/kf\/H32420328557d486eb5370e0cf573cf134\/200162319\/H32420328557d486eb5370e0cf573cf134.jpg\" data-alt=\"ten years guarantee UV protected color pc hollow sheet\" data-width=\"630\" data- title=\"\"><img decoding=\"async\" class=\"alignright\" src=\"https:\/\/sc01.alicdn.com\/kf\/H276597fb63bf4e8ebb711e73f1e18dd4h\/200162319\/H276597fb63bf4e8ebb711e73f1e18dd4h.jpg\" alt=\"Garantie de dix ans Feuille creuse en pc de couleur prot\u00e9g\u00e9e contre les UV\" width=\"630\" height=\"427.0323325635104\" data-src=\"\/\/sc01.alicdn.com\/kf\/H276597fb63bf4e8ebb711e73f1e18dd4h\/200162319\/H276597fb63bf4e8ebb711e73f1e18dd4h.jpg\" data-alt=\"ten years guarantee UV protected color pc hollow sheet\" data-width=\"630\" data- title=\"\"><\/p>\n<p align=\"left\">\u00a0<\/p>\n<p align=\"left\"><strong>Applications :<br \/><\/strong>1) Les cabines t\u00e9l\u00e9phoniques<br \/>2) Panneaux de signalisation et publicit\u00e9s<br \/>3) Panneaux d'affichage sur les lampadaires<br \/>4) Eclairage et cloisons pour banques, h\u00f4pitaux et gares<br \/>5) Serres pour l\u00e9gumes, zoos, produits aquatiques<br \/>6) Isolation phonique et thermique des voies rapides<\/p>\n<p align=\"left\">7) Industrie des instruments et de la guerre - pare-brise, boucliers militaires\u00a0<\/p>\n<p align=\"left\">\u00a0<\/p>\n<p align=\"left\">\u00a0<\/p>\n<p align=\"left\">\u00a0<\/p>\n<p align=\"left\"><strong>Cas de projet :<\/strong><\/p>\n<p align=\"left\"><img decoding=\"async\" src=\"https:\/\/sc01.alicdn.com\/kf\/HTB1W4NetXOWBuNjy0Fiq6xFxVXa0\/200162319\/HTB1W4NetXOWBuNjy0Fiq6xFxVXa0.jpg\" alt=\"Garantie de dix ans Feuille creuse en pc de couleur prot\u00e9g\u00e9e contre les UV\" width=\"630\" height=\"429.975\" data-src=\"\/\/sc01.alicdn.com\/kf\/HTB1W4NetXOWBuNjy0Fiq6xFxVXa0\/200162319\/HTB1W4NetXOWBuNjy0Fiq6xFxVXa0.jpg\" data-alt=\"ten years guarantee UV protected color pc hollow sheet\" data-width=\"630\" data- title=\"\"><\/p>\n<div id=\"ali-anchor-AliPostDhMb-0cbwi\" data-section=\"AliPostDhMb-0cbwi\" data-section-title=\"Packaging &amp; Shipping\">\n<div id=\"ali-title-AliPostDhMb-0cbwi\"><strong>Emballage et exp\u00e9dition<\/strong><\/div>\n<div>\n<p>\u00a0<img decoding=\"async\" src=\"https:\/\/sc01.alicdn.com\/kf\/Hb3bdebb96a2849458ce6dfcbaa19c5d15\/200162319\/Hb3bdebb96a2849458ce6dfcbaa19c5d15.png\" alt=\"Garantie de dix ans Feuille creuse en pc de couleur prot\u00e9g\u00e9e contre les UV\" width=\"630\" height=\"312.9083665338646\" data-src=\"\/\/sc01.alicdn.com\/kf\/Hb3bdebb96a2849458ce6dfcbaa19c5d15\/200162319\/Hb3bdebb96a2849458ce6dfcbaa19c5d15.png\" data-alt=\"ten years guarantee UV protected color pc hollow sheet\" data-width=\"630\" data- title=\"\"><img decoding=\"async\" src=\"https:\/\/sc02.alicdn.com\/kf\/Hd05fdb0988024155a7956963ea5973acD\/200162319\/Hd05fdb0988024155a7956963ea5973acD.png\" alt=\"Garantie de dix ans Feuille creuse en pc de couleur prot\u00e9g\u00e9e contre les UV\" width=\"630\" height=\"474.58885941644564\" data-src=\"\/\/sc02.alicdn.com\/kf\/Hd05fdb0988024155a7956963ea5973acD\/200162319\/Hd05fdb0988024155a7956963ea5973acD.png\" data-alt=\"ten years guarantee UV protected color pc hollow sheet\" data-width=\"630\" data- title=\"\"><img decoding=\"async\" src=\"https:\/\/sc02.alicdn.com\/kf\/H02a52324dc024cdcbaee8c550d0c5b3cR\/200162319\/H02a52324dc024cdcbaee8c550d0c5b3cR.png\" alt=\"Garantie de dix ans Feuille creuse en pc de couleur prot\u00e9g\u00e9e contre les UV\" width=\"630\" height=\"214.7347480106101\" data-src=\"\/\/sc02.alicdn.com\/kf\/H02a52324dc024cdcbaee8c550d0c5b3cR\/200162319\/H02a52324dc024cdcbaee8c550d0c5b3cR.png\" data-alt=\"ten years guarantee UV protected color pc hollow sheet\" data-width=\"630\" data- title=\"\"><\/p>\n<\/div>\n<\/div>","protected":false},"featured_media":16738,"parent":0,"template":"","product-catagories":[178],"product-tag":[],"class_list":["post-15347","product","type-product","status-publish","has-post-thumbnail","hentry","product-catagories-polycarbonate-hollow-sheet"],"acf":[],"_links":{"self":[{"href":"https:\/\/www.tononplastics.com\/fr\/wp-json\/wp\/v2\/product\/15347","targetHints":{"allow":["GET"]}}],"collection":[{"href":"https:\/\/www.tononplastics.com\/fr\/wp-json\/wp\/v2\/product"}],"about":[{"href":"https:\/\/www.tononplastics.com\/fr\/wp-json\/wp\/v2\/types\/product"}],"version-history":[{"count":0,"href":"https:\/\/www.tononplastics.com\/fr\/wp-json\/wp\/v2\/product\/15347\/revisions"}],"wp:featuredmedia":[{"embeddable":true,"href":"https:\/\/www.tononplastics.com\/fr\/wp-json\/wp\/v2\/media\/16738"}],"wp:attachment":[{"href":"https:\/\/www.tononplastics.com\/fr\/wp-json\/wp\/v2\/media?parent=15347"}],"wp:term":[{"taxonomy":"product-catagories","embeddable":true,"href":"https:\/\/www.tononplastics.com\/fr\/wp-json\/wp\/v2\/product-catagories?post=15347"},{"taxonomy":"product-tag","embeddable":true,"href":"https:\/\/www.tononplastics.com\/fr\/wp-json\/wp\/v2\/product-tag?post=15347"}],"curies":[{"name":"wp","href":"https:\/\/api.w.org\/{rel}","templated":true}]}}