{"id":15361,"date":"2023-08-23T23:39:42","date_gmt":"2023-08-23T15:39:42","guid":{"rendered":"https:\/\/tononplastics.com\/?post_type=product&#038;p=15361"},"modified":"2024-03-25T16:56:23","modified_gmt":"2024-03-25T08:56:23","slug":"awning-of-window-and-balcony-awning","status":"publish","type":"product","link":"https:\/\/www.tononplastics.com\/fr\/product\/awning-of-window-and-balcony-awning\/","title":{"rendered":"Store de fen\u00eatre et store de balcon"},"content":{"rendered":"<div id=\"ali-anchor-AliPostDhMb-1vs97\" data-section=\"AliPostDhMb-1vs97\" data-section-title=\"Product Description\">\n<div data-spm-anchor-id=\"a2700.details.0.i26.5fee6c5blzsvs3\">\n<p><img fetchpriority=\"high\" decoding=\"async\" class=\"\" src=\"https:\/\/sc02.alicdn.com\/kf\/Had0756212dc14f48b5c605d06ad52305b\/200162319\/Had0756212dc14f48b5c605d06ad52305b.jpg\" alt=\"store de fen\u00eatre et store de balcon\" width=\"390\" height=\"390\" data-src=\"\/\/sc02.alicdn.com\/kf\/Had0756212dc14f48b5c605d06ad52305b\/200162319\/Had0756212dc14f48b5c605d06ad52305b.jpg\" data-alt=\"awning of window and balcony awning\" data-width=\"630\" data- title=\"\"><img decoding=\"async\" class=\"\" src=\"https:\/\/sc02.alicdn.com\/kf\/H9f08f5ed02234de4be18cc9d36d18cc91\/200162319\/H9f08f5ed02234de4be18cc9d36d18cc91.jpg\" alt=\"store de fen\u00eatre et store de balcon\" width=\"394\" height=\"394\" data-src=\"\/\/sc02.alicdn.com\/kf\/H9f08f5ed02234de4be18cc9d36d18cc91\/200162319\/H9f08f5ed02234de4be18cc9d36d18cc91.jpg\" data-alt=\"awning of window and balcony awning\" data-width=\"630\" data- title=\"\"><\/p>\n<\/div>\n<\/div>\n<p><strong>store de fen\u00eatre et store de balcon<\/strong><\/p>\n<p>1. r\u00e9sistance au vent,<\/p>\n<p>2. r\u00e9sistance aux chocs<\/p>\n<p>3. anti-\u00e2ge<\/p>\n<p>4. anti-corrosion<\/p>\n<p>5. auto-nettoyage par l'eau de pluie<\/p>\n<p>6. conception courb\u00e9e pour la r\u00e9duction du bruit, filtration UV, transmission de la lumi\u00e8re 80%<\/p>\n<p><strong>D<img decoding=\"async\" src=\"https:\/\/sc02.alicdn.com\/kf\/H2c03c96273de4b8aa1b9a0fe70c8a0cfI\/200162319\/H2c03c96273de4b8aa1b9a0fe70c8a0cfI.jpg\" alt=\"store de fen\u00eatre et store de balcon\" width=\"630\" height=\"472.08\" data-src=\"\/\/sc02.alicdn.com\/kf\/H2c03c96273de4b8aa1b9a0fe70c8a0cfI\/200162319\/H2c03c96273de4b8aa1b9a0fe70c8a0cfI.jpg\" data-alt=\"awning of window and balcony awning\" data-width=\"630\" data- title=\"\"><img decoding=\"async\" src=\"https:\/\/sc01.alicdn.com\/kf\/H0f5f8a5bcabd473eb3ae74b52b116893r\/200162319\/H0f5f8a5bcabd473eb3ae74b52b116893r.jpg\" alt=\"store de fen\u00eatre et store de balcon\" width=\"630\" height=\"429.3692307692308\" data-src=\"\/\/sc01.alicdn.com\/kf\/H0f5f8a5bcabd473eb3ae74b52b116893r\/200162319\/H0f5f8a5bcabd473eb3ae74b52b116893r.jpg\" data-alt=\"awning of window and balcony awning\" data-width=\"630\" data- title=\"\">D<\/strong><\/p>\n<p>1. feuille : feuille solide en PC, feuille solaire en PC<\/p>\n<p>2) Mat\u00e9riau du support de l'auvent : PA+Fibre de verre.<\/p>\n<p>3. pi\u00e8ces de raccordement : Profil\u00e9 en aluminium<\/p>\n<p>4.boulon d'expansion<\/p>\n<p>5.Dimension:600mm,800mm,1000mm<\/p>\n<p>6. augmenter \u00e0 l'infini les supports de l'auvent et les d\u00e9ployer librement pour l'assemblage<\/p>\n<p>7. l'auvent innovant s'\u00e9loigne compl\u00e8tement des auvents traditionnels soud\u00e9s sur mesure. l'auvent est simple dans sa structure principale, qui est compos\u00e9e d'une feuille de PC et des supports de l'auvent. \u00e9tant produit en masse et conforme \u00e0 la norme de conception rigide, l'auvent est coh\u00e9rent dans sa qualit\u00e9 de produit sup\u00e9rieure.<\/p>\n<p>8. peut r\u00e9sister aux typhons (cat\u00e9gorie 12) en toute s\u00e9curit\u00e9<\/p>\n<p>9. le store est pr\u00eat \u00e0 l'emploi et peut \u00eatre install\u00e9 facilement par les propri\u00e9taires, ce qui permet d'\u00e9conomiser de l'espace et de l'argent.<\/p>\n<p><strong>r<img decoding=\"async\" src=\"https:\/\/sc01.alicdn.com\/kf\/Hc6401cfcb4334b6db778c359d08238c0l\/200162319\/Hc6401cfcb4334b6db778c359d08238c0l.jpg\" alt=\"store de fen\u00eatre et store de balcon\" width=\"630\" height=\"1226.3999999999999\" data-src=\"\/\/sc01.alicdn.com\/kf\/Hc6401cfcb4334b6db778c359d08238c0l\/200162319\/Hc6401cfcb4334b6db778c359d08238c0l.jpg\" data-alt=\"awning of window and balcony awning\" data-width=\"630\" data- title=\"\"><img decoding=\"async\" src=\"https:\/\/sc01.alicdn.com\/kf\/H74247c1d61554ba2a775e9ce59244207e\/200162319\/H74247c1d61554ba2a775e9ce59244207e.jpg\" alt=\"store de fen\u00eatre et store de balcon\" width=\"630\" height=\"509.04\" data-src=\"\/\/sc01.alicdn.com\/kf\/H74247c1d61554ba2a775e9ce59244207e\/200162319\/H74247c1d61554ba2a775e9ce59244207e.jpg\" data-alt=\"awning of window and balcony awning\" data-width=\"630\" data- title=\"\"><img decoding=\"async\" src=\"https:\/\/sc02.alicdn.com\/kf\/H02a52324dc024cdcbaee8c550d0c5b3cR\/200162319\/H02a52324dc024cdcbaee8c550d0c5b3cR.png\" alt=\"store de fen\u00eatre et store de balcon\" width=\"630\" height=\"214.7347480106101\" data-src=\"\/\/sc02.alicdn.com\/kf\/H02a52324dc024cdcbaee8c550d0c5b3cR\/200162319\/H02a52324dc024cdcbaee8c550d0c5b3cR.png\" data-alt=\"awning of window and balcony awning\" data-width=\"630\" data- title=\"\"><img decoding=\"async\" src=\"https:\/\/sc02.alicdn.com\/kf\/Hd05fdb0988024155a7956963ea5973acD\/200162319\/Hd05fdb0988024155a7956963ea5973acD.png\" alt=\"store de fen\u00eatre et store de balcon\" width=\"630\" height=\"474.58885941644564\" data-src=\"\/\/sc02.alicdn.com\/kf\/Hd05fdb0988024155a7956963ea5973acD\/200162319\/Hd05fdb0988024155a7956963ea5973acD.png\" data-alt=\"awning of window and balcony awning\" data-width=\"630\" data- title=\"\"><\/strong><\/p>","protected":false},"featured_media":14364,"parent":0,"template":"","product-catagories":[171],"product-tag":[],"class_list":["post-15361","product","type-product","status-publish","has-post-thumbnail","hentry","product-catagories-awning"],"acf":[],"_links":{"self":[{"href":"https:\/\/www.tononplastics.com\/fr\/wp-json\/wp\/v2\/product\/15361","targetHints":{"allow":["GET"]}}],"collection":[{"href":"https:\/\/www.tononplastics.com\/fr\/wp-json\/wp\/v2\/product"}],"about":[{"href":"https:\/\/www.tononplastics.com\/fr\/wp-json\/wp\/v2\/types\/product"}],"version-history":[{"count":0,"href":"https:\/\/www.tononplastics.com\/fr\/wp-json\/wp\/v2\/product\/15361\/revisions"}],"wp:featuredmedia":[{"embeddable":true,"href":"https:\/\/www.tononplastics.com\/fr\/wp-json\/wp\/v2\/media\/14364"}],"wp:attachment":[{"href":"https:\/\/www.tononplastics.com\/fr\/wp-json\/wp\/v2\/media?parent=15361"}],"wp:term":[{"taxonomy":"product-catagories","embeddable":true,"href":"https:\/\/www.tononplastics.com\/fr\/wp-json\/wp\/v2\/product-catagories?post=15361"},{"taxonomy":"product-tag","embeddable":true,"href":"https:\/\/www.tononplastics.com\/fr\/wp-json\/wp\/v2\/product-tag?post=15361"}],"curies":[{"name":"wp","href":"https:\/\/api.w.org\/{rel}","templated":true}]}}