{"id":15368,"date":"2023-08-23T23:45:00","date_gmt":"2023-08-23T15:45:00","guid":{"rendered":"https:\/\/tononplastics.com\/?post_type=product&#038;p=15368"},"modified":"2024-03-25T16:22:05","modified_gmt":"2024-03-25T08:22:05","slug":"new-design-polycarbonate-door-window-canopy-awning","status":"publish","type":"product","link":"https:\/\/www.tononplastics.com\/fr\/product\/new-design-polycarbonate-door-window-canopy-awning\/","title":{"rendered":"Nouveau design d'auvent de porte\/fen\u00eatre en polycarbonate"},"content":{"rendered":"<p><img fetchpriority=\"high\" decoding=\"async\" class=\"\" src=\"https:\/\/sc01.alicdn.com\/kf\/H20a02196cfb340048c4caf666c9002d0j\/200162319\/H20a02196cfb340048c4caf666c9002d0j.jpg\" alt=\"auvent de porte\/fen\u00eatre en polycarbonate nouveau design\" width=\"368\" height=\"368\" data-src=\"\/\/sc01.alicdn.com\/kf\/H20a02196cfb340048c4caf666c9002d0j\/200162319\/H20a02196cfb340048c4caf666c9002d0j.jpg\" data-alt=\"new design polycarbonate door\/window canopy\/awning\" data-width=\"630\" data- title=\"\"><img decoding=\"async\" class=\"\" src=\"https:\/\/sc02.alicdn.com\/kf\/Had0756212dc14f48b5c605d06ad52305b\/200162319\/Had0756212dc14f48b5c605d06ad52305b.jpg\" alt=\"auvent de porte\/fen\u00eatre en polycarbonate nouveau design\" width=\"440\" height=\"440\" data-src=\"\/\/sc02.alicdn.com\/kf\/Had0756212dc14f48b5c605d06ad52305b\/200162319\/Had0756212dc14f48b5c605d06ad52305b.jpg\" data-alt=\"new design polycarbonate door\/window canopy\/awning\" data-width=\"630\" data- title=\"\"><\/p>\n<div id=\"ali-anchor-AliPostDhMb-lecmt\" data-section=\"AliPostDhMb-lecmt\" data-section-title=\"Company Information\">\n<div id=\"ali-title-AliPostDhMb-lecmt\"><strong>Informations sur l'entreprise<\/strong><\/div>\n<\/div>\n<p>R\u00e9sistance au vent,R\u00e9sistance aux chocs,Anti-vieillissement,Anti-corrosion,Auto-nettoyage par l'eau de pluie<br \/>\nConception courb\u00e9e pour r\u00e9duire le bruit, filtration UV, transmission de la lumi\u00e8re 80%<br \/>\nFeuille:Feuille solide en PC, Feuille solaire en PC<br \/>\nTexture du support de l'auvent : m\u00e9lange de PP et de fibre de verre<br \/>\nPi\u00e8ces de raccordement : Profil\u00e9 en aluminium<br \/>\nAccessoires:boulon d'expansion<br \/>\nDimension:600mm,800mm,1000mm,1200mm<\/p>\n<p><img decoding=\"async\" src=\"https:\/\/sc01.alicdn.com\/kf\/H38df55f61e554b68a224c2cff374b41eH\/200162319\/H38df55f61e554b68a224c2cff374b41eH.jpg\" alt=\"auvent de porte\/fen\u00eatre en polycarbonate nouveau design\" width=\"630\" height=\"420.2470588235294\" data-src=\"\/\/sc01.alicdn.com\/kf\/H38df55f61e554b68a224c2cff374b41eH\/200162319\/H38df55f61e554b68a224c2cff374b41eH.jpg\" data-alt=\"new design polycarbonate door\/window canopy\/awning\" data-width=\"630\" data- title=\"\"><\/p>\n<p><img decoding=\"async\" src=\"https:\/\/sc02.alicdn.com\/kf\/H25d3618d18cc468daa6fdee7e961c2235\/200162319\/H25d3618d18cc468daa6fdee7e961c2235.jpg\" alt=\"auvent de porte\/fen\u00eatre en polycarbonate nouveau design\" width=\"630\" height=\"404.5484949832776\" data-src=\"\/\/sc02.alicdn.com\/kf\/H25d3618d18cc468daa6fdee7e961c2235\/200162319\/H25d3618d18cc468daa6fdee7e961c2235.jpg\" data-alt=\"new design polycarbonate door\/window canopy\/awning\" data-width=\"630\" data- title=\"\"><\/p>\n<div id=\"ali-anchor-AliPostDhMb-y0k2t\" data-section=\"AliPostDhMb-y0k2t\" data-section-title=\"Product Description\">\n<div id=\"ali-title-AliPostDhMb-y0k2t\"><strong>Description du produit<\/strong><\/div>\n<\/div>\n<p>*Installation facile, adapt\u00e9e au march\u00e9 du bricolage ;<br \/>\n*R\u00e9sistance aux typhons de classe 12 ;<br \/>\n*99% Protection UV des deux c\u00f4t\u00e9s ;<br \/>\n*R\u00e9sistance aux chocs ;<br \/>\n*R\u00e9sistance au jaunissement et au vieillissement ;<br \/>\n*R\u00e9sistance chimique ;<br \/>\n*R\u00e9sistance aux basses temp\u00e9ratures et retardateur ;<br \/>\n*Assurance de la s\u00e9curit\u00e9 avec la qualification de 376 tests stricts (certificats CE, TUV et ISO disponibles) ;<br \/>\n*Respect de l'environnement.<\/p>\n<p><strong><em>Informations sur l'usine<br \/>\n<\/em><\/strong>1. Principaux produits : plaques pleines en polycarbonate, plaques diamant\u00e9es, plaques d\u00e9polies, plaques solaires, auvents, profil\u00e9s en polycarbonate H &amp; U.....<\/p>\n<p>2. march\u00e9 : Am\u00e9rique du Nord<br \/>\nAm\u00e9rique du Sud<br \/>\nEurope de l'Est<br \/>\nAsie du Sud-Est<br \/>\nAfrique<br \/>\nOc\u00e9anie<br \/>\nMoyen-Orient<br \/>\nAsie de l'Est<\/p>\n<p><img decoding=\"async\" src=\"https:\/\/sc01.alicdn.com\/kf\/HTB1Zj.KsVmWBuNjSspdq6zugXXa2\/200162319\/HTB1Zj.KsVmWBuNjSspdq6zugXXa2.jpg\" alt=\"auvent de porte\/fen\u00eatre en polycarbonate nouveau design\" width=\"630\" height=\"863.013698630137\" data-src=\"\/\/sc01.alicdn.com\/kf\/HTB1Zj.KsVmWBuNjSspdq6zugXXa2\/200162319\/HTB1Zj.KsVmWBuNjSspdq6zugXXa2.jpg\" data-alt=\"new design polycarbonate door\/window canopy\/awning\" data-width=\"630\" data- title=\"\"><\/p>\n<div id=\"ali-anchor-AliPostDhMb-702t7\" data-section=\"AliPostDhMb-702t7\" data-section-title=\"FAQ\">\n<div id=\"ali-title-AliPostDhMb-702t7\"><strong>FAQ<\/strong><\/div>\n<div>\n<table border=\"0\" cellspacing=\"0\" cellpadding=\"0\">\n<tbody>\n<tr>\n<td colspan=\"4\" height=\"20\">1.Q:\u00cates-vous une soci\u00e9t\u00e9 commerciale ou un fabricant ?<\/td>\n<\/tr>\n<tr>\n<td colspan=\"3\" height=\"20\">R:Nous sommes fabricant.<\/td>\n<td><\/td>\n<\/tr>\n<tr>\n<td colspan=\"4\" height=\"20\">2.Q : Quel est le d\u00e9lai de livraison ?<\/td>\n<\/tr>\n<tr>\n<td colspan=\"4\" height=\"20\">R : En fonction de la difficult\u00e9 et de la quantit\u00e9 de produits \u00e0 traiter, un d\u00e9lai de livraison raisonnable vous sera communiqu\u00e9.<\/td>\n<\/tr>\n<tr>\n<td colspan=\"4\" height=\"20\">3.Q:Fournissez-vous des \u00e9chantillons ? sont-ils gratuits ou en suppl\u00e9ment ?<\/td>\n<\/tr>\n<tr>\n<td colspan=\"4\" height=\"20\">R:Oui, nous pouvons proposer des \u00e9chantillons gratuitement, mais nous ne prenons pas en charge les frais de transport.<\/td>\n<\/tr>\n<tr>\n<td colspan=\"4\" height=\"20\">4.Q:Quels sont les services apr\u00e8s-vente ?<\/td>\n<\/tr>\n<tr>\n<td colspan=\"4\" height=\"20\">R : En cas de probl\u00e8me de qualit\u00e9, le colis peut \u00eatre \u00e9chang\u00e9 dans les 90 jours.<\/td>\n<\/tr>\n<\/tbody>\n<\/table>\n<\/div>\n<\/div>","protected":false},"featured_media":15367,"parent":0,"template":"","product-catagories":[171],"product-tag":[],"class_list":["post-15368","product","type-product","status-publish","has-post-thumbnail","hentry","product-catagories-awning"],"acf":[],"_links":{"self":[{"href":"https:\/\/www.tononplastics.com\/fr\/wp-json\/wp\/v2\/product\/15368","targetHints":{"allow":["GET"]}}],"collection":[{"href":"https:\/\/www.tononplastics.com\/fr\/wp-json\/wp\/v2\/product"}],"about":[{"href":"https:\/\/www.tononplastics.com\/fr\/wp-json\/wp\/v2\/types\/product"}],"version-history":[{"count":0,"href":"https:\/\/www.tononplastics.com\/fr\/wp-json\/wp\/v2\/product\/15368\/revisions"}],"wp:featuredmedia":[{"embeddable":true,"href":"https:\/\/www.tononplastics.com\/fr\/wp-json\/wp\/v2\/media\/15367"}],"wp:attachment":[{"href":"https:\/\/www.tononplastics.com\/fr\/wp-json\/wp\/v2\/media?parent=15368"}],"wp:term":[{"taxonomy":"product-catagories","embeddable":true,"href":"https:\/\/www.tononplastics.com\/fr\/wp-json\/wp\/v2\/product-catagories?post=15368"},{"taxonomy":"product-tag","embeddable":true,"href":"https:\/\/www.tononplastics.com\/fr\/wp-json\/wp\/v2\/product-tag?post=15368"}],"curies":[{"name":"wp","href":"https:\/\/api.w.org\/{rel}","templated":true}]}}