{"id":15378,"date":"2023-08-23T23:47:42","date_gmt":"2023-08-23T15:47:42","guid":{"rendered":"https:\/\/tononplastics.com\/?post_type=product&#038;p=15378"},"modified":"2024-03-25T14:43:28","modified_gmt":"2024-03-25T06:43:28","slug":"factory-direct-sale-polycarbonate-awning-pc-canopy-aluminium-plastic-bracket","status":"publish","type":"product","link":"https:\/\/www.tononplastics.com\/fr\/product\/factory-direct-sale-polycarbonate-awning-pc-canopy-aluminium-plastic-bracket\/","title":{"rendered":"Vente directe d'usine d'auvents en polycarbonate PC canopy aluminium plastic bracket"},"content":{"rendered":"<p><img fetchpriority=\"high\" decoding=\"async\" class=\"\" src=\"https:\/\/sc02.alicdn.com\/kf\/Hab2ac95f2ca34cec9459c4b7915aac1ef\/200162319\/Hab2ac95f2ca34cec9459c4b7915aac1ef.png\" alt=\"vente directe d&#039;usine auvent en polycarbonate PC canopy aluminium plastic bracket\" width=\"334\" height=\"269\" data-src=\"\/\/sc02.alicdn.com\/kf\/Hab2ac95f2ca34cec9459c4b7915aac1ef\/200162319\/Hab2ac95f2ca34cec9459c4b7915aac1ef.png\" data-alt=\"factory direct sale polycarbonate awning PC canopy aluminium plastic bracket\" data-width=\"630\" data- title=\"\"><img decoding=\"async\" class=\"\" src=\"https:\/\/sc01.alicdn.com\/kf\/H2f4db787a3b343c8b287bd745f006630r\/200162319\/H2f4db787a3b343c8b287bd745f006630r.png\" alt=\"vente directe d&#039;usine auvent en polycarbonate PC canopy aluminium plastic bracket\" width=\"502\" height=\"288\" data-src=\"\/\/sc01.alicdn.com\/kf\/H2f4db787a3b343c8b287bd745f006630r\/200162319\/H2f4db787a3b343c8b287bd745f006630r.png\" data-alt=\"factory direct sale polycarbonate awning PC canopy aluminium plastic bracket\" data-width=\"630\" data- title=\"\"><\/p>\n<div id=\"ali-anchor-AliPostDhMb-stcmy\" data-section=\"AliPostDhMb-stcmy\" data-section-title=\"Product Description\">\n<div id=\"ali-title-AliPostDhMb-stcmy\"><strong>Description du produit<\/strong><\/div>\n<\/div>\n<p>1. design novateur 100cm en alliage d'aluminium<br \/>\n2. assemblage et installation faciles<br \/>\n3. r\u00e9sistant aux intemp\u00e9ries<br \/>\n4. Peu d'entretien<\/p>\n<div>\n<p><strong>polycarbonate auvent en aluminium<\/strong><br \/>\n1. 1000X1200mm<br \/>\n2. 2010Ann\u00e9e Conception nouvelle et in\u00e9dite<br \/>\n3,20 ans garantis<br \/>\n4. Simplement install\u00e9<br \/>\nLes mat\u00e9riaux utilis\u00e9s pour les auvents sur le march\u00e9 actuel ne sont pas toujours tr\u00e8s convenables, surtout par mauvais temps.  Le store en toile ne r\u00e9siste pas au vent violent, tandis que l'acrylique se brise facilement. En revanche, le store en inox le plus solide fait beaucoup de bruit lorsqu'il pleut.<\/p>\n<p>L'auvent en polycarbonate peut r\u00e9soudre ce probl\u00e8me de mani\u00e8re excellente. Il est assembl\u00e9 \u00e0 l'aide d'un support en alliage plastique flexible et d'une feuille de polycarbonate. Cette nouvelle conception est simple, mais elle modifie la m\u00e9thode traditionnelle de personnalisation de l'auvent non standard et de soudage de l'armature en acier.<\/p>\n<p>L'auvent en polycarbonate est de conception nouvelle, solide et durable.  Il peut \u00eatre install\u00e9 au-dessus d'une porte, d'une fen\u00eatre, d'un climatiseur, d'un guichet automatique, d'une bo\u00eete aux lettres \u00e0 l'ext\u00e9rieur, etc. pour prot\u00e9ger du soleil et des temp\u00eates. Les pi\u00e8ces d'assemblage sont toutes produites en quantit\u00e9 par des machines de qualit\u00e9 constante. Son incorruptibilit\u00e9 peut \u00eatre test\u00e9e par l'impact d'une bille d'acier de 4,5 kg et son anti-vieillissement test\u00e9 par un test de vieillissement acc\u00e9l\u00e9r\u00e9 montrant une dur\u00e9e de vie de 15 ans utilis\u00e9 \u00e0 l'ext\u00e9rieur - 8 \u00e0 15 fois comme un auvent ordinaire. De plus, il est prot\u00e9g\u00e9 contre les UV et peut r\u00e9sister au typhon 12.  Cette s\u00e9rie est prot\u00e9g\u00e9e par un brevet et b\u00e9n\u00e9ficie d'une qualit\u00e9 constante.<\/p>\n<p><img decoding=\"async\" src=\"https:\/\/sc01.alicdn.com\/kf\/H0ae698f80b9840449576927fcabf54feZ\/200162319\/H0ae698f80b9840449576927fcabf54feZ.jpg\" alt=\"vente directe d&#039;usine auvent en polycarbonate PC canopy aluminium plastic bracket\" width=\"630\" height=\"662.76\" data-src=\"\/\/sc01.alicdn.com\/kf\/H0ae698f80b9840449576927fcabf54feZ\/200162319\/H0ae698f80b9840449576927fcabf54feZ.jpg\" data-alt=\"factory direct sale polycarbonate awning PC canopy aluminium plastic bracket\" data-width=\"630\" data- title=\"\"><\/p>\n<p><img decoding=\"async\" src=\"https:\/\/sc01.alicdn.com\/kf\/H2f4db787a3b343c8b287bd745f006630r\/200162319\/H2f4db787a3b343c8b287bd745f006630r.png\" alt=\"vente directe d&#039;usine auvent en polycarbonate PC canopy aluminium plastic bracket\" width=\"630\" height=\"362.2162740899357\" data-src=\"\/\/sc01.alicdn.com\/kf\/H2f4db787a3b343c8b287bd745f006630r\/200162319\/H2f4db787a3b343c8b287bd745f006630r.png\" data-alt=\"factory direct sale polycarbonate awning PC canopy aluminium plastic bracket\" data-width=\"630\" data- title=\"\"><\/p>\n<\/div>\n<div id=\"ali-anchor-AliPostDhMb-5h5c9\" data-section=\"AliPostDhMb-5h5c9\" data-section-title=\"Packaging &amp; Shipping\">\n<div id=\"ali-title-AliPostDhMb-5h5c9\"><strong>Emballage et exp\u00e9dition<\/strong><\/div>\n<div>\n<p>\u00a0<img decoding=\"async\" src=\"https:\/\/sc02.alicdn.com\/kf\/Hd05fdb0988024155a7956963ea5973acD\/200162319\/Hd05fdb0988024155a7956963ea5973acD.png\" alt=\"vente directe d&#039;usine auvent en polycarbonate PC canopy aluminium plastic bracket\" width=\"630\" height=\"474.58885941644564\" data-src=\"\/\/sc02.alicdn.com\/kf\/Hd05fdb0988024155a7956963ea5973acD\/200162319\/Hd05fdb0988024155a7956963ea5973acD.png\" data-alt=\"factory direct sale polycarbonate awning PC canopy aluminium plastic bracket\" data-width=\"630\" data- title=\"\"><img decoding=\"async\" src=\"https:\/\/sc02.alicdn.com\/kf\/H02a52324dc024cdcbaee8c550d0c5b3cR\/200162319\/H02a52324dc024cdcbaee8c550d0c5b3cR.png\" alt=\"vente directe d&#039;usine auvent en polycarbonate PC canopy aluminium plastic bracket\" width=\"630\" height=\"214.7347480106101\" data-src=\"\/\/sc02.alicdn.com\/kf\/H02a52324dc024cdcbaee8c550d0c5b3cR\/200162319\/H02a52324dc024cdcbaee8c550d0c5b3cR.png\" data-alt=\"factory direct sale polycarbonate awning PC canopy aluminium plastic bracket\" data-width=\"630.\" data- title=\"\"><\/p>\n<\/div>\n<\/div>\n<div id=\"ali-anchor-AliPostDhMb-irqfd\" data-section=\"AliPostDhMb-irqfd\" data-section-title=\"Company Information\">\n<div id=\"ali-title-AliPostDhMb-irqfd\"><strong>Informations sur l'entreprise<\/strong><\/div>\n<div>\n<p>\u00a0<img decoding=\"async\" src=\"https:\/\/sc01.alicdn.com\/kf\/Hb3bdebb96a2849458ce6dfcbaa19c5d15\/200162319\/Hb3bdebb96a2849458ce6dfcbaa19c5d15.png\" alt=\"vente directe d&#039;usine auvent en polycarbonate PC canopy aluminium plastic bracket\" width=\"630\" height=\"312.9083665338646\" data-src=\"\/\/sc01.alicdn.com\/kf\/Hb3bdebb96a2849458ce6dfcbaa19c5d15\/200162319\/Hb3bdebb96a2849458ce6dfcbaa19c5d15.png\" data-alt=\"factory direct sale polycarbonate awning PC canopy aluminium plastic bracket\" data-width=\"630\" data- title=\"\"><img decoding=\"async\" src=\"https:\/\/sc01.alicdn.com\/kf\/HTB1ggLnJVXXXXcYXVXXq6xXFXXXP\/200162319\/HTB1ggLnJVXXXXcYXVXXq6xXFXXXP.jpg\" alt=\"vente directe d&#039;usine auvent en polycarbonate PC canopy aluminium plastic bracket\" width=\"630\" height=\"635.88\" data-src=\"\/\/sc01.alicdn.com\/kf\/HTB1ggLnJVXXXXcYXVXXq6xXFXXXP\/200162319\/HTB1ggLnJVXXXXcYXVXXq6xXFXXXP.jpg\" data-alt=\"factory direct sale polycarbonate awning PC canopy aluminium plastic bracket\" data-width=\"630\" data- title=\"\"><\/p>\n<\/div>\n<\/div>","protected":false},"featured_media":15372,"parent":0,"template":"","product-catagories":[171],"product-tag":[],"class_list":["post-15378","product","type-product","status-publish","has-post-thumbnail","hentry","product-catagories-awning"],"acf":[],"_links":{"self":[{"href":"https:\/\/www.tononplastics.com\/fr\/wp-json\/wp\/v2\/product\/15378","targetHints":{"allow":["GET"]}}],"collection":[{"href":"https:\/\/www.tononplastics.com\/fr\/wp-json\/wp\/v2\/product"}],"about":[{"href":"https:\/\/www.tononplastics.com\/fr\/wp-json\/wp\/v2\/types\/product"}],"version-history":[{"count":0,"href":"https:\/\/www.tononplastics.com\/fr\/wp-json\/wp\/v2\/product\/15378\/revisions"}],"wp:featuredmedia":[{"embeddable":true,"href":"https:\/\/www.tononplastics.com\/fr\/wp-json\/wp\/v2\/media\/15372"}],"wp:attachment":[{"href":"https:\/\/www.tononplastics.com\/fr\/wp-json\/wp\/v2\/media?parent=15378"}],"wp:term":[{"taxonomy":"product-catagories","embeddable":true,"href":"https:\/\/www.tononplastics.com\/fr\/wp-json\/wp\/v2\/product-catagories?post=15378"},{"taxonomy":"product-tag","embeddable":true,"href":"https:\/\/www.tononplastics.com\/fr\/wp-json\/wp\/v2\/product-tag?post=15378"}],"curies":[{"name":"wp","href":"https:\/\/api.w.org\/{rel}","templated":true}]}}