{"id":15379,"date":"2023-08-23T23:48:41","date_gmt":"2023-08-23T15:48:41","guid":{"rendered":"https:\/\/tononplastics.com\/?post_type=product&#038;p=15379"},"modified":"2024-03-25T16:51:33","modified_gmt":"2024-03-25T08:51:33","slug":"attractive-and-durable-awning-polycarbonate-hollow-awning-the-awning-for-balcony","status":"publish","type":"product","link":"https:\/\/www.tononplastics.com\/fr\/product\/attractive-and-durable-awning-polycarbonate-hollow-awning-the-awning-for-balcony\/","title":{"rendered":"Store attractif et durable store creux en polycarbonate Le store pour balcon"},"content":{"rendered":"<p><strong>store attractif et durable store creux en polycarbonate Le store pour balcon<br \/>\n<\/strong><\/p>\n<table class=\"aliDataTable\" border=\"0\" cellspacing=\"0\" cellpadding=\"0\">\n<tbody>\n<tr>\n<td><strong>W(CM)<\/strong><\/td>\n<td><strong>D(CM)<\/strong><\/td>\n<td><strong>Remarque<\/strong><\/td>\n<\/tr>\n<tr>\n<td>100<\/td>\n<td>100<\/td>\n<td>1 planche, 2 supports, ensemble complet d'accessoires<\/td>\n<\/tr>\n<tr>\n<td>120<\/td>\n<td>100<\/td>\n<td>1 planche, 2 supports, ensemble complet d'accessoires<\/td>\n<\/tr>\n<tr>\n<td>150<\/td>\n<td>100<\/td>\n<td>1 planche, 2 supports, ensemble complet d'accessoires<\/td>\n<\/tr>\n<tr>\n<td>180<\/td>\n<td>100<\/td>\n<td>1 planche, 2 supports, ensemble complet d'accessoires<\/td>\n<\/tr>\n<tr>\n<td>200<\/td>\n<td>100<\/td>\n<td>2 planches, 3 supports, ensemble complet d'accessoires<\/td>\n<\/tr>\n<tr>\n<td>240<\/td>\n<td>100<\/td>\n<td>2 planches, 3 supports, ensemble complet d'accessoires<\/td>\n<\/tr>\n<\/tbody>\n<\/table>\n<p>1. feuille : feuille solide en PC, feuille solaire en PC<\/p>\n<p>2) Mat\u00e9riau du support de l'auvent : PA+Fibre de verre.<\/p>\n<p>3. pi\u00e8ces de raccordement : Profil\u00e9 en aluminium<\/p>\n<p>4.Accessoires : boulon d'expansion<\/p>\n<p><img fetchpriority=\"high\" decoding=\"async\" class=\"\" src=\"https:\/\/sc02.alicdn.com\/kf\/HTB1c_rWJVXXXXXfXXXXq6xXFXXX4\/200162319\/HTB1c_rWJVXXXXXfXXXXq6xXFXXX4.jpg\" alt=\"store attractif et durable store creux en polycarbonate Le store pour balcon\" width=\"636\" height=\"441\" data-src=\"\/\/sc02.alicdn.com\/kf\/HTB1c_rWJVXXXXXfXXXXq6xXFXXX4\/200162319\/HTB1c_rWJVXXXXXfXXXXq6xXFXXX4.jpg\" data-alt=\"attractive and durable awning polycarbonate hollow awning The awning for  balcony\" data-width=\"630\" data- title=\"\"><img decoding=\"async\" class=\"\" src=\"https:\/\/sc01.alicdn.com\/kf\/H8ab2ccf15d5542e7a82269c541d00856p\/200162319\/H8ab2ccf15d5542e7a82269c541d00856p.jpg\" alt=\"store attractif et durable store creux en polycarbonate Le store pour balcon\" width=\"632\" height=\"421\" data-src=\"\/\/sc01.alicdn.com\/kf\/H8ab2ccf15d5542e7a82269c541d00856p\/200162319\/H8ab2ccf15d5542e7a82269c541d00856p.jpg\" data-alt=\"attractive and durable awning polycarbonate hollow awning The awning for  balcony\" data-width=\"630\" data- title=\"\"><img decoding=\"async\" src=\"https:\/\/sc01.alicdn.com\/kf\/H9272fa42caf843959a9af6e8f6554a49Z\/200162319\/H9272fa42caf843959a9af6e8f6554a49Z.jpg\" alt=\"store attractif et durable store creux en polycarbonate Le store pour balcon\" width=\"630\" height=\"420.21000000000004\" data-src=\"\/\/sc01.alicdn.com\/kf\/H9272fa42caf843959a9af6e8f6554a49Z\/200162319\/H9272fa42caf843959a9af6e8f6554a49Z.jpg\" data-alt=\"attractive and durable awning polycarbonate hollow awning The awning for  balcony\" data-width=\"630\" data- title=\"\"><\/p>\n<p><img decoding=\"async\" class=\"\" src=\"https:\/\/sc01.alicdn.com\/kf\/H3f7c937cb4ef463386c7fb3295c98cfdu\/200162319\/H3f7c937cb4ef463386c7fb3295c98cfdu.jpg\" alt=\"store attractif et durable store creux en polycarbonate Le store pour balcon\" width=\"329\" height=\"329\" data-src=\"\/\/sc01.alicdn.com\/kf\/H3f7c937cb4ef463386c7fb3295c98cfdu\/200162319\/H3f7c937cb4ef463386c7fb3295c98cfdu.jpg\" data-alt=\"attractive and durable awning polycarbonate hollow awning The awning for  balcony\" data-width=\"630\" data- title=\"\"><img loading=\"lazy\" decoding=\"async\" class=\"\" src=\"https:\/\/sc01.alicdn.com\/kf\/H099167a0f65f4900bf63ad604b9e13e7V\/200162319\/H099167a0f65f4900bf63ad604b9e13e7V.jpg\" alt=\"store attractif et durable store creux en polycarbonate Le store pour balcon\" width=\"412\" height=\"412\" data-src=\"\/\/sc01.alicdn.com\/kf\/H099167a0f65f4900bf63ad604b9e13e7V\/200162319\/H099167a0f65f4900bf63ad604b9e13e7V.jpg\" data-alt=\"attractive and durable awning polycarbonate hollow awning The awning for  balcony\" data-width=\"630\" data- title=\"\"><\/p>\n<p><strong>\u00a0Augmente \u00e0 l'infini les supports de l'auvent et se d\u00e9ploie librement pour l'assemblage<\/strong><\/p>\n<p>L'auvent innovant s'\u00e9loigne compl\u00e8tement des auvents soud\u00e9s traditionnels fabriqu\u00e9s sur mesure. L'auvent est simple dans sa structure principale, qui est compos\u00e9e d'une feuille de PC et des supports de l'auvent. \u00c9tant produit en masse et conforme \u00e0 la norme de conception rigide, l'auvent est coh\u00e9rent dans sa qualit\u00e9 de produit sup\u00e9rieure.<\/p>\n<p>$1TP4Capable de r\u00e9sister aux typhons (cat\u00e9gorie 12) en toute s\u00e9curit\u00e9<\/p>\n<p>R\u00e9sistance au vent,R\u00e9sistance aux chocs,Anti-vieillissement,Anti-corrosion,Auto-nettoyage par l'eau de pluie<\/p>\n<p>Les auvents sont pr\u00eats \u00e0 l'emploi et peuvent \u00eatre install\u00e9s facilement par les propri\u00e9taires, ce qui permet d'\u00e9conomiser de l'espace et de l'argent.<\/p>\n<p><img decoding=\"async\" src=\"https:\/\/sc01.alicdn.com\/kf\/H0ae698f80b9840449576927fcabf54feZ\/200162319\/H0ae698f80b9840449576927fcabf54feZ.jpg\" alt=\"store attractif et durable store creux en polycarbonate Le store pour balcon\" width=\"630\" height=\"662.76\" data-src=\"\/\/sc01.alicdn.com\/kf\/H0ae698f80b9840449576927fcabf54feZ\/200162319\/H0ae698f80b9840449576927fcabf54feZ.jpg\" data-alt=\"attractive and durable awning polycarbonate hollow awning The awning for  balcony\" data-width=\"630\" data- title=\"\"><\/p>\n<div><em><strong>\u00a0Commerce et march\u00e9<\/strong><\/em><\/div>\n<table class=\"aliDataTable\" border=\"0\">\n<tbody>\n<tr>\n<td><strong>Principaux march\u00e9s :<\/strong><\/td>\n<td><strong>Am\u00e9rique du Nord<br \/>\nAm\u00e9rique du Sud<br \/>\nEurope de l'Est<br \/>\nAsie du Sud-Est<br \/>\nAfrique<br \/>\nOc\u00e9anie<br \/>\nMoyen-Orient<br \/>\nAsie de l'Est<br \/>\nEurope occidentale<br \/>\n<\/strong><\/td>\n<\/tr>\n<tr>\n<td><strong>Volume total des ventes annuelles :<\/strong><\/td>\n<td><strong>US$30 Million - US$50 Million \u00a0<\/strong><\/td>\n<\/tr>\n<\/tbody>\n<\/table>\n<p><strong><span style=\"color: initial;\">Emballage et exp\u00e9dition<\/span><\/strong><\/p>\n<div id=\"ali-anchor-AliPostDhMb-6uyfa\" data-section=\"AliPostDhMb-6uyfa\" data-section-title=\"Packaging &amp; Shipping\">\n<div>\n<p>\u00a0<img decoding=\"async\" src=\"https:\/\/sc02.alicdn.com\/kf\/Hd05fdb0988024155a7956963ea5973acD\/200162319\/Hd05fdb0988024155a7956963ea5973acD.png\" alt=\"store attractif et durable store creux en polycarbonate Le store pour balcon\" width=\"630\" height=\"474.58885941644564\" data-src=\"\/\/sc02.alicdn.com\/kf\/Hd05fdb0988024155a7956963ea5973acD\/200162319\/Hd05fdb0988024155a7956963ea5973acD.png\" data-alt=\"attractive and durable awning polycarbonate hollow awning The awning for  balcony\" data-width=\"630\" data- title=\"\"><img decoding=\"async\" src=\"https:\/\/sc02.alicdn.com\/kf\/H02a52324dc024cdcbaee8c550d0c5b3cR\/200162319\/H02a52324dc024cdcbaee8c550d0c5b3cR.png\" alt=\"store attractif et durable store creux en polycarbonate Le store pour balcon\" width=\"630\" height=\"214.7347480106101\" data-src=\"\/\/sc02.alicdn.com\/kf\/H02a52324dc024cdcbaee8c550d0c5b3cR\/200162319\/H02a52324dc024cdcbaee8c550d0c5b3cR.png\" data-alt=\"attractive and durable awning polycarbonate hollow awning The awning for  balcony\" data-width=\"630\" data- title=\"\"><\/p>\n<\/div>\n<\/div>","protected":false},"featured_media":15374,"parent":0,"template":"","product-catagories":[171],"product-tag":[],"class_list":["post-15379","product","type-product","status-publish","has-post-thumbnail","hentry","product-catagories-awning"],"acf":[],"_links":{"self":[{"href":"https:\/\/www.tononplastics.com\/fr\/wp-json\/wp\/v2\/product\/15379","targetHints":{"allow":["GET"]}}],"collection":[{"href":"https:\/\/www.tononplastics.com\/fr\/wp-json\/wp\/v2\/product"}],"about":[{"href":"https:\/\/www.tononplastics.com\/fr\/wp-json\/wp\/v2\/types\/product"}],"version-history":[{"count":0,"href":"https:\/\/www.tononplastics.com\/fr\/wp-json\/wp\/v2\/product\/15379\/revisions"}],"wp:featuredmedia":[{"embeddable":true,"href":"https:\/\/www.tononplastics.com\/fr\/wp-json\/wp\/v2\/media\/15374"}],"wp:attachment":[{"href":"https:\/\/www.tononplastics.com\/fr\/wp-json\/wp\/v2\/media?parent=15379"}],"wp:term":[{"taxonomy":"product-catagories","embeddable":true,"href":"https:\/\/www.tononplastics.com\/fr\/wp-json\/wp\/v2\/product-catagories?post=15379"},{"taxonomy":"product-tag","embeddable":true,"href":"https:\/\/www.tononplastics.com\/fr\/wp-json\/wp\/v2\/product-tag?post=15379"}],"curies":[{"name":"wp","href":"https:\/\/api.w.org\/{rel}","templated":true}]}}