{"id":15383,"date":"2023-08-23T23:52:10","date_gmt":"2023-08-23T15:52:10","guid":{"rendered":"https:\/\/tononplastics.com\/?post_type=product&#038;p=15383"},"modified":"2024-03-25T17:16:37","modified_gmt":"2024-03-25T09:16:37","slug":"diy-reliable-awning-for-balcony-roof-or-windows-awning","status":"publish","type":"product","link":"https:\/\/www.tononplastics.com\/fr\/product\/diy-reliable-awning-for-balcony-roof-or-windows-awning\/","title":{"rendered":"Store fiable DIY pour toit de balcon ou store de fen\u00eatre"},"content":{"rendered":"<p align=\"left\"><strong style=\"color: initial;\">Description du produit<\/strong><\/p>\n<p align=\"left\">\u00a0 \u00a0Le support d'auvent est solide et durable.L'impact d'une boule de fer de 4,5 kilogrammes ne provoque aucune blessure apparente.La dur\u00e9e de vie est 8 \u00e0 15 fois sup\u00e9rieure \u00e0 celle des auvents ordinaires.Test\u00e9s dans de mauvaises conditions m\u00e9t\u00e9orologiques, les supports d'auvents am\u00e9ricains peuvent \u00eatre utilis\u00e9s pendant plus de 20 ans.<\/p>\n<p align=\"left\">\u00a0 \u00a0 Le store en tissu et le store en plexiglas ne peuvent pas non plus r\u00e9sister durablement aux typhons, mais les supports de store Merican sont fabriqu\u00e9s \u00e0 partir de mat\u00e9riaux avanc\u00e9s, de sorte que les supports de store Merican peuvent r\u00e9sister durablement aux typhons et r\u00e9duire les nuisances sonores.<\/p>\n<p align=\"left\">\u00a0 \u00a0 \u00a0Les auvents sont pr\u00eats \u00e0 l'emploi et peuvent \u00eatre install\u00e9s facilement par les propri\u00e9taires, ce qui permet d'\u00e9conomiser de l'espace et de l'argent.<\/p>\n<p align=\"left\">\u00a0<img decoding=\"async\" src=\"https:\/\/sc01.alicdn.com\/kf\/H145c9c7432d4497e82ab7af0f96fa1d5d\/200162319\/H145c9c7432d4497e82ab7af0f96fa1d5d.png\" alt=\"Store fiable DIY pour toit de balcon ou store de fen\u00eatre\" width=\"630\" height=\"441.5308988764045\" data-src=\"\/\/sc01.alicdn.com\/kf\/H145c9c7432d4497e82ab7af0f96fa1d5d\/200162319\/H145c9c7432d4497e82ab7af0f96fa1d5d.png\" data-alt=\"DIY reliable awning for Balcony roof or Windows awning\" data-width=\"630\" data- title=\"\"><img decoding=\"async\" src=\"https:\/\/sc01.alicdn.com\/kf\/H2d98bb868b2d4385b8957b7b46c19741H\/200162319\/H2d98bb868b2d4385b8957b7b46c19741H.png\" alt=\"Store fiable DIY pour toit de balcon ou store de fen\u00eatre\" width=\"630\" height=\"330.7038123167155\" data-src=\"\/\/sc01.alicdn.com\/kf\/H2d98bb868b2d4385b8957b7b46c19741H\/200162319\/H2d98bb868b2d4385b8957b7b46c19741H.png\" data-alt=\"DIY reliable awning for Balcony roof or Windows awning\" data-width=\"630\" data- title=\"\"><\/p>\n<div id=\"ali-anchor-AliPostDhMb-iaq4y\" data-section=\"AliPostDhMb-iaq4y\" data-section-title=\"Packaging &amp; Shipping\"><\/div>\n<table border=\"0\" cellspacing=\"0\" cellpadding=\"0\">\n<tbody>\n<tr>\n<td height=\"20\">FAQ<\/td>\n<td><\/td>\n<td><\/td>\n<\/tr>\n<tr>\n<td colspan=\"3\" height=\"20\">1.Q:\u00cates-vous une soci\u00e9t\u00e9 commerciale ou un fabricant ?<\/td>\n<\/tr>\n<tr>\n<td colspan=\"3\" height=\"20\">R:Nous sommes fabricant.<\/td>\n<\/tr>\n<tr>\n<td colspan=\"3\" height=\"20\">2.Q : Quel est le d\u00e9lai de livraison ?<\/td>\n<\/tr>\n<tr>\n<td colspan=\"3\" height=\"20\">R : En fonction de la difficult\u00e9 et de la quantit\u00e9 de produits \u00e0 traiter, un d\u00e9lai de livraison raisonnable vous sera communiqu\u00e9.<\/td>\n<\/tr>\n<tr>\n<td colspan=\"3\" height=\"20\">3.Q:Fournissez-vous des \u00e9chantillons ? sont-ils gratuits ou en suppl\u00e9ment ?<\/td>\n<\/tr>\n<tr>\n<td colspan=\"3\" height=\"20\">R:Oui, nous pouvons proposer des \u00e9chantillons gratuitement, mais nous ne prenons pas en charge les frais de transport.<\/td>\n<\/tr>\n<tr>\n<td colspan=\"3\" height=\"20\">4.Q:Quels sont les services apr\u00e8s-vente ?<\/td>\n<\/tr>\n<tr>\n<td colspan=\"3\" height=\"20\">R : En cas de probl\u00e8me de qualit\u00e9, le colis peut \u00eatre \u00e9chang\u00e9 dans les 90 jours.<\/td>\n<\/tr>\n<\/tbody>\n<\/table>\n<p align=\"left\">\u00a0<img decoding=\"async\" src=\"https:\/\/sc01.alicdn.com\/kf\/HTB1Zj.KsVmWBuNjSspdq6zugXXa2\/200162319\/HTB1Zj.KsVmWBuNjSspdq6zugXXa2.jpg\" alt=\"Store fiable DIY pour toit de balcon ou store de fen\u00eatre\" width=\"630\" height=\"863.013698630137\" data-src=\"\/\/sc01.alicdn.com\/kf\/HTB1Zj.KsVmWBuNjSspdq6zugXXa2\/200162319\/HTB1Zj.KsVmWBuNjSspdq6zugXXa2.jpg\" data-alt=\"DIY reliable awning for Balcony roof or Windows awning\" data-width=\"630\" data- title=\"\"><\/p>","protected":false},"featured_media":16070,"parent":0,"template":"","product-catagories":[171],"product-tag":[],"class_list":["post-15383","product","type-product","status-publish","has-post-thumbnail","hentry","product-catagories-awning"],"acf":[],"_links":{"self":[{"href":"https:\/\/www.tononplastics.com\/fr\/wp-json\/wp\/v2\/product\/15383","targetHints":{"allow":["GET"]}}],"collection":[{"href":"https:\/\/www.tononplastics.com\/fr\/wp-json\/wp\/v2\/product"}],"about":[{"href":"https:\/\/www.tononplastics.com\/fr\/wp-json\/wp\/v2\/types\/product"}],"version-history":[{"count":0,"href":"https:\/\/www.tononplastics.com\/fr\/wp-json\/wp\/v2\/product\/15383\/revisions"}],"wp:featuredmedia":[{"embeddable":true,"href":"https:\/\/www.tononplastics.com\/fr\/wp-json\/wp\/v2\/media\/16070"}],"wp:attachment":[{"href":"https:\/\/www.tononplastics.com\/fr\/wp-json\/wp\/v2\/media?parent=15383"}],"wp:term":[{"taxonomy":"product-catagories","embeddable":true,"href":"https:\/\/www.tononplastics.com\/fr\/wp-json\/wp\/v2\/product-catagories?post=15383"},{"taxonomy":"product-tag","embeddable":true,"href":"https:\/\/www.tononplastics.com\/fr\/wp-json\/wp\/v2\/product-tag?post=15383"}],"curies":[{"name":"wp","href":"https:\/\/api.w.org\/{rel}","templated":true}]}}