{"id":15385,"date":"2023-08-23T23:52:59","date_gmt":"2023-08-23T15:52:59","guid":{"rendered":"https:\/\/tononplastics.com\/?post_type=product&#038;p=15385"},"modified":"2024-03-25T16:59:58","modified_gmt":"2024-03-25T08:59:58","slug":"clear-plastic-awnings-balcony-awning","status":"publish","type":"product","link":"https:\/\/www.tononplastics.com\/fr\/product\/clear-plastic-awnings-balcony-awning\/","title":{"rendered":"stores en plastique transparent stores de balcon"},"content":{"rendered":"<p><strong data-spm-anchor-id=\"a2700.details.0.i30.7c753922cZjFN1\">A. Caract\u00e9ristiques du produit<\/strong><br \/>\n1. r\u00e9sistance au vent, r\u00e9sistance aux chocs, anti-vieillissement, anti-corrosion, auto-nettoyage par l'eau de pluie<br \/>\nConception courb\u00e9e pour r\u00e9duire le bruit, filtration UV, transmission de la lumi\u00e8re 80%<br \/>\n<strong>2. feuilles : feuilles solides en PC, feuilles solaires en PC<br \/>\n<\/strong><strong>3. texture du support de l'auvent : PA-m\u00e9lange de fibre de verre<br \/>\n<\/strong><strong>4. pi\u00e8ces de raccordement : Profil\u00e9 en aluminium<br \/>\n<\/strong><strong>5.Accessoires : boulon d'expansion<br \/>\n6.Dimension:600mm,800mm,1000mm,1200mm<\/strong><\/p>\n<p><img decoding=\"async\" src=\"https:\/\/sc02.alicdn.com\/kf\/Hab2ac95f2ca34cec9459c4b7915aac1ef\/200162319\/Hab2ac95f2ca34cec9459c4b7915aac1ef.png\" alt=\"stores en plastique transparent stores de balcon\" width=\"630\" height=\"507.27272727272725\" data-src=\"\/\/sc02.alicdn.com\/kf\/Hab2ac95f2ca34cec9459c4b7915aac1ef\/200162319\/Hab2ac95f2ca34cec9459c4b7915aac1ef.png\" data-alt=\"clear plastic awnings balcony awning\" data-width=\"630\" data- title=\"\"><img fetchpriority=\"high\" decoding=\"async\" src=\"https:\/\/sc01.alicdn.com\/kf\/Hfab9aa3e90b44642984b609afb70ae5dW\/200162319\/Hfab9aa3e90b44642984b609afb70ae5dW.jpg\" alt=\"stores en plastique transparent stores de balcon\" width=\"630\" height=\"840\" data-src=\"\/\/sc01.alicdn.com\/kf\/Hfab9aa3e90b44642984b609afb70ae5dW\/200162319\/Hfab9aa3e90b44642984b609afb70ae5dW.jpg\" data-alt=\"clear plastic awnings balcony awning\" data-width=\"630\" data- title=\"\"><\/p>\n<p><strong>B.Les supports de l'auvent se multiplient \u00e0 l'infini et se d\u00e9ploient librement pour l'assemblage.<\/strong><\/p>\n<p>L'innovant store Merican s'\u00e9loigne compl\u00e8tement des traditionnels stores soud\u00e9s fabriqu\u00e9s sur mesure. Le store Merican est simple dans sa structure principale, qui est compos\u00e9e d'une feuille de PC et des supports du store. Fabriqu\u00e9 en s\u00e9rie et conforme aux normes de conception rigoureuses, le store Merican est constant dans la qualit\u00e9 de son produit.<\/p>\n<p><img decoding=\"async\" src=\"https:\/\/sc01.alicdn.com\/kf\/H2f4db787a3b343c8b287bd745f006630r\/200162319\/H2f4db787a3b343c8b287bd745f006630r.png\" alt=\"stores en plastique transparent stores de balcon\" width=\"630\" height=\"362.2162740899357\" data-src=\"\/\/sc01.alicdn.com\/kf\/H2f4db787a3b343c8b287bd745f006630r\/200162319\/H2f4db787a3b343c8b287bd745f006630r.png\" data-alt=\"clear plastic awnings balcony awning\" data-width=\"630\" data- title=\"\"><img decoding=\"async\" src=\"https:\/\/sc02.alicdn.com\/kf\/HTB1c_rWJVXXXXXfXXXXq6xXFXXX4\/200162319\/HTB1c_rWJVXXXXXfXXXXq6xXFXXX4.jpg\" alt=\"stores en plastique transparent stores de balcon\" width=\"630\" height=\"436.9893899204244\" data-src=\"\/\/sc02.alicdn.com\/kf\/HTB1c_rWJVXXXXXfXXXXq6xXFXXX4\/200162319\/HTB1c_rWJVXXXXXfXXXXq6xXFXXX4.jpg\" data-alt=\"clear plastic awnings balcony awning\" data-width=\"630\" data- title=\"\"><img decoding=\"async\" src=\"https:\/\/sc01.alicdn.com\/kf\/Hd35db4f291a3474c9fed03fab96b343dt\/200162319\/Hd35db4f291a3474c9fed03fab96b343dt.jpg\" alt=\"stores en plastique transparent stores de balcon\" width=\"630\" height=\"420.21000000000004\" data-src=\"\/\/sc01.alicdn.com\/kf\/Hd35db4f291a3474c9fed03fab96b343dt\/200162319\/Hd35db4f291a3474c9fed03fab96b343dt.jpg\" data-alt=\"clear plastic awnings balcony awning\" data-width=\"630\" data- title=\"\"><img decoding=\"async\" src=\"https:\/\/sc01.alicdn.com\/kf\/H8ab2ccf15d5542e7a82269c541d00856p\/200162319\/H8ab2ccf15d5542e7a82269c541d00856p.jpg\" alt=\"stores en plastique transparent stores de balcon\" width=\"630\" height=\"420.21000000000004\" data-src=\"\/\/sc01.alicdn.com\/kf\/H8ab2ccf15d5542e7a82269c541d00856p\/200162319\/H8ab2ccf15d5542e7a82269c541d00856p.jpg\" data-alt=\"clear plastic awnings balcony awning\" data-width=\"630\" data- title=\"\"><\/p>\n<p><strong><em>C. Peut r\u00e9sister aux typhons (cat\u00e9gorie 12) en toute s\u00e9curit\u00e9.<\/em><\/strong><\/p>\n<p>Le support d'auvent est solide et durable.L'impact d'une boule de fer de 4,5 kilogrammes ne provoque aucune blessure apparente.La dur\u00e9e de vie est 8 \u00e0 15 fois sup\u00e9rieure \u00e0 celle des auvents ordinaires.Test\u00e9s dans de mauvaises conditions m\u00e9t\u00e9orologiques, les supports d'auvents am\u00e9ricains peuvent \u00eatre utilis\u00e9s pendant plus de 20 ans.<\/p>\n<p>Le store en tissu et le store en plexiglas ne peuvent pas non plus r\u00e9sister durablement aux typhons, mais les supports de store Merican sont fabriqu\u00e9s \u00e0 partir de mat\u00e9riaux avanc\u00e9s, de sorte que les supports de store Merican peuvent r\u00e9sister durablement aux typhons et r\u00e9duire les nuisances sonores.<\/p>\n<p>Le store Merican est pr\u00eat \u00e0 l'emploi et peut \u00eatre install\u00e9 facilement par les propri\u00e9taires, ce qui permet d'\u00e9conomiser de l'espace et de l'argent.<\/p>\n<p><img decoding=\"async\" src=\"https:\/\/sc02.alicdn.com\/kf\/H6b8b7471225e4da188c697e918c01fe17\/200162319\/H6b8b7471225e4da188c697e918c01fe17.png\" width=\"630\" height=\"982.8\" data-src=\"\/\/sc02.alicdn.com\/kf\/H6b8b7471225e4da188c697e918c01fe17\/200162319\/H6b8b7471225e4da188c697e918c01fe17.png\" data-width=\"630\" data- alt=\"\" title=\"\"><\/p>\n<p><img decoding=\"async\" src=\"https:\/\/sc01.alicdn.com\/kf\/H0ae698f80b9840449576927fcabf54feZ\/200162319\/H0ae698f80b9840449576927fcabf54feZ.jpg\" alt=\"stores en plastique transparent stores de balcon\" width=\"630\" height=\"662.76\" data-src=\"\/\/sc01.alicdn.com\/kf\/H0ae698f80b9840449576927fcabf54feZ\/200162319\/H0ae698f80b9840449576927fcabf54feZ.jpg\" data-alt=\"clear plastic awnings balcony awning\" data-width=\"630\" data- title=\"\"><\/p>","protected":false},"featured_media":15374,"parent":0,"template":"","product-catagories":[171],"product-tag":[],"class_list":["post-15385","product","type-product","status-publish","has-post-thumbnail","hentry","product-catagories-awning"],"acf":[],"_links":{"self":[{"href":"https:\/\/www.tononplastics.com\/fr\/wp-json\/wp\/v2\/product\/15385","targetHints":{"allow":["GET"]}}],"collection":[{"href":"https:\/\/www.tononplastics.com\/fr\/wp-json\/wp\/v2\/product"}],"about":[{"href":"https:\/\/www.tononplastics.com\/fr\/wp-json\/wp\/v2\/types\/product"}],"version-history":[{"count":0,"href":"https:\/\/www.tononplastics.com\/fr\/wp-json\/wp\/v2\/product\/15385\/revisions"}],"wp:featuredmedia":[{"embeddable":true,"href":"https:\/\/www.tononplastics.com\/fr\/wp-json\/wp\/v2\/media\/15374"}],"wp:attachment":[{"href":"https:\/\/www.tononplastics.com\/fr\/wp-json\/wp\/v2\/media?parent=15385"}],"wp:term":[{"taxonomy":"product-catagories","embeddable":true,"href":"https:\/\/www.tononplastics.com\/fr\/wp-json\/wp\/v2\/product-catagories?post=15385"},{"taxonomy":"product-tag","embeddable":true,"href":"https:\/\/www.tononplastics.com\/fr\/wp-json\/wp\/v2\/product-tag?post=15385"}],"curies":[{"name":"wp","href":"https:\/\/api.w.org\/{rel}","templated":true}]}}